{"id":10046,"date":"2022-02-22T15:56:19","date_gmt":"2022-02-22T15:56:19","guid":{"rendered":"https:\/\/www.farleygreene.com\/?page_id=10046"},"modified":"2026-01-15T08:33:43","modified_gmt":"2026-01-15T08:33:43","slug":"spares-accessories","status":"publish","type":"page","link":"https:\/\/www.farleygreene.com\/de\/spares-accessories\/","title":{"rendered":"Ersatzteile &amp; Zubeh\u00f6r"},"content":{"rendered":"\n\n<section data-aos=\"fade-in\" class=\"hero-page has-product-img\">\n    <div class=\"container\">\n        <p id=\"breadcrumbs\"><span><span><a href=\"https:\/\/www.farleygreene.com\/de\/\">Startseite<\/a><\/span><\/span><\/p>        <div class=\"content-wrap \">\n        <div class=\"product-img mobile\"><img decoding=\"async\" src=\"https:\/\/www.farleygreene.com\/wp-content\/uploads\/2022\/01\/spares-hero.png\" alt=\"\"><\/div>            <h1>Ersatzteile &amp; Zubeh\u00f6r<\/h1>\n<p>Wir unterst\u00fctzen Sie w\u00e4hrend der gesamten Lebensdauer Ihrer Siebmaschine und bieten Ihnen eine gro\u00dfe Auswahl an Ersatzteilen, nicht nur f\u00fcr unsere eigenen Maschinen, sondern auch f\u00fcr andere Siebhersteller.<\/p>\n        <\/div>\n            <\/div>\n    <div class=\"hero-page-img\">\n        <div class=\"img-wrap\">\n            <div class=\"product-img\"><img decoding=\"async\" src=\"https:\/\/www.farleygreene.com\/wp-content\/uploads\/2022\/01\/spares-hero.png\" alt=\"\"><\/div>            <div class=\"circle-wrap\">\n                <div class=\"img bg-cover\" style=\"background-image:url(https:\/\/www.farleygreene.com\/wp-content\/uploads\/2022\/01\/Spares.jpg);\"><\/div>\n                <div class=\"overlay\"><\/div>\n            <\/div>\n        <\/div>\n    <\/div>\n<\/section>\n\n\n<section class=\"text-block\">\n    <div data-aos=\"fade-up\" class=\"container\">\n        <div class=\"content-wrap\">\n            <p style=\"text-align: center;\"><span class=\"intro-text\">Nach der Installation Ihrer Maschine stellen wir Ihnen eine vollst\u00e4ndig aufgeschl\u00fcsselte Ersatzteilliste zur Verf\u00fcgung, damit Sie bei Bedarf die ben\u00f6tigten Teile leicht identifizieren k\u00f6nnen.<\/span><\/p>\n<p style=\"text-align: center;\">Wir bieten neue und bestehende Rahmen und Ringe, Gitterrollen und -paneele (einschlie\u00dflich gewebter, perforierter, keilf\u00f6rmiger und synthetischer Gitter), Ersatzvibrationsmotoren, Magnete, Gummidichtungen, Erdungss\u00e4tze, Knebelklemmen, Aufh\u00e4ngevorrichtungen, Federn und vieles mehr.<\/p>\n        <\/div>\n    <\/div>\n<\/section>\n\n\n<section class=\"service\">\n    <div data-aos=\"fade-up\" class=\"container\">\n        <div class=\"flex-wrap\">\n            <div class=\"col-2 col-content\">\n                <div class=\"service__content\">\n                    <div class=\"content-wrap\">\n                        <h2>Unser <em>Re-mesh<\/em> Service<\/h2>\n<p>Wir bespannen bestehende Rahmen neu oder liefern neue Maschensiebe aus Edelstahl <strong>304\/316\/318LN<\/strong> oder <strong>430SS<\/strong> f\u00fcr magnetische Erkennung.<\/p>\n                    <\/div>\n                                        <div class=\"service__img mobile\">\n                        <div class=\"img bg-cover\" style=\"background-image:url(https:\/\/www.farleygreene.com\/wp-content\/uploads\/2022\/01\/service-img.png);\"><\/div>\n                    <\/div>\n                                        <div class=\"content-wrap\">\n                        <p>Wir liefern Maschenringe in einer Vielzahl von Normen, wie z.B. EC 1935\/2004 und FDA, auch wenn der urspr\u00fcngliche Lieferant nicht Farleygreene war.<\/p>\n<p>F\u00fcllen Sie einfach unser <a href=\"https:\/\/www.farleygreene.com\/remesh-request\/\">Remesh-Anfrageformular<\/a> aus, und wir werden uns mit Ihnen in Verbindung setzen, um die Bestellung zu arrangieren.<\/p>\n<p>Weitere Informationen \u00fcber die von uns gelieferten Maschenarten finden Sie in unserem <a href=\"https:\/\/www.farleygreene.com\/wp-content\/uploads\/2025\/07\/Sievmaster-Mesh-Guide-06-25.pdf\">Mesh Guide.<\/a><\/p>\n                    <\/div>\n                <\/div>\n            <\/div>\n            <div class=\"col-2 col-img\">\n                                <div class=\"service__img\">\n                    <div class=\"img bg-cover\" style=\"background-image:url(https:\/\/www.farleygreene.com\/wp-content\/uploads\/2022\/01\/service-img.png);\"><\/div>\n                <\/div>\n                            <\/div>\n        <\/div>\n    <\/div>\n<\/section>\n\n\n<section class=\"check-list\">\n    <div data-aos=\"fade-up\" class=\"container\">\n        <div class=\"check-list-content\">\n            <h3><em>Wir bieten Ersatzteile<\/em><\/h3>\n<ul>\n<li>Trichter<\/li>\n<li>Kit f\u00fcr direkte Erdung<\/li>\n<li>Aufh\u00e4ngung &amp; Federn<\/li>\n<li>Knebelklemmen<\/li>\n<li>Galerien<\/li>\n<li>Bandschellen<\/li>\n<li>Dichtungen<\/li>\n<li>Druckmittler<\/li>\n<li>Magnete<\/li>\n<li>Motoren<\/li>\n<li>Erdungsset<\/li>\n<li>Slimline Mesh Ringe<\/li>\n<li>Multiscreen Mesh Ringe<\/li>\n<li>Vision Portabdeckungen<\/li>\n<li>Spindel &amp; Kontermutter<\/li>\n<li>Sievgen 04 Mesh Galerie<\/li>\n<\/ul>\n        <\/div>\n        <div class=\"btn-wrap\">\n            <button class=\"button\">View All Spares<\/button>\n        <\/div>\n    <\/div>\n<\/section>\n\n\n<section class=\"cta\">\n    <div data-aos=\"fade-up\" class=\"container\">\n        <div class=\"cta-block\">\n        <svg width=\"1355px\" height=\"812px\" viewBox=\"0 0 1355 812\" version=\"1.1\" xmlns=\"http:\/\/www.w3.org\/2000\/svg\" xmlns:xlink=\"http:\/\/www.w3.org\/1999\/xlink\">\n    <title>Group<\/title>\n    <g id=\"Symbols\" stroke=\"none\" stroke-width=\"1\" fill=\"none\" fill-rule=\"evenodd\">\n        <g id=\"Group\" transform=\"translate(6.000000, -0.000000)\">\n            <path d=\"M967,629.066726 C967,783.334247 842.3548,908.876341 688.996392,908.876341 C535.724578,908.876341 411.079378,783.334247 411.079378,629.066726 C411.079378,538.053247 454.412582,457.091851 521.414879,405.996182 C452.413698,353.687581 411,271.520516 411,182.678694 C411,28.4111731 535.724578,-97.1236586 688.996392,-97.1236586 C842.3548,-97.1236586 967,28.4111731 967,182.678694 C967,271.520516 925.66568,353.687581 856.585121,405.996182 C923.666796,457.091851 967,538.053247 967,629.066726 Z M912.663806,629.637122 C912.663806,505.557254 812.193829,404.637122 688.660194,404.637122 C565.213264,404.637122 464.663806,505.557254 464.663806,629.637122 C464.663806,753.716991 565.213264,854.637122 688.660194,854.637122 C812.193829,854.637122 912.663806,753.716991 912.663806,629.637122 Z M912.566049,183.12695 C912.566049,59.1049605 812.096072,-41.7680954 688.562437,-41.7680954 C565.115507,-41.7680954 464.566049,59.1049605 464.566049,183.12695 C464.566049,262.142364 505.476586,334.563487 572.080847,375.231905 C607.550615,358.677261 647.01606,349.507643 688.562437,349.507643 C730.195519,349.507643 769.660964,358.75706 805.130732,375.231905 C871.734993,334.563487 912.566049,262.142364 912.566049,183.12695 Z\" id=\"Shape\" fill=\"#599B9B\" opacity=\"0.339214018\" transform=\"translate(689.000000, 405.876341) rotate(106.000000) translate(-689.000000, -405.876341) \"><\/path>\n            <circle id=\"Oval1\" stroke=\"#F49B52\" stroke-width=\"12\" cx=\"1163\" cy=\"245.876341\" r=\"180\"><\/circle>\n            <circle id=\"Oval2\" stroke=\"#F49B52\" stroke-width=\"12\" cx=\"180\" cy=\"565.876341\" r=\"180\"><\/circle>\n        <\/g>\n    <\/g>\n<\/svg>\n            <div class=\"content-wrap\">\n                <h2>Sie k\u00f6nnen nicht sehen, wonach Sie suchen?<\/h2>\n<p>Wenden Sie sich an unser freundliches Ersatzteilteam unter <strong>+44 (0) 1256 474 547<\/strong> oder per E-Mail an <strong>spares@farleygreene.com<\/strong> &#8211; wir k\u00f6nnen fast jedes Teil besorgen oder Sie beraten.<\/p>\n            <\/div>\n            <div class=\"btn-wrap\">\n                <a href=\"\/contact-us\/\" class=\"btn-arrow\">Enquire Now<\/a>                            <\/div>        <\/div>\n    <\/div>\n<\/section>\n","protected":false},"excerpt":{"rendered":"","protected":false},"author":9,"featured_media":0,"parent":0,"menu_order":0,"comment_status":"closed","ping_status":"closed","template":"","meta":{"_acf_changed":false,"footnotes":""},"class_list":["post-10046","page","type-page","status-publish","hentry"],"acf":[],"yoast_head":"<!-- This site is optimized with the Yoast SEO plugin v27.4 - https:\/\/yoast.com\/product\/yoast-seo-wordpress\/ -->\n<title>Ersatzteile &amp; Zubeh\u00f6r - Farleygreene Sieving Equipment and Technologies<\/title>\n<meta name=\"description\" content=\"F\u00fcllen Sie unser Anfrageformular aus oder rufen Sie uns unter +44(0)1256 474 547 an und unser Ersatzteil- und Zubeh\u00f6rteam wird das von Ihnen ben\u00f6tigte Teil finden.\" \/>\n<meta name=\"robots\" content=\"index, follow, max-snippet:-1, max-image-preview:large, max-video-preview:-1\" \/>\n<link rel=\"canonical\" href=\"https:\/\/www.farleygreene.com\/de\/spares-accessories\/\" \/>\n<meta property=\"og:locale\" content=\"de_DE\" \/>\n<meta property=\"og:type\" content=\"article\" \/>\n<meta property=\"og:title\" content=\"Ersatzteile &amp; Zubeh\u00f6r - Farleygreene Sieving Equipment and Technologies\" \/>\n<meta property=\"og:description\" content=\"F\u00fcllen Sie unser Anfrageformular aus oder rufen Sie uns unter +44(0)1256 474 547 an und unser Ersatzteil- und Zubeh\u00f6rteam wird das von Ihnen ben\u00f6tigte Teil finden.\" \/>\n<meta property=\"og:url\" content=\"https:\/\/www.farleygreene.com\/de\/spares-accessories\/\" \/>\n<meta property=\"og:site_name\" content=\"Farleygreene Sieving Equipment and Technologies\" \/>\n<meta property=\"article:modified_time\" content=\"2026-01-15T08:33:43+00:00\" \/>\n<meta name=\"twitter:card\" content=\"summary_large_image\" \/>\n<meta name=\"twitter:label1\" content=\"Gesch\u00e4tzte Lesezeit\" \/>\n\t<meta name=\"twitter:data1\" content=\"2\u00a0Minute\" \/>\n<script type=\"application\/ld+json\" class=\"yoast-schema-graph\">{\"@context\":\"https:\\\/\\\/schema.org\",\"@graph\":[{\"@type\":\"WebPage\",\"@id\":\"https:\\\/\\\/www.farleygreene.com\\\/de\\\/spares-accessories\\\/\",\"url\":\"https:\\\/\\\/www.farleygreene.com\\\/de\\\/spares-accessories\\\/\",\"name\":\"Ersatzteile &amp; Zubeh\u00f6r - Farleygreene Sieving Equipment and Technologies\",\"isPartOf\":{\"@id\":\"https:\\\/\\\/www.farleygreene.com\\\/de\\\/#website\"},\"datePublished\":\"2022-02-22T15:56:19+00:00\",\"dateModified\":\"2026-01-15T08:33:43+00:00\",\"description\":\"F\u00fcllen Sie unser Anfrageformular aus oder rufen Sie uns unter +44(0)1256 474 547 an und unser Ersatzteil- und Zubeh\u00f6rteam wird das von Ihnen ben\u00f6tigte Teil finden.\",\"breadcrumb\":{\"@id\":\"https:\\\/\\\/www.farleygreene.com\\\/de\\\/spares-accessories\\\/#breadcrumb\"},\"inLanguage\":\"de\",\"potentialAction\":[{\"@type\":\"ReadAction\",\"target\":[\"https:\\\/\\\/www.farleygreene.com\\\/de\\\/spares-accessories\\\/\"]}]},{\"@type\":\"BreadcrumbList\",\"@id\":\"https:\\\/\\\/www.farleygreene.com\\\/de\\\/spares-accessories\\\/#breadcrumb\",\"itemListElement\":[{\"@type\":\"ListItem\",\"position\":1,\"name\":\"Startseite\",\"item\":\"https:\\\/\\\/www.farleygreene.com\\\/de\\\/\"},{\"@type\":\"ListItem\",\"position\":2,\"name\":\"Ersatzteile &amp; Zubeh\u00f6r\"}]},{\"@type\":\"WebSite\",\"@id\":\"https:\\\/\\\/www.farleygreene.com\\\/de\\\/#website\",\"url\":\"https:\\\/\\\/www.farleygreene.com\\\/de\\\/\",\"name\":\"Farleygreene Sieving Equipment and Technologies\",\"description\":\"Industrial sieves, screeners and separators\",\"publisher\":{\"@id\":\"https:\\\/\\\/www.farleygreene.com\\\/de\\\/#organization\"},\"alternateName\":\"Farleygreene\",\"potentialAction\":[{\"@type\":\"SearchAction\",\"target\":{\"@type\":\"EntryPoint\",\"urlTemplate\":\"https:\\\/\\\/www.farleygreene.com\\\/de\\\/?s={search_term_string}\"},\"query-input\":{\"@type\":\"PropertyValueSpecification\",\"valueRequired\":true,\"valueName\":\"search_term_string\"}}],\"inLanguage\":\"de\"},{\"@type\":\"Organization\",\"@id\":\"https:\\\/\\\/www.farleygreene.com\\\/de\\\/#organization\",\"name\":\"Farleygreene\",\"url\":\"https:\\\/\\\/www.farleygreene.com\\\/de\\\/\",\"logo\":{\"@type\":\"ImageObject\",\"inLanguage\":\"de\",\"@id\":\"https:\\\/\\\/www.farleygreene.com\\\/de\\\/#\\\/schema\\\/logo\\\/image\\\/\",\"url\":\"https:\\\/\\\/www.farleygreene.com\\\/wp-content\\\/uploads\\\/2021\\\/12\\\/logo.svg\",\"contentUrl\":\"https:\\\/\\\/www.farleygreene.com\\\/wp-content\\\/uploads\\\/2021\\\/12\\\/logo.svg\",\"width\":348,\"height\":52,\"caption\":\"Farleygreene\"},\"image\":{\"@id\":\"https:\\\/\\\/www.farleygreene.com\\\/de\\\/#\\\/schema\\\/logo\\\/image\\\/\"},\"sameAs\":[\"https:\\\/\\\/www.linkedin.com\\\/company\\\/farleygreene-limited\\\/\",\"https:\\\/\\\/www.youtube.com\\\/user\\\/farleygreene\"]}]}<\/script>\n<!-- \/ Yoast SEO plugin. -->","yoast_head_json":{"title":"Ersatzteile &amp; Zubeh\u00f6r - Farleygreene Sieving Equipment and Technologies","description":"F\u00fcllen Sie unser Anfrageformular aus oder rufen Sie uns unter +44(0)1256 474 547 an und unser Ersatzteil- und Zubeh\u00f6rteam wird das von Ihnen ben\u00f6tigte Teil finden.","robots":{"index":"index","follow":"follow","max-snippet":"max-snippet:-1","max-image-preview":"max-image-preview:large","max-video-preview":"max-video-preview:-1"},"canonical":"https:\/\/www.farleygreene.com\/de\/spares-accessories\/","og_locale":"de_DE","og_type":"article","og_title":"Ersatzteile &amp; Zubeh\u00f6r - Farleygreene Sieving Equipment and Technologies","og_description":"F\u00fcllen Sie unser Anfrageformular aus oder rufen Sie uns unter +44(0)1256 474 547 an und unser Ersatzteil- und Zubeh\u00f6rteam wird das von Ihnen ben\u00f6tigte Teil finden.","og_url":"https:\/\/www.farleygreene.com\/de\/spares-accessories\/","og_site_name":"Farleygreene Sieving Equipment and Technologies","article_modified_time":"2026-01-15T08:33:43+00:00","twitter_card":"summary_large_image","twitter_misc":{"Gesch\u00e4tzte Lesezeit":"2\u00a0Minute"},"schema":{"@context":"https:\/\/schema.org","@graph":[{"@type":"WebPage","@id":"https:\/\/www.farleygreene.com\/de\/spares-accessories\/","url":"https:\/\/www.farleygreene.com\/de\/spares-accessories\/","name":"Ersatzteile &amp; Zubeh\u00f6r - Farleygreene Sieving Equipment and Technologies","isPartOf":{"@id":"https:\/\/www.farleygreene.com\/de\/#website"},"datePublished":"2022-02-22T15:56:19+00:00","dateModified":"2026-01-15T08:33:43+00:00","description":"F\u00fcllen Sie unser Anfrageformular aus oder rufen Sie uns unter +44(0)1256 474 547 an und unser Ersatzteil- und Zubeh\u00f6rteam wird das von Ihnen ben\u00f6tigte Teil finden.","breadcrumb":{"@id":"https:\/\/www.farleygreene.com\/de\/spares-accessories\/#breadcrumb"},"inLanguage":"de","potentialAction":[{"@type":"ReadAction","target":["https:\/\/www.farleygreene.com\/de\/spares-accessories\/"]}]},{"@type":"BreadcrumbList","@id":"https:\/\/www.farleygreene.com\/de\/spares-accessories\/#breadcrumb","itemListElement":[{"@type":"ListItem","position":1,"name":"Startseite","item":"https:\/\/www.farleygreene.com\/de\/"},{"@type":"ListItem","position":2,"name":"Ersatzteile &amp; Zubeh\u00f6r"}]},{"@type":"WebSite","@id":"https:\/\/www.farleygreene.com\/de\/#website","url":"https:\/\/www.farleygreene.com\/de\/","name":"Farleygreene Sieving Equipment and Technologies","description":"Industrial sieves, screeners and separators","publisher":{"@id":"https:\/\/www.farleygreene.com\/de\/#organization"},"alternateName":"Farleygreene","potentialAction":[{"@type":"SearchAction","target":{"@type":"EntryPoint","urlTemplate":"https:\/\/www.farleygreene.com\/de\/?s={search_term_string}"},"query-input":{"@type":"PropertyValueSpecification","valueRequired":true,"valueName":"search_term_string"}}],"inLanguage":"de"},{"@type":"Organization","@id":"https:\/\/www.farleygreene.com\/de\/#organization","name":"Farleygreene","url":"https:\/\/www.farleygreene.com\/de\/","logo":{"@type":"ImageObject","inLanguage":"de","@id":"https:\/\/www.farleygreene.com\/de\/#\/schema\/logo\/image\/","url":"https:\/\/www.farleygreene.com\/wp-content\/uploads\/2021\/12\/logo.svg","contentUrl":"https:\/\/www.farleygreene.com\/wp-content\/uploads\/2021\/12\/logo.svg","width":348,"height":52,"caption":"Farleygreene"},"image":{"@id":"https:\/\/www.farleygreene.com\/de\/#\/schema\/logo\/image\/"},"sameAs":["https:\/\/www.linkedin.com\/company\/farleygreene-limited\/","https:\/\/www.youtube.com\/user\/farleygreene"]}]}},"_links":{"self":[{"href":"https:\/\/www.farleygreene.com\/de\/wp-json\/wp\/v2\/pages\/10046","targetHints":{"allow":["GET"]}}],"collection":[{"href":"https:\/\/www.farleygreene.com\/de\/wp-json\/wp\/v2\/pages"}],"about":[{"href":"https:\/\/www.farleygreene.com\/de\/wp-json\/wp\/v2\/types\/page"}],"author":[{"embeddable":true,"href":"https:\/\/www.farleygreene.com\/de\/wp-json\/wp\/v2\/users\/9"}],"replies":[{"embeddable":true,"href":"https:\/\/www.farleygreene.com\/de\/wp-json\/wp\/v2\/comments?post=10046"}],"version-history":[{"count":5,"href":"https:\/\/www.farleygreene.com\/de\/wp-json\/wp\/v2\/pages\/10046\/revisions"}],"predecessor-version":[{"id":15949,"href":"https:\/\/www.farleygreene.com\/de\/wp-json\/wp\/v2\/pages\/10046\/revisions\/15949"}],"wp:attachment":[{"href":"https:\/\/www.farleygreene.com\/de\/wp-json\/wp\/v2\/media?parent=10046"}],"curies":[{"name":"wp","href":"https:\/\/api.w.org\/{rel}","templated":true}]}}