{"id":14094,"date":"2025-04-08T14:09:51","date_gmt":"2025-04-08T13:09:51","guid":{"rendered":"https:\/\/www.farleygreene.com\/?page_id=14094"},"modified":"2025-04-08T14:25:44","modified_gmt":"2025-04-08T13:25:44","slug":"der-dosc","status":"publish","type":"page","link":"https:\/\/www.farleygreene.com\/de\/der-dosc\/","title":{"rendered":""},"content":{"rendered":"\n\n<section data-aos=\"fade-in\" class=\"hero-page has-product-img\">\n    <div class=\"container\">\n        <p id=\"breadcrumbs\"><span><span><a href=\"https:\/\/www.farleygreene.com\/de\/\">Startseite<\/a><\/span><\/span><\/p>        <div class=\"content-wrap \">\n        <div class=\"product-img mobile\"><img decoding=\"async\" src=\"https:\/\/www.farleygreene.com\/wp-content\/uploads\/2025\/02\/DOSC-LOGO-280x120px.jpg\" alt=\"\"><\/div>            <h1>Sievmaster DOSC<\/h1>\n<p>Unsere hochgesch\u00e4tzte Sievmaster Slimline-Maschinenreihe ist jetzt mit einer neuen Standard-<strong>DOSC<\/strong>-Auslasssteuerungsoption erh\u00e4ltlich. Diese neue Technologie ersetzt das Wehrplattendesign durch eine innovative Scheiben- und Kappenl\u00f6sung. Sie wurde entwickelt, um den Durchsatz zu optimieren und gleichzeitig eine verbesserte Kontrolle und Effizienz f\u00fcr Sch\u00fcttgutanwendungen zu bieten. <strong>Farleygreene&#8217;s n\u00e4chste Generation in der industriellen Siebtechnik<\/strong>.<\/p>\n        <\/div>\n            <\/div>\n    <div class=\"hero-page-img\">\n        <div class=\"img-wrap\">\n            <div class=\"product-img\"><img decoding=\"async\" src=\"https:\/\/www.farleygreene.com\/wp-content\/uploads\/2025\/02\/DOSC-LOGO-280x120px.jpg\" alt=\"\"><\/div>            <div class=\"circle-wrap\">\n                <div class=\"img bg-cover\" style=\"background-image:url(https:\/\/www.farleygreene.com\/wp-content\/uploads\/2025\/01\/Farleygreene-DOSC.png);\"><\/div>\n                <div class=\"overlay\"><\/div>\n            <\/div>\n        <\/div>\n    <\/div>\n<\/section>\n\n\n\n\n<section class=\"text-block\">\n    <div data-aos=\"fade-up\" class=\"container\">\n        <div class=\"content-wrap\">\n            <p style=\"text-align: center;\"><span class=\"intro-text\">Was ist der DOSC?<\/span><\/p>\n<p style=\"text-align: center;\">Die <strong>DOSC-Option (Disc Oversize Control)<\/strong> verwendet ein einfaches und hygienisches Platten- und Deckeldesign. Dadurch kann der Bediener den Produktfluss des \u00dcberkorns, das das Siebgewebe verl\u00e4sst, \u00fcber den \u00dcberkornauslass leichter einstellen. Sie wurde entwickelt, um die Siebeffizienz zu verbessern und Ihre Durchsatzkontrolle zu optimieren.<\/p>\n<p style=\"text-align: center;\">Dies ist eine neue, zug\u00e4ngliche L\u00f6sung, die viele neue Verbesserungen mit sich bringt. Der DOSC l\u00e4sst sich vor und nach dem Betrieb leicht einstellen, so dass Sie das gr\u00f6\u00dfte zu erwartende \u00dcberkorn ausw\u00e4hlen k\u00f6nnen, das ausgeworfen werden soll. Dadurch wird die Ausscheidungsrate von echtem \u00dcberkorn erh\u00f6ht und die Verweildauer des Produkts auf dem Sieb reduziert. Dadurch wird verhindert, dass sich das Produkt zersetzt und mit dem Feingut vermischt. Dies verbessert die Produkteffizienz und erh\u00f6ht den Durchsatz &#8211; Sie sparen Zeit und Geld!<\/p>\n<p style=\"text-align: center;\">Das DOSC ist unsere neueste manuelle \u00dcberkornkontrolll\u00f6sung, die keine Luftzufuhr ben\u00f6tigt. F\u00fcr eine lecksichere, automatisierte <strong>Upgrade-Option<\/strong> ben\u00f6tigen Sie unsere <strong>BOSC (Balloon Oversize Control).<\/strong><\/p>\n<p style=\"text-align: center;\"><strong>Sowohl die BOSC- als auch die DOSC-Optionen sind eine einfach zu integrierende L\u00f6sung, die innerhalb der Stellfl\u00e4che der Slimline-Maschinenreihe installiert werden kann.<\/strong><\/p>\n        <\/div>\n    <\/div>\n<\/section>\n\n\n\n\n<section class=\"service\">\n    <div data-aos=\"fade-up\" class=\"container\">\n        <div class=\"flex-wrap\">\n            <div class=\"col-2 col-content\">\n                <div class=\"service__content\">\n                    <div class=\"content-wrap\">\n                        <h2>Wie es funktioniert.<\/h2>\n                    <\/div>\n                                        <div class=\"service__img mobile\">\n                        <div class=\"img bg-cover\" style=\"background-image:url(https:\/\/www.farleygreene.com\/wp-content\/uploads\/2025\/02\/ROTA-RANGE-Scale-up-options-6.jpg);\"><\/div>\n                    <\/div>\n                                        <div class=\"content-wrap\">\n                        <p>Wenn die <strong>DOSC<\/strong>-Platte ge\u00f6ffnet ist, verl\u00e4sst das frei flie\u00dfende Produkt den \u00dcberma\u00dfauslass, und wenn sie geschlossen ist, sammelt sich das Produkt hinter der Platte.<\/p>\n<p>Die <strong>DOSC<\/strong>-Platte kann manuell gedreht werden, so dass unterschiedliche Mengen an \u00dcbergr\u00f6\u00dfen durch den \u00dcbergr\u00f6\u00dfenauslass austreten und gr\u00f6\u00dfere \u00dcbergr\u00f6\u00dfen von bis zu 60 mm Breite ausgeworfen werden k\u00f6nnen. Dies kann leicht von einem Maschinenf\u00fchrer eingestellt werden, wenn die Maschine nicht in Betrieb ist.<\/p>\n<p>Diese neue Funktion ist leicht einstellbar, um die Menge des auszuwerfenden \u00dcberma\u00dfes zu variieren (bis zu 60 mm Breite im Vergleich zu 10 mm bei unserer vorherigen L\u00f6sung). Drehen Sie einfach die Platte auf die gew\u00fcnschte Einstellung, w\u00e4hrend die Maschine nicht in Betrieb ist.<\/p>\n                    <\/div>\n                <\/div>\n            <\/div>\n            <div class=\"col-2 col-img\">\n                                <div class=\"service__img\">\n                    <div class=\"img bg-cover\" style=\"background-image:url(https:\/\/www.farleygreene.com\/wp-content\/uploads\/2025\/02\/ROTA-RANGE-Scale-up-options-6.jpg);\"><\/div>\n                <\/div>\n                            <\/div>\n        <\/div>\n    <\/div>\n<\/section>\n\n\n\n\n<section class=\"check-list\">\n    <div data-aos=\"fade-up\" class=\"container\">\n        <div class=\"check-list-content\">\n            <h3>Merkmale und Vorteile<\/h3>\n<ul>\n<li class=\"p1\">Einfach zu bedienende, langlebige und hygienische L\u00f6sung<\/li>\n<li class=\"p1\">Einfaches Einstellen durch einen Bediener<\/li>\n<li class=\"p1\">Erh\u00f6hte Pr\u00e4zision beim Durchfluss des echten \u00dcberkorns vom Siebgewebe durch den \u00dcberkornauslass<\/li>\n<li class=\"p1\">Verhindert Verstopfungen und sorgt f\u00fcr einen gleichm\u00e4\u00dfigen Betrieb<\/li>\n<li class=\"p1\">Erh\u00e4ltlich mit wei\u00dfer oder blauer, metalldetektierbarer Silikondichtung (lebensmittelecht, zertifiziert nach EG 1935\/2004)<\/li>\n<li class=\"p1\">Erh\u00e4ltlich als Standardoption f\u00fcr neue Slimline-Maschinen, mit nahtlos nachr\u00fcstbarer BOSC-Option<\/li>\n<\/ul>\n        <\/div>\n        <div class=\"btn-wrap\">\n            <button class=\"button\">View All Spares<\/button>\n        <\/div>\n    <\/div>\n<\/section>\n\n\n\n\n<section class=\"service\">\n    <div data-aos=\"fade-up\" class=\"container\">\n        <div class=\"flex-wrap\">\n            <div class=\"col-2 col-content\">\n                <div class=\"service__content\">\n                    <div class=\"content-wrap\">\n                        <h2>Warum wird unsere Slimline-Reihe mit der neuen DOSC-Option aufger\u00fcstet?<\/h2>\n                    <\/div>\n                                        <div class=\"service__img mobile\">\n                        <div class=\"img bg-cover\" style=\"background-image:url(https:\/\/www.farleygreene.com\/wp-content\/uploads\/2025\/01\/Farleygreene-DOSC.png);\"><\/div>\n                    <\/div>\n                                        <div class=\"content-wrap\">\n                        <p>Die neue <strong>DOSC<\/strong>-Funktion bietet eine moderne L\u00f6sung zur Kontrolle des \u00dcberkorndurchsatzes, zur Reduzierung von Ausfallzeiten und zur Verbesserung der Siebeffizienz.<\/p>\n<p>Sie setzt den Ma\u00dfstab f\u00fcr Qualit\u00e4t und Effizienz und h\u00e4lt gleichzeitig mit Ihren Produktionsanforderungen Schritt.<\/p>\n                    <\/div>\n                <\/div>\n            <\/div>\n            <div class=\"col-2 col-img\">\n                                <div class=\"service__img\">\n                    <div class=\"img bg-cover\" style=\"background-image:url(https:\/\/www.farleygreene.com\/wp-content\/uploads\/2025\/01\/Farleygreene-DOSC.png);\"><\/div>\n                <\/div>\n                            <\/div>\n        <\/div>\n    <\/div>\n<\/section>\n\n\n\n<div style=\"height:100px\" aria-hidden=\"true\" class=\"wp-block-spacer\"><\/div>\n\n\n\n<figure class=\"wp-block-embed aligncenter is-type-video is-provider-vimeo wp-block-embed-vimeo wp-embed-aspect-16-9 wp-has-aspect-ratio\"><div class=\"wp-block-embed__wrapper\">\n<iframe loading=\"lazy\" title=\"Farleygreene DOSC (Disc Oversize Control)\" src=\"https:\/\/player.vimeo.com\/video\/1056762375?dnt=1&amp;app_id=122963\" width=\"500\" height=\"281\" frameborder=\"0\" allow=\"autoplay; fullscreen; picture-in-picture; clipboard-write; encrypted-media\"><\/iframe>\n<\/div><\/figure>\n\n\n\n\n<section class=\"cta\">\n    <div data-aos=\"fade-up\" class=\"container\">\n        <div class=\"cta-block\">\n        <svg width=\"1355px\" height=\"812px\" viewBox=\"0 0 1355 812\" version=\"1.1\" xmlns=\"http:\/\/www.w3.org\/2000\/svg\" xmlns:xlink=\"http:\/\/www.w3.org\/1999\/xlink\">\n    <title>Group<\/title>\n    <g id=\"Symbols\" stroke=\"none\" stroke-width=\"1\" fill=\"none\" fill-rule=\"evenodd\">\n        <g id=\"Group\" transform=\"translate(6.000000, -0.000000)\">\n            <path d=\"M967,629.066726 C967,783.334247 842.3548,908.876341 688.996392,908.876341 C535.724578,908.876341 411.079378,783.334247 411.079378,629.066726 C411.079378,538.053247 454.412582,457.091851 521.414879,405.996182 C452.413698,353.687581 411,271.520516 411,182.678694 C411,28.4111731 535.724578,-97.1236586 688.996392,-97.1236586 C842.3548,-97.1236586 967,28.4111731 967,182.678694 C967,271.520516 925.66568,353.687581 856.585121,405.996182 C923.666796,457.091851 967,538.053247 967,629.066726 Z M912.663806,629.637122 C912.663806,505.557254 812.193829,404.637122 688.660194,404.637122 C565.213264,404.637122 464.663806,505.557254 464.663806,629.637122 C464.663806,753.716991 565.213264,854.637122 688.660194,854.637122 C812.193829,854.637122 912.663806,753.716991 912.663806,629.637122 Z M912.566049,183.12695 C912.566049,59.1049605 812.096072,-41.7680954 688.562437,-41.7680954 C565.115507,-41.7680954 464.566049,59.1049605 464.566049,183.12695 C464.566049,262.142364 505.476586,334.563487 572.080847,375.231905 C607.550615,358.677261 647.01606,349.507643 688.562437,349.507643 C730.195519,349.507643 769.660964,358.75706 805.130732,375.231905 C871.734993,334.563487 912.566049,262.142364 912.566049,183.12695 Z\" id=\"Shape\" fill=\"#599B9B\" opacity=\"0.339214018\" transform=\"translate(689.000000, 405.876341) rotate(106.000000) translate(-689.000000, -405.876341) \"><\/path>\n            <circle id=\"Oval1\" stroke=\"#F49B52\" stroke-width=\"12\" cx=\"1163\" cy=\"245.876341\" r=\"180\"><\/circle>\n            <circle id=\"Oval2\" stroke=\"#F49B52\" stroke-width=\"12\" cx=\"180\" cy=\"565.876341\" r=\"180\"><\/circle>\n        <\/g>\n    <\/g>\n<\/svg>\n            <div class=\"content-wrap\">\n                <h2>Finden Sie Ihren H\u00e4ndler vor Ort<\/h2>\n<p>Entdecken Sie, wie die <strong>DOSC-Technologie<\/strong>, integriert in die Standfl\u00e4che unserer <strong>Slimline-Siebmaschinen<\/strong>, Ihren Betrieb revolutionieren kann.<\/p>\n<p>Besprechen Sie Ihre Anforderungen noch heute mit Ihrem H\u00e4ndler vor Ort!<\/p>\n            <\/div>\n            <div class=\"btn-wrap\">\n                <a href=\"https:\/\/www.farleygreene.com\/de\/haendler\/\" class=\"btn-arrow\">Finden Sie einen H\u00e4ndler<\/a>                <a href=\"https:\/\/www.farleygreene.com\/de\/kontaktieren-sie-uns\/\" class=\"button alt-white\">Kontaktieren sie uns<\/a>            <\/div>        <\/div>\n    <\/div>\n<\/section>\n","protected":false},"excerpt":{"rendered":"","protected":false},"author":3,"featured_media":0,"parent":0,"menu_order":0,"comment_status":"closed","ping_status":"closed","template":"","meta":{"_acf_changed":false,"footnotes":""},"class_list":["post-14094","page","type-page","status-publish","hentry"],"acf":[],"yoast_head":"<!-- This site is optimized with the Yoast SEO plugin v27.5 - https:\/\/yoast.com\/product\/yoast-seo-wordpress\/ -->\n<title>- Farleygreene Sieving Equipment and Technologies<\/title>\n<meta name=\"robots\" content=\"index, follow, max-snippet:-1, max-image-preview:large, max-video-preview:-1\" \/>\n<link rel=\"canonical\" href=\"https:\/\/www.farleygreene.com\/de\/der-dosc\/\" \/>\n<meta property=\"og:locale\" content=\"de_DE\" \/>\n<meta property=\"og:type\" content=\"article\" \/>\n<meta property=\"og:title\" content=\"- Farleygreene Sieving Equipment and Technologies\" \/>\n<meta property=\"og:url\" content=\"https:\/\/www.farleygreene.com\/de\/der-dosc\/\" \/>\n<meta property=\"og:site_name\" content=\"Farleygreene Sieving Equipment and Technologies\" \/>\n<meta property=\"article:modified_time\" content=\"2025-04-08T13:25:44+00:00\" \/>\n<meta name=\"twitter:card\" content=\"summary_large_image\" \/>\n<meta name=\"twitter:label1\" content=\"Gesch\u00e4tzte Lesezeit\" \/>\n\t<meta name=\"twitter:data1\" content=\"3\u00a0Minute\" \/>\n<script type=\"application\/ld+json\" class=\"yoast-schema-graph\">{\"@context\":\"https:\\\/\\\/schema.org\",\"@graph\":[{\"@type\":\"WebPage\",\"@id\":\"https:\\\/\\\/www.farleygreene.com\\\/de\\\/der-dosc\\\/\",\"url\":\"https:\\\/\\\/www.farleygreene.com\\\/de\\\/der-dosc\\\/\",\"name\":\"- Farleygreene Sieving Equipment and Technologies\",\"isPartOf\":{\"@id\":\"https:\\\/\\\/www.farleygreene.com\\\/de\\\/#website\"},\"datePublished\":\"2025-04-08T13:09:51+00:00\",\"dateModified\":\"2025-04-08T13:25:44+00:00\",\"inLanguage\":\"de\",\"potentialAction\":[{\"@type\":\"ReadAction\",\"target\":[\"https:\\\/\\\/www.farleygreene.com\\\/de\\\/der-dosc\\\/\"]}]},{\"@type\":\"WebSite\",\"@id\":\"https:\\\/\\\/www.farleygreene.com\\\/de\\\/#website\",\"url\":\"https:\\\/\\\/www.farleygreene.com\\\/de\\\/\",\"name\":\"Farleygreene Sieving Equipment and Technologies\",\"description\":\"Industrial sieves, screeners and separators\",\"publisher\":{\"@id\":\"https:\\\/\\\/www.farleygreene.com\\\/de\\\/#organization\"},\"alternateName\":\"Farleygreene\",\"potentialAction\":[{\"@type\":\"SearchAction\",\"target\":{\"@type\":\"EntryPoint\",\"urlTemplate\":\"https:\\\/\\\/www.farleygreene.com\\\/de\\\/?s={search_term_string}\"},\"query-input\":{\"@type\":\"PropertyValueSpecification\",\"valueRequired\":true,\"valueName\":\"search_term_string\"}}],\"inLanguage\":\"de\"},{\"@type\":\"Organization\",\"@id\":\"https:\\\/\\\/www.farleygreene.com\\\/de\\\/#organization\",\"name\":\"Farleygreene\",\"url\":\"https:\\\/\\\/www.farleygreene.com\\\/de\\\/\",\"logo\":{\"@type\":\"ImageObject\",\"inLanguage\":\"de\",\"@id\":\"https:\\\/\\\/www.farleygreene.com\\\/de\\\/#\\\/schema\\\/logo\\\/image\\\/\",\"url\":\"https:\\\/\\\/www.farleygreene.com\\\/wp-content\\\/uploads\\\/2021\\\/12\\\/logo.svg\",\"contentUrl\":\"https:\\\/\\\/www.farleygreene.com\\\/wp-content\\\/uploads\\\/2021\\\/12\\\/logo.svg\",\"width\":348,\"height\":52,\"caption\":\"Farleygreene\"},\"image\":{\"@id\":\"https:\\\/\\\/www.farleygreene.com\\\/de\\\/#\\\/schema\\\/logo\\\/image\\\/\"},\"sameAs\":[\"https:\\\/\\\/www.linkedin.com\\\/company\\\/farleygreene-limited\\\/\",\"https:\\\/\\\/www.youtube.com\\\/user\\\/farleygreene\"]}]}<\/script>\n<!-- \/ Yoast SEO plugin. -->","yoast_head_json":{"title":"- Farleygreene Sieving Equipment and Technologies","robots":{"index":"index","follow":"follow","max-snippet":"max-snippet:-1","max-image-preview":"max-image-preview:large","max-video-preview":"max-video-preview:-1"},"canonical":"https:\/\/www.farleygreene.com\/de\/der-dosc\/","og_locale":"de_DE","og_type":"article","og_title":"- Farleygreene Sieving Equipment and Technologies","og_url":"https:\/\/www.farleygreene.com\/de\/der-dosc\/","og_site_name":"Farleygreene Sieving Equipment and Technologies","article_modified_time":"2025-04-08T13:25:44+00:00","twitter_card":"summary_large_image","twitter_misc":{"Gesch\u00e4tzte Lesezeit":"3\u00a0Minute"},"schema":{"@context":"https:\/\/schema.org","@graph":[{"@type":"WebPage","@id":"https:\/\/www.farleygreene.com\/de\/der-dosc\/","url":"https:\/\/www.farleygreene.com\/de\/der-dosc\/","name":"- Farleygreene Sieving Equipment and Technologies","isPartOf":{"@id":"https:\/\/www.farleygreene.com\/de\/#website"},"datePublished":"2025-04-08T13:09:51+00:00","dateModified":"2025-04-08T13:25:44+00:00","inLanguage":"de","potentialAction":[{"@type":"ReadAction","target":["https:\/\/www.farleygreene.com\/de\/der-dosc\/"]}]},{"@type":"WebSite","@id":"https:\/\/www.farleygreene.com\/de\/#website","url":"https:\/\/www.farleygreene.com\/de\/","name":"Farleygreene Sieving Equipment and Technologies","description":"Industrial sieves, screeners and separators","publisher":{"@id":"https:\/\/www.farleygreene.com\/de\/#organization"},"alternateName":"Farleygreene","potentialAction":[{"@type":"SearchAction","target":{"@type":"EntryPoint","urlTemplate":"https:\/\/www.farleygreene.com\/de\/?s={search_term_string}"},"query-input":{"@type":"PropertyValueSpecification","valueRequired":true,"valueName":"search_term_string"}}],"inLanguage":"de"},{"@type":"Organization","@id":"https:\/\/www.farleygreene.com\/de\/#organization","name":"Farleygreene","url":"https:\/\/www.farleygreene.com\/de\/","logo":{"@type":"ImageObject","inLanguage":"de","@id":"https:\/\/www.farleygreene.com\/de\/#\/schema\/logo\/image\/","url":"https:\/\/www.farleygreene.com\/wp-content\/uploads\/2021\/12\/logo.svg","contentUrl":"https:\/\/www.farleygreene.com\/wp-content\/uploads\/2021\/12\/logo.svg","width":348,"height":52,"caption":"Farleygreene"},"image":{"@id":"https:\/\/www.farleygreene.com\/de\/#\/schema\/logo\/image\/"},"sameAs":["https:\/\/www.linkedin.com\/company\/farleygreene-limited\/","https:\/\/www.youtube.com\/user\/farleygreene"]}]}},"_links":{"self":[{"href":"https:\/\/www.farleygreene.com\/de\/wp-json\/wp\/v2\/pages\/14094","targetHints":{"allow":["GET"]}}],"collection":[{"href":"https:\/\/www.farleygreene.com\/de\/wp-json\/wp\/v2\/pages"}],"about":[{"href":"https:\/\/www.farleygreene.com\/de\/wp-json\/wp\/v2\/types\/page"}],"author":[{"embeddable":true,"href":"https:\/\/www.farleygreene.com\/de\/wp-json\/wp\/v2\/users\/3"}],"replies":[{"embeddable":true,"href":"https:\/\/www.farleygreene.com\/de\/wp-json\/wp\/v2\/comments?post=14094"}],"version-history":[{"count":1,"href":"https:\/\/www.farleygreene.com\/de\/wp-json\/wp\/v2\/pages\/14094\/revisions"}],"predecessor-version":[{"id":14095,"href":"https:\/\/www.farleygreene.com\/de\/wp-json\/wp\/v2\/pages\/14094\/revisions\/14095"}],"wp:attachment":[{"href":"https:\/\/www.farleygreene.com\/de\/wp-json\/wp\/v2\/media?parent=14094"}],"curies":[{"name":"wp","href":"https:\/\/api.w.org\/{rel}","templated":true}]}}