{"id":14099,"date":"2025-04-08T16:00:20","date_gmt":"2025-04-08T15:00:20","guid":{"rendered":"https:\/\/www.farleygreene.com\/?page_id=14099"},"modified":"2026-01-15T08:34:10","modified_gmt":"2026-01-15T08:34:10","slug":"sievmaster-bosc","status":"publish","type":"page","link":"https:\/\/www.farleygreene.com\/de\/sievmaster-bosc\/","title":{"rendered":"Sievmaster BOSC"},"content":{"rendered":"\n\n<section data-aos=\"fade-in\" class=\"hero-page has-product-img\">\n    <div class=\"container\">\n        <p id=\"breadcrumbs\"><span><span><a href=\"https:\/\/www.farleygreene.com\/de\/\">Startseite<\/a><\/span><\/span><\/p>        <div class=\"content-wrap \">\n        <div class=\"product-img mobile\"><img decoding=\"async\" src=\"https:\/\/www.farleygreene.com\/wp-content\/uploads\/2024\/10\/BOSC-Logo-white-background.png\" alt=\"\"><\/div>            <h1>Sievmaster BOSC<\/h1>\n<p>Die Balloon Oversize Control <strong>(BOSC<\/strong> ) f\u00fcr die Slimline-Produktreihe wurde als einfach zu integrierende L\u00f6sung entwickelt, die innerhalb der Grundfl\u00e4che der urspr\u00fcnglichen Slimline-Maschine installiert werden kann.<\/p>\n        <\/div>\n            <\/div>\n    <div class=\"hero-page-img\">\n        <div class=\"img-wrap\">\n            <div class=\"product-img\"><img decoding=\"async\" src=\"https:\/\/www.farleygreene.com\/wp-content\/uploads\/2024\/10\/BOSC-Logo-white-background.png\" alt=\"\"><\/div>            <div class=\"circle-wrap\">\n                <div class=\"img bg-cover\" style=\"background-image:url(https:\/\/www.farleygreene.com\/wp-content\/uploads\/2024\/09\/SM550-FF-L-BOSC-RENDER-MODEL.png);\"><\/div>\n                <div class=\"overlay\"><\/div>\n            <\/div>\n        <\/div>\n    <\/div>\n<\/section>\n\n\n<section class=\"text-block\">\n    <div data-aos=\"fade-up\" class=\"container\">\n        <div class=\"content-wrap\">\n            <p style=\"text-align: center;\"><span class=\"intro-text\">Was ist der BOSC?<\/span><\/p>\n<p style=\"text-align: center;\">Es verwendet einen speziell geformten Silikonballon, der sich ausdehnt, um eine Abdichtung zwischen dem Oversize-Auslass und dem Maschensieb zu schaffen. Der BOSC ist einfach zu bedienen, wartungsarm und wurde unter besonderer Ber\u00fccksichtigung der Lebensmittel-, Pharma- und anderer hygienebewusster Industrien entwickelt. Der BOSC arbeitet am effektivsten in Prozesslinien, in denen das Produkt kontinuierlich gesiebt wird.<\/p>\n<p style=\"text-align: center;\">Diese Option kann den Durchsatz einer Maschine erheblich steigern, indem die gesamte Maschenfl\u00e4che genutzt wird, ohne dass feines Produkt unerw\u00fcnscht aus dem \u00dcberkornauslass ausgeworfen wird. Die BOSC-Option eignet sich hervorragend f\u00fcr Installationen mit begrenztem Platzangebot und bietet eine h\u00f6here Effizienz, wenn gr\u00f6\u00dfere Maschinen nicht in Frage kommen.<\/p>\n<p style=\"text-align: center;\"><a href=\"https:\/\/vimeo.com\/749553808\" target=\"_blank\" rel=\"noopener\"><strong>Sehen Sie sich unser Produktvideo an<\/strong><\/a><\/p>\n        <\/div>\n    <\/div>\n<\/section>\n\n\n<section class=\"service\">\n    <div data-aos=\"fade-up\" class=\"container\">\n        <div class=\"flex-wrap\">\n            <div class=\"col-2 col-content\">\n                <div class=\"service__content\">\n                    <div class=\"content-wrap\">\n                        <h2><em>Wie es<\/em> funktioniert.<\/h2>\n                    <\/div>\n                                        <div class=\"service__img mobile\">\n                        <div class=\"img bg-cover\" style=\"background-image:url(https:\/\/www.farleygreene.com\/wp-content\/uploads\/2024\/09\/BOSC-Thumbnail.png);\"><\/div>\n                    <\/div>\n                                        <div class=\"content-wrap\">\n                        <p>Der Ballon wird \u00fcber einen lebensmittelechten, flexiblen Pneumatikschlauch mit bis zu +200mbarg bef\u00fcllt, wodurch eine Dichtung zwischen dem Auslass und dem Sieb entsteht, die den Produktfluss aus dem \u00dcberma\u00dfauslass des Siebs stoppt.<\/p>\n<p>Das Ergebnis ist eine weitaus effektivere Kontrolle \u00fcber die Menge des guten Produkts, das die Maschine verl\u00e4sst.<\/p>\n                    <\/div>\n                <\/div>\n            <\/div>\n            <div class=\"col-2 col-img\">\n                                <div class=\"service__img\">\n                    <div class=\"img bg-cover\" style=\"background-image:url(https:\/\/www.farleygreene.com\/wp-content\/uploads\/2024\/09\/BOSC-Thumbnail.png);\"><\/div>\n                <\/div>\n                            <\/div>\n        <\/div>\n    <\/div>\n<\/section>\n\n\n<section class=\"check-list\">\n    <div data-aos=\"fade-up\" class=\"container\">\n        <div class=\"check-list-content\">\n            <h3><em>Eigenschaften &amp; Vorteile<\/em><\/h3>\n<ul>\n<li class=\"p1\">BOSC kontrolliert die Menge des &#8222;guten Produkts&#8220;, das aus dem \u00dcberkornauslass des Siebs ausgeworfen wird.<\/li>\n<li class=\"p1\">Sowohl f\u00fcr trockene als auch f\u00fcr fl\u00fcssige Anwendungen geeignet. H\u00e4lt bis zu 130mm Wassers\u00e4ule +200mbarg<\/li>\n<li class=\"p1\">Klarsicht\u00f6ffnung: f\u00fcr eine einfache Inspektion ohne Demontage<\/li>\n<li class=\"p1\">Leicht zu reinigen, kann ohne Werkzeug von der Au\u00dfenseite des Siebs entfernt werden<\/li>\n<li class=\"p1\">Erh\u00e4ltlich in wei\u00dfem oder blauem, metalldetektierbarem Silikon Lebensmittelzertifiziert nach EC 1935\/2004<\/li>\n<li class=\"p2\">Option Automatische Steuerung verf\u00fcgbar<\/li>\n<\/ul>\n        <\/div>\n        <div class=\"btn-wrap\">\n            <button class=\"button\">View All Spares<\/button>\n        <\/div>\n    <\/div>\n<\/section>\n\n\n<section class=\"service\">\n    <div data-aos=\"fade-up\" class=\"container\">\n        <div class=\"flex-wrap\">\n            <div class=\"col-2 col-content\">\n                <div class=\"service__content\">\n                    <div class=\"content-wrap\">\n                        <h2><em>Rentabilit\u00e4t<\/em> der Investition<\/h2>\n                    <\/div>\n                                        <div class=\"service__img mobile\">\n                        <div class=\"img bg-cover\" style=\"background-image:url(https:\/\/www.farleygreene.com\/wp-content\/uploads\/2024\/09\/SM550-FF-L-BOSC-RENDER-MODEL.png);\"><\/div>\n                    <\/div>\n                                        <div class=\"content-wrap\">\n                        <p>Bei einer typischen Slimline-Anwendung stieg die Siebeffizienz von <strong>99,7% auf 100%*.<\/strong><\/p>\n<p class=\"p1\"><em>*Abh\u00e4ngig von der Anwendung. Wir haben eine reale Produktionsumgebung mit einem Industriepartner getestet und dabei g\u00e4ngige Lebensmittelprodukte wie Milchpulver, Mehl, Zucker, Maltodextrin und Kaffee gesiebt.<\/em><\/p>\n<p><img loading=\"lazy\" decoding=\"async\" class=\"alignnone size-medium wp-image-13652\" src=\"https:\/\/www.farleygreene.com\/wp-content\/uploads\/2024\/09\/Screenshot-2024-09-26-at-17.54.15-300x78.png\" alt=\"Tabelle zur Kapitalrendite\" width=\"300\" height=\"78\" srcset=\"https:\/\/www.farleygreene.com\/wp-content\/uploads\/2024\/09\/Screenshot-2024-09-26-at-17.54.15-300x78.png 300w, https:\/\/www.farleygreene.com\/wp-content\/uploads\/2024\/09\/Screenshot-2024-09-26-at-17.54.15-768x200.png 768w, https:\/\/www.farleygreene.com\/wp-content\/uploads\/2024\/09\/Screenshot-2024-09-26-at-17.54.15.png 862w\" sizes=\"auto, (max-width: 300px) 100vw, 300px\" \/><\/p>\n<p>Das bedeutet, dass Sie Ihre Investition innerhalb von nur 15 Tagen zur\u00fcckbekommen!<\/p>\n<p>(Die Zahlen basieren auf einem Upgrade von einer manuellen \u00dcbergr\u00f6\u00dfenoption, die \u00a31\/kg Produkt bei 1000kg\/h verarbeitet &#8211; ohne Kontrollsystem &#8211; nur neue Maschinen).<\/p>\n                    <\/div>\n                <\/div>\n            <\/div>\n            <div class=\"col-2 col-img\">\n                                <div class=\"service__img\">\n                    <div class=\"img bg-cover\" style=\"background-image:url(https:\/\/www.farleygreene.com\/wp-content\/uploads\/2024\/09\/SM550-FF-L-BOSC-RENDER-MODEL.png);\"><\/div>\n                <\/div>\n                            <\/div>\n        <\/div>\n    <\/div>\n<\/section>\n\n\n<section class=\"cta\">\n    <div data-aos=\"fade-up\" class=\"container\">\n        <div class=\"cta-block\">\n        <svg width=\"1355px\" height=\"812px\" viewBox=\"0 0 1355 812\" version=\"1.1\" xmlns=\"http:\/\/www.w3.org\/2000\/svg\" xmlns:xlink=\"http:\/\/www.w3.org\/1999\/xlink\">\n    <title>Group<\/title>\n    <g id=\"Symbols\" stroke=\"none\" stroke-width=\"1\" fill=\"none\" fill-rule=\"evenodd\">\n        <g id=\"Group\" transform=\"translate(6.000000, -0.000000)\">\n            <path d=\"M967,629.066726 C967,783.334247 842.3548,908.876341 688.996392,908.876341 C535.724578,908.876341 411.079378,783.334247 411.079378,629.066726 C411.079378,538.053247 454.412582,457.091851 521.414879,405.996182 C452.413698,353.687581 411,271.520516 411,182.678694 C411,28.4111731 535.724578,-97.1236586 688.996392,-97.1236586 C842.3548,-97.1236586 967,28.4111731 967,182.678694 C967,271.520516 925.66568,353.687581 856.585121,405.996182 C923.666796,457.091851 967,538.053247 967,629.066726 Z M912.663806,629.637122 C912.663806,505.557254 812.193829,404.637122 688.660194,404.637122 C565.213264,404.637122 464.663806,505.557254 464.663806,629.637122 C464.663806,753.716991 565.213264,854.637122 688.660194,854.637122 C812.193829,854.637122 912.663806,753.716991 912.663806,629.637122 Z M912.566049,183.12695 C912.566049,59.1049605 812.096072,-41.7680954 688.562437,-41.7680954 C565.115507,-41.7680954 464.566049,59.1049605 464.566049,183.12695 C464.566049,262.142364 505.476586,334.563487 572.080847,375.231905 C607.550615,358.677261 647.01606,349.507643 688.562437,349.507643 C730.195519,349.507643 769.660964,358.75706 805.130732,375.231905 C871.734993,334.563487 912.566049,262.142364 912.566049,183.12695 Z\" id=\"Shape\" fill=\"#599B9B\" opacity=\"0.339214018\" transform=\"translate(689.000000, 405.876341) rotate(106.000000) translate(-689.000000, -405.876341) \"><\/path>\n            <circle id=\"Oval1\" stroke=\"#F49B52\" stroke-width=\"12\" cx=\"1163\" cy=\"245.876341\" r=\"180\"><\/circle>\n            <circle id=\"Oval2\" stroke=\"#F49B52\" stroke-width=\"12\" cx=\"180\" cy=\"565.876341\" r=\"180\"><\/circle>\n        <\/g>\n    <\/g>\n<\/svg>\n            <div class=\"content-wrap\">\n                <h2>Suchen Sie nach weiteren Informationen?<\/h2>\n<p>Lesen Sie mehr \u00fcber den <strong>Sievmaster BOSC<\/strong>, die Auslasssteuerungsoption f\u00fcr die <strong>Sievmaster Slimline Serie<\/strong>, in unserem herunterladbaren PDF.<\/p>\n            <\/div>\n            <div class=\"btn-wrap\">\n                <a href=\"https:\/\/www.farleygreene.com\/wp-content\/uploads\/2022\/09\/Sievmaster-BOSC-DOSC-Outlet-Options-06-25.pdf\" class=\"btn-arrow\">Download brochure<\/a>                <a href=\"\/contact-us\/\" class=\"button alt-white\">Contact Us<\/a>            <\/div>        <\/div>\n    <\/div>\n<\/section>\n","protected":false},"excerpt":{"rendered":"","protected":false},"author":9,"featured_media":0,"parent":0,"menu_order":0,"comment_status":"closed","ping_status":"closed","template":"","meta":{"_acf_changed":false,"footnotes":""},"class_list":["post-14099","page","type-page","status-publish","hentry"],"acf":[],"yoast_head":"<!-- This site is optimized with the Yoast SEO plugin v27.4 - https:\/\/yoast.com\/product\/yoast-seo-wordpress\/ -->\n<title>Sievmaster BOSC - Farleygreene Sieving Equipment and Technologies<\/title>\n<meta name=\"description\" content=\"Der Sievmaster Balloon Oversize Conversion (BOSC) f\u00fcr die Slimline-Produktreihe ist als einfach zu integrierende L\u00f6sung konzipiert.\" \/>\n<meta name=\"robots\" content=\"index, follow, max-snippet:-1, max-image-preview:large, max-video-preview:-1\" \/>\n<link rel=\"canonical\" href=\"https:\/\/www.farleygreene.com\/de\/sievmaster-bosc\/\" \/>\n<meta property=\"og:locale\" content=\"de_DE\" \/>\n<meta property=\"og:type\" content=\"article\" \/>\n<meta property=\"og:title\" content=\"Sievmaster BOSC - Farleygreene Sieving Equipment and Technologies\" \/>\n<meta property=\"og:description\" content=\"Der Sievmaster Balloon Oversize Conversion (BOSC) f\u00fcr die Slimline-Produktreihe ist als einfach zu integrierende L\u00f6sung konzipiert.\" \/>\n<meta property=\"og:url\" content=\"https:\/\/www.farleygreene.com\/de\/sievmaster-bosc\/\" \/>\n<meta property=\"og:site_name\" content=\"Farleygreene Sieving Equipment and Technologies\" \/>\n<meta property=\"article:modified_time\" content=\"2026-01-15T08:34:10+00:00\" \/>\n<meta name=\"twitter:card\" content=\"summary_large_image\" \/>\n<meta name=\"twitter:label1\" content=\"Gesch\u00e4tzte Lesezeit\" \/>\n\t<meta name=\"twitter:data1\" content=\"3\u00a0Minute\" \/>\n<script type=\"application\/ld+json\" class=\"yoast-schema-graph\">{\"@context\":\"https:\\\/\\\/schema.org\",\"@graph\":[{\"@type\":\"WebPage\",\"@id\":\"https:\\\/\\\/www.farleygreene.com\\\/de\\\/sievmaster-bosc\\\/\",\"url\":\"https:\\\/\\\/www.farleygreene.com\\\/de\\\/sievmaster-bosc\\\/\",\"name\":\"Sievmaster BOSC - Farleygreene Sieving Equipment and Technologies\",\"isPartOf\":{\"@id\":\"https:\\\/\\\/www.farleygreene.com\\\/de\\\/#website\"},\"datePublished\":\"2025-04-08T15:00:20+00:00\",\"dateModified\":\"2026-01-15T08:34:10+00:00\",\"description\":\"Der Sievmaster Balloon Oversize Conversion (BOSC) f\u00fcr die Slimline-Produktreihe ist als einfach zu integrierende L\u00f6sung konzipiert.\",\"breadcrumb\":{\"@id\":\"https:\\\/\\\/www.farleygreene.com\\\/de\\\/sievmaster-bosc\\\/#breadcrumb\"},\"inLanguage\":\"de\",\"potentialAction\":[{\"@type\":\"ReadAction\",\"target\":[\"https:\\\/\\\/www.farleygreene.com\\\/de\\\/sievmaster-bosc\\\/\"]}]},{\"@type\":\"BreadcrumbList\",\"@id\":\"https:\\\/\\\/www.farleygreene.com\\\/de\\\/sievmaster-bosc\\\/#breadcrumb\",\"itemListElement\":[{\"@type\":\"ListItem\",\"position\":1,\"name\":\"Startseite\",\"item\":\"https:\\\/\\\/www.farleygreene.com\\\/de\\\/\"},{\"@type\":\"ListItem\",\"position\":2,\"name\":\"Sievmaster BOSC\"}]},{\"@type\":\"WebSite\",\"@id\":\"https:\\\/\\\/www.farleygreene.com\\\/de\\\/#website\",\"url\":\"https:\\\/\\\/www.farleygreene.com\\\/de\\\/\",\"name\":\"Farleygreene Sieving Equipment and Technologies\",\"description\":\"Industrial sieves, screeners and separators\",\"publisher\":{\"@id\":\"https:\\\/\\\/www.farleygreene.com\\\/de\\\/#organization\"},\"alternateName\":\"Farleygreene\",\"potentialAction\":[{\"@type\":\"SearchAction\",\"target\":{\"@type\":\"EntryPoint\",\"urlTemplate\":\"https:\\\/\\\/www.farleygreene.com\\\/de\\\/?s={search_term_string}\"},\"query-input\":{\"@type\":\"PropertyValueSpecification\",\"valueRequired\":true,\"valueName\":\"search_term_string\"}}],\"inLanguage\":\"de\"},{\"@type\":\"Organization\",\"@id\":\"https:\\\/\\\/www.farleygreene.com\\\/de\\\/#organization\",\"name\":\"Farleygreene\",\"url\":\"https:\\\/\\\/www.farleygreene.com\\\/de\\\/\",\"logo\":{\"@type\":\"ImageObject\",\"inLanguage\":\"de\",\"@id\":\"https:\\\/\\\/www.farleygreene.com\\\/de\\\/#\\\/schema\\\/logo\\\/image\\\/\",\"url\":\"https:\\\/\\\/www.farleygreene.com\\\/wp-content\\\/uploads\\\/2021\\\/12\\\/logo.svg\",\"contentUrl\":\"https:\\\/\\\/www.farleygreene.com\\\/wp-content\\\/uploads\\\/2021\\\/12\\\/logo.svg\",\"width\":348,\"height\":52,\"caption\":\"Farleygreene\"},\"image\":{\"@id\":\"https:\\\/\\\/www.farleygreene.com\\\/de\\\/#\\\/schema\\\/logo\\\/image\\\/\"},\"sameAs\":[\"https:\\\/\\\/www.linkedin.com\\\/company\\\/farleygreene-limited\\\/\",\"https:\\\/\\\/www.youtube.com\\\/user\\\/farleygreene\"]}]}<\/script>\n<!-- \/ Yoast SEO plugin. -->","yoast_head_json":{"title":"Sievmaster BOSC - Farleygreene Sieving Equipment and Technologies","description":"Der Sievmaster Balloon Oversize Conversion (BOSC) f\u00fcr die Slimline-Produktreihe ist als einfach zu integrierende L\u00f6sung konzipiert.","robots":{"index":"index","follow":"follow","max-snippet":"max-snippet:-1","max-image-preview":"max-image-preview:large","max-video-preview":"max-video-preview:-1"},"canonical":"https:\/\/www.farleygreene.com\/de\/sievmaster-bosc\/","og_locale":"de_DE","og_type":"article","og_title":"Sievmaster BOSC - Farleygreene Sieving Equipment and Technologies","og_description":"Der Sievmaster Balloon Oversize Conversion (BOSC) f\u00fcr die Slimline-Produktreihe ist als einfach zu integrierende L\u00f6sung konzipiert.","og_url":"https:\/\/www.farleygreene.com\/de\/sievmaster-bosc\/","og_site_name":"Farleygreene Sieving Equipment and Technologies","article_modified_time":"2026-01-15T08:34:10+00:00","twitter_card":"summary_large_image","twitter_misc":{"Gesch\u00e4tzte Lesezeit":"3\u00a0Minute"},"schema":{"@context":"https:\/\/schema.org","@graph":[{"@type":"WebPage","@id":"https:\/\/www.farleygreene.com\/de\/sievmaster-bosc\/","url":"https:\/\/www.farleygreene.com\/de\/sievmaster-bosc\/","name":"Sievmaster BOSC - Farleygreene Sieving Equipment and Technologies","isPartOf":{"@id":"https:\/\/www.farleygreene.com\/de\/#website"},"datePublished":"2025-04-08T15:00:20+00:00","dateModified":"2026-01-15T08:34:10+00:00","description":"Der Sievmaster Balloon Oversize Conversion (BOSC) f\u00fcr die Slimline-Produktreihe ist als einfach zu integrierende L\u00f6sung konzipiert.","breadcrumb":{"@id":"https:\/\/www.farleygreene.com\/de\/sievmaster-bosc\/#breadcrumb"},"inLanguage":"de","potentialAction":[{"@type":"ReadAction","target":["https:\/\/www.farleygreene.com\/de\/sievmaster-bosc\/"]}]},{"@type":"BreadcrumbList","@id":"https:\/\/www.farleygreene.com\/de\/sievmaster-bosc\/#breadcrumb","itemListElement":[{"@type":"ListItem","position":1,"name":"Startseite","item":"https:\/\/www.farleygreene.com\/de\/"},{"@type":"ListItem","position":2,"name":"Sievmaster BOSC"}]},{"@type":"WebSite","@id":"https:\/\/www.farleygreene.com\/de\/#website","url":"https:\/\/www.farleygreene.com\/de\/","name":"Farleygreene Sieving Equipment and Technologies","description":"Industrial sieves, screeners and separators","publisher":{"@id":"https:\/\/www.farleygreene.com\/de\/#organization"},"alternateName":"Farleygreene","potentialAction":[{"@type":"SearchAction","target":{"@type":"EntryPoint","urlTemplate":"https:\/\/www.farleygreene.com\/de\/?s={search_term_string}"},"query-input":{"@type":"PropertyValueSpecification","valueRequired":true,"valueName":"search_term_string"}}],"inLanguage":"de"},{"@type":"Organization","@id":"https:\/\/www.farleygreene.com\/de\/#organization","name":"Farleygreene","url":"https:\/\/www.farleygreene.com\/de\/","logo":{"@type":"ImageObject","inLanguage":"de","@id":"https:\/\/www.farleygreene.com\/de\/#\/schema\/logo\/image\/","url":"https:\/\/www.farleygreene.com\/wp-content\/uploads\/2021\/12\/logo.svg","contentUrl":"https:\/\/www.farleygreene.com\/wp-content\/uploads\/2021\/12\/logo.svg","width":348,"height":52,"caption":"Farleygreene"},"image":{"@id":"https:\/\/www.farleygreene.com\/de\/#\/schema\/logo\/image\/"},"sameAs":["https:\/\/www.linkedin.com\/company\/farleygreene-limited\/","https:\/\/www.youtube.com\/user\/farleygreene"]}]}},"_links":{"self":[{"href":"https:\/\/www.farleygreene.com\/de\/wp-json\/wp\/v2\/pages\/14099","targetHints":{"allow":["GET"]}}],"collection":[{"href":"https:\/\/www.farleygreene.com\/de\/wp-json\/wp\/v2\/pages"}],"about":[{"href":"https:\/\/www.farleygreene.com\/de\/wp-json\/wp\/v2\/types\/page"}],"author":[{"embeddable":true,"href":"https:\/\/www.farleygreene.com\/de\/wp-json\/wp\/v2\/users\/9"}],"replies":[{"embeddable":true,"href":"https:\/\/www.farleygreene.com\/de\/wp-json\/wp\/v2\/comments?post=14099"}],"version-history":[{"count":3,"href":"https:\/\/www.farleygreene.com\/de\/wp-json\/wp\/v2\/pages\/14099\/revisions"}],"predecessor-version":[{"id":16011,"href":"https:\/\/www.farleygreene.com\/de\/wp-json\/wp\/v2\/pages\/14099\/revisions\/16011"}],"wp:attachment":[{"href":"https:\/\/www.farleygreene.com\/de\/wp-json\/wp\/v2\/media?parent=14099"}],"curies":[{"name":"wp","href":"https:\/\/api.w.org\/{rel}","templated":true}]}}