{"id":15706,"date":"2022-01-05T14:40:04","date_gmt":"2022-01-05T14:40:04","guid":{"rendered":"https:\/\/www.farleygreene.com\/cookie-policy\/"},"modified":"2026-04-23T10:06:21","modified_gmt":"2026-04-23T09:06:21","slug":"cookie-policy","status":"publish","type":"page","link":"https:\/\/www.farleygreene.com\/de\/cookie-policy\/","title":{"rendered":"Cookie-Richtlinie"},"content":{"rendered":"\n<div style=\"height:100px\" aria-hidden=\"true\" class=\"wp-block-spacer\"><\/div>\n\n<h2 class=\"wp-block-heading\">Verwendung von Cookies auf Farleygreene<\/h2>\n\n<p>Diese Cookie-Richtlinie erkl\u00e4rt, wie Farleygreene Ltd. Cookies und \u00e4hnliche Technologien auf dieser Website verwendet.  <\/p>\n\n<p><strong>1. Was sind Cookies?<\/strong><\/p>\n\n<p>Cookies sind kleine Textdateien, die auf Ihrem Ger\u00e4t gespeichert werden, wenn Sie eine Website besuchen. Sie tragen dazu bei, dass Websites effektiv funktionieren und liefern den Betreibern der Website Informationen. <\/p>\n\n<p><strong>2. Arten von Cookies, die wir verwenden<\/strong><\/p>\n\n<p><strong>Streng Notwendige Cookies<\/strong><\/p>\n\n<p>Unerl\u00e4sslich f\u00fcr den Betrieb der Website und kann nicht ausgeschaltet werden.<\/p>\n\n<p><strong>Analyse-Cookies<\/strong><\/p>\n\n<p>Wir verwenden Google Analytics, um zu verstehen, wie Besucher mit unserer Website interagieren, was uns hilft, die Leistung und die Benutzerfreundlichkeit zu verbessern.<\/p>\n\n<p><strong>Marketing Cookies<\/strong><\/p>\n\n<p>Campaign Monitor kann Cookies platzieren, um das Engagement bei der E-Mail-Kommunikation zu verfolgen.<\/p>\n\n<p><strong>3. Zustimmung<\/strong><\/p>\n\n<p>Nicht-essentielle Cookies (Analyse und Marketing) werden nur platziert, nachdem Sie \u00fcber unser Cookie-Banner Ihre Zustimmung gegeben haben.<\/p>\n\n<p>Sie k\u00f6nnen Ihre Zustimmung jederzeit \u00fcber die Cookie-Einstellungen auf unserer Website widerrufen oder verwalten.<\/p>\n\n<p><strong>4. Cookies verwalten<\/strong><\/p>\n\n<p>Sie k\u00f6nnen Cookies \u00fcber Ihre Browsereinstellungen kontrollieren und l\u00f6schen. Die Deaktivierung von Cookies kann die Funktionalit\u00e4t der Website beeintr\u00e4chtigen. <\/p>\n\n<div style=\"height:100px\" aria-hidden=\"true\" class=\"wp-block-spacer\"><\/div>\n","protected":false},"excerpt":{"rendered":"<p>Verwendung von Cookies auf Farleygreene Diese Cookie-Richtlinie erkl\u00e4rt, wie Farleygreene Ltd. Cookies und \u00e4hnliche Technologien auf dieser Website verwendet. 1. Was sind Cookies? Cookies sind kleine Textdateien, die auf Ihrem Ger\u00e4t gespeichert werden, wenn Sie eine Website besuchen. Sie tragen dazu bei, dass Websites effektiv funktionieren und liefern den Betreibern der Website Informationen. 2. Arten [&hellip;]<\/p>\n","protected":false},"author":9,"featured_media":0,"parent":0,"menu_order":0,"comment_status":"closed","ping_status":"closed","template":"","meta":{"_acf_changed":false,"footnotes":""},"class_list":["post-15706","page","type-page","status-publish","hentry"],"acf":[],"yoast_head":"<!-- This site is optimized with the Yoast SEO plugin v27.4 - https:\/\/yoast.com\/product\/yoast-seo-wordpress\/ -->\n<title>Cookie-Richtlinie - Farleygreene Sieving Equipment and Technologies<\/title>\n<meta name=\"robots\" content=\"index, follow, max-snippet:-1, max-image-preview:large, max-video-preview:-1\" \/>\n<link rel=\"canonical\" href=\"https:\/\/www.farleygreene.com\/de\/cookie-policy\/\" \/>\n<meta property=\"og:locale\" content=\"de_DE\" \/>\n<meta property=\"og:type\" content=\"article\" \/>\n<meta property=\"og:title\" content=\"Cookie-Richtlinie - Farleygreene Sieving Equipment and Technologies\" \/>\n<meta property=\"og:description\" content=\"Verwendung von Cookies auf Farleygreene Diese Cookie-Richtlinie erkl\u00e4rt, wie Farleygreene Ltd. Cookies und \u00e4hnliche Technologien auf dieser Website verwendet. 1. Was sind Cookies? Cookies sind kleine Textdateien, die auf Ihrem Ger\u00e4t gespeichert werden, wenn Sie eine Website besuchen. Sie tragen dazu bei, dass Websites effektiv funktionieren und liefern den Betreibern der Website Informationen. 2. Arten [&hellip;]\" \/>\n<meta property=\"og:url\" content=\"https:\/\/www.farleygreene.com\/de\/cookie-policy\/\" \/>\n<meta property=\"og:site_name\" content=\"Farleygreene Sieving Equipment and Technologies\" \/>\n<meta property=\"article:modified_time\" content=\"2026-04-23T09:06:21+00:00\" \/>\n<meta name=\"twitter:card\" content=\"summary_large_image\" \/>\n<meta name=\"twitter:label1\" content=\"Gesch\u00e4tzte Lesezeit\" \/>\n\t<meta name=\"twitter:data1\" content=\"1\u00a0Minute\" \/>\n<script type=\"application\/ld+json\" class=\"yoast-schema-graph\">{\"@context\":\"https:\\\/\\\/schema.org\",\"@graph\":[{\"@type\":\"WebPage\",\"@id\":\"https:\\\/\\\/www.farleygreene.com\\\/de\\\/cookie-policy\\\/\",\"url\":\"https:\\\/\\\/www.farleygreene.com\\\/de\\\/cookie-policy\\\/\",\"name\":\"Cookie-Richtlinie - Farleygreene Sieving Equipment and Technologies\",\"isPartOf\":{\"@id\":\"https:\\\/\\\/www.farleygreene.com\\\/de\\\/#website\"},\"datePublished\":\"2022-01-05T14:40:04+00:00\",\"dateModified\":\"2026-04-23T09:06:21+00:00\",\"breadcrumb\":{\"@id\":\"https:\\\/\\\/www.farleygreene.com\\\/de\\\/cookie-policy\\\/#breadcrumb\"},\"inLanguage\":\"de\",\"potentialAction\":[{\"@type\":\"ReadAction\",\"target\":[\"https:\\\/\\\/www.farleygreene.com\\\/de\\\/cookie-policy\\\/\"]}]},{\"@type\":\"BreadcrumbList\",\"@id\":\"https:\\\/\\\/www.farleygreene.com\\\/de\\\/cookie-policy\\\/#breadcrumb\",\"itemListElement\":[{\"@type\":\"ListItem\",\"position\":1,\"name\":\"Startseite\",\"item\":\"https:\\\/\\\/www.farleygreene.com\\\/de\\\/\"},{\"@type\":\"ListItem\",\"position\":2,\"name\":\"Cookie-Richtlinie\"}]},{\"@type\":\"WebSite\",\"@id\":\"https:\\\/\\\/www.farleygreene.com\\\/de\\\/#website\",\"url\":\"https:\\\/\\\/www.farleygreene.com\\\/de\\\/\",\"name\":\"Farleygreene Sieving Equipment and Technologies\",\"description\":\"Industrial sieves, screeners and separators\",\"publisher\":{\"@id\":\"https:\\\/\\\/www.farleygreene.com\\\/de\\\/#organization\"},\"alternateName\":\"Farleygreene\",\"potentialAction\":[{\"@type\":\"SearchAction\",\"target\":{\"@type\":\"EntryPoint\",\"urlTemplate\":\"https:\\\/\\\/www.farleygreene.com\\\/de\\\/?s={search_term_string}\"},\"query-input\":{\"@type\":\"PropertyValueSpecification\",\"valueRequired\":true,\"valueName\":\"search_term_string\"}}],\"inLanguage\":\"de\"},{\"@type\":\"Organization\",\"@id\":\"https:\\\/\\\/www.farleygreene.com\\\/de\\\/#organization\",\"name\":\"Farleygreene\",\"url\":\"https:\\\/\\\/www.farleygreene.com\\\/de\\\/\",\"logo\":{\"@type\":\"ImageObject\",\"inLanguage\":\"de\",\"@id\":\"https:\\\/\\\/www.farleygreene.com\\\/de\\\/#\\\/schema\\\/logo\\\/image\\\/\",\"url\":\"https:\\\/\\\/www.farleygreene.com\\\/wp-content\\\/uploads\\\/2021\\\/12\\\/logo.svg\",\"contentUrl\":\"https:\\\/\\\/www.farleygreene.com\\\/wp-content\\\/uploads\\\/2021\\\/12\\\/logo.svg\",\"width\":348,\"height\":52,\"caption\":\"Farleygreene\"},\"image\":{\"@id\":\"https:\\\/\\\/www.farleygreene.com\\\/de\\\/#\\\/schema\\\/logo\\\/image\\\/\"},\"sameAs\":[\"https:\\\/\\\/www.linkedin.com\\\/company\\\/farleygreene-limited\\\/\",\"https:\\\/\\\/www.youtube.com\\\/user\\\/farleygreene\"]}]}<\/script>\n<!-- \/ Yoast SEO plugin. -->","yoast_head_json":{"title":"Cookie-Richtlinie - Farleygreene Sieving Equipment and Technologies","robots":{"index":"index","follow":"follow","max-snippet":"max-snippet:-1","max-image-preview":"max-image-preview:large","max-video-preview":"max-video-preview:-1"},"canonical":"https:\/\/www.farleygreene.com\/de\/cookie-policy\/","og_locale":"de_DE","og_type":"article","og_title":"Cookie-Richtlinie - Farleygreene Sieving Equipment and Technologies","og_description":"Verwendung von Cookies auf Farleygreene Diese Cookie-Richtlinie erkl\u00e4rt, wie Farleygreene Ltd. Cookies und \u00e4hnliche Technologien auf dieser Website verwendet. 1. Was sind Cookies? Cookies sind kleine Textdateien, die auf Ihrem Ger\u00e4t gespeichert werden, wenn Sie eine Website besuchen. Sie tragen dazu bei, dass Websites effektiv funktionieren und liefern den Betreibern der Website Informationen. 2. Arten [&hellip;]","og_url":"https:\/\/www.farleygreene.com\/de\/cookie-policy\/","og_site_name":"Farleygreene Sieving Equipment and Technologies","article_modified_time":"2026-04-23T09:06:21+00:00","twitter_card":"summary_large_image","twitter_misc":{"Gesch\u00e4tzte Lesezeit":"1\u00a0Minute"},"schema":{"@context":"https:\/\/schema.org","@graph":[{"@type":"WebPage","@id":"https:\/\/www.farleygreene.com\/de\/cookie-policy\/","url":"https:\/\/www.farleygreene.com\/de\/cookie-policy\/","name":"Cookie-Richtlinie - Farleygreene Sieving Equipment and Technologies","isPartOf":{"@id":"https:\/\/www.farleygreene.com\/de\/#website"},"datePublished":"2022-01-05T14:40:04+00:00","dateModified":"2026-04-23T09:06:21+00:00","breadcrumb":{"@id":"https:\/\/www.farleygreene.com\/de\/cookie-policy\/#breadcrumb"},"inLanguage":"de","potentialAction":[{"@type":"ReadAction","target":["https:\/\/www.farleygreene.com\/de\/cookie-policy\/"]}]},{"@type":"BreadcrumbList","@id":"https:\/\/www.farleygreene.com\/de\/cookie-policy\/#breadcrumb","itemListElement":[{"@type":"ListItem","position":1,"name":"Startseite","item":"https:\/\/www.farleygreene.com\/de\/"},{"@type":"ListItem","position":2,"name":"Cookie-Richtlinie"}]},{"@type":"WebSite","@id":"https:\/\/www.farleygreene.com\/de\/#website","url":"https:\/\/www.farleygreene.com\/de\/","name":"Farleygreene Sieving Equipment and Technologies","description":"Industrial sieves, screeners and separators","publisher":{"@id":"https:\/\/www.farleygreene.com\/de\/#organization"},"alternateName":"Farleygreene","potentialAction":[{"@type":"SearchAction","target":{"@type":"EntryPoint","urlTemplate":"https:\/\/www.farleygreene.com\/de\/?s={search_term_string}"},"query-input":{"@type":"PropertyValueSpecification","valueRequired":true,"valueName":"search_term_string"}}],"inLanguage":"de"},{"@type":"Organization","@id":"https:\/\/www.farleygreene.com\/de\/#organization","name":"Farleygreene","url":"https:\/\/www.farleygreene.com\/de\/","logo":{"@type":"ImageObject","inLanguage":"de","@id":"https:\/\/www.farleygreene.com\/de\/#\/schema\/logo\/image\/","url":"https:\/\/www.farleygreene.com\/wp-content\/uploads\/2021\/12\/logo.svg","contentUrl":"https:\/\/www.farleygreene.com\/wp-content\/uploads\/2021\/12\/logo.svg","width":348,"height":52,"caption":"Farleygreene"},"image":{"@id":"https:\/\/www.farleygreene.com\/de\/#\/schema\/logo\/image\/"},"sameAs":["https:\/\/www.linkedin.com\/company\/farleygreene-limited\/","https:\/\/www.youtube.com\/user\/farleygreene"]}]}},"_links":{"self":[{"href":"https:\/\/www.farleygreene.com\/de\/wp-json\/wp\/v2\/pages\/15706","targetHints":{"allow":["GET"]}}],"collection":[{"href":"https:\/\/www.farleygreene.com\/de\/wp-json\/wp\/v2\/pages"}],"about":[{"href":"https:\/\/www.farleygreene.com\/de\/wp-json\/wp\/v2\/types\/page"}],"author":[{"embeddable":true,"href":"https:\/\/www.farleygreene.com\/de\/wp-json\/wp\/v2\/users\/9"}],"replies":[{"embeddable":true,"href":"https:\/\/www.farleygreene.com\/de\/wp-json\/wp\/v2\/comments?post=15706"}],"version-history":[{"count":3,"href":"https:\/\/www.farleygreene.com\/de\/wp-json\/wp\/v2\/pages\/15706\/revisions"}],"predecessor-version":[{"id":16472,"href":"https:\/\/www.farleygreene.com\/de\/wp-json\/wp\/v2\/pages\/15706\/revisions\/16472"}],"wp:attachment":[{"href":"https:\/\/www.farleygreene.com\/de\/wp-json\/wp\/v2\/media?parent=15706"}],"curies":[{"name":"wp","href":"https:\/\/api.w.org\/{rel}","templated":true}]}}