{"id":15965,"date":"2026-01-15T08:33:50","date_gmt":"2026-01-15T08:33:50","guid":{"rendered":"https:\/\/www.farleygreene.com\/page-template\/"},"modified":"2026-01-15T08:33:52","modified_gmt":"2026-01-15T08:33:52","slug":"page-template","status":"publish","type":"page","link":"https:\/\/www.farleygreene.com\/de\/page-template\/","title":{"rendered":"Seite Vorlage"},"content":{"rendered":"\n\n<section data-aos=\"fade-in\" class=\"hero-page \">\n    <div class=\"container\">\n        <p id=\"breadcrumbs\"><span><span><a href=\"https:\/\/www.farleygreene.com\/de\/\">Startseite<\/a><\/span><\/span><\/p>        <div class=\"content-wrap \">\n                    <h1>Universal Page Template<\/h1>\n<p>Nulla velit sapien, tincidunt ac quam ut, cursus auctor quam. Nulla tincidunt lorem ut arcu scelerisque, vel gravida est efficitur. Duis ultricies felis nec turpis iaculis, in pulvinar risus rhoncus. Aenean sem elit, laoreet at mauris ac, tempus sagittis lacus. Sed a elit eget sapien dictum feugiat.    <\/p>\n        <\/div>\n            <\/div>\n    <div class=\"hero-page-img\">\n        <div class=\"img-wrap\">\n                        <div class=\"circle-wrap\">\n                <div class=\"img bg-cover\" style=\"background-image:url(https:\/\/www.farleygreene.com\/wp-content\/uploads\/2022\/01\/join.jpg);\"><\/div>\n                <div class=\"overlay\"><\/div>\n            <\/div>\n        <\/div>\n    <\/div>\n<\/section>\n\n\n<section class=\"page-text\">\n    <div data-aos=\"fade-up\" class=\"container\">\n        <div class=\"content-wrap\">\n            <p><span class=\"intro-text\">Mein Name ist Adri\u00e0 Pobo. Ich arbeite als Sales Manager bei Caperva, wo wir internationale Firmen, Hersteller von Investitionsg\u00fctern, in Spanien und Portugal vertreten. Sie alle sind f\u00fchrende Unternehmen in ihrem Anwendungsbereich, was es uns erm\u00f6glicht hat, von den Besten zu lernen und uns Tag f\u00fcr Tag weiterzuentwickeln und Experten zu werden.  <\/span><\/p>\n<p>Caperva begann im Sommer 2016 mit <a href=\"#\">Farleygreene<\/a> zu arbeiten. Ich erinnere mich noch genau daran, denn ich war erst ein paar Wochen zuvor in das Unternehmen eingetreten und mein Ziel war es von Anfang an, das Gesch\u00e4ft von Farleygreene zu entwickeln und die Marke in unseren Gebieten zu f\u00f6rdern. <\/p>\n<p>Sp\u00e4ter in diesem Jahr kam Daniel Morlan in das Unternehmen und wir passten perfekt zusammen, da wir uns bereits von einer fr\u00fcheren Arbeitserfahrung her kannten.<\/p>\n<blockquote>\n<h4>Ein Beispiel f\u00fcr ein Blockquote-Element in einem Blog-Artikel vestibulum rutrum quam vitae fringilla tincidunt. Suspendisse nec tortor urna. Ut laoreet sodales nisi, quis iaculis nulla iaculis vitae.  <\/h4>\n<p>Name, Titel oder Unternehmen des Autors<\/p><\/blockquote>\n<p>Caperva war einer der ersten Vertriebspartner von Farleygreene, und der beste Beweis daf\u00fcr, dass diese Partnerschaft hervorragend funktioniert, ist, dass wir heute mit Stolz auf das umfangreiche Vertriebsnetz blicken k\u00f6nnen, das rund um den Globus entstanden ist.<\/p>\n<p>Jedes Jahr verzeichnen wir ein deutliches Umsatzwachstum, was uns erlaubt, unsere Marktdurchdringung bei einigen Kunden zu erh\u00f6hen, nicht nur in der Lebensmittelindustrie, sondern auch in der Pharma- und Chemieindustrie.<\/p>\n<h2>Kopfzeile 2<\/h2>\n<h3>Kopfzeile 3<\/h3>\n<h4>Kopfzeile 4<\/h4>\n<p>Lead Intro Text &#8211; war einer der ersten Vertriebspartner von Farleygreene. Der beste Beweis daf\u00fcr, dass diese Partnerschaft hervorragend funktioniert, ist, dass wir heute mit Stolz auf das umfangreiche Vertriebsnetz blicken k\u00f6nnen, das rund um den Globus entstanden ist.<\/p>\n<p>Jedes Jahr verzeichnen wir ein deutliches Umsatzwachstum, was uns erlaubt, unsere Marktdurchdringung bei einigen Kunden zu erh\u00f6hen, nicht nur in der Lebensmittelindustrie, sondern auch in der Pharma- und Chemieindustrie.<\/p>\n<ul>\n<li>Pflegeleichtes Design, keine Ritzen<\/li>\n<li>FDA-konformes Material<\/li>\n<li>ATEX-zugelassen auf allen Gr\u00f6\u00dfen als Standard ein Beispiel f\u00fcr eine Beschreibung, die auf 2 Zeilen f\u00e4llt.<\/li>\n<li>Keine Werkzeug-Schnellwechsel-Bildschirme<\/li>\n<li>Ger\u00e4uschpegel von weniger als 70 dBA im Gebrauch<\/li>\n<li>Niedrige Wartungs-\/Betriebskosten<\/li>\n<li>Geh\u00e4use und Kontaktteile komplett aus Edelstahl<\/li>\n<\/ul>\n<p>Caperva war einer der ersten Vertriebspartner von Farleygreene, und der beste Beweis daf\u00fcr, dass diese Partnerschaft hervorragend funktioniert, ist, dass wir heute mit Stolz auf das umfangreiche Vertriebsnetz blicken k\u00f6nnen, das rund um den Globus entstanden ist.<\/p>\n<p>Jedes Jahr verzeichnen wir ein deutliches Umsatzwachstum, was uns erlaubt, unsere Marktdurchdringung bei einigen Kunden zu erh\u00f6hen, nicht nur in der Lebensmittelindustrie, sondern auch in der Pharma- und Chemieindustrie.<\/p>\n<ol>\n<li>Pflegeleichtes Design, keine Ritzen<\/li>\n<li>FDA-konformes Material<\/li>\n<li>ATEX-zugelassen auf allen Gr\u00f6\u00dfen als Standard ein Beispiel f\u00fcr eine Beschreibung, die auf 2 Zeilen f\u00e4llt.<\/li>\n<li>Keine Werkzeug-Schnellwechsel-Bildschirme<\/li>\n<li>Ger\u00e4uschpegel von weniger als 70 dBA im Gebrauch<\/li>\n<li>Niedrige Wartungs-\/Betriebskosten<\/li>\n<li>Geh\u00e4use und Kontaktteile komplett aus Edelstahl<\/li>\n<\/ol>\n        <\/div>\n    <\/div>\n<\/section>\n\n\n<section class=\"cta-inline\">\n    <div class=\"container\">\n        <div data-aos=\"fade-up\" class=\"cta-inline-block\">\n            <img decoding=\"async\" class=\"desktop\" src=\"https:\/\/www.farleygreene.com\/wp-content\/themes\/farleygreene\/assets\/img\/cta-inline-bg.svg\" alt=\"background shape\">\n            <img decoding=\"async\" class=\"mobile\" src=\"https:\/\/www.farleygreene.com\/wp-content\/themes\/farleygreene\/assets\/img\/cta-inline-bg-mobile.svg\" alt=\"background shape\">\n            <div class=\"text-wrap\">\n                <h3>Aufruf zum Handeln<\/h3>\n<p>Aenean sollicitudin, erat a elementum rutrum, neque sem pretium.<\/p>\n            <\/div>\n            <div class=\"btn-wrap\"><a href=\"#\" class=\"btn-arrow\">Button<\/a><\/div>        <\/div>\n    <\/div>\n<\/section>\n\n\n","protected":false},"excerpt":{"rendered":"","protected":false},"author":9,"featured_media":0,"parent":0,"menu_order":0,"comment_status":"closed","ping_status":"closed","template":"","meta":{"_acf_changed":false,"footnotes":""},"class_list":["post-15965","page","type-page","status-publish","hentry"],"acf":[],"yoast_head":"<!-- This site is optimized with the Yoast SEO plugin v27.4 - https:\/\/yoast.com\/product\/yoast-seo-wordpress\/ -->\n<title>Seite Vorlage - Farleygreene Sieving Equipment and Technologies<\/title>\n<meta name=\"robots\" content=\"index, follow, max-snippet:-1, max-image-preview:large, max-video-preview:-1\" \/>\n<link rel=\"canonical\" href=\"https:\/\/www.farleygreene.com\/de\/page-template\/\" \/>\n<meta property=\"og:locale\" content=\"de_DE\" \/>\n<meta property=\"og:type\" content=\"article\" \/>\n<meta property=\"og:title\" content=\"Seite Vorlage - Farleygreene Sieving Equipment and Technologies\" \/>\n<meta property=\"og:url\" content=\"https:\/\/www.farleygreene.com\/de\/page-template\/\" \/>\n<meta property=\"og:site_name\" content=\"Farleygreene Sieving Equipment and Technologies\" \/>\n<meta property=\"article:modified_time\" content=\"2026-01-15T08:33:52+00:00\" \/>\n<meta name=\"twitter:card\" content=\"summary_large_image\" \/>\n<script type=\"application\/ld+json\" class=\"yoast-schema-graph\">{\"@context\":\"https:\\\/\\\/schema.org\",\"@graph\":[{\"@type\":\"WebPage\",\"@id\":\"https:\\\/\\\/www.farleygreene.com\\\/de\\\/page-template\\\/\",\"url\":\"https:\\\/\\\/www.farleygreene.com\\\/de\\\/page-template\\\/\",\"name\":\"Seite Vorlage - Farleygreene Sieving Equipment and Technologies\",\"isPartOf\":{\"@id\":\"https:\\\/\\\/www.farleygreene.com\\\/de\\\/#website\"},\"datePublished\":\"2026-01-15T08:33:50+00:00\",\"dateModified\":\"2026-01-15T08:33:52+00:00\",\"breadcrumb\":{\"@id\":\"https:\\\/\\\/www.farleygreene.com\\\/de\\\/page-template\\\/#breadcrumb\"},\"inLanguage\":\"de\",\"potentialAction\":[{\"@type\":\"ReadAction\",\"target\":[\"https:\\\/\\\/www.farleygreene.com\\\/de\\\/page-template\\\/\"]}]},{\"@type\":\"BreadcrumbList\",\"@id\":\"https:\\\/\\\/www.farleygreene.com\\\/de\\\/page-template\\\/#breadcrumb\",\"itemListElement\":[{\"@type\":\"ListItem\",\"position\":1,\"name\":\"Startseite\",\"item\":\"https:\\\/\\\/www.farleygreene.com\\\/de\\\/\"},{\"@type\":\"ListItem\",\"position\":2,\"name\":\"Seite Vorlage\"}]},{\"@type\":\"WebSite\",\"@id\":\"https:\\\/\\\/www.farleygreene.com\\\/de\\\/#website\",\"url\":\"https:\\\/\\\/www.farleygreene.com\\\/de\\\/\",\"name\":\"Farleygreene Sieving Equipment and Technologies\",\"description\":\"Industrial sieves, screeners and separators\",\"publisher\":{\"@id\":\"https:\\\/\\\/www.farleygreene.com\\\/de\\\/#organization\"},\"alternateName\":\"Farleygreene\",\"potentialAction\":[{\"@type\":\"SearchAction\",\"target\":{\"@type\":\"EntryPoint\",\"urlTemplate\":\"https:\\\/\\\/www.farleygreene.com\\\/de\\\/?s={search_term_string}\"},\"query-input\":{\"@type\":\"PropertyValueSpecification\",\"valueRequired\":true,\"valueName\":\"search_term_string\"}}],\"inLanguage\":\"de\"},{\"@type\":\"Organization\",\"@id\":\"https:\\\/\\\/www.farleygreene.com\\\/de\\\/#organization\",\"name\":\"Farleygreene\",\"url\":\"https:\\\/\\\/www.farleygreene.com\\\/de\\\/\",\"logo\":{\"@type\":\"ImageObject\",\"inLanguage\":\"de\",\"@id\":\"https:\\\/\\\/www.farleygreene.com\\\/de\\\/#\\\/schema\\\/logo\\\/image\\\/\",\"url\":\"https:\\\/\\\/www.farleygreene.com\\\/wp-content\\\/uploads\\\/2021\\\/12\\\/logo.svg\",\"contentUrl\":\"https:\\\/\\\/www.farleygreene.com\\\/wp-content\\\/uploads\\\/2021\\\/12\\\/logo.svg\",\"width\":348,\"height\":52,\"caption\":\"Farleygreene\"},\"image\":{\"@id\":\"https:\\\/\\\/www.farleygreene.com\\\/de\\\/#\\\/schema\\\/logo\\\/image\\\/\"},\"sameAs\":[\"https:\\\/\\\/www.linkedin.com\\\/company\\\/farleygreene-limited\\\/\",\"https:\\\/\\\/www.youtube.com\\\/user\\\/farleygreene\"]}]}<\/script>\n<!-- \/ Yoast SEO plugin. -->","yoast_head_json":{"title":"Seite Vorlage - Farleygreene Sieving Equipment and Technologies","robots":{"index":"index","follow":"follow","max-snippet":"max-snippet:-1","max-image-preview":"max-image-preview:large","max-video-preview":"max-video-preview:-1"},"canonical":"https:\/\/www.farleygreene.com\/de\/page-template\/","og_locale":"de_DE","og_type":"article","og_title":"Seite Vorlage - Farleygreene Sieving Equipment and Technologies","og_url":"https:\/\/www.farleygreene.com\/de\/page-template\/","og_site_name":"Farleygreene Sieving Equipment and Technologies","article_modified_time":"2026-01-15T08:33:52+00:00","twitter_card":"summary_large_image","schema":{"@context":"https:\/\/schema.org","@graph":[{"@type":"WebPage","@id":"https:\/\/www.farleygreene.com\/de\/page-template\/","url":"https:\/\/www.farleygreene.com\/de\/page-template\/","name":"Seite Vorlage - Farleygreene Sieving Equipment and Technologies","isPartOf":{"@id":"https:\/\/www.farleygreene.com\/de\/#website"},"datePublished":"2026-01-15T08:33:50+00:00","dateModified":"2026-01-15T08:33:52+00:00","breadcrumb":{"@id":"https:\/\/www.farleygreene.com\/de\/page-template\/#breadcrumb"},"inLanguage":"de","potentialAction":[{"@type":"ReadAction","target":["https:\/\/www.farleygreene.com\/de\/page-template\/"]}]},{"@type":"BreadcrumbList","@id":"https:\/\/www.farleygreene.com\/de\/page-template\/#breadcrumb","itemListElement":[{"@type":"ListItem","position":1,"name":"Startseite","item":"https:\/\/www.farleygreene.com\/de\/"},{"@type":"ListItem","position":2,"name":"Seite Vorlage"}]},{"@type":"WebSite","@id":"https:\/\/www.farleygreene.com\/de\/#website","url":"https:\/\/www.farleygreene.com\/de\/","name":"Farleygreene Sieving Equipment and Technologies","description":"Industrial sieves, screeners and separators","publisher":{"@id":"https:\/\/www.farleygreene.com\/de\/#organization"},"alternateName":"Farleygreene","potentialAction":[{"@type":"SearchAction","target":{"@type":"EntryPoint","urlTemplate":"https:\/\/www.farleygreene.com\/de\/?s={search_term_string}"},"query-input":{"@type":"PropertyValueSpecification","valueRequired":true,"valueName":"search_term_string"}}],"inLanguage":"de"},{"@type":"Organization","@id":"https:\/\/www.farleygreene.com\/de\/#organization","name":"Farleygreene","url":"https:\/\/www.farleygreene.com\/de\/","logo":{"@type":"ImageObject","inLanguage":"de","@id":"https:\/\/www.farleygreene.com\/de\/#\/schema\/logo\/image\/","url":"https:\/\/www.farleygreene.com\/wp-content\/uploads\/2021\/12\/logo.svg","contentUrl":"https:\/\/www.farleygreene.com\/wp-content\/uploads\/2021\/12\/logo.svg","width":348,"height":52,"caption":"Farleygreene"},"image":{"@id":"https:\/\/www.farleygreene.com\/de\/#\/schema\/logo\/image\/"},"sameAs":["https:\/\/www.linkedin.com\/company\/farleygreene-limited\/","https:\/\/www.youtube.com\/user\/farleygreene"]}]}},"_links":{"self":[{"href":"https:\/\/www.farleygreene.com\/de\/wp-json\/wp\/v2\/pages\/15965","targetHints":{"allow":["GET"]}}],"collection":[{"href":"https:\/\/www.farleygreene.com\/de\/wp-json\/wp\/v2\/pages"}],"about":[{"href":"https:\/\/www.farleygreene.com\/de\/wp-json\/wp\/v2\/types\/page"}],"author":[{"embeddable":true,"href":"https:\/\/www.farleygreene.com\/de\/wp-json\/wp\/v2\/users\/9"}],"replies":[{"embeddable":true,"href":"https:\/\/www.farleygreene.com\/de\/wp-json\/wp\/v2\/comments?post=15965"}],"version-history":[{"count":1,"href":"https:\/\/www.farleygreene.com\/de\/wp-json\/wp\/v2\/pages\/15965\/revisions"}],"predecessor-version":[{"id":15966,"href":"https:\/\/www.farleygreene.com\/de\/wp-json\/wp\/v2\/pages\/15965\/revisions\/15966"}],"wp:attachment":[{"href":"https:\/\/www.farleygreene.com\/de\/wp-json\/wp\/v2\/media?parent=15965"}],"curies":[{"name":"wp","href":"https:\/\/api.w.org\/{rel}","templated":true}]}}