{"id":16049,"date":"2021-12-09T11:36:27","date_gmt":"2021-12-09T11:36:27","guid":{"rendered":"https:\/\/www.farleygreene.com\/privacy-policy\/"},"modified":"2026-01-15T08:34:30","modified_gmt":"2026-01-15T08:34:30","slug":"privacy-policy","status":"publish","type":"page","link":"https:\/\/www.farleygreene.com\/de\/privacy-policy\/","title":{"rendered":"Datenschutzbestimmungen"},"content":{"rendered":"\n<h2 class=\"wp-block-heading\"><strong>Wof\u00fcr ist diese Police gedacht?<\/strong><\/h2>\n\n<p>Diese Richtlinie gilt f\u00fcr die Beziehung zwischen Ihnen, dem Nutzer dieser Website, und Farleygreene Ltd, dem Eigent\u00fcmer und Anbieter dieser Website. Diese Richtlinie bezieht sich auf unsere Verwendung aller Daten, die wir im Zusammenhang mit Ihrer Nutzung der Website erfassen. Wie wir Nutzerdaten und -informationen verarbeiten, speichern und sch\u00fctzen, wird ebenfalls in dieser Richtlinie erl\u00e4utert. Diese Website erf\u00fcllt alle nationalen Gesetze und Anforderungen des Vereinigten K\u00f6nigreichs zum Schutz der Privatsph\u00e4re der Nutzer. Die Website verf\u00fcgt \u00fcber ein sicheres SSL-Zertifikat, was bedeutet, dass die in alle Formulare eingegebenen Daten verschl\u00fcsselt an den Server \u00fcbertragen werden.    <\/p>\n\n<h2 class=\"wp-block-heading\"><strong>Welche Informationen werden gesammelt?<\/strong><\/h2>\n\n<p>Ohne Einschr\u00e4nkung kann diese Website von Zeit zu Zeit die folgenden personenbezogenen Daten erheben. Dazu k\u00f6nnen Ihr Name, Ihre Adresse, Ihre Telefonnummer, Ihre IP-Adresse und Informationen dar\u00fcber geh\u00f6ren, welche Seiten wann aufgerufen wurden. <\/p>\n\n<h2 class=\"wp-block-heading\"><strong>Wer sammelt sie?<\/strong><\/h2>\n\n<p>Farleygreene Ltd, Unit 2, Hatch Industrial Park, Greywell Road, Mapledurwell, Hants, RG24 7NG, UK. Diese Richtlinie gilt nur f\u00fcr die Handlungen von Farleygreene und Nutzern in Bezug auf diese Website. Sie erstreckt sich nicht auf andere Websites, auf die von dieser Website aus zugegriffen werden kann.  <\/p>\n\n<h2 class=\"wp-block-heading\"><strong>Wie wird es gesammelt?<\/strong><\/h2>\n\n<p>Wir erhalten Informationen \u00fcber Sie, wenn Sie unsere Website nutzen, z. B. wenn Sie uns zu Produkten und Dienstleistungen kontaktieren oder wenn Sie sich registrieren und aktiv Ihre Zustimmung zum Erhalt von Marketingmitteilungen geben.<\/p>\n\n<h2 class=\"wp-block-heading\"><strong>Warum werden die Daten gesammelt?<\/strong><\/h2>\n\n<p>Ihre pers\u00f6nlichen Daten werden gesammelt, damit wir Sie nach dem Ausf\u00fcllen eines Kontakt- oder Anfrageformulars \u00fcber Produkte und Dienstleistungen informieren k\u00f6nnen, f\u00fcr Marketingkommunikation und zur Verbesserung der Benutzererfahrung beim Besuch der Website.<\/p>\n\n<h2 class=\"wp-block-heading\"><strong>Wie wird es verwendet?<\/strong><\/h2>\n\n<p><strong>Kontakt und Kommunikation:<\/strong> Alle pers\u00f6nlichen Daten werden sicher und in \u00dcbereinstimmung mit den Prinzipien des Data Protection Act 1998 gespeichert. In \u00dcbereinstimmung mit der General Data Protection Regulation (GDPR) 2018 gibt Farleygreene den Nutzern die M\u00f6glichkeit, ihre ausdr\u00fcckliche Zustimmung zu geben, sich zu abonnieren und die Verwendung ihrer Daten in der Marketingkommunikation von Farleygreene zu erlauben. Einige oder alle der oben genannten Daten k\u00f6nnen von uns ben\u00f6tigt werden, um Ihnen den bestm\u00f6glichen Service und die bestm\u00f6gliche Erfahrung bei der Nutzung unserer Website oder bei der Beantwortung von Fragen oder Anfragen, die Sie eingereicht haben, zu bieten. Von Zeit zu Zeit werden wir Ihre Daten auch f\u00fcr Marketingkommunikation und relevante E-Mail-Newsletter-Programme verwenden, die f\u00fcr Sie von Interesse sein k\u00f6nnten. Pers\u00f6nliche Daten, die Sie uns zur Verf\u00fcgung stellen, werden so lange sicher gespeichert, wie es f\u00fcr die Aufbewahrung erforderlich ist. Pers\u00f6nliche Daten, die nach der Zustimmung zu Marketingmitteilungen zur Verf\u00fcgung gestellt werden, werden sicher gespeichert, bis ein Antrag auf L\u00f6schung gestellt wird. Anfragen, die von au\u00dferhalb Gro\u00dfbritanniens gestellt werden, k\u00f6nnen zur Bearbeitung der Anfrage an den entsprechenden Vertriebsh\u00e4ndler weitergeleitet werden.      <\/p>\n\n<p><strong>E-Mail-Newsletter:<\/strong> Nutzer unserer Website k\u00f6nnen sich f\u00fcr den Erhalt unseres Unternehmens-Newsletters anmelden, der sie \u00fcber Produkte und Dienstleistungen von Farleygreene informiert. Diese pers\u00f6nlichen Daten werden von uns verwendet, um Ihnen die von Ihnen angeforderten Mitteilungen zuzusenden. Ab Mai 2018 werden Abonnements gem\u00e4\u00df den Bestimmungen der Datenschutzgrundverordnung (GDPR) nicht mehr automatisch ohne vorherige ausdr\u00fcckliche Zustimmung des Benutzers verarbeitet. Alle personenbezogenen Daten werden sicher und in \u00dcbereinstimmung mit den Grunds\u00e4tzen des Data Protection Act 1998 gespeichert. Gem\u00e4\u00df dem Data Protection Act 1998 und der GDPR 2018 k\u00f6nnen Sie gegen Zahlung einer geringen Geb\u00fchr, die 100 \u00a3 nicht \u00fcberschreiten wird, eine Kopie der personenbezogenen Daten anfordern, die das E-Mail-Newsletter-Programm dieser Website \u00fcber Sie gespeichert hat. Wenn Sie eine Kopie der \u00fcber Sie gespeicherten Daten w\u00fcnschen, schreiben Sie bitte an die Gesch\u00e4ftsadresse am Ende dieser Richtlinie. Farleygreene verwendet derzeit den Drittanbieter von E-Mail-Software MailChimp, um E-Mail-Kampagnen im Namen der Farleygreene-Website zu ver\u00f6ffentlichen und zu versenden. Diese E-Mails enthalten Tracking-Funktionen, mit denen die Aktivit\u00e4ten der Abonnenten nachverfolgt und zur Analyse gespeichert werden. Zu den verfolgten Aktivit\u00e4ten geh\u00f6ren das Datum und die Uhrzeit des \u00d6ffnens der E-Mail sowie das Anklicken der in der E-Mail enthaltenen Links [dies ist keine vollst\u00e4ndige Liste]. In \u00dcbereinstimmung mit den in Gro\u00dfbritannien geltenden Vorschriften zum Schutz der Privatsph\u00e4re und der elektronischen Kommunikation (EG-Richtlinie) verlangen die Anti-Spam-Gesetze eine Abmeldeoption in der Fu\u00dfzeile jeder E-Mail-Kampagne. Die Abonnenten haben jederzeit die M\u00f6glichkeit, das Abonnement zu k\u00fcndigen.         <\/p>\n\n<p><strong>Mit wem wird es geteilt?<\/strong><br\/>Farleygreene kann von Zeit zu Zeit die Dienste anderer Dritter in Anspruch nehmen, um Angelegenheiten zu regeln, die unter anderem die Zahlungsabwicklung, die Lieferung von gekauften Artikeln, Suchmaschineneinrichtungen, Werbung und Marketing umfassen k\u00f6nnen. Alle Daten, die von diesen Parteien verwendet werden, werden nur in dem Umfang genutzt, der f\u00fcr die Erbringung der von Farleygreene angeforderten Dienstleistungen erforderlich ist. Jede Verwendung f\u00fcr andere Zwecke ist strengstens untersagt. Dar\u00fcber hinaus werden alle Daten, die von Dritten verarbeitet werden, im Rahmen dieser Richtlinie und in \u00dcbereinstimmung mit dem Data Protection Act 1998 verarbeitet. Die Anbieter solcher Dienste haben keinen Zugang zu bestimmten personenbezogenen Daten, die von den Nutzern dieser Website zur Verf\u00fcgung gestellt werden. Sofern wir nicht gesetzlich dazu verpflichtet oder berechtigt sind, werden Ihre Daten nicht an Dritte weitergegeben, auch nicht an unsere Tochtergesellschaften und\/oder andere Unternehmen innerhalb unserer Gruppe.     <\/p>\n\n<p><strong>Links zu anderen Websites<\/strong><br\/>Diese Website kann von Zeit zu Zeit Links zu anderen Websites enthalten. Farleygreene hat keine Kontrolle \u00fcber diese Websites und ist in keiner Weise f\u00fcr deren Inhalt verantwortlich. Die vorliegende Richtlinie erstreckt sich nicht auf Ihre Nutzung solcher Websites. Wir empfehlen Ihnen, die Datenschutzrichtlinien oder -erkl\u00e4rungen anderer Websites zu lesen, bevor Sie diese nutzen.   <\/p>\n\n<p><strong>Soziale Medienplattformen:<\/strong> Diese Website enth\u00e4lt Links zu Konten in sozialen Medien, die Farleygreene geh\u00f6ren. Die Kommunikation, das Engagement und die Handlungen, die \u00fcber diese externen Social-Media-Plattformen erfolgen, an denen diese Website und ihre Eigent\u00fcmer beteiligt sind, unterliegen den Allgemeinen Gesch\u00e4ftsbedingungen und den Datenschutzrichtlinien der jeweiligen Social-Media-Plattform. Benutzern wird empfohlen, soziale Medienplattformen mit Bedacht zu nutzen und dort mit der gebotenen Sorgfalt und Vorsicht im Hinblick auf ihre eigene Privatsph\u00e4re und ihre pers\u00f6nlichen Daten zu kommunizieren\/engagieren. Weder diese Website noch ihre Eigent\u00fcmer werden jemals pers\u00f6nliche oder vertrauliche Informationen \u00fcber soziale Medienplattformen abfragen. Sie fordern die Benutzer auf, die vertrauliche Details besprechen m\u00f6chten, sie \u00fcber die prim\u00e4ren Kommunikationskan\u00e4le wie Telefon oder E-Mail zu kontaktieren. Diese Website kann Schaltfl\u00e4chen f\u00fcr die gemeinsame Nutzung sozialer Netzwerke verwenden, mit deren Hilfe Webinhalte direkt von den Webseiten auf die betreffende Plattform f\u00fcr soziale Netzwerke \u00fcbertragen werden k\u00f6nnen. Wir weisen Sie darauf hin, dass Sie dies nach eigenem Ermessen tun, bevor Sie solche Schaltfl\u00e4chen f\u00fcr die Weitergabe in sozialen Netzwerken verwenden, und dass die Plattform f\u00fcr soziale Netzwerke Ihre Anfrage zur Weitergabe einer Webseite \u00fcber Ihr Konto in sozialen Netzwerken verfolgen und speichern kann.     <\/p>\n\n<p><strong>Gek\u00fcrzte Links in sozialen Medien:<\/strong> Diese Website und ihre Eigent\u00fcmer k\u00f6nnen \u00fcber ihre Konten auf sozialen Medienplattformen Weblinks zu relevanten Webseiten teilen. Einige Plattformen f\u00fcr soziale Medien verk\u00fcrzen standardm\u00e4\u00dfig lange URLs [Webadressen] (dies ist ein Beispiel: https:\/\/bit.ly\/zyVUBo). Wir raten unseren Nutzern, vorsichtig zu sein und nach bestem Wissen und Gewissen zu handeln, bevor sie auf verk\u00fcrzte URLs klicken, die von dieser Website und ihren Eigent\u00fcmern auf sozialen Medienplattformen ver\u00f6ffentlicht werden. Trotz aller Bem\u00fchungen, nur echte URLs zu ver\u00f6ffentlichen, sind viele soziale Medienplattformen anf\u00e4llig f\u00fcr Spam und Hackerangriffe. Daher k\u00f6nnen diese Website und ihre Eigent\u00fcmer nicht f\u00fcr Sch\u00e4den oder Folgen haftbar gemacht werden, die durch den Besuch verk\u00fcrzter Links entstehen.  <\/p>\n\n<h2 class=\"wp-block-heading\"><strong>\u00c4nderungen in den Eigentumsverh\u00e4ltnissen und der Kontrolle des Unternehmens<\/strong><\/h2>\n\n<p>Farleygreene kann von Zeit zu Zeit sein Gesch\u00e4ft erweitern oder verkleinern. Dies kann den Verkauf und\/oder die \u00dcbertragung der Kontrolle \u00fcber Farleygreene oder Teile davon beinhalten. Die von den Nutzern zur Verf\u00fcgung gestellten Daten werden, sofern sie f\u00fcr einen Teil unseres Gesch\u00e4fts relevant sind, zusammen mit diesem Teil \u00fcbertragen, und der neue Eigent\u00fcmer oder die neu kontrollierende Partei ist gem\u00e4\u00df den Bedingungen dieser Richtlinie berechtigt, die Daten f\u00fcr die Zwecke zu verwenden, f\u00fcr die sie uns urspr\u00fcnglich zur Verf\u00fcgung gestellt wurden.<br\/>Falls die von den Nutzern zur Verf\u00fcgung gestellten Daten auf diese Weise \u00fcbertragen werden sollen, werden Sie im Voraus kontaktiert und \u00fcber die \u00c4nderungen informiert. Wenn Sie kontaktiert werden, haben Sie die Wahl, Ihre Daten zu l\u00f6schen oder sie dem neuen Eigent\u00fcmer oder Verantwortlichen vorzuenthalten.  <\/p>\n\n<h2 class=\"wp-block-heading\"><strong>Verwendung von Cookies<\/strong><\/h2>\n\n<p>Diese Website kann bestimmte First-Party-Cookies auf Ihrem Computer platzieren und darauf zugreifen. First-Party-Cookies sind Cookies, die direkt von Farleygreene \u00fcber diese Website gesetzt werden und nur von Farleygreene verwendet werden. Farleygreene verwendet Cookies, um Ihnen die Nutzung der Website zu erleichtern und um unser Angebot an Produkten und Dienstleistungen zu verbessern. Farleygreene hat diese Cookies sorgf\u00e4ltig ausgew\u00e4hlt und Ma\u00dfnahmen ergriffen, um sicherzustellen, dass Ihre Privatsph\u00e4re zu jeder Zeit gesch\u00fctzt und respektiert wird. Durch die Nutzung dieser Website k\u00f6nnen Sie bestimmte Cookies von Drittanbietern auf Ihrem Computer empfangen. Cookies von Drittanbietern sind Cookies, die von anderen Websites und\/oder Parteien als Farleygreene gesetzt werden. Cookies von Drittanbietern werden auf dieser Website f\u00fcr Newsletter und Werbeangebote verwendet und sind im Folgenden ausf\u00fchrlich beschrieben. Diese Cookies sind nicht Bestandteil der von der Website angebotenen Dienste.        Alle von dieser Website verwendeten Cookies werden in \u00dcbereinstimmung mit dem aktuellen britischen und EU-Cookie-Gesetz verwendet.<\/p>\n\n<p>Bestimmte Funktionen der Website sind auf Cookies angewiesen, um zu funktionieren. Das britische und das EU-Cookie-Gesetz halten diese Cookies f\u00fcr &#8222;unbedingt erforderlich&#8220;. Diese Cookies sind unten aufgef\u00fchrt. Sie werden nicht um Ihre Zustimmung gebeten, diese Cookies zu platzieren. Sie k\u00f6nnen diese Cookies dennoch blockieren, indem Sie die Einstellungen Ihres Internetbrowsers wie unten beschrieben \u00e4ndern. Diese Website verwendet die von Google bereitgestellten Analysedienste. Die Website-Analyse bezieht sich auf eine Reihe von Tools, die zur Sammlung und Analyse von Nutzungsstatistiken verwendet werden, damit wir besser verstehen k\u00f6nnen, wie die Benutzer die Website nutzen. Dies wiederum erm\u00f6glicht es uns, die Website und die \u00fcber sie angebotenen Produkte und Dienstleistungen zu verbessern. Sie m\u00fcssen uns nicht erlauben, diese Cookies zu verwenden (siehe unten). Die Verwendung dieser Cookies stellt jedoch kein Risiko f\u00fcr Ihre Privatsph\u00e4re oder Ihre sichere Nutzung der Website dar, sondern erm\u00f6glicht es uns, unser Gesch\u00e4ft kontinuierlich zu verbessern.        <\/p>\n\n<p>Die von dieser Website verwendeten Analysedienste verwenden Cookies, um die erforderlichen Informationen zu sammeln. Bestimmte Cookies werden m\u00f6glicherweise sofort gesetzt, wenn Sie sich entscheiden, die Website zu besuchen, und es ist m\u00f6glicherweise nicht m\u00f6glich, Ihre vorherige Zustimmung einzuholen. Sie k\u00f6nnen diese Cookies entfernen und ihre zuk\u00fcnftige Verwendung verhindern, indem Sie die unten aufgef\u00fchrten Schritte ausf\u00fchren. Sie k\u00f6nnen Cookies in Ihrem Internetbrowser aktivieren oder deaktivieren. Bei den meisten Internetbrowsern k\u00f6nnen Sie auch w\u00e4hlen, ob Sie alle Cookies oder nur die Cookies von Drittanbietern deaktivieren m\u00f6chten. Standardm\u00e4\u00dfig akzeptieren die meisten Internetbrowser Cookies, aber das kann ge\u00e4ndert werden. Weitere Einzelheiten finden Sie im Hilfemen\u00fc Ihres Internetbrowsers.      <\/p>\n\n<p>Sie k\u00f6nnen Cookies jederzeit l\u00f6schen, verlieren aber m\u00f6glicherweise Informationen, die es Ihnen erm\u00f6glichen, schneller und effizienter auf die Website zuzugreifen, einschlie\u00dflich, aber nicht beschr\u00e4nkt auf, Personalisierungseinstellungen. Wir empfehlen Ihnen, sich zu vergewissern, dass Ihr Internet-Browser auf dem neuesten Stand ist, und die Hilfe und Anleitung des Entwicklers Ihres Internet-Browsers zu konsultieren, wenn Sie sich bei der Anpassung Ihrer Datenschutzeinstellungen unsicher sind.<\/p>\n\n<h2 class=\"wp-block-heading\"><strong>\u00c4nderungen an dieser Politik<\/strong><\/h2>\n\n<p>Farleygreene beh\u00e4lt sich das Recht vor, diese Richtlinie zu \u00e4ndern, wenn wir dies von Zeit zu Zeit f\u00fcr notwendig erachten oder wenn dies gesetzlich vorgeschrieben ist. Alle \u00c4nderungen werden sofort auf der Website ver\u00f6ffentlicht und es wird davon ausgegangen, dass Sie die Bedingungen der Richtlinie bei Ihrer ersten Nutzung der Website nach den \u00c4nderungen akzeptieren. Farleygreene Ltd. Einheit 2, Hatch Industrial Park, Greywell Rd, Mapledurwell, Hampshire, RG24 7NG   <\/p>\n","protected":false},"excerpt":{"rendered":"<p>Wof\u00fcr ist diese Police gedacht? Diese Richtlinie gilt f\u00fcr die Beziehung zwischen Ihnen, dem Nutzer dieser Website, und Farleygreene Ltd, dem Eigent\u00fcmer und Anbieter dieser Website. Diese Richtlinie bezieht sich auf unsere Verwendung aller Daten, die wir im Zusammenhang mit Ihrer Nutzung der Website erfassen. Wie wir Nutzerdaten und -informationen verarbeiten, speichern und sch\u00fctzen, wird [&hellip;]<\/p>\n","protected":false},"author":3,"featured_media":0,"parent":0,"menu_order":0,"comment_status":"closed","ping_status":"closed","template":"","meta":{"_acf_changed":false,"footnotes":""},"class_list":["post-16049","page","type-page","status-publish","hentry"],"acf":[],"yoast_head":"<!-- This site is optimized with the Yoast SEO plugin v27.2 - https:\/\/yoast.com\/product\/yoast-seo-wordpress\/ -->\n<title>Datenschutzbestimmungen - Farleygreene Sieving Equipment and Technologies<\/title>\n<meta name=\"robots\" content=\"index, follow, max-snippet:-1, max-image-preview:large, max-video-preview:-1\" \/>\n<link rel=\"canonical\" href=\"https:\/\/www.farleygreene.com\/de\/privacy-policy\/\" \/>\n<meta property=\"og:locale\" content=\"de_DE\" \/>\n<meta property=\"og:type\" content=\"article\" \/>\n<meta property=\"og:title\" content=\"Datenschutzbestimmungen - Farleygreene Sieving Equipment and Technologies\" \/>\n<meta property=\"og:description\" content=\"Wof\u00fcr ist diese Police gedacht? Diese Richtlinie gilt f\u00fcr die Beziehung zwischen Ihnen, dem Nutzer dieser Website, und Farleygreene Ltd, dem Eigent\u00fcmer und Anbieter dieser Website. Diese Richtlinie bezieht sich auf unsere Verwendung aller Daten, die wir im Zusammenhang mit Ihrer Nutzung der Website erfassen. Wie wir Nutzerdaten und -informationen verarbeiten, speichern und sch\u00fctzen, wird [&hellip;]\" \/>\n<meta property=\"og:url\" content=\"https:\/\/www.farleygreene.com\/de\/privacy-policy\/\" \/>\n<meta property=\"og:site_name\" content=\"Farleygreene Sieving Equipment and Technologies\" \/>\n<meta property=\"article:modified_time\" content=\"2026-01-15T08:34:30+00:00\" \/>\n<meta name=\"twitter:card\" content=\"summary_large_image\" \/>\n<meta name=\"twitter:label1\" content=\"Gesch\u00e4tzte Lesezeit\" \/>\n\t<meta name=\"twitter:data1\" content=\"10\u00a0Minute\" \/>\n<script type=\"application\/ld+json\" class=\"yoast-schema-graph\">{\"@context\":\"https:\/\/schema.org\",\"@graph\":[{\"@type\":\"WebPage\",\"@id\":\"https:\/\/www.farleygreene.com\/de\/privacy-policy\/\",\"url\":\"https:\/\/www.farleygreene.com\/de\/privacy-policy\/\",\"name\":\"Datenschutzbestimmungen - Farleygreene Sieving Equipment and Technologies\",\"isPartOf\":{\"@id\":\"https:\/\/www.farleygreene.com\/de\/#website\"},\"datePublished\":\"2021-12-09T11:36:27+00:00\",\"dateModified\":\"2026-01-15T08:34:30+00:00\",\"breadcrumb\":{\"@id\":\"https:\/\/www.farleygreene.com\/de\/privacy-policy\/#breadcrumb\"},\"inLanguage\":\"de\",\"potentialAction\":[{\"@type\":\"ReadAction\",\"target\":[\"https:\/\/www.farleygreene.com\/de\/privacy-policy\/\"]}]},{\"@type\":\"BreadcrumbList\",\"@id\":\"https:\/\/www.farleygreene.com\/de\/privacy-policy\/#breadcrumb\",\"itemListElement\":[{\"@type\":\"ListItem\",\"position\":1,\"name\":\"Startseite\",\"item\":\"https:\/\/www.farleygreene.com\/de\/\"},{\"@type\":\"ListItem\",\"position\":2,\"name\":\"Datenschutzbestimmungen\"}]},{\"@type\":\"WebSite\",\"@id\":\"https:\/\/www.farleygreene.com\/de\/#website\",\"url\":\"https:\/\/www.farleygreene.com\/de\/\",\"name\":\"Farleygreene Sieving Equipment and Technologies\",\"description\":\"Industrial sieves, screeners and separators\",\"publisher\":{\"@id\":\"https:\/\/www.farleygreene.com\/de\/#organization\"},\"alternateName\":\"Farleygreene\",\"potentialAction\":[{\"@type\":\"SearchAction\",\"target\":{\"@type\":\"EntryPoint\",\"urlTemplate\":\"https:\/\/www.farleygreene.com\/de\/?s={search_term_string}\"},\"query-input\":{\"@type\":\"PropertyValueSpecification\",\"valueRequired\":true,\"valueName\":\"search_term_string\"}}],\"inLanguage\":\"de\"},{\"@type\":\"Organization\",\"@id\":\"https:\/\/www.farleygreene.com\/de\/#organization\",\"name\":\"Farleygreene\",\"url\":\"https:\/\/www.farleygreene.com\/de\/\",\"logo\":{\"@type\":\"ImageObject\",\"inLanguage\":\"de\",\"@id\":\"https:\/\/www.farleygreene.com\/de\/#\/schema\/logo\/image\/\",\"url\":\"https:\/\/www.farleygreene.com\/wp-content\/uploads\/2021\/12\/logo.svg\",\"contentUrl\":\"https:\/\/www.farleygreene.com\/wp-content\/uploads\/2021\/12\/logo.svg\",\"width\":348,\"height\":52,\"caption\":\"Farleygreene\"},\"image\":{\"@id\":\"https:\/\/www.farleygreene.com\/de\/#\/schema\/logo\/image\/\"},\"sameAs\":[\"https:\/\/www.linkedin.com\/company\/farleygreene-limited\/\",\"https:\/\/www.youtube.com\/user\/farleygreene\"]}]}<\/script>\n<!-- \/ Yoast SEO plugin. -->","yoast_head_json":{"title":"Datenschutzbestimmungen - Farleygreene Sieving Equipment and Technologies","robots":{"index":"index","follow":"follow","max-snippet":"max-snippet:-1","max-image-preview":"max-image-preview:large","max-video-preview":"max-video-preview:-1"},"canonical":"https:\/\/www.farleygreene.com\/de\/privacy-policy\/","og_locale":"de_DE","og_type":"article","og_title":"Datenschutzbestimmungen - Farleygreene Sieving Equipment and Technologies","og_description":"Wof\u00fcr ist diese Police gedacht? Diese Richtlinie gilt f\u00fcr die Beziehung zwischen Ihnen, dem Nutzer dieser Website, und Farleygreene Ltd, dem Eigent\u00fcmer und Anbieter dieser Website. Diese Richtlinie bezieht sich auf unsere Verwendung aller Daten, die wir im Zusammenhang mit Ihrer Nutzung der Website erfassen. Wie wir Nutzerdaten und -informationen verarbeiten, speichern und sch\u00fctzen, wird [&hellip;]","og_url":"https:\/\/www.farleygreene.com\/de\/privacy-policy\/","og_site_name":"Farleygreene Sieving Equipment and Technologies","article_modified_time":"2026-01-15T08:34:30+00:00","twitter_card":"summary_large_image","twitter_misc":{"Gesch\u00e4tzte Lesezeit":"10\u00a0Minute"},"schema":{"@context":"https:\/\/schema.org","@graph":[{"@type":"WebPage","@id":"https:\/\/www.farleygreene.com\/de\/privacy-policy\/","url":"https:\/\/www.farleygreene.com\/de\/privacy-policy\/","name":"Datenschutzbestimmungen - Farleygreene Sieving Equipment and Technologies","isPartOf":{"@id":"https:\/\/www.farleygreene.com\/de\/#website"},"datePublished":"2021-12-09T11:36:27+00:00","dateModified":"2026-01-15T08:34:30+00:00","breadcrumb":{"@id":"https:\/\/www.farleygreene.com\/de\/privacy-policy\/#breadcrumb"},"inLanguage":"de","potentialAction":[{"@type":"ReadAction","target":["https:\/\/www.farleygreene.com\/de\/privacy-policy\/"]}]},{"@type":"BreadcrumbList","@id":"https:\/\/www.farleygreene.com\/de\/privacy-policy\/#breadcrumb","itemListElement":[{"@type":"ListItem","position":1,"name":"Startseite","item":"https:\/\/www.farleygreene.com\/de\/"},{"@type":"ListItem","position":2,"name":"Datenschutzbestimmungen"}]},{"@type":"WebSite","@id":"https:\/\/www.farleygreene.com\/de\/#website","url":"https:\/\/www.farleygreene.com\/de\/","name":"Farleygreene Sieving Equipment and Technologies","description":"Industrial sieves, screeners and separators","publisher":{"@id":"https:\/\/www.farleygreene.com\/de\/#organization"},"alternateName":"Farleygreene","potentialAction":[{"@type":"SearchAction","target":{"@type":"EntryPoint","urlTemplate":"https:\/\/www.farleygreene.com\/de\/?s={search_term_string}"},"query-input":{"@type":"PropertyValueSpecification","valueRequired":true,"valueName":"search_term_string"}}],"inLanguage":"de"},{"@type":"Organization","@id":"https:\/\/www.farleygreene.com\/de\/#organization","name":"Farleygreene","url":"https:\/\/www.farleygreene.com\/de\/","logo":{"@type":"ImageObject","inLanguage":"de","@id":"https:\/\/www.farleygreene.com\/de\/#\/schema\/logo\/image\/","url":"https:\/\/www.farleygreene.com\/wp-content\/uploads\/2021\/12\/logo.svg","contentUrl":"https:\/\/www.farleygreene.com\/wp-content\/uploads\/2021\/12\/logo.svg","width":348,"height":52,"caption":"Farleygreene"},"image":{"@id":"https:\/\/www.farleygreene.com\/de\/#\/schema\/logo\/image\/"},"sameAs":["https:\/\/www.linkedin.com\/company\/farleygreene-limited\/","https:\/\/www.youtube.com\/user\/farleygreene"]}]}},"_links":{"self":[{"href":"https:\/\/www.farleygreene.com\/de\/wp-json\/wp\/v2\/pages\/16049","targetHints":{"allow":["GET"]}}],"collection":[{"href":"https:\/\/www.farleygreene.com\/de\/wp-json\/wp\/v2\/pages"}],"about":[{"href":"https:\/\/www.farleygreene.com\/de\/wp-json\/wp\/v2\/types\/page"}],"author":[{"embeddable":true,"href":"https:\/\/www.farleygreene.com\/de\/wp-json\/wp\/v2\/users\/3"}],"replies":[{"embeddable":true,"href":"https:\/\/www.farleygreene.com\/de\/wp-json\/wp\/v2\/comments?post=16049"}],"version-history":[{"count":1,"href":"https:\/\/www.farleygreene.com\/de\/wp-json\/wp\/v2\/pages\/16049\/revisions"}],"predecessor-version":[{"id":16050,"href":"https:\/\/www.farleygreene.com\/de\/wp-json\/wp\/v2\/pages\/16049\/revisions\/16050"}],"wp:attachment":[{"href":"https:\/\/www.farleygreene.com\/de\/wp-json\/wp\/v2\/media?parent=16049"}],"curies":[{"name":"wp","href":"https:\/\/api.w.org\/{rel}","templated":true}]}}