{"id":10024,"date":"2022-02-22T15:48:46","date_gmt":"2022-02-22T15:48:46","guid":{"rendered":"https:\/\/www.farleygreene.com\/?page_id=10024"},"modified":"2026-01-15T08:33:30","modified_gmt":"2026-01-15T08:33:30","slug":"meet-the-team","status":"publish","type":"page","link":"https:\/\/www.farleygreene.com\/es\/about\/meet-the-team\/","title":{"rendered":"Conoce al equipo"},"content":{"rendered":"\n\n<section data-aos=\"fade-in\" class=\"hero-page \">\n    <div class=\"container\">\n        <p id=\"breadcrumbs\"><span><span><a href=\"https:\/\/www.farleygreene.com\/es\/\">Home<\/a><\/span><\/span><\/p>        <div class=\"content-wrap \">\n                    <h1>Conoce al equipo<\/h1>\n<p>Formado por ingenieros, compradores, vendedores, administradores y t\u00e9cnicos, somos el equipo que hay detr\u00e1s de <strong>Farleygreene<\/strong>, un grupo amistoso que trabaja duro para hacer el trabajo.<\/p>\n        <\/div>\n            <\/div>\n    <div class=\"hero-page-img\">\n        <div class=\"img-wrap\">\n                        <div class=\"circle-wrap\">\n                <div class=\"img bg-cover\" style=\"background-image:url(https:\/\/www.farleygreene.com\/wp-content\/uploads\/2022\/01\/Meet-The-Team.jpg);\"><\/div>\n                <div class=\"overlay\"><\/div>\n            <\/div>\n        <\/div>\n    <\/div>\n<\/section>\n\n\n<section class=\"team\">\n    <div data-aos=\"fade-up\" class=\"container\">\n        <div class=\"flex-wrap\">\n                        <div class=\"col-4\">\n                <div class=\"team-item\">\n                    <div class=\"img-wrap\">\n                                                <img decoding=\"async\" src=\"https:\/\/www.farleygreene.com\/wp-content\/uploads\/2022\/01\/Antony-Hare.png\" alt=\"\">\n                                            <\/div>\n                    <div class=\"text-wrap\">\n                        <p class=\"title\">Antony Hare<\/p>\n                        <p>Director general<\/p>\n                    <\/div>\n                <\/div>\n            <\/div>\n                        <div class=\"col-4\">\n                <div class=\"team-item\">\n                    <div class=\"img-wrap\">\n                                                <img decoding=\"async\" src=\"https:\/\/www.farleygreene.com\/wp-content\/themes\/farleygreene\/assets\/img\/woman.png\" alt=\"female\">\n                                            <\/div>\n                    <div class=\"text-wrap\">\n                        <p class=\"title\">Amy Hare<\/p>\n                        <p>Secretaria de la empresa<\/p>\n                    <\/div>\n                <\/div>\n            <\/div>\n                        <div class=\"col-4\">\n                <div class=\"team-item\">\n                    <div class=\"img-wrap\">\n                                                <img decoding=\"async\" src=\"https:\/\/www.farleygreene.com\/wp-content\/uploads\/2022\/01\/Aaon-Hatcher.png\" alt=\"\">\n                                            <\/div>\n                    <div class=\"text-wrap\">\n                        <p class=\"title\">Aaron Hatcher<\/p>\n                        <p>Director de proyectos de ingenier\u00eda<\/p>\n                    <\/div>\n                <\/div>\n            <\/div>\n                        <div class=\"col-4\">\n                <div class=\"team-item\">\n                    <div class=\"img-wrap\">\n                                                <img decoding=\"async\" src=\"https:\/\/www.farleygreene.com\/wp-content\/uploads\/2022\/01\/Luke-Wilcox-Technical-Officer.png\" alt=\"\">\n                                            <\/div>\n                    <div class=\"text-wrap\">\n                        <p class=\"title\">Luke Wilcox<\/p>\n                        <p>Gerente de Manufactura<\/p>\n                    <\/div>\n                <\/div>\n            <\/div>\n                        <div class=\"col-4\">\n                <div class=\"team-item\">\n                    <div class=\"img-wrap\">\n                                                <img decoding=\"async\" src=\"https:\/\/www.farleygreene.com\/wp-content\/uploads\/2022\/01\/Rob-Burnley-1.png\" alt=\"\">\n                                            <\/div>\n                    <div class=\"text-wrap\">\n                        <p class=\"title\">Rob Burnley<\/p>\n                        <p>Gerente de Postventa<\/p>\n                    <\/div>\n                <\/div>\n            <\/div>\n                        <div class=\"col-4\">\n                <div class=\"team-item\">\n                    <div class=\"img-wrap\">\n                                                <img decoding=\"async\" src=\"https:\/\/www.farleygreene.com\/wp-content\/uploads\/2022\/01\/CS-480-x-640-2.png\" alt=\"\">\n                                            <\/div>\n                    <div class=\"text-wrap\">\n                        <p class=\"title\">Charlotte Brooks<\/p>\n                        <p>Directora de marketing<\/p>\n                    <\/div>\n                <\/div>\n            <\/div>\n                        <div class=\"col-4\">\n                <div class=\"team-item\">\n                    <div class=\"img-wrap\">\n                                                <img decoding=\"async\" src=\"https:\/\/www.farleygreene.com\/wp-content\/uploads\/2022\/01\/Gareth-Gallagher-Production-Engineer.png\" alt=\"\">\n                                            <\/div>\n                    <div class=\"text-wrap\">\n                        <p class=\"title\">Gareth Gallagher<\/p>\n                        <p>Gerente de control de produccion<\/p>\n                    <\/div>\n                <\/div>\n            <\/div>\n                        <div class=\"col-4\">\n                <div class=\"team-item\">\n                    <div class=\"img-wrap\">\n                                                <img decoding=\"async\" src=\"https:\/\/www.farleygreene.com\/wp-content\/uploads\/2022\/01\/Daniel-Morlan.png\" alt=\"\">\n                                            <\/div>\n                    <div class=\"text-wrap\">\n                        <p class=\"title\">Daniel Morlan<\/p>\n                        <p>Gerente de ventas globales<\/p>\n                    <\/div>\n                <\/div>\n            <\/div>\n                        <div class=\"col-4\">\n                <div class=\"team-item\">\n                    <div class=\"img-wrap\">\n                                                <img decoding=\"async\" src=\"https:\/\/www.farleygreene.com\/wp-content\/uploads\/2023\/12\/Nick_Ashton-2.png\" alt=\"\">\n                                            <\/div>\n                    <div class=\"text-wrap\">\n                        <p class=\"title\">Nick Ashton<\/p>\n                        <p>Gerente de Ventas de \u00c1rea <span data-teams=\"true\">(UE y Am\u00e9rica)<\/span><\/p>\n                    <\/div>\n                <\/div>\n            <\/div>\n                        <div class=\"col-4\">\n                <div class=\"team-item\">\n                    <div class=\"img-wrap\">\n                                                <img decoding=\"async\" src=\"https:\/\/www.farleygreene.com\/wp-content\/uploads\/2022\/01\/jacob.png\" alt=\"\">\n                                            <\/div>\n                    <div class=\"text-wrap\">\n                        <p class=\"title\">Jacob Black<\/p>\n                        <p>Ingeniero de dise\u00f1o mec\u00e1nico<\/p>\n                    <\/div>\n                <\/div>\n            <\/div>\n                        <div class=\"col-4\">\n                <div class=\"team-item\">\n                    <div class=\"img-wrap\">\n                                                <img decoding=\"async\" src=\"https:\/\/www.farleygreene.com\/wp-content\/uploads\/2022\/01\/Phil-Mcfarland-480-x-640.png\" alt=\"\">\n                                            <\/div>\n                    <div class=\"text-wrap\">\n                        <p class=\"title\">Phil McFarland<\/p>\n                        <p>Agente de compras senior<\/p>\n                    <\/div>\n                <\/div>\n            <\/div>\n                        <div class=\"col-4\">\n                <div class=\"team-item\">\n                    <div class=\"img-wrap\">\n                                                <img decoding=\"async\" src=\"https:\/\/www.farleygreene.com\/wp-content\/uploads\/2022\/01\/Rehan-Tariq.png\" alt=\"\">\n                                            <\/div>\n                    <div class=\"text-wrap\">\n                        <p class=\"title\">Rehan Tariq<\/p>\n                        <p>Gerente de Ventas de \u00c1rea <span data-teams=\"true\">(Reino Unido, Asia y Ocean\u00eda)<\/span><\/p>\n                    <\/div>\n                <\/div>\n            <\/div>\n                        <div class=\"col-4\">\n                <div class=\"team-item\">\n                    <div class=\"img-wrap\">\n                                                <img decoding=\"async\" src=\"https:\/\/www.farleygreene.com\/wp-content\/uploads\/2025\/08\/Ryan-MacKenzie-Transparent-edited-e1763394603672.png\" alt=\"\">\n                                            <\/div>\n                    <div class=\"text-wrap\">\n                        <p class=\"title\">Ryan MacKenzie<\/p>\n                        <p><span data-teams=\"true\">T\u00e9cnico en fabricaci\u00f3n de metales<\/span><\/p>\n                    <\/div>\n                <\/div>\n            <\/div>\n                        <div class=\"col-4\">\n                <div class=\"team-item\">\n                    <div class=\"img-wrap\">\n                                                <img decoding=\"async\" src=\"https:\/\/www.farleygreene.com\/wp-content\/uploads\/2025\/08\/Stue-e1763394419603.png\" alt=\"\">\n                                            <\/div>\n                    <div class=\"text-wrap\">\n                        <p class=\"title\">Stu Shurman<\/p>\n                        <p><span data-teams=\"true\">T\u00e9cnico de fabricaci\u00f3n de metales (l\u00edder de equipo)<\/span><\/p>\n                    <\/div>\n                <\/div>\n            <\/div>\n                        <div class=\"col-4\">\n                <div class=\"team-item\">\n                    <div class=\"img-wrap\">\n                                                <img decoding=\"async\" src=\"https:\/\/www.farleygreene.com\/wp-content\/uploads\/2024\/06\/Toby-round-image-4.png\" alt=\"\">\n                                            <\/div>\n                    <div class=\"text-wrap\">\n                        <p class=\"title\">Toby Black<\/p>\n                        <p><span data-teams=\"true\">Ingeniero<\/span> de dise\u00f1o mec\u00e1nico<\/p>\n                    <\/div>\n                <\/div>\n            <\/div>\n                        <div class=\"col-4\">\n                <div class=\"team-item\">\n                    <div class=\"img-wrap\">\n                                                <img decoding=\"async\" src=\"https:\/\/www.farleygreene.com\/wp-content\/uploads\/2023\/07\/Sulman-Mazhar-480-x-640-px-1.png\" alt=\"\">\n                                            <\/div>\n                    <div class=\"text-wrap\">\n                        <p class=\"title\">Sulman Mazhar<\/p>\n                        <p>Ingeniero de dise\u00f1o mec\u00e1nico<\/p>\n                    <\/div>\n                <\/div>\n            <\/div>\n                        <div class=\"col-4\">\n                <div class=\"team-item\">\n                    <div class=\"img-wrap\">\n                                                <img decoding=\"async\" src=\"https:\/\/www.farleygreene.com\/wp-content\/uploads\/2022\/01\/Lorraine-Powderly.png\" alt=\"\">\n                                            <\/div>\n                    <div class=\"text-wrap\">\n                        <p class=\"title\">Lorraine Powderly<\/p>\n                        <p>Administrativa de ventas<\/p>\n                    <\/div>\n                <\/div>\n            <\/div>\n                        <div class=\"col-4\">\n                <div class=\"team-item\">\n                    <div class=\"img-wrap\">\n                                                <img decoding=\"async\" src=\"https:\/\/www.farleygreene.com\/wp-content\/uploads\/2022\/01\/Paul-Cartwright.png\" alt=\"\">\n                                            <\/div>\n                    <div class=\"text-wrap\">\n                        <p class=\"title\">Paul Cartwright<\/p>\n                        <p>Ingeniero de producci\u00f3n senior<\/p>\n                    <\/div>\n                <\/div>\n            <\/div>\n                        <div class=\"col-4\">\n                <div class=\"team-item\">\n                    <div class=\"img-wrap\">\n                                                <img decoding=\"async\" src=\"https:\/\/www.farleygreene.com\/wp-content\/uploads\/2023\/02\/Vanessa-Barrett-Shipping-Co-Ordinator-2.png\" alt=\"\">\n                                            <\/div>\n                    <div class=\"text-wrap\">\n                        <p class=\"title\">Vanessa Barrett<\/p>\n                        <p>Coordinadora de envios<\/p>\n                    <\/div>\n                <\/div>\n            <\/div>\n                        <div class=\"col-4\">\n                <div class=\"team-item\">\n                    <div class=\"img-wrap\">\n                                                <img decoding=\"async\" src=\"https:\/\/www.farleygreene.com\/wp-content\/uploads\/2022\/01\/Richard-Beddard.png\" alt=\"\">\n                                            <\/div>\n                    <div class=\"text-wrap\">\n                        <p class=\"title\">Richard Beddard<\/p>\n                        <p>Operario de env\u00edos y almacenes<\/p>\n                    <\/div>\n                <\/div>\n            <\/div>\n                        <div class=\"col-4\">\n                <div class=\"team-item\">\n                    <div class=\"img-wrap\">\n                                                <img decoding=\"async\" src=\"https:\/\/www.farleygreene.com\/wp-content\/uploads\/2024\/06\/Gemma-round-1.png\" alt=\"\">\n                                            <\/div>\n                    <div class=\"text-wrap\">\n                        <p class=\"title\">Gemma Morris<\/p>\n                        <p>Ejecutiva postventa<\/p>\n                    <\/div>\n                <\/div>\n            <\/div>\n                        <div class=\"col-4\">\n                <div class=\"team-item\">\n                    <div class=\"img-wrap\">\n                                                <img decoding=\"async\" src=\"https:\/\/www.farleygreene.com\/wp-content\/uploads\/2022\/01\/Nicki-round.png\" alt=\"\">\n                                            <\/div>\n                    <div class=\"text-wrap\">\n                        <p class=\"title\">Nicki Mayhew<\/p>\n                        <p>Ejecutiva de Postventa<\/p>\n                    <\/div>\n                <\/div>\n            <\/div>\n                        <div class=\"col-4\">\n                <div class=\"team-item\">\n                    <div class=\"img-wrap\">\n                                                <img decoding=\"async\" src=\"https:\/\/www.farleygreene.com\/wp-content\/uploads\/2025\/08\/Ady-Halliday-e1763393770967.png\" alt=\"\">\n                                            <\/div>\n                    <div class=\"text-wrap\">\n                        <p class=\"title\">Ady Halliday<\/p>\n                        <p><span data-teams=\"true\">Soldador\/fabricante<\/span><\/p>\n                    <\/div>\n                <\/div>\n            <\/div>\n                        <div class=\"col-4\">\n                <div class=\"team-item\">\n                    <div class=\"img-wrap\">\n                                                <img decoding=\"async\" src=\"https:\/\/www.farleygreene.com\/wp-content\/uploads\/2022\/04\/DS-Website.png\" alt=\"\">\n                                            <\/div>\n                    <div class=\"text-wrap\">\n                        <p class=\"title\">Dan Smith<\/p>\n                        <p><span data-teams=\"true\">T\u00e9cnico de producci\u00f3n y prueba<\/span><\/p>\n                    <\/div>\n                <\/div>\n            <\/div>\n                        <div class=\"col-4\">\n                <div class=\"team-item\">\n                    <div class=\"img-wrap\">\n                                                <img decoding=\"async\" src=\"https:\/\/www.farleygreene.com\/wp-content\/uploads\/2022\/01\/Laura-Baulch-Marketing-Operations-Support.png\" alt=\"\">\n                                            <\/div>\n                    <div class=\"text-wrap\">\n                        <p class=\"title\">Laura Baulch<\/p>\n                        <p>Administrativa<\/p>\n                    <\/div>\n                <\/div>\n            <\/div>\n                        <div class=\"col-4\">\n                <div class=\"team-item\">\n                    <div class=\"img-wrap\">\n                                                <img decoding=\"async\" src=\"https:\/\/www.farleygreene.com\/wp-content\/themes\/farleygreene\/assets\/img\/man.png\" alt=\"man\">\n                                            <\/div>\n                    <div class=\"text-wrap\">\n                        <p class=\"title\">Noman Mazhar<\/p>\n                        <p>Inspector de entrada de mercanc\u00edas<\/p>\n                    <\/div>\n                <\/div>\n            <\/div>\n                        <div class=\"col-4\">\n                <div class=\"team-item\">\n                    <div class=\"img-wrap\">\n                                                <img decoding=\"async\" src=\"https:\/\/www.farleygreene.com\/wp-content\/uploads\/2025\/07\/Imogen-Jackson-circle-8.png\" alt=\"\">\n                                            <\/div>\n                    <div class=\"text-wrap\">\n                        <p class=\"title\">Imogen Jackson<\/p>\n                        <p>Asistente de Mercadeo<\/p>\n                    <\/div>\n                <\/div>\n            <\/div>\n                    <\/div>\n    <\/div>\n<\/section>\n\n\n\n<section data-aos=\"fade-in\" class=\"join\" id=\"join\">\n    <div class=\"bg-img\">\n        <div class=\"img-wrap\">\n            <div class=\"img bg-cover\" style=\"background-image:url(https:\/\/www.farleygreene.com\/wp-content\/uploads\/2022\/01\/join.jpg);\"><\/div>\n        <\/div>\n    <\/div>\n    <div class=\"container\">\n        <div data-aos=\"fade-up\" class=\"join__content\">\n            <div class=\"content-wrap\">\n                <h2>\u00danete a Farleygreene<\/h2>\n<p>En Farleygreene somos una empresa familiar que espera que el equipo cumpla y se desarrolle d\u00eda a d\u00eda, igual que nuestros clientes.<\/p>\n<p>Actualmente no estamos contratando personal, pero ponte en contacto con nosotros si crees que tienes algo que ofrecer.<\/p>\n            <\/div>\n        <\/div>\n    <\/div>\n<\/section>\n","protected":false},"excerpt":{"rendered":"","protected":false},"author":9,"featured_media":0,"parent":10018,"menu_order":0,"comment_status":"closed","ping_status":"closed","template":"","meta":{"_acf_changed":false,"footnotes":""},"class_list":["post-10024","page","type-page","status-publish","hentry"],"acf":[],"yoast_head":"<!-- This site is optimized with the Yoast SEO plugin v27.4 - https:\/\/yoast.com\/product\/yoast-seo-wordpress\/ -->\n<title>Conoce al equipo - Farleygreene Sieving Equipment and Technologies<\/title>\n<meta name=\"robots\" content=\"index, follow, max-snippet:-1, max-image-preview:large, max-video-preview:-1\" \/>\n<link rel=\"canonical\" href=\"https:\/\/www.farleygreene.com\/es\/about\/meet-the-team\/\" \/>\n<meta property=\"og:locale\" content=\"es_ES\" \/>\n<meta property=\"og:type\" content=\"article\" \/>\n<meta property=\"og:title\" content=\"Conoce al equipo - Farleygreene Sieving Equipment and Technologies\" \/>\n<meta property=\"og:url\" content=\"https:\/\/www.farleygreene.com\/es\/about\/meet-the-team\/\" \/>\n<meta property=\"og:site_name\" content=\"Farleygreene Sieving Equipment and Technologies\" \/>\n<meta property=\"article:modified_time\" content=\"2026-01-15T08:33:30+00:00\" \/>\n<meta name=\"twitter:card\" content=\"summary_large_image\" \/>\n<script type=\"application\/ld+json\" class=\"yoast-schema-graph\">{\"@context\":\"https:\\\/\\\/schema.org\",\"@graph\":[{\"@type\":\"WebPage\",\"@id\":\"https:\\\/\\\/www.farleygreene.com\\\/es\\\/about\\\/meet-the-team\\\/\",\"url\":\"https:\\\/\\\/www.farleygreene.com\\\/es\\\/about\\\/meet-the-team\\\/\",\"name\":\"Conoce al equipo - Farleygreene Sieving Equipment and Technologies\",\"isPartOf\":{\"@id\":\"https:\\\/\\\/www.farleygreene.com\\\/es\\\/#website\"},\"datePublished\":\"2022-02-22T15:48:46+00:00\",\"dateModified\":\"2026-01-15T08:33:30+00:00\",\"breadcrumb\":{\"@id\":\"https:\\\/\\\/www.farleygreene.com\\\/es\\\/about\\\/meet-the-team\\\/#breadcrumb\"},\"inLanguage\":\"es\",\"potentialAction\":[{\"@type\":\"ReadAction\",\"target\":[\"https:\\\/\\\/www.farleygreene.com\\\/es\\\/about\\\/meet-the-team\\\/\"]}]},{\"@type\":\"BreadcrumbList\",\"@id\":\"https:\\\/\\\/www.farleygreene.com\\\/es\\\/about\\\/meet-the-team\\\/#breadcrumb\",\"itemListElement\":[{\"@type\":\"ListItem\",\"position\":1,\"name\":\"Home\",\"item\":\"https:\\\/\\\/www.farleygreene.com\\\/es\\\/\"},{\"@type\":\"ListItem\",\"position\":2,\"name\":\"Sobre Farleygreene\",\"item\":\"https:\\\/\\\/www.farleygreene.com\\\/es\\\/about\\\/\"},{\"@type\":\"ListItem\",\"position\":3,\"name\":\"Conoce al equipo\"}]},{\"@type\":\"WebSite\",\"@id\":\"https:\\\/\\\/www.farleygreene.com\\\/es\\\/#website\",\"url\":\"https:\\\/\\\/www.farleygreene.com\\\/es\\\/\",\"name\":\"Farleygreene Sieving Equipment and Technologies\",\"description\":\"Industrial sieves, screeners and separators\",\"publisher\":{\"@id\":\"https:\\\/\\\/www.farleygreene.com\\\/es\\\/#organization\"},\"alternateName\":\"Farleygreene\",\"potentialAction\":[{\"@type\":\"SearchAction\",\"target\":{\"@type\":\"EntryPoint\",\"urlTemplate\":\"https:\\\/\\\/www.farleygreene.com\\\/es\\\/?s={search_term_string}\"},\"query-input\":{\"@type\":\"PropertyValueSpecification\",\"valueRequired\":true,\"valueName\":\"search_term_string\"}}],\"inLanguage\":\"es\"},{\"@type\":\"Organization\",\"@id\":\"https:\\\/\\\/www.farleygreene.com\\\/es\\\/#organization\",\"name\":\"Farleygreene\",\"url\":\"https:\\\/\\\/www.farleygreene.com\\\/es\\\/\",\"logo\":{\"@type\":\"ImageObject\",\"inLanguage\":\"es\",\"@id\":\"https:\\\/\\\/www.farleygreene.com\\\/es\\\/#\\\/schema\\\/logo\\\/image\\\/\",\"url\":\"https:\\\/\\\/www.farleygreene.com\\\/wp-content\\\/uploads\\\/2021\\\/12\\\/logo.svg\",\"contentUrl\":\"https:\\\/\\\/www.farleygreene.com\\\/wp-content\\\/uploads\\\/2021\\\/12\\\/logo.svg\",\"width\":348,\"height\":52,\"caption\":\"Farleygreene\"},\"image\":{\"@id\":\"https:\\\/\\\/www.farleygreene.com\\\/es\\\/#\\\/schema\\\/logo\\\/image\\\/\"},\"sameAs\":[\"https:\\\/\\\/www.linkedin.com\\\/company\\\/farleygreene-limited\\\/\",\"https:\\\/\\\/www.youtube.com\\\/user\\\/farleygreene\"]}]}<\/script>\n<!-- \/ Yoast SEO plugin. -->","yoast_head_json":{"title":"Conoce al equipo - Farleygreene Sieving Equipment and Technologies","robots":{"index":"index","follow":"follow","max-snippet":"max-snippet:-1","max-image-preview":"max-image-preview:large","max-video-preview":"max-video-preview:-1"},"canonical":"https:\/\/www.farleygreene.com\/es\/about\/meet-the-team\/","og_locale":"es_ES","og_type":"article","og_title":"Conoce al equipo - Farleygreene Sieving Equipment and Technologies","og_url":"https:\/\/www.farleygreene.com\/es\/about\/meet-the-team\/","og_site_name":"Farleygreene Sieving Equipment and Technologies","article_modified_time":"2026-01-15T08:33:30+00:00","twitter_card":"summary_large_image","schema":{"@context":"https:\/\/schema.org","@graph":[{"@type":"WebPage","@id":"https:\/\/www.farleygreene.com\/es\/about\/meet-the-team\/","url":"https:\/\/www.farleygreene.com\/es\/about\/meet-the-team\/","name":"Conoce al equipo - Farleygreene Sieving Equipment and Technologies","isPartOf":{"@id":"https:\/\/www.farleygreene.com\/es\/#website"},"datePublished":"2022-02-22T15:48:46+00:00","dateModified":"2026-01-15T08:33:30+00:00","breadcrumb":{"@id":"https:\/\/www.farleygreene.com\/es\/about\/meet-the-team\/#breadcrumb"},"inLanguage":"es","potentialAction":[{"@type":"ReadAction","target":["https:\/\/www.farleygreene.com\/es\/about\/meet-the-team\/"]}]},{"@type":"BreadcrumbList","@id":"https:\/\/www.farleygreene.com\/es\/about\/meet-the-team\/#breadcrumb","itemListElement":[{"@type":"ListItem","position":1,"name":"Home","item":"https:\/\/www.farleygreene.com\/es\/"},{"@type":"ListItem","position":2,"name":"Sobre Farleygreene","item":"https:\/\/www.farleygreene.com\/es\/about\/"},{"@type":"ListItem","position":3,"name":"Conoce al equipo"}]},{"@type":"WebSite","@id":"https:\/\/www.farleygreene.com\/es\/#website","url":"https:\/\/www.farleygreene.com\/es\/","name":"Farleygreene Sieving Equipment and Technologies","description":"Industrial sieves, screeners and separators","publisher":{"@id":"https:\/\/www.farleygreene.com\/es\/#organization"},"alternateName":"Farleygreene","potentialAction":[{"@type":"SearchAction","target":{"@type":"EntryPoint","urlTemplate":"https:\/\/www.farleygreene.com\/es\/?s={search_term_string}"},"query-input":{"@type":"PropertyValueSpecification","valueRequired":true,"valueName":"search_term_string"}}],"inLanguage":"es"},{"@type":"Organization","@id":"https:\/\/www.farleygreene.com\/es\/#organization","name":"Farleygreene","url":"https:\/\/www.farleygreene.com\/es\/","logo":{"@type":"ImageObject","inLanguage":"es","@id":"https:\/\/www.farleygreene.com\/es\/#\/schema\/logo\/image\/","url":"https:\/\/www.farleygreene.com\/wp-content\/uploads\/2021\/12\/logo.svg","contentUrl":"https:\/\/www.farleygreene.com\/wp-content\/uploads\/2021\/12\/logo.svg","width":348,"height":52,"caption":"Farleygreene"},"image":{"@id":"https:\/\/www.farleygreene.com\/es\/#\/schema\/logo\/image\/"},"sameAs":["https:\/\/www.linkedin.com\/company\/farleygreene-limited\/","https:\/\/www.youtube.com\/user\/farleygreene"]}]}},"_links":{"self":[{"href":"https:\/\/www.farleygreene.com\/es\/wp-json\/wp\/v2\/pages\/10024","targetHints":{"allow":["GET"]}}],"collection":[{"href":"https:\/\/www.farleygreene.com\/es\/wp-json\/wp\/v2\/pages"}],"about":[{"href":"https:\/\/www.farleygreene.com\/es\/wp-json\/wp\/v2\/types\/page"}],"author":[{"embeddable":true,"href":"https:\/\/www.farleygreene.com\/es\/wp-json\/wp\/v2\/users\/9"}],"replies":[{"embeddable":true,"href":"https:\/\/www.farleygreene.com\/es\/wp-json\/wp\/v2\/comments?post=10024"}],"version-history":[{"count":5,"href":"https:\/\/www.farleygreene.com\/es\/wp-json\/wp\/v2\/pages\/10024\/revisions"}],"predecessor-version":[{"id":15934,"href":"https:\/\/www.farleygreene.com\/es\/wp-json\/wp\/v2\/pages\/10024\/revisions\/15934"}],"up":[{"embeddable":true,"href":"https:\/\/www.farleygreene.com\/es\/wp-json\/wp\/v2\/pages\/10018"}],"wp:attachment":[{"href":"https:\/\/www.farleygreene.com\/es\/wp-json\/wp\/v2\/media?parent=10024"}],"curies":[{"name":"wp","href":"https:\/\/api.w.org\/{rel}","templated":true}]}}