{"id":10044,"date":"2022-02-22T15:55:26","date_gmt":"2022-02-22T15:55:26","guid":{"rendered":"https:\/\/www.farleygreene.com\/?page_id=10044"},"modified":"2026-01-15T08:33:30","modified_gmt":"2026-01-15T08:33:30","slug":"spares-accessories","status":"publish","type":"page","link":"https:\/\/www.farleygreene.com\/es\/spares-accessories\/","title":{"rendered":"Recambios y accesorios"},"content":{"rendered":"\n\n<section data-aos=\"fade-in\" class=\"hero-page has-product-img\">\n    <div class=\"container\">\n        <p id=\"breadcrumbs\"><span><span><a href=\"https:\/\/www.farleygreene.com\/es\/\">Home<\/a><\/span><\/span><\/p>        <div class=\"content-wrap \">\n        <div class=\"product-img mobile\"><img decoding=\"async\" src=\"https:\/\/www.farleygreene.com\/wp-content\/uploads\/2022\/01\/spares-hero.png\" alt=\"\"><\/div>            <h1>Recambios y accesorios<\/h1>\n<p>Estamos aqu\u00ed para ayudarte durante la vida \u00fatil de tu tamizadora, ofreci\u00e9ndote una amplia gama de piezas de recambio, no s\u00f3lo para nuestra propia maquinaria, sino tambi\u00e9n para otros fabricantes de tamizadoras.<\/p>\n        <\/div>\n            <\/div>\n    <div class=\"hero-page-img\">\n        <div class=\"img-wrap\">\n            <div class=\"product-img\"><img decoding=\"async\" src=\"https:\/\/www.farleygreene.com\/wp-content\/uploads\/2022\/01\/spares-hero.png\" alt=\"\"><\/div>            <div class=\"circle-wrap\">\n                <div class=\"img bg-cover\" style=\"background-image:url(https:\/\/www.farleygreene.com\/wp-content\/uploads\/2022\/01\/Spares.jpg);\"><\/div>\n                <div class=\"overlay\"><\/div>\n            <\/div>\n        <\/div>\n    <\/div>\n<\/section>\n\n\n<section class=\"text-block\">\n    <div data-aos=\"fade-up\" class=\"container\">\n        <div class=\"content-wrap\">\n            <p style=\"text-align: center;\"><span class=\"intro-text\">Una vez instalada la m\u00e1quina, te proporcionamos una lista de recambios totalmente detallada y adaptada a ella, lo que te permite identificar f\u00e1cilmente las piezas cuando las necesites.<\/span><\/p>\n<p style=\"text-align: center;\">Ofrecemos mallado de bastidores y anillos nuevos y existentes, rollos y paneles de malla (incluida malla tejida, perforada, de alambre en cu\u00f1a y sint\u00e9tica), motovibradores de repuesto, imanes, juntas de goma, kits de puesta a tierra, abrazaderas de palanca, soportes de suspensi\u00f3n, muelles y mucho m\u00e1s.<\/p>\n        <\/div>\n    <\/div>\n<\/section>\n\n\n<section class=\"service\">\n    <div data-aos=\"fade-up\" class=\"container\">\n        <div class=\"flex-wrap\">\n            <div class=\"col-2 col-content\">\n                <div class=\"service__content\">\n                    <div class=\"content-wrap\">\n                        <h2>Nuestro servicio de <em>remallado<\/em> <\/h2>\n<p>Remezclamos los bastidores existentes o suministramos nuevas mallas de acero inoxidable <strong>304\/316\/318LN<\/strong> o <strong>430SS<\/strong> para detecci\u00f3n magn\u00e9tica.<\/p>\n                    <\/div>\n                                        <div class=\"service__img mobile\">\n                        <div class=\"img bg-cover\" style=\"background-image:url(https:\/\/www.farleygreene.com\/wp-content\/uploads\/2022\/01\/service-img.png);\"><\/div>\n                    <\/div>\n                                        <div class=\"content-wrap\">\n                        <p>Suministramos anillos de malla en una amplia gama de normas, como la CE 1935\/2004 y la FDA, incluso si el proveedor original no era Farleygreene.<\/p>\n<p>S\u00f3lo tienes que rellenar nuestro <a href=\"https:\/\/www.farleygreene.com\/remesh-request\/\">Formulario de solicitud de malla<\/a> y nos pondremos en contacto contigo para organizar el pedido.<\/p>\n<p>Para m\u00e1s informaci\u00f3n sobre los tipos de malla que suministramos, lee nuestra <a href=\"https:\/\/www.farleygreene.com\/wp-content\/uploads\/2025\/07\/Sievmaster-Mesh-Guide-06-25.pdf\">Gu\u00eda de mallas.<\/a><\/p>\n                    <\/div>\n                <\/div>\n            <\/div>\n            <div class=\"col-2 col-img\">\n                                <div class=\"service__img\">\n                    <div class=\"img bg-cover\" style=\"background-image:url(https:\/\/www.farleygreene.com\/wp-content\/uploads\/2022\/01\/service-img.png);\"><\/div>\n                <\/div>\n                            <\/div>\n        <\/div>\n    <\/div>\n<\/section>\n\n\n<section class=\"check-list\">\n    <div data-aos=\"fade-up\" class=\"container\">\n        <div class=\"check-list-content\">\n            <h3><em>Recambios que ofrecemos<\/em><\/h3>\n<ul>\n<li>Embudos<\/li>\n<li>Kit de toma de tierra directa<\/li>\n<li>Suspensi\u00f3n y muelles<\/li>\n<li>Abrazaderas de palanca<\/li>\n<li>Galer\u00edas<\/li>\n<li>Abrazaderas de banda<\/li>\n<li>Juntas<\/li>\n<li>Junta de diafragma<\/li>\n<li>Imanes<\/li>\n<li>Motores<\/li>\n<li>Set de toma de tierra<\/li>\n<li>Anillas de malla estilizadas<\/li>\n<li>Anillas de malla multipantalla<\/li>\n<li>Tapas de puerto Vision<\/li>\n<li>Eje y contratuerca<\/li>\n<li>Galer\u00eda de Mallas Sievgen 04<\/li>\n<\/ul>\n        <\/div>\n        <div class=\"btn-wrap\">\n            <button class=\"button\">View All Spares<\/button>\n        <\/div>\n    <\/div>\n<\/section>\n\n\n<section class=\"cta\">\n    <div data-aos=\"fade-up\" class=\"container\">\n        <div class=\"cta-block\">\n        <svg width=\"1355px\" height=\"812px\" viewBox=\"0 0 1355 812\" version=\"1.1\" xmlns=\"http:\/\/www.w3.org\/2000\/svg\" xmlns:xlink=\"http:\/\/www.w3.org\/1999\/xlink\">\n    <title>Group<\/title>\n    <g id=\"Symbols\" stroke=\"none\" stroke-width=\"1\" fill=\"none\" fill-rule=\"evenodd\">\n        <g id=\"Group\" transform=\"translate(6.000000, -0.000000)\">\n            <path d=\"M967,629.066726 C967,783.334247 842.3548,908.876341 688.996392,908.876341 C535.724578,908.876341 411.079378,783.334247 411.079378,629.066726 C411.079378,538.053247 454.412582,457.091851 521.414879,405.996182 C452.413698,353.687581 411,271.520516 411,182.678694 C411,28.4111731 535.724578,-97.1236586 688.996392,-97.1236586 C842.3548,-97.1236586 967,28.4111731 967,182.678694 C967,271.520516 925.66568,353.687581 856.585121,405.996182 C923.666796,457.091851 967,538.053247 967,629.066726 Z M912.663806,629.637122 C912.663806,505.557254 812.193829,404.637122 688.660194,404.637122 C565.213264,404.637122 464.663806,505.557254 464.663806,629.637122 C464.663806,753.716991 565.213264,854.637122 688.660194,854.637122 C812.193829,854.637122 912.663806,753.716991 912.663806,629.637122 Z M912.566049,183.12695 C912.566049,59.1049605 812.096072,-41.7680954 688.562437,-41.7680954 C565.115507,-41.7680954 464.566049,59.1049605 464.566049,183.12695 C464.566049,262.142364 505.476586,334.563487 572.080847,375.231905 C607.550615,358.677261 647.01606,349.507643 688.562437,349.507643 C730.195519,349.507643 769.660964,358.75706 805.130732,375.231905 C871.734993,334.563487 912.566049,262.142364 912.566049,183.12695 Z\" id=\"Shape\" fill=\"#599B9B\" opacity=\"0.339214018\" transform=\"translate(689.000000, 405.876341) rotate(106.000000) translate(-689.000000, -405.876341) \"><\/path>\n            <circle id=\"Oval1\" stroke=\"#F49B52\" stroke-width=\"12\" cx=\"1163\" cy=\"245.876341\" r=\"180\"><\/circle>\n            <circle id=\"Oval2\" stroke=\"#F49B52\" stroke-width=\"12\" cx=\"180\" cy=\"565.876341\" r=\"180\"><\/circle>\n        <\/g>\n    <\/g>\n<\/svg>\n            <div class=\"content-wrap\">\n                <h2>\u00bfNo ves lo que buscas?<\/h2>\n<p>Ponte en contacto con nuestro amable equipo de recambios llamando al <strong>+44 (0) 1256 474 547<\/strong> o enviando un correo electr\u00f3nico <strong>a spares@farleygreene.com<\/strong> &#8211; podemos conseguir o asesorar sobre casi cualquier pieza.<\/p>\n            <\/div>\n            <div class=\"btn-wrap\">\n                <a href=\"\/contact-us\/\" class=\"btn-arrow\">Enquire Now<\/a>                            <\/div>        <\/div>\n    <\/div>\n<\/section>\n","protected":false},"excerpt":{"rendered":"","protected":false},"author":9,"featured_media":0,"parent":0,"menu_order":0,"comment_status":"closed","ping_status":"closed","template":"","meta":{"_acf_changed":false,"footnotes":""},"class_list":["post-10044","page","type-page","status-publish","hentry"],"acf":[],"yoast_head":"<!-- This site is optimized with the Yoast SEO plugin v27.4 - https:\/\/yoast.com\/product\/yoast-seo-wordpress\/ -->\n<title>Recambios y accesorios - Farleygreene Sieving Equipment and Technologies<\/title>\n<meta name=\"description\" content=\"Rellena nuestro formulario de consulta o llama al +44(0)1256 474 547 y nuestro equipo de recambios y accesorios encontrar\u00e1 la pieza que necesitas.\" \/>\n<meta name=\"robots\" content=\"index, follow, max-snippet:-1, max-image-preview:large, max-video-preview:-1\" \/>\n<link rel=\"canonical\" href=\"https:\/\/www.farleygreene.com\/es\/spares-accessories\/\" \/>\n<meta property=\"og:locale\" content=\"es_ES\" \/>\n<meta property=\"og:type\" content=\"article\" \/>\n<meta property=\"og:title\" content=\"Recambios y accesorios - Farleygreene Sieving Equipment and Technologies\" \/>\n<meta property=\"og:description\" content=\"Rellena nuestro formulario de consulta o llama al +44(0)1256 474 547 y nuestro equipo de recambios y accesorios encontrar\u00e1 la pieza que necesitas.\" \/>\n<meta property=\"og:url\" content=\"https:\/\/www.farleygreene.com\/es\/spares-accessories\/\" \/>\n<meta property=\"og:site_name\" content=\"Farleygreene Sieving Equipment and Technologies\" \/>\n<meta property=\"article:modified_time\" content=\"2026-01-15T08:33:30+00:00\" \/>\n<meta name=\"twitter:card\" content=\"summary_large_image\" \/>\n<meta name=\"twitter:label1\" content=\"Tiempo de lectura\" \/>\n\t<meta name=\"twitter:data1\" content=\"2 minuto\" \/>\n<script type=\"application\/ld+json\" class=\"yoast-schema-graph\">{\"@context\":\"https:\\\/\\\/schema.org\",\"@graph\":[{\"@type\":\"WebPage\",\"@id\":\"https:\\\/\\\/www.farleygreene.com\\\/es\\\/spares-accessories\\\/\",\"url\":\"https:\\\/\\\/www.farleygreene.com\\\/es\\\/spares-accessories\\\/\",\"name\":\"Recambios y accesorios - Farleygreene Sieving Equipment and Technologies\",\"isPartOf\":{\"@id\":\"https:\\\/\\\/www.farleygreene.com\\\/es\\\/#website\"},\"datePublished\":\"2022-02-22T15:55:26+00:00\",\"dateModified\":\"2026-01-15T08:33:30+00:00\",\"description\":\"Rellena nuestro formulario de consulta o llama al +44(0)1256 474 547 y nuestro equipo de recambios y accesorios encontrar\u00e1 la pieza que necesitas.\",\"breadcrumb\":{\"@id\":\"https:\\\/\\\/www.farleygreene.com\\\/es\\\/spares-accessories\\\/#breadcrumb\"},\"inLanguage\":\"es\",\"potentialAction\":[{\"@type\":\"ReadAction\",\"target\":[\"https:\\\/\\\/www.farleygreene.com\\\/es\\\/spares-accessories\\\/\"]}]},{\"@type\":\"BreadcrumbList\",\"@id\":\"https:\\\/\\\/www.farleygreene.com\\\/es\\\/spares-accessories\\\/#breadcrumb\",\"itemListElement\":[{\"@type\":\"ListItem\",\"position\":1,\"name\":\"Home\",\"item\":\"https:\\\/\\\/www.farleygreene.com\\\/es\\\/\"},{\"@type\":\"ListItem\",\"position\":2,\"name\":\"Recambios y accesorios\"}]},{\"@type\":\"WebSite\",\"@id\":\"https:\\\/\\\/www.farleygreene.com\\\/es\\\/#website\",\"url\":\"https:\\\/\\\/www.farleygreene.com\\\/es\\\/\",\"name\":\"Farleygreene Sieving Equipment and Technologies\",\"description\":\"Industrial sieves, screeners and separators\",\"publisher\":{\"@id\":\"https:\\\/\\\/www.farleygreene.com\\\/es\\\/#organization\"},\"alternateName\":\"Farleygreene\",\"potentialAction\":[{\"@type\":\"SearchAction\",\"target\":{\"@type\":\"EntryPoint\",\"urlTemplate\":\"https:\\\/\\\/www.farleygreene.com\\\/es\\\/?s={search_term_string}\"},\"query-input\":{\"@type\":\"PropertyValueSpecification\",\"valueRequired\":true,\"valueName\":\"search_term_string\"}}],\"inLanguage\":\"es\"},{\"@type\":\"Organization\",\"@id\":\"https:\\\/\\\/www.farleygreene.com\\\/es\\\/#organization\",\"name\":\"Farleygreene\",\"url\":\"https:\\\/\\\/www.farleygreene.com\\\/es\\\/\",\"logo\":{\"@type\":\"ImageObject\",\"inLanguage\":\"es\",\"@id\":\"https:\\\/\\\/www.farleygreene.com\\\/es\\\/#\\\/schema\\\/logo\\\/image\\\/\",\"url\":\"https:\\\/\\\/www.farleygreene.com\\\/wp-content\\\/uploads\\\/2021\\\/12\\\/logo.svg\",\"contentUrl\":\"https:\\\/\\\/www.farleygreene.com\\\/wp-content\\\/uploads\\\/2021\\\/12\\\/logo.svg\",\"width\":348,\"height\":52,\"caption\":\"Farleygreene\"},\"image\":{\"@id\":\"https:\\\/\\\/www.farleygreene.com\\\/es\\\/#\\\/schema\\\/logo\\\/image\\\/\"},\"sameAs\":[\"https:\\\/\\\/www.linkedin.com\\\/company\\\/farleygreene-limited\\\/\",\"https:\\\/\\\/www.youtube.com\\\/user\\\/farleygreene\"]}]}<\/script>\n<!-- \/ Yoast SEO plugin. -->","yoast_head_json":{"title":"Recambios y accesorios - Farleygreene Sieving Equipment and Technologies","description":"Rellena nuestro formulario de consulta o llama al +44(0)1256 474 547 y nuestro equipo de recambios y accesorios encontrar\u00e1 la pieza que necesitas.","robots":{"index":"index","follow":"follow","max-snippet":"max-snippet:-1","max-image-preview":"max-image-preview:large","max-video-preview":"max-video-preview:-1"},"canonical":"https:\/\/www.farleygreene.com\/es\/spares-accessories\/","og_locale":"es_ES","og_type":"article","og_title":"Recambios y accesorios - Farleygreene Sieving Equipment and Technologies","og_description":"Rellena nuestro formulario de consulta o llama al +44(0)1256 474 547 y nuestro equipo de recambios y accesorios encontrar\u00e1 la pieza que necesitas.","og_url":"https:\/\/www.farleygreene.com\/es\/spares-accessories\/","og_site_name":"Farleygreene Sieving Equipment and Technologies","article_modified_time":"2026-01-15T08:33:30+00:00","twitter_card":"summary_large_image","twitter_misc":{"Tiempo de lectura":"2 minuto"},"schema":{"@context":"https:\/\/schema.org","@graph":[{"@type":"WebPage","@id":"https:\/\/www.farleygreene.com\/es\/spares-accessories\/","url":"https:\/\/www.farleygreene.com\/es\/spares-accessories\/","name":"Recambios y accesorios - Farleygreene Sieving Equipment and Technologies","isPartOf":{"@id":"https:\/\/www.farleygreene.com\/es\/#website"},"datePublished":"2022-02-22T15:55:26+00:00","dateModified":"2026-01-15T08:33:30+00:00","description":"Rellena nuestro formulario de consulta o llama al +44(0)1256 474 547 y nuestro equipo de recambios y accesorios encontrar\u00e1 la pieza que necesitas.","breadcrumb":{"@id":"https:\/\/www.farleygreene.com\/es\/spares-accessories\/#breadcrumb"},"inLanguage":"es","potentialAction":[{"@type":"ReadAction","target":["https:\/\/www.farleygreene.com\/es\/spares-accessories\/"]}]},{"@type":"BreadcrumbList","@id":"https:\/\/www.farleygreene.com\/es\/spares-accessories\/#breadcrumb","itemListElement":[{"@type":"ListItem","position":1,"name":"Home","item":"https:\/\/www.farleygreene.com\/es\/"},{"@type":"ListItem","position":2,"name":"Recambios y accesorios"}]},{"@type":"WebSite","@id":"https:\/\/www.farleygreene.com\/es\/#website","url":"https:\/\/www.farleygreene.com\/es\/","name":"Farleygreene Sieving Equipment and Technologies","description":"Industrial sieves, screeners and separators","publisher":{"@id":"https:\/\/www.farleygreene.com\/es\/#organization"},"alternateName":"Farleygreene","potentialAction":[{"@type":"SearchAction","target":{"@type":"EntryPoint","urlTemplate":"https:\/\/www.farleygreene.com\/es\/?s={search_term_string}"},"query-input":{"@type":"PropertyValueSpecification","valueRequired":true,"valueName":"search_term_string"}}],"inLanguage":"es"},{"@type":"Organization","@id":"https:\/\/www.farleygreene.com\/es\/#organization","name":"Farleygreene","url":"https:\/\/www.farleygreene.com\/es\/","logo":{"@type":"ImageObject","inLanguage":"es","@id":"https:\/\/www.farleygreene.com\/es\/#\/schema\/logo\/image\/","url":"https:\/\/www.farleygreene.com\/wp-content\/uploads\/2021\/12\/logo.svg","contentUrl":"https:\/\/www.farleygreene.com\/wp-content\/uploads\/2021\/12\/logo.svg","width":348,"height":52,"caption":"Farleygreene"},"image":{"@id":"https:\/\/www.farleygreene.com\/es\/#\/schema\/logo\/image\/"},"sameAs":["https:\/\/www.linkedin.com\/company\/farleygreene-limited\/","https:\/\/www.youtube.com\/user\/farleygreene"]}]}},"_links":{"self":[{"href":"https:\/\/www.farleygreene.com\/es\/wp-json\/wp\/v2\/pages\/10044","targetHints":{"allow":["GET"]}}],"collection":[{"href":"https:\/\/www.farleygreene.com\/es\/wp-json\/wp\/v2\/pages"}],"about":[{"href":"https:\/\/www.farleygreene.com\/es\/wp-json\/wp\/v2\/types\/page"}],"author":[{"embeddable":true,"href":"https:\/\/www.farleygreene.com\/es\/wp-json\/wp\/v2\/users\/9"}],"replies":[{"embeddable":true,"href":"https:\/\/www.farleygreene.com\/es\/wp-json\/wp\/v2\/comments?post=10044"}],"version-history":[{"count":5,"href":"https:\/\/www.farleygreene.com\/es\/wp-json\/wp\/v2\/pages\/10044\/revisions"}],"predecessor-version":[{"id":15944,"href":"https:\/\/www.farleygreene.com\/es\/wp-json\/wp\/v2\/pages\/10044\/revisions\/15944"}],"wp:attachment":[{"href":"https:\/\/www.farleygreene.com\/es\/wp-json\/wp\/v2\/media?parent=10044"}],"curies":[{"name":"wp","href":"https:\/\/api.w.org\/{rel}","templated":true}]}}