{"id":10095,"date":"2022-02-22T17:09:59","date_gmt":"2022-02-22T17:09:59","guid":{"rendered":"https:\/\/www.farleygreene.com\/?page_id=10095"},"modified":"2022-05-05T14:20:02","modified_gmt":"2022-05-05T13:20:02","slug":"industrias","status":"publish","type":"page","link":"https:\/\/www.farleygreene.com\/es\/industrias\/","title":{"rendered":"Industrias"},"content":{"rendered":"\n\n<section data-aos=\"fade-in\" class=\"hero-page has-product-img\">\n    <div class=\"container\">\n        <p id=\"breadcrumbs\"><span><span><a href=\"https:\/\/www.farleygreene.com\/es\/\">Home<\/a><\/span><\/span><\/p>        <div class=\"content-wrap \">\n        <div class=\"product-img mobile\"><img decoding=\"async\" src=\"https:\/\/www.farleygreene.com\/wp-content\/uploads\/2022\/01\/inustries-img.png\" alt=\"\"><\/div>            <h1>Industrias<\/h1>\n<p>Estamos especializados en el suministro de maquinaria de alta calidad para la industria alimentaria, pero naturalmente suministramos a muchas otras industrias diferentes y entendemos los requisitos que tiene cada una de ellas. Si tu industria no aparece en la siguiente lista, es muy probable que a\u00fan podamos ayudarle, as\u00ed que ponte en contacto con nosotros directamente.<\/p>\n        <\/div>\n            <\/div>\n    <div class=\"hero-page-img\">\n        <div class=\"img-wrap\">\n            <div class=\"product-img\"><img decoding=\"async\" src=\"https:\/\/www.farleygreene.com\/wp-content\/uploads\/2022\/01\/inustries-img.png\" alt=\"\"><\/div>            <div class=\"circle-wrap\">\n                <div class=\"img bg-cover\" style=\"background-image:url(https:\/\/www.farleygreene.com\/wp-content\/uploads\/2022\/01\/cs-img.jpg);\"><\/div>\n                <div class=\"overlay\"><\/div>\n            <\/div>\n        <\/div>\n    <\/div>\n<\/section>\n\n\n\n\n<section class=\"industries\">\n    <div data-aos=\"fade-up\" class=\"container\">\n        <div class=\"flex-wrap\">\n                        <div class=\"col-2\">\n                <a href=\"https:\/\/www.farleygreene.com\/es\/industrias\/alimentos-y-bebidas\/\" class=\"industries-item\">\n                    <div class=\"img-wrap\">\n                        <div class=\"img bg-cover\" style=\"background-image:url(https:\/\/www.farleygreene.com\/wp-content\/uploads\/2022\/01\/ind1.jpg);\"><\/div>\n                    <\/div>\n                    <div class=\"industries-item__content\">\n                        <h3>Alimentos y bebidas<\/h3>\n                        <div class=\"content-wrap\">\n                            <p>Disponemos de una amplia gama de tamices dise\u00f1ados para procesar tanto lotes peque\u00f1os como cantidades muy grandes de ingredientes a granel para las industrias de alimentos y bebidas.<\/p>\n                        <\/div>\n                        <div class=\"bar-wrap\">\n                            <button class=\"button\">Ver Alimentos y bebidas<\/button>\n                            <div class=\"icon\">\n                                <img decoding=\"async\" class=\"norm\" src=\"https:\/\/www.farleygreene.com\/wp-content\/uploads\/2022\/01\/Food-1.svg\" alt=\"\">\n                                <img decoding=\"async\" class=\"hov\" src=\"https:\/\/www.farleygreene.com\/wp-content\/uploads\/2022\/01\/Food-2.svg\" alt=\"\">\n                            <\/div>\n                        <\/div>\n                    <\/div>\n                <\/a>\n            <\/div>\n                        <div class=\"col-2\">\n                <a href=\"https:\/\/www.farleygreene.com\/es\/industrias\/farmaceutica\/\" class=\"industries-item\">\n                    <div class=\"img-wrap\">\n                        <div class=\"img bg-cover\" style=\"background-image:url(https:\/\/www.farleygreene.com\/wp-content\/uploads\/2022\/01\/ind2.jpg);\"><\/div>\n                    <\/div>\n                    <div class=\"industries-item__content\">\n                        <h3>Farmac\u00e9utico<\/h3>\n                        <div class=\"content-wrap\">\n                            <p>Debido a que superamos los exigentes requisitos de la industria alimentaria, estamos bien situados para atender el procesado de ingredientes farmac\u00e9uticos activos.<\/p>\n                        <\/div>\n                        <div class=\"bar-wrap\">\n                            <button class=\"button\">Ver Farmac\u00e9utica<\/button>\n                            <div class=\"icon\">\n                                <img decoding=\"async\" class=\"norm\" src=\"https:\/\/www.farleygreene.com\/wp-content\/uploads\/2022\/01\/pharm-1.svg\" alt=\"\">\n                                <img decoding=\"async\" class=\"hov\" src=\"https:\/\/www.farleygreene.com\/wp-content\/uploads\/2022\/01\/pharm-2.svg\" alt=\"\">\n                            <\/div>\n                        <\/div>\n                    <\/div>\n                <\/a>\n            <\/div>\n                        <div class=\"col-2\">\n                <a href=\"https:\/\/www.farleygreene.com\/es\/industrias\/quimico\/\" class=\"industries-item\">\n                    <div class=\"img-wrap\">\n                        <div class=\"img bg-cover\" style=\"background-image:url(https:\/\/www.farleygreene.com\/wp-content\/uploads\/2022\/01\/ind3.jpg);\"><\/div>\n                    <\/div>\n                    <div class=\"industries-item__content\">\n                        <h3>Qu\u00edmico<\/h3>\n                        <div class=\"content-wrap\">\n                            <p>Nuestros tamices est\u00e1n dise\u00f1ados para durar, y est\u00e1n bien adaptados para su uso en entornos dif\u00edciles, por lo que son ideales para procesar productos que contienen sustancias qu\u00edmicas.<\/p>\n                        <\/div>\n                        <div class=\"bar-wrap\">\n                            <button class=\"button\">Ver Qu\u00edmica<\/button>\n                            <div class=\"icon\">\n                                <img decoding=\"async\" class=\"norm\" src=\"https:\/\/www.farleygreene.com\/wp-content\/uploads\/2022\/01\/chem.svg\" alt=\"\">\n                                <img decoding=\"async\" class=\"hov\" src=\"https:\/\/www.farleygreene.com\/wp-content\/uploads\/2022\/01\/chem-1.svg\" alt=\"\">\n                            <\/div>\n                        <\/div>\n                    <\/div>\n                <\/a>\n            <\/div>\n                        <div class=\"col-2\">\n                <a href=\"https:\/\/www.farleygreene.com\/es\/industrias\/fabricacion-aditiva\/\" class=\"industries-item\">\n                    <div class=\"img-wrap\">\n                        <div class=\"img bg-cover\" style=\"background-image:url(https:\/\/www.farleygreene.com\/wp-content\/uploads\/2022\/01\/ind4.jpg);\"><\/div>\n                    <\/div>\n                    <div class=\"industries-item__content\">\n                        <h3>Fabricaci\u00f3n aditiva<\/h3>\n                        <div class=\"content-wrap\">\n                            <p>Partiendo de nuestra experiencia en el procesamiento de polvos, hemos dado un paso m\u00e1s para desarrollar sistemas Sievgen integrados digital y mec\u00e1nicamente para cualquier entorno de fabricaci\u00f3n aditiva.<\/p>\n                        <\/div>\n                        <div class=\"bar-wrap\">\n                            <button class=\"button\">Ver Fabricaci\u00f3n aditiva<\/button>\n                            <div class=\"icon\">\n                                <img decoding=\"async\" class=\"norm\" src=\"https:\/\/www.farleygreene.com\/wp-content\/uploads\/2022\/01\/add.svg\" alt=\"\">\n                                <img decoding=\"async\" class=\"hov\" src=\"https:\/\/www.farleygreene.com\/wp-content\/uploads\/2022\/01\/add-1.svg\" alt=\"\">\n                            <\/div>\n                        <\/div>\n                    <\/div>\n                <\/a>\n            <\/div>\n                    <\/div>\n    <\/div>\n<\/section>\n\n\n\n\n<section class=\"brands\">\n    <div data-aos=\"fade-up\" class=\"container\">\n                <div class=\"brands__heading content-wrap\">\n            <h2><em>Marcas<\/em> con las que trabajamos<\/h2>\n<p><span class=\"intro-text\">Proteger la reputaci\u00f3n es fundamental para cualquier marca, por lo que suministramos maquinaria de alta calidad que cumpla las expectativas de tus clientes.<\/span><\/p>\n        <\/div>\n                <div class=\"flex-wrap\">\n                        <div data-aos=\"fade-up\" class=\"col\">\n                <div class=\"img-container\">\n                    <div class=\"img-wrap\">\n                        <img decoding=\"async\" src=\"https:\/\/www.farleygreene.com\/wp-content\/uploads\/2022\/01\/Arla.svg\" alt=\"\">\n                    <\/div>\n                <\/div>\n            <\/div>\n                        <div data-aos=\"fade-up\" class=\"col\">\n                <div class=\"img-container\">\n                    <div class=\"img-wrap\">\n                        <img decoding=\"async\" src=\"https:\/\/www.farleygreene.com\/wp-content\/uploads\/2022\/01\/danone.svg\" alt=\"\">\n                    <\/div>\n                <\/div>\n            <\/div>\n                        <div data-aos=\"fade-up\" class=\"col\">\n                <div class=\"img-container\">\n                    <div class=\"img-wrap\">\n                        <img decoding=\"async\" src=\"https:\/\/www.farleygreene.com\/wp-content\/uploads\/2022\/01\/grifols.svg\" alt=\"\">\n                    <\/div>\n                <\/div>\n            <\/div>\n                        <div data-aos=\"fade-up\" class=\"col\">\n                <div class=\"img-container\">\n                    <div class=\"img-wrap\">\n                        <img decoding=\"async\" src=\"https:\/\/www.farleygreene.com\/wp-content\/uploads\/2022\/01\/gsk.svg\" alt=\"\">\n                    <\/div>\n                <\/div>\n            <\/div>\n                        <div data-aos=\"fade-up\" class=\"col\">\n                <div class=\"img-container\">\n                    <div class=\"img-wrap\">\n                        <img decoding=\"async\" src=\"https:\/\/www.farleygreene.com\/wp-content\/uploads\/2022\/01\/h.svg\" alt=\"\">\n                    <\/div>\n                <\/div>\n            <\/div>\n                        <div data-aos=\"fade-up\" class=\"col\">\n                <div class=\"img-container\">\n                    <div class=\"img-wrap\">\n                        <img decoding=\"async\" src=\"https:\/\/www.farleygreene.com\/wp-content\/uploads\/2022\/01\/mars.svg\" alt=\"\">\n                    <\/div>\n                <\/div>\n            <\/div>\n                        <div data-aos=\"fade-up\" class=\"col\">\n                <div class=\"img-container\">\n                    <div class=\"img-wrap\">\n                        <img decoding=\"async\" src=\"https:\/\/www.farleygreene.com\/wp-content\/uploads\/2022\/01\/matsuura.svg\" alt=\"\">\n                    <\/div>\n                <\/div>\n            <\/div>\n                        <div data-aos=\"fade-up\" class=\"col\">\n                <div class=\"img-container\">\n                    <div class=\"img-wrap\">\n                        <img decoding=\"async\" src=\"https:\/\/www.farleygreene.com\/wp-content\/uploads\/2022\/01\/mond.svg\" alt=\"\">\n                    <\/div>\n                <\/div>\n            <\/div>\n                        <div data-aos=\"fade-up\" class=\"col\">\n                <div class=\"img-container\">\n                    <div class=\"img-wrap\">\n                        <img decoding=\"async\" src=\"https:\/\/www.farleygreene.com\/wp-content\/uploads\/2022\/01\/prima.svg\" alt=\"\">\n                    <\/div>\n                <\/div>\n            <\/div>\n                        <div data-aos=\"fade-up\" class=\"col\">\n                <div class=\"img-container\">\n                    <div class=\"img-wrap\">\n                        <img decoding=\"async\" src=\"https:\/\/www.farleygreene.com\/wp-content\/uploads\/2022\/01\/rolls.svg\" alt=\"\">\n                    <\/div>\n                <\/div>\n            <\/div>\n                        <div data-aos=\"fade-up\" class=\"col\">\n                <div class=\"img-container\">\n                    <div class=\"img-wrap\">\n                        <img decoding=\"async\" src=\"https:\/\/www.farleygreene.com\/wp-content\/uploads\/2022\/01\/teva.svg\" alt=\"\">\n                    <\/div>\n                <\/div>\n            <\/div>\n                        <div data-aos=\"fade-up\" class=\"col\">\n                <div class=\"img-container\">\n                    <div class=\"img-wrap\">\n                        <img decoding=\"async\" src=\"https:\/\/www.farleygreene.com\/wp-content\/uploads\/2022\/01\/nestle.svg\" alt=\"\">\n                    <\/div>\n                <\/div>\n            <\/div>\n                    <\/div>\n    <\/div>\n<\/section>\n\n\n\n\n<section class=\"testimonials\">\n    <div data-aos=\"fade-up\" class=\"container\">\n                <div class=\"heading-wrap content-wrap\">\n            <h2>Qu\u00e9 dicen de nosotros los l\u00edderes de la <em>industria<\/em><\/h2>\n<p><span class=\"intro-text\">Debido a que prestamos especial atenci\u00f3n a la alta calidad, a la eficacia de nuestros productos y a un excelente servicio al cliente, hemos sido el proveedor de tamices elegido por empresas l\u00edderes del sector desde nuestra creaci\u00f3n en 1976.<\/span><\/p>\n        <\/div>\n                <div class=\"slider-wrap\">\n            <div class=\"testimonials-slider\">\n                                <div class=\"testimonials-slide\">\n                    <div class=\"testimonials-item\">\n                                                <div class=\"testimonials-item--img\">\n                            <div class=\"img-container\">\n                                <div class=\"img-wrap\">\n                                    <img decoding=\"async\" src=\"https:\/\/www.farleygreene.com\/wp-content\/uploads\/2022\/01\/Matsuura-Testimonial.png\" alt=\"\">\n                                <\/div>\n                            <\/div>\n                        <\/div>\n                                                <div class=\"content-wrap quote-wrap\">\n                            <h3>\u00abEn lugar de tamizar durante horas, se tarda solo unos minutos\u00bb<\/h3>\n                        <\/div>\n                        <div class=\"content-wrap text-wrap\">\n                            <p>\u00abEn comparaci\u00f3n con el tamizado manual de nuestros polvos, usar Sievgen nos aporta un gran beneficio. En lugar de tamizar durante horas, se tarda solo unos minutos\u00bb.<\/p>\n                        <\/div>\n                        <div class=\"testimonials-item--info\">\n                            <p class=\"title\">Holger Hermann<\/p>\n                            <p class=\"job\">Director de aplicaciones en Matsuura Machinery.  <\/p>\n                        <\/div>\n                    <\/div>\n                <\/div>\n                                <div class=\"testimonials-slide\">\n                    <div class=\"testimonials-item\">\n                                                <div class=\"testimonials-item--img\">\n                            <div class=\"img-container\">\n                                <div class=\"img-wrap\">\n                                    <img decoding=\"async\" src=\"https:\/\/www.farleygreene.com\/wp-content\/uploads\/2022\/01\/IVC-Brunel-Logo.jpg\" alt=\"\">\n                                <\/div>\n                            <\/div>\n                        <\/div>\n                                                <div class=\"content-wrap quote-wrap\">\n                            <h3>\u00abLa calidad del trabajo fue de lo mejor y su equipo de apoyo siempre estaba disponible para ayudar\u00bb<\/h3>\n                        <\/div>\n                        <div class=\"content-wrap text-wrap\">\n                            <p>\u00abTras tratar con <strong>Farleygreene<\/strong> durante varias semanas sobre una l\u00ednea personalizada, me parecieron muy positivos y profesionales. La calidad del trabajo fue de lo mejor y su equipo de apoyo siempre estaba disponible para ayudar. Si en el futuro necesito una m\u00e1quina a medida que <strong>Farleygreene<\/strong> pueda proporcionar, me encantar\u00e1 trabajar con ellos\u00bb<\/p>\n                        <\/div>\n                        <div class=\"testimonials-item--info\">\n                            <p class=\"title\">Chris Tilson<\/p>\n                            <p class=\"job\">Director de fabricaci\u00f3n en IVC Brunel<\/p>\n                        <\/div>\n                    <\/div>\n                <\/div>\n                                <div class=\"testimonials-slide\">\n                    <div class=\"testimonials-item\">\n                                                <div class=\"testimonials-item--img\">\n                            <div class=\"img-container\">\n                                <div class=\"img-wrap\">\n                                    <img decoding=\"async\" src=\"https:\/\/www.farleygreene.com\/wp-content\/uploads\/2022\/01\/LSBU-Testimonial.jpg\" alt=\"\">\n                                <\/div>\n                            <\/div>\n                        <\/div>\n                                                <div class=\"content-wrap quote-wrap\">\n                            <h3>\u00abSe trata, sin duda, de una pieza de maquinaria esencial en cualquier empresa de productos de panader\u00eda\u00bb<\/h3>\n                        <\/div>\n                        <div class=\"content-wrap text-wrap\">\n                            <p>\u00abLa cuesti\u00f3n de ahorro de tiempo es esencial dentro de la industria y cualquier m\u00e1quina que pueda ayudar, reducir costes y minimizar los residuos es inmediatamente beneficiosa. Se trata, sin duda, de una pieza de maquinaria esencial en cualquier empresa de productos de panader\u00eda\u00bb.<\/p>\n                        <\/div>\n                        <div class=\"testimonials-item--info\">\n                            <p class=\"title\">Devon Petrie<\/p>\n                            <p class=\"job\">Profesor de tecnolog\u00eda de panader\u00eda en The National Bakery School. <\/p>\n                        <\/div>\n                    <\/div>\n                <\/div>\n                            <\/div>\n        <\/div>\n    <\/div>\n<\/section>\n","protected":false},"excerpt":{"rendered":"","protected":false},"author":9,"featured_media":0,"parent":0,"menu_order":0,"comment_status":"closed","ping_status":"closed","template":"","meta":{"_acf_changed":false,"footnotes":""},"class_list":["post-10095","page","type-page","status-publish","hentry"],"acf":[],"yoast_head":"<!-- This site is optimized with the Yoast SEO plugin v27.2 - https:\/\/yoast.com\/product\/yoast-seo-wordpress\/ -->\n<title>Industrias - Farleygreene Sieving Equipment and Technologies<\/title>\n<meta name=\"robots\" content=\"index, follow, max-snippet:-1, max-image-preview:large, max-video-preview:-1\" \/>\n<link rel=\"canonical\" href=\"https:\/\/www.farleygreene.com\/es\/industrias\/\" \/>\n<meta property=\"og:locale\" content=\"es_ES\" \/>\n<meta property=\"og:type\" content=\"article\" \/>\n<meta property=\"og:title\" content=\"Industrias - Farleygreene Sieving Equipment and Technologies\" \/>\n<meta property=\"og:url\" content=\"https:\/\/www.farleygreene.com\/es\/industrias\/\" \/>\n<meta property=\"og:site_name\" content=\"Farleygreene Sieving Equipment and Technologies\" \/>\n<meta property=\"article:modified_time\" content=\"2022-05-05T13:20:02+00:00\" \/>\n<meta name=\"twitter:card\" content=\"summary_large_image\" \/>\n<script type=\"application\/ld+json\" class=\"yoast-schema-graph\">{\"@context\":\"https:\/\/schema.org\",\"@graph\":[{\"@type\":\"WebPage\",\"@id\":\"https:\/\/www.farleygreene.com\/es\/industrias\/\",\"url\":\"https:\/\/www.farleygreene.com\/es\/industrias\/\",\"name\":\"Industrias - Farleygreene Sieving Equipment and Technologies\",\"isPartOf\":{\"@id\":\"https:\/\/www.farleygreene.com\/es\/#website\"},\"datePublished\":\"2022-02-22T17:09:59+00:00\",\"dateModified\":\"2022-05-05T13:20:02+00:00\",\"breadcrumb\":{\"@id\":\"https:\/\/www.farleygreene.com\/es\/industrias\/#breadcrumb\"},\"inLanguage\":\"es\",\"potentialAction\":[{\"@type\":\"ReadAction\",\"target\":[\"https:\/\/www.farleygreene.com\/es\/industrias\/\"]}]},{\"@type\":\"BreadcrumbList\",\"@id\":\"https:\/\/www.farleygreene.com\/es\/industrias\/#breadcrumb\",\"itemListElement\":[{\"@type\":\"ListItem\",\"position\":1,\"name\":\"Home\",\"item\":\"https:\/\/www.farleygreene.com\/es\/\"},{\"@type\":\"ListItem\",\"position\":2,\"name\":\"Industrias\"}]},{\"@type\":\"WebSite\",\"@id\":\"https:\/\/www.farleygreene.com\/es\/#website\",\"url\":\"https:\/\/www.farleygreene.com\/es\/\",\"name\":\"Farleygreene Sieving Equipment and Technologies\",\"description\":\"Industrial sieves, screeners and separators\",\"publisher\":{\"@id\":\"https:\/\/www.farleygreene.com\/es\/#organization\"},\"alternateName\":\"Farleygreene\",\"potentialAction\":[{\"@type\":\"SearchAction\",\"target\":{\"@type\":\"EntryPoint\",\"urlTemplate\":\"https:\/\/www.farleygreene.com\/es\/?s={search_term_string}\"},\"query-input\":{\"@type\":\"PropertyValueSpecification\",\"valueRequired\":true,\"valueName\":\"search_term_string\"}}],\"inLanguage\":\"es\"},{\"@type\":\"Organization\",\"@id\":\"https:\/\/www.farleygreene.com\/es\/#organization\",\"name\":\"Farleygreene\",\"url\":\"https:\/\/www.farleygreene.com\/es\/\",\"logo\":{\"@type\":\"ImageObject\",\"inLanguage\":\"es\",\"@id\":\"https:\/\/www.farleygreene.com\/es\/#\/schema\/logo\/image\/\",\"url\":\"https:\/\/www.farleygreene.com\/wp-content\/uploads\/2021\/12\/logo.svg\",\"contentUrl\":\"https:\/\/www.farleygreene.com\/wp-content\/uploads\/2021\/12\/logo.svg\",\"width\":348,\"height\":52,\"caption\":\"Farleygreene\"},\"image\":{\"@id\":\"https:\/\/www.farleygreene.com\/es\/#\/schema\/logo\/image\/\"},\"sameAs\":[\"https:\/\/www.linkedin.com\/company\/farleygreene-limited\/\",\"https:\/\/www.youtube.com\/user\/farleygreene\"]}]}<\/script>\n<!-- \/ Yoast SEO plugin. -->","yoast_head_json":{"title":"Industrias - Farleygreene Sieving Equipment and Technologies","robots":{"index":"index","follow":"follow","max-snippet":"max-snippet:-1","max-image-preview":"max-image-preview:large","max-video-preview":"max-video-preview:-1"},"canonical":"https:\/\/www.farleygreene.com\/es\/industrias\/","og_locale":"es_ES","og_type":"article","og_title":"Industrias - Farleygreene Sieving Equipment and Technologies","og_url":"https:\/\/www.farleygreene.com\/es\/industrias\/","og_site_name":"Farleygreene Sieving Equipment and Technologies","article_modified_time":"2022-05-05T13:20:02+00:00","twitter_card":"summary_large_image","schema":{"@context":"https:\/\/schema.org","@graph":[{"@type":"WebPage","@id":"https:\/\/www.farleygreene.com\/es\/industrias\/","url":"https:\/\/www.farleygreene.com\/es\/industrias\/","name":"Industrias - Farleygreene Sieving Equipment and Technologies","isPartOf":{"@id":"https:\/\/www.farleygreene.com\/es\/#website"},"datePublished":"2022-02-22T17:09:59+00:00","dateModified":"2022-05-05T13:20:02+00:00","breadcrumb":{"@id":"https:\/\/www.farleygreene.com\/es\/industrias\/#breadcrumb"},"inLanguage":"es","potentialAction":[{"@type":"ReadAction","target":["https:\/\/www.farleygreene.com\/es\/industrias\/"]}]},{"@type":"BreadcrumbList","@id":"https:\/\/www.farleygreene.com\/es\/industrias\/#breadcrumb","itemListElement":[{"@type":"ListItem","position":1,"name":"Home","item":"https:\/\/www.farleygreene.com\/es\/"},{"@type":"ListItem","position":2,"name":"Industrias"}]},{"@type":"WebSite","@id":"https:\/\/www.farleygreene.com\/es\/#website","url":"https:\/\/www.farleygreene.com\/es\/","name":"Farleygreene Sieving Equipment and Technologies","description":"Industrial sieves, screeners and separators","publisher":{"@id":"https:\/\/www.farleygreene.com\/es\/#organization"},"alternateName":"Farleygreene","potentialAction":[{"@type":"SearchAction","target":{"@type":"EntryPoint","urlTemplate":"https:\/\/www.farleygreene.com\/es\/?s={search_term_string}"},"query-input":{"@type":"PropertyValueSpecification","valueRequired":true,"valueName":"search_term_string"}}],"inLanguage":"es"},{"@type":"Organization","@id":"https:\/\/www.farleygreene.com\/es\/#organization","name":"Farleygreene","url":"https:\/\/www.farleygreene.com\/es\/","logo":{"@type":"ImageObject","inLanguage":"es","@id":"https:\/\/www.farleygreene.com\/es\/#\/schema\/logo\/image\/","url":"https:\/\/www.farleygreene.com\/wp-content\/uploads\/2021\/12\/logo.svg","contentUrl":"https:\/\/www.farleygreene.com\/wp-content\/uploads\/2021\/12\/logo.svg","width":348,"height":52,"caption":"Farleygreene"},"image":{"@id":"https:\/\/www.farleygreene.com\/es\/#\/schema\/logo\/image\/"},"sameAs":["https:\/\/www.linkedin.com\/company\/farleygreene-limited\/","https:\/\/www.youtube.com\/user\/farleygreene"]}]}},"_links":{"self":[{"href":"https:\/\/www.farleygreene.com\/es\/wp-json\/wp\/v2\/pages\/10095","targetHints":{"allow":["GET"]}}],"collection":[{"href":"https:\/\/www.farleygreene.com\/es\/wp-json\/wp\/v2\/pages"}],"about":[{"href":"https:\/\/www.farleygreene.com\/es\/wp-json\/wp\/v2\/types\/page"}],"author":[{"embeddable":true,"href":"https:\/\/www.farleygreene.com\/es\/wp-json\/wp\/v2\/users\/9"}],"replies":[{"embeddable":true,"href":"https:\/\/www.farleygreene.com\/es\/wp-json\/wp\/v2\/comments?post=10095"}],"version-history":[{"count":5,"href":"https:\/\/www.farleygreene.com\/es\/wp-json\/wp\/v2\/pages\/10095\/revisions"}],"predecessor-version":[{"id":11756,"href":"https:\/\/www.farleygreene.com\/es\/wp-json\/wp\/v2\/pages\/10095\/revisions\/11756"}],"wp:attachment":[{"href":"https:\/\/www.farleygreene.com\/es\/wp-json\/wp\/v2\/media?parent=10095"}],"curies":[{"name":"wp","href":"https:\/\/api.w.org\/{rel}","templated":true}]}}