{"id":14083,"date":"2025-04-08T11:26:51","date_gmt":"2025-04-08T10:26:51","guid":{"rendered":"https:\/\/www.farleygreene.com\/?page_id=14083"},"modified":"2025-04-08T11:38:38","modified_gmt":"2025-04-08T10:38:38","slug":"el-dosc","status":"publish","type":"page","link":"https:\/\/www.farleygreene.com\/es\/el-dosc\/","title":{"rendered":"Sievmaster DOSC"},"content":{"rendered":"\n\n<section data-aos=\"fade-in\" class=\"hero-page has-product-img\">\n    <div class=\"container\">\n        <p id=\"breadcrumbs\"><span><span><a href=\"https:\/\/www.farleygreene.com\/es\/\">Home<\/a><\/span><\/span><\/p>        <div class=\"content-wrap \">\n        <div class=\"product-img mobile\"><img decoding=\"async\" src=\"https:\/\/www.farleygreene.com\/wp-content\/uploads\/2025\/02\/DOSC-LOGO-280x120px.jpg\" alt=\"\"><\/div>            <h1>Sievmaster DOSC<\/h1>\n<p>Nuestra prestigiosa gama de m\u00e1quinas Sievmaster Slimline est\u00e1 ahora disponible con una nueva opci\u00f3n est\u00e1ndar de control de salida <strong>DOSC<\/strong>. Esta nueva tecnolog\u00eda sustituye el dise\u00f1o de placa vertedera por una innovadora soluci\u00f3n de disco y tapa. Dise\u00f1ada para optimizar el rendimiento, a la vez que proporciona un mayor control y eficiencia para las industrias de aplicaciones a granel. <strong>La nueva generaci\u00f3n de tecnolog\u00eda de tamizado industrial de Farleygreene.<\/strong><\/p>\n        <\/div>\n            <\/div>\n    <div class=\"hero-page-img\">\n        <div class=\"img-wrap\">\n            <div class=\"product-img\"><img decoding=\"async\" src=\"https:\/\/www.farleygreene.com\/wp-content\/uploads\/2025\/02\/DOSC-LOGO-280x120px.jpg\" alt=\"\"><\/div>            <div class=\"circle-wrap\">\n                <div class=\"img bg-cover\" style=\"background-image:url(https:\/\/www.farleygreene.com\/wp-content\/uploads\/2025\/01\/Farleygreene-DOSC.png);\"><\/div>\n                <div class=\"overlay\"><\/div>\n            <\/div>\n        <\/div>\n    <\/div>\n<\/section>\n\n\n\n\n<section class=\"text-block\">\n    <div data-aos=\"fade-up\" class=\"container\">\n        <div class=\"content-wrap\">\n            <p style=\"text-align: center;\"><span class=\"intro-text\">\u00bfQu\u00e9 es el DOSC?<\/span><\/p>\n<p style=\"text-align: center;\">La opci\u00f3n <strong>DOSC (Disc Oversize Control)<\/strong> utiliza un dise\u00f1o sencillo e higi\u00e9nico de placa y tapa. Facilita al operario el ajuste del flujo de material de gran tama\u00f1o que sale de la malla de cribado a trav\u00e9s de la salida de gran tama\u00f1o. Creado para mejorar la eficacia del cribado y optimizar el control del rendimiento.<\/p>\n<p style=\"text-align: center;\">Se trata de una soluci\u00f3n nueva y accesible que aporta numerosas mejoras. El DOSC se ajusta f\u00e1cilmente, antes y despu\u00e9s de la operaci\u00f3n, para permitirle seleccionar el producto de mayor tama\u00f1o previsto que se expulsar\u00e1. Aumenta la tasa de rechazo de sobretama\u00f1os genuinos y reduce el tiempo de permanencia del producto en la malla. Esto evita que el producto se descomponga y se mezcle con los finos. Esto mejora la eficacia del producto y aumenta el rendimiento, con el consiguiente ahorro de tiempo y dinero.<\/p>\n<p style=\"text-align: center;\">El DOSC es nuestra \u00faltima soluci\u00f3n de control manual del exceso de tama\u00f1o que no requiere suministro de aire. Para una <strong>opci\u00f3n de mejora<\/strong> automatizada y a prueba de fugas, necesita nuestro <strong>BOSC (Balloon Oversize Control)<\/strong>.<\/p>\n<p style=\"text-align: center;\"><strong>Tanto el BOSC como el DOSC son soluciones f\u00e1ciles de integrar que pueden instalarse dentro de la gama de m\u00e1quinas Slimline.<\/strong><\/p>\n        <\/div>\n    <\/div>\n<\/section>\n\n\n\n\n<section class=\"service\">\n    <div data-aos=\"fade-up\" class=\"container\">\n        <div class=\"flex-wrap\">\n            <div class=\"col-2 col-content\">\n                <div class=\"service__content\">\n                    <div class=\"content-wrap\">\n                        <h2>C\u00f3mo funciona.<\/h2>\n                    <\/div>\n                                        <div class=\"service__img mobile\">\n                        <div class=\"img bg-cover\" style=\"background-image:url(https:\/\/www.farleygreene.com\/wp-content\/uploads\/2025\/02\/ROTA-RANGE-Scale-up-options-6.jpg);\"><\/div>\n                    <\/div>\n                                        <div class=\"content-wrap\">\n                        <p>Cuando la placa <strong>DOSC<\/strong> est\u00e1 abierta, el producto que fluye libremente sale por la salida de sobremedida y, cuando est\u00e1 cerrada, el producto se acumula detr\u00e1s de la placa.<\/p>\n<p>La placa <strong>DOSC<\/strong> se puede girar manualmente para permitir que diferentes cantidades de producto de gran tama\u00f1o salgan por la salida de gran tama\u00f1o y permite expulsar productos de gran tama\u00f1o de hasta 60 mm de anchura. Esto puede ajustarlo f\u00e1cilmente un solo operario cuando la m\u00e1quina no est\u00e1 en funcionamiento.<\/p>\n<p>Esta nueva caracter\u00edstica tiene un dise\u00f1o f\u00e1cilmente ajustable para variar la cantidad de producto de gran tama\u00f1o a expulsar (hasta 60 mm de ancho en comparaci\u00f3n con los 10 mm de nuestra soluci\u00f3n anterior). Basta con girar la placa hasta el ajuste deseado mientras la m\u00e1quina no est\u00e1 en funcionamiento.<\/p>\n                    <\/div>\n                <\/div>\n            <\/div>\n            <div class=\"col-2 col-img\">\n                                <div class=\"service__img\">\n                    <div class=\"img bg-cover\" style=\"background-image:url(https:\/\/www.farleygreene.com\/wp-content\/uploads\/2025\/02\/ROTA-RANGE-Scale-up-options-6.jpg);\"><\/div>\n                <\/div>\n                            <\/div>\n        <\/div>\n    <\/div>\n<\/section>\n\n\n\n\n<section class=\"check-list\">\n    <div data-aos=\"fade-up\" class=\"container\">\n        <div class=\"check-list-content\">\n            <h3>Caracter\u00edsticas y ventajas<\/h3>\n<ul>\n<li>Soluci\u00f3n f\u00e1cil de usar, duradera e higi\u00e9nica<\/li>\n<li>Dise\u00f1ada para ser ajustada de forma sencilla por un solo operario<\/li>\n<li>Mayor precisi\u00f3n en la gesti\u00f3n del flujo de producto de gran tama\u00f1o real desde la malla de cribado, a trav\u00e9s de la salida de gran tama\u00f1o<\/li>\n<li>Evita los atascos y mantiene un funcionamiento uniforme<\/li>\n<li>Disponible con una junta de silicona blanca o azul metal detectable (grado alimentario certificado seg\u00fan la CE 1935\/2004)<\/li>\n<li>Disponible como opci\u00f3n est\u00e1ndar en las nuevas m\u00e1quinas Slimline, con opci\u00f3n de actualizaci\u00f3n BOSC sin juntas<\/li>\n<\/ul>\n        <\/div>\n        <div class=\"btn-wrap\">\n            <button class=\"button\">View All Spares<\/button>\n        <\/div>\n    <\/div>\n<\/section>\n\n\n\n\n<section class=\"service\">\n    <div data-aos=\"fade-up\" class=\"container\">\n        <div class=\"flex-wrap\">\n            <div class=\"col-2 col-content\">\n                <div class=\"service__content\">\n                    <div class=\"content-wrap\">\n                        <h2>\u00bfPor qu\u00e9 se actualiza nuestra gama Slimline para incluir la nueva opci\u00f3n DOSC?<\/h2>\n                    <\/div>\n                                        <div class=\"service__img mobile\">\n                        <div class=\"img bg-cover\" style=\"background-image:url(https:\/\/www.farleygreene.com\/wp-content\/uploads\/2025\/01\/Farleygreene-DOSC.png);\"><\/div>\n                    <\/div>\n                                        <div class=\"content-wrap\">\n                        <p>La nueva funci\u00f3n <strong>DOSC<\/strong> ofrece una soluci\u00f3n moderna para controlar el flujo de productos de gran tama\u00f1o, reducir el tiempo de inactividad y mejorar la eficacia del tamizado.<\/p>\n<p>Establece un punto de referencia en cuanto a calidad y eficacia, a la vez que mantiene el ritmo de sus demandas de producci\u00f3n.<\/p>\n                    <\/div>\n                <\/div>\n            <\/div>\n            <div class=\"col-2 col-img\">\n                                <div class=\"service__img\">\n                    <div class=\"img bg-cover\" style=\"background-image:url(https:\/\/www.farleygreene.com\/wp-content\/uploads\/2025\/01\/Farleygreene-DOSC.png);\"><\/div>\n                <\/div>\n                            <\/div>\n        <\/div>\n    <\/div>\n<\/section>\n\n\n\n<div style=\"height:100px\" aria-hidden=\"true\" class=\"wp-block-spacer\"><\/div>\n\n\n\n<figure class=\"wp-block-embed aligncenter is-type-video is-provider-vimeo wp-block-embed-vimeo wp-embed-aspect-16-9 wp-has-aspect-ratio\"><div class=\"wp-block-embed__wrapper\">\n<iframe loading=\"lazy\" title=\"Farleygreene DOSC (Disc Oversize Control)\" src=\"https:\/\/player.vimeo.com\/video\/1056762375?dnt=1&amp;app_id=122963\" width=\"500\" height=\"281\" frameborder=\"0\" allow=\"autoplay; fullscreen; picture-in-picture; clipboard-write; encrypted-media\"><\/iframe>\n<\/div><\/figure>\n\n\n\n\n<section class=\"cta\">\n    <div data-aos=\"fade-up\" class=\"container\">\n        <div class=\"cta-block\">\n        <svg width=\"1355px\" height=\"812px\" viewBox=\"0 0 1355 812\" version=\"1.1\" xmlns=\"http:\/\/www.w3.org\/2000\/svg\" xmlns:xlink=\"http:\/\/www.w3.org\/1999\/xlink\">\n    <title>Group<\/title>\n    <g id=\"Symbols\" stroke=\"none\" stroke-width=\"1\" fill=\"none\" fill-rule=\"evenodd\">\n        <g id=\"Group\" transform=\"translate(6.000000, -0.000000)\">\n            <path d=\"M967,629.066726 C967,783.334247 842.3548,908.876341 688.996392,908.876341 C535.724578,908.876341 411.079378,783.334247 411.079378,629.066726 C411.079378,538.053247 454.412582,457.091851 521.414879,405.996182 C452.413698,353.687581 411,271.520516 411,182.678694 C411,28.4111731 535.724578,-97.1236586 688.996392,-97.1236586 C842.3548,-97.1236586 967,28.4111731 967,182.678694 C967,271.520516 925.66568,353.687581 856.585121,405.996182 C923.666796,457.091851 967,538.053247 967,629.066726 Z M912.663806,629.637122 C912.663806,505.557254 812.193829,404.637122 688.660194,404.637122 C565.213264,404.637122 464.663806,505.557254 464.663806,629.637122 C464.663806,753.716991 565.213264,854.637122 688.660194,854.637122 C812.193829,854.637122 912.663806,753.716991 912.663806,629.637122 Z M912.566049,183.12695 C912.566049,59.1049605 812.096072,-41.7680954 688.562437,-41.7680954 C565.115507,-41.7680954 464.566049,59.1049605 464.566049,183.12695 C464.566049,262.142364 505.476586,334.563487 572.080847,375.231905 C607.550615,358.677261 647.01606,349.507643 688.562437,349.507643 C730.195519,349.507643 769.660964,358.75706 805.130732,375.231905 C871.734993,334.563487 912.566049,262.142364 912.566049,183.12695 Z\" id=\"Shape\" fill=\"#599B9B\" opacity=\"0.339214018\" transform=\"translate(689.000000, 405.876341) rotate(106.000000) translate(-689.000000, -405.876341) \"><\/path>\n            <circle id=\"Oval1\" stroke=\"#F49B52\" stroke-width=\"12\" cx=\"1163\" cy=\"245.876341\" r=\"180\"><\/circle>\n            <circle id=\"Oval2\" stroke=\"#F49B52\" stroke-width=\"12\" cx=\"180\" cy=\"565.876341\" r=\"180\"><\/circle>\n        <\/g>\n    <\/g>\n<\/svg>\n            <div class=\"content-wrap\">\n                <h2>Encuentre a su distribuidor local<\/h2>\n<p>Descubra c\u00f3mo la tecnolog\u00eda <strong>DOSC<\/strong>, integrada en el espacio de nuestra <strong>gama de tamizadoras Slimline<\/strong>, puede transformar sus operaciones.<\/p>\n<p>\u00a1Consulte sus necesidades con su distribuidor local hoy mismo!<\/p>\n            <\/div>\n            <div class=\"btn-wrap\">\n                <a href=\"https:\/\/www.farleygreene.com\/es\/distribuidores\/\" class=\"btn-arrow\">Encontrar un distribuidor<\/a>                <a href=\"https:\/\/www.farleygreene.com\/es\/contacto\/\" class=\"button alt-white\">Contacto<\/a>            <\/div>        <\/div>\n    <\/div>\n<\/section>\n","protected":false},"excerpt":{"rendered":"","protected":false},"author":3,"featured_media":0,"parent":0,"menu_order":0,"comment_status":"closed","ping_status":"closed","template":"","meta":{"_acf_changed":false,"footnotes":""},"class_list":["post-14083","page","type-page","status-publish","hentry"],"acf":[],"yoast_head":"<!-- This site is optimized with the Yoast SEO plugin v27.2 - https:\/\/yoast.com\/product\/yoast-seo-wordpress\/ -->\n<title>Sievmaster DOSC - Farleygreene Sieving Equipment and Technologies<\/title>\n<meta name=\"robots\" content=\"index, follow, max-snippet:-1, max-image-preview:large, max-video-preview:-1\" \/>\n<link rel=\"canonical\" href=\"https:\/\/www.farleygreene.com\/es\/el-dosc\/\" \/>\n<meta property=\"og:locale\" content=\"es_ES\" \/>\n<meta property=\"og:type\" content=\"article\" \/>\n<meta property=\"og:title\" content=\"Sievmaster DOSC - Farleygreene Sieving Equipment and Technologies\" \/>\n<meta property=\"og:url\" content=\"https:\/\/www.farleygreene.com\/es\/el-dosc\/\" \/>\n<meta property=\"og:site_name\" content=\"Farleygreene Sieving Equipment and Technologies\" \/>\n<meta property=\"article:modified_time\" content=\"2025-04-08T10:38:38+00:00\" \/>\n<meta name=\"twitter:card\" content=\"summary_large_image\" \/>\n<meta name=\"twitter:label1\" content=\"Tiempo de lectura\" \/>\n\t<meta name=\"twitter:data1\" content=\"4 minuto\" \/>\n<script type=\"application\/ld+json\" class=\"yoast-schema-graph\">{\"@context\":\"https:\/\/schema.org\",\"@graph\":[{\"@type\":\"WebPage\",\"@id\":\"https:\/\/www.farleygreene.com\/es\/el-dosc\/\",\"url\":\"https:\/\/www.farleygreene.com\/es\/el-dosc\/\",\"name\":\"Sievmaster DOSC - Farleygreene Sieving Equipment and Technologies\",\"isPartOf\":{\"@id\":\"https:\/\/www.farleygreene.com\/es\/#website\"},\"datePublished\":\"2025-04-08T10:26:51+00:00\",\"dateModified\":\"2025-04-08T10:38:38+00:00\",\"breadcrumb\":{\"@id\":\"https:\/\/www.farleygreene.com\/es\/el-dosc\/#breadcrumb\"},\"inLanguage\":\"es\",\"potentialAction\":[{\"@type\":\"ReadAction\",\"target\":[\"https:\/\/www.farleygreene.com\/es\/el-dosc\/\"]}]},{\"@type\":\"BreadcrumbList\",\"@id\":\"https:\/\/www.farleygreene.com\/es\/el-dosc\/#breadcrumb\",\"itemListElement\":[{\"@type\":\"ListItem\",\"position\":1,\"name\":\"Home\",\"item\":\"https:\/\/www.farleygreene.com\/es\/\"},{\"@type\":\"ListItem\",\"position\":2,\"name\":\"Sievmaster DOSC\"}]},{\"@type\":\"WebSite\",\"@id\":\"https:\/\/www.farleygreene.com\/es\/#website\",\"url\":\"https:\/\/www.farleygreene.com\/es\/\",\"name\":\"Farleygreene Sieving Equipment and Technologies\",\"description\":\"Industrial sieves, screeners and separators\",\"publisher\":{\"@id\":\"https:\/\/www.farleygreene.com\/es\/#organization\"},\"alternateName\":\"Farleygreene\",\"potentialAction\":[{\"@type\":\"SearchAction\",\"target\":{\"@type\":\"EntryPoint\",\"urlTemplate\":\"https:\/\/www.farleygreene.com\/es\/?s={search_term_string}\"},\"query-input\":{\"@type\":\"PropertyValueSpecification\",\"valueRequired\":true,\"valueName\":\"search_term_string\"}}],\"inLanguage\":\"es\"},{\"@type\":\"Organization\",\"@id\":\"https:\/\/www.farleygreene.com\/es\/#organization\",\"name\":\"Farleygreene\",\"url\":\"https:\/\/www.farleygreene.com\/es\/\",\"logo\":{\"@type\":\"ImageObject\",\"inLanguage\":\"es\",\"@id\":\"https:\/\/www.farleygreene.com\/es\/#\/schema\/logo\/image\/\",\"url\":\"https:\/\/www.farleygreene.com\/wp-content\/uploads\/2021\/12\/logo.svg\",\"contentUrl\":\"https:\/\/www.farleygreene.com\/wp-content\/uploads\/2021\/12\/logo.svg\",\"width\":348,\"height\":52,\"caption\":\"Farleygreene\"},\"image\":{\"@id\":\"https:\/\/www.farleygreene.com\/es\/#\/schema\/logo\/image\/\"},\"sameAs\":[\"https:\/\/www.linkedin.com\/company\/farleygreene-limited\/\",\"https:\/\/www.youtube.com\/user\/farleygreene\"]}]}<\/script>\n<!-- \/ Yoast SEO plugin. -->","yoast_head_json":{"title":"Sievmaster DOSC - Farleygreene Sieving Equipment and Technologies","robots":{"index":"index","follow":"follow","max-snippet":"max-snippet:-1","max-image-preview":"max-image-preview:large","max-video-preview":"max-video-preview:-1"},"canonical":"https:\/\/www.farleygreene.com\/es\/el-dosc\/","og_locale":"es_ES","og_type":"article","og_title":"Sievmaster DOSC - Farleygreene Sieving Equipment and Technologies","og_url":"https:\/\/www.farleygreene.com\/es\/el-dosc\/","og_site_name":"Farleygreene Sieving Equipment and Technologies","article_modified_time":"2025-04-08T10:38:38+00:00","twitter_card":"summary_large_image","twitter_misc":{"Tiempo de lectura":"4 minuto"},"schema":{"@context":"https:\/\/schema.org","@graph":[{"@type":"WebPage","@id":"https:\/\/www.farleygreene.com\/es\/el-dosc\/","url":"https:\/\/www.farleygreene.com\/es\/el-dosc\/","name":"Sievmaster DOSC - Farleygreene Sieving Equipment and Technologies","isPartOf":{"@id":"https:\/\/www.farleygreene.com\/es\/#website"},"datePublished":"2025-04-08T10:26:51+00:00","dateModified":"2025-04-08T10:38:38+00:00","breadcrumb":{"@id":"https:\/\/www.farleygreene.com\/es\/el-dosc\/#breadcrumb"},"inLanguage":"es","potentialAction":[{"@type":"ReadAction","target":["https:\/\/www.farleygreene.com\/es\/el-dosc\/"]}]},{"@type":"BreadcrumbList","@id":"https:\/\/www.farleygreene.com\/es\/el-dosc\/#breadcrumb","itemListElement":[{"@type":"ListItem","position":1,"name":"Home","item":"https:\/\/www.farleygreene.com\/es\/"},{"@type":"ListItem","position":2,"name":"Sievmaster DOSC"}]},{"@type":"WebSite","@id":"https:\/\/www.farleygreene.com\/es\/#website","url":"https:\/\/www.farleygreene.com\/es\/","name":"Farleygreene Sieving Equipment and Technologies","description":"Industrial sieves, screeners and separators","publisher":{"@id":"https:\/\/www.farleygreene.com\/es\/#organization"},"alternateName":"Farleygreene","potentialAction":[{"@type":"SearchAction","target":{"@type":"EntryPoint","urlTemplate":"https:\/\/www.farleygreene.com\/es\/?s={search_term_string}"},"query-input":{"@type":"PropertyValueSpecification","valueRequired":true,"valueName":"search_term_string"}}],"inLanguage":"es"},{"@type":"Organization","@id":"https:\/\/www.farleygreene.com\/es\/#organization","name":"Farleygreene","url":"https:\/\/www.farleygreene.com\/es\/","logo":{"@type":"ImageObject","inLanguage":"es","@id":"https:\/\/www.farleygreene.com\/es\/#\/schema\/logo\/image\/","url":"https:\/\/www.farleygreene.com\/wp-content\/uploads\/2021\/12\/logo.svg","contentUrl":"https:\/\/www.farleygreene.com\/wp-content\/uploads\/2021\/12\/logo.svg","width":348,"height":52,"caption":"Farleygreene"},"image":{"@id":"https:\/\/www.farleygreene.com\/es\/#\/schema\/logo\/image\/"},"sameAs":["https:\/\/www.linkedin.com\/company\/farleygreene-limited\/","https:\/\/www.youtube.com\/user\/farleygreene"]}]}},"_links":{"self":[{"href":"https:\/\/www.farleygreene.com\/es\/wp-json\/wp\/v2\/pages\/14083","targetHints":{"allow":["GET"]}}],"collection":[{"href":"https:\/\/www.farleygreene.com\/es\/wp-json\/wp\/v2\/pages"}],"about":[{"href":"https:\/\/www.farleygreene.com\/es\/wp-json\/wp\/v2\/types\/page"}],"author":[{"embeddable":true,"href":"https:\/\/www.farleygreene.com\/es\/wp-json\/wp\/v2\/users\/3"}],"replies":[{"embeddable":true,"href":"https:\/\/www.farleygreene.com\/es\/wp-json\/wp\/v2\/comments?post=14083"}],"version-history":[{"count":5,"href":"https:\/\/www.farleygreene.com\/es\/wp-json\/wp\/v2\/pages\/14083\/revisions"}],"predecessor-version":[{"id":14092,"href":"https:\/\/www.farleygreene.com\/es\/wp-json\/wp\/v2\/pages\/14083\/revisions\/14092"}],"wp:attachment":[{"href":"https:\/\/www.farleygreene.com\/es\/wp-json\/wp\/v2\/media?parent=14083"}],"curies":[{"name":"wp","href":"https:\/\/api.w.org\/{rel}","templated":true}]}}