{"id":14101,"date":"2025-04-08T16:10:46","date_gmt":"2025-04-08T15:10:46","guid":{"rendered":"https:\/\/www.farleygreene.com\/?page_id=14101"},"modified":"2026-01-15T08:34:10","modified_gmt":"2026-01-15T08:34:10","slug":"sievmaster-bosc","status":"publish","type":"page","link":"https:\/\/www.farleygreene.com\/es\/sievmaster-bosc\/","title":{"rendered":"Sievmaster BOSC"},"content":{"rendered":"\n\n<section data-aos=\"fade-in\" class=\"hero-page has-product-img\">\n    <div class=\"container\">\n        <p id=\"breadcrumbs\"><span><span><a href=\"https:\/\/www.farleygreene.com\/es\/\">Home<\/a><\/span><\/span><\/p>        <div class=\"content-wrap \">\n        <div class=\"product-img mobile\"><img decoding=\"async\" src=\"https:\/\/www.farleygreene.com\/wp-content\/uploads\/2024\/10\/BOSC-Logo-white-background.png\" alt=\"\"><\/div>            <h1>Sievmaster BOSC<\/h1>\n<p>El Balloon Oversize Control <strong>(BOSC)<\/strong> para la gama de productos Slimline est\u00e1 dise\u00f1ado como una soluci\u00f3n f\u00e1cil de integrar que puede instalarse dentro del espacio ocupado por la m\u00e1quina Slimline original.<\/p>\n        <\/div>\n            <\/div>\n    <div class=\"hero-page-img\">\n        <div class=\"img-wrap\">\n            <div class=\"product-img\"><img decoding=\"async\" src=\"https:\/\/www.farleygreene.com\/wp-content\/uploads\/2024\/10\/BOSC-Logo-white-background.png\" alt=\"\"><\/div>            <div class=\"circle-wrap\">\n                <div class=\"img bg-cover\" style=\"background-image:url(https:\/\/www.farleygreene.com\/wp-content\/uploads\/2024\/09\/SM550-FF-L-BOSC-RENDER-MODEL.png);\"><\/div>\n                <div class=\"overlay\"><\/div>\n            <\/div>\n        <\/div>\n    <\/div>\n<\/section>\n\n\n<section class=\"text-block\">\n    <div data-aos=\"fade-up\" class=\"container\">\n        <div class=\"content-wrap\">\n            <p style=\"text-align: center;\"><span class=\"intro-text\">\u00bfQu\u00e9 es el BOSC?<\/span><\/p>\n<p style=\"text-align: center;\">Utiliza un globo de silicona de forma especial que se expande para crear un sello entre la salida de sobremedida y la rejilla de malla. El BOSC es f\u00e1cil de usar, requiere poco mantenimiento y est\u00e1 dise\u00f1ado teniendo especialmente en cuenta las industrias alimentaria, farmac\u00e9utica y otras industrias preocupadas por la higiene. El BOSC funciona m\u00e1s eficazmente en l\u00edneas de proceso que tamizan el producto continuamente.<\/p>\n<p style=\"text-align: center;\">Esta opci\u00f3n puede aumentar sustancialmente el rendimiento de una m\u00e1quina al utilizar toda la superficie de malla sin que el producto fino sea rechazado de forma indeseable por la salida de sobremedida. La opci\u00f3n BOSC destaca en instalaciones con espacio limitado, proporcionando una mayor eficiencia all\u00ed donde las m\u00e1quinas m\u00e1s grandes no son una opci\u00f3n.<\/p>\n<p style=\"text-align: center;\"><a href=\"https:\/\/vimeo.com\/749553808\" target=\"_blank\" rel=\"noopener\"><strong>Ver el v\u00eddeo del producto<\/strong><\/a><\/p>\n        <\/div>\n    <\/div>\n<\/section>\n\n\n<section class=\"service\">\n    <div data-aos=\"fade-up\" class=\"container\">\n        <div class=\"flex-wrap\">\n            <div class=\"col-2 col-content\">\n                <div class=\"service__content\">\n                    <div class=\"content-wrap\">\n                        <h2><em>C\u00f3mo<\/em> funciona.<\/h2>\n                    <\/div>\n                                        <div class=\"service__img mobile\">\n                        <div class=\"img bg-cover\" style=\"background-image:url(https:\/\/www.farleygreene.com\/wp-content\/uploads\/2024\/09\/BOSC-Thumbnail.png);\"><\/div>\n                    <\/div>\n                                        <div class=\"content-wrap\">\n                        <p>El globo se llena mediante una manguera neum\u00e1tica flexible apta para alimentos hasta +200 mbarg, creando un sello entre la salida y el tamiz de malla, deteniendo el flujo de producto desde la salida de sobretama\u00f1o del tamiz.<\/p>\n<p>El resultado es un control mucho m\u00e1s eficaz de la cantidad de producto bueno que sale de la m\u00e1quina.<\/p>\n                    <\/div>\n                <\/div>\n            <\/div>\n            <div class=\"col-2 col-img\">\n                                <div class=\"service__img\">\n                    <div class=\"img bg-cover\" style=\"background-image:url(https:\/\/www.farleygreene.com\/wp-content\/uploads\/2024\/09\/BOSC-Thumbnail.png);\"><\/div>\n                <\/div>\n                            <\/div>\n        <\/div>\n    <\/div>\n<\/section>\n\n\n<section class=\"check-list\">\n    <div data-aos=\"fade-up\" class=\"container\">\n        <div class=\"check-list-content\">\n            <h3><em>Caracter\u00edsticas y ventajas<\/em><\/h3>\n<ul>\n<li class=\"p1\">El BOSC controla la cantidad de \u00abproducto bueno\u00bb que se expulsa por la salida de sobremedida del tamiz<\/li>\n<li class=\"p1\">Adecuado para aplicaciones secas y l\u00edquidas. Retiene hasta 130 mm de agua + 200 mbarg<\/li>\n<li class=\"p1\">Puerto de visi\u00f3n clara: para facilitar la inspecci\u00f3n sin necesidad de desmontarlo<\/li>\n<li class=\"p1\">F\u00e1cil de limpiar, se puede extraer sin herramientas desde el exterior de la galer\u00eda del tamiz<\/li>\n<li class=\"p1\">Disponible en silicona blanca o azul metal detectable Grado alimentario certificado CE 1935\/2004<\/li>\n<li class=\"p2\">Opci\u00f3n de control autom\u00e1tico disponible<\/li>\n<\/ul>\n        <\/div>\n        <div class=\"btn-wrap\">\n            <button class=\"button\">View All Spares<\/button>\n        <\/div>\n    <\/div>\n<\/section>\n\n\n<section class=\"service\">\n    <div data-aos=\"fade-up\" class=\"container\">\n        <div class=\"flex-wrap\">\n            <div class=\"col-2 col-content\">\n                <div class=\"service__content\">\n                    <div class=\"content-wrap\">\n                        <h2><em>Retorno<\/em> de la inversi\u00f3n<\/h2>\n                    <\/div>\n                                        <div class=\"service__img mobile\">\n                        <div class=\"img bg-cover\" style=\"background-image:url(https:\/\/www.farleygreene.com\/wp-content\/uploads\/2024\/09\/SM550-FF-L-BOSC-RENDER-MODEL.png);\"><\/div>\n                    <\/div>\n                                        <div class=\"content-wrap\">\n                        <p>En una aplicaci\u00f3n Slimline t\u00edpica, la eficacia del tamizado aument\u00f3 del <strong>99,7% al 100%*.<\/strong><\/p>\n<p class=\"p1\"><em>*Dependiendo de la aplicaci\u00f3n. Utilizamos un entorno de producci\u00f3n real de pruebas con un socio industrial, tamizando productos alimenticios comunes como leche en polvo, harina, az\u00facar, maltodextrina y caf\u00e9.<\/em><\/p>\n<p><img loading=\"lazy\" decoding=\"async\" class=\"alignnone size-medium wp-image-13652\" src=\"https:\/\/www.farleygreene.com\/wp-content\/uploads\/2024\/09\/Screenshot-2024-09-26-at-17.54.15-300x78.png\" alt=\"Tabla del rendimiento de la inversi\u00f3n\" width=\"300\" height=\"78\" srcset=\"https:\/\/www.farleygreene.com\/wp-content\/uploads\/2024\/09\/Screenshot-2024-09-26-at-17.54.15-300x78.png 300w, https:\/\/www.farleygreene.com\/wp-content\/uploads\/2024\/09\/Screenshot-2024-09-26-at-17.54.15-768x200.png 768w, https:\/\/www.farleygreene.com\/wp-content\/uploads\/2024\/09\/Screenshot-2024-09-26-at-17.54.15.png 862w\" sizes=\"auto, (max-width: 300px) 100vw, 300px\" \/><\/p>\n<p>\u00a1Esto equivale a recuperar tu inversi\u00f3n en s\u00f3lo 15 d\u00edas!<\/p>\n<p>(Las cifras se basan en una actualizaci\u00f3n a partir de una opci\u00f3n de sobredimensionamiento manual que procesa 1 \u00a3\/kg de producto a 1000 kg\/h &#8211; sin sistema de control incluido &#8211; s\u00f3lo m\u00e1quinas nuevas).<\/p>\n                    <\/div>\n                <\/div>\n            <\/div>\n            <div class=\"col-2 col-img\">\n                                <div class=\"service__img\">\n                    <div class=\"img bg-cover\" style=\"background-image:url(https:\/\/www.farleygreene.com\/wp-content\/uploads\/2024\/09\/SM550-FF-L-BOSC-RENDER-MODEL.png);\"><\/div>\n                <\/div>\n                            <\/div>\n        <\/div>\n    <\/div>\n<\/section>\n\n\n<section class=\"cta\">\n    <div data-aos=\"fade-up\" class=\"container\">\n        <div class=\"cta-block\">\n        <svg width=\"1355px\" height=\"812px\" viewBox=\"0 0 1355 812\" version=\"1.1\" xmlns=\"http:\/\/www.w3.org\/2000\/svg\" xmlns:xlink=\"http:\/\/www.w3.org\/1999\/xlink\">\n    <title>Group<\/title>\n    <g id=\"Symbols\" stroke=\"none\" stroke-width=\"1\" fill=\"none\" fill-rule=\"evenodd\">\n        <g id=\"Group\" transform=\"translate(6.000000, -0.000000)\">\n            <path d=\"M967,629.066726 C967,783.334247 842.3548,908.876341 688.996392,908.876341 C535.724578,908.876341 411.079378,783.334247 411.079378,629.066726 C411.079378,538.053247 454.412582,457.091851 521.414879,405.996182 C452.413698,353.687581 411,271.520516 411,182.678694 C411,28.4111731 535.724578,-97.1236586 688.996392,-97.1236586 C842.3548,-97.1236586 967,28.4111731 967,182.678694 C967,271.520516 925.66568,353.687581 856.585121,405.996182 C923.666796,457.091851 967,538.053247 967,629.066726 Z M912.663806,629.637122 C912.663806,505.557254 812.193829,404.637122 688.660194,404.637122 C565.213264,404.637122 464.663806,505.557254 464.663806,629.637122 C464.663806,753.716991 565.213264,854.637122 688.660194,854.637122 C812.193829,854.637122 912.663806,753.716991 912.663806,629.637122 Z M912.566049,183.12695 C912.566049,59.1049605 812.096072,-41.7680954 688.562437,-41.7680954 C565.115507,-41.7680954 464.566049,59.1049605 464.566049,183.12695 C464.566049,262.142364 505.476586,334.563487 572.080847,375.231905 C607.550615,358.677261 647.01606,349.507643 688.562437,349.507643 C730.195519,349.507643 769.660964,358.75706 805.130732,375.231905 C871.734993,334.563487 912.566049,262.142364 912.566049,183.12695 Z\" id=\"Shape\" fill=\"#599B9B\" opacity=\"0.339214018\" transform=\"translate(689.000000, 405.876341) rotate(106.000000) translate(-689.000000, -405.876341) \"><\/path>\n            <circle id=\"Oval1\" stroke=\"#F49B52\" stroke-width=\"12\" cx=\"1163\" cy=\"245.876341\" r=\"180\"><\/circle>\n            <circle id=\"Oval2\" stroke=\"#F49B52\" stroke-width=\"12\" cx=\"180\" cy=\"565.876341\" r=\"180\"><\/circle>\n        <\/g>\n    <\/g>\n<\/svg>\n            <div class=\"content-wrap\">\n                <h2>\u00bfBuscas m\u00e1s informaci\u00f3n?<\/h2>\n<p>M\u00e1s informaci\u00f3n sobre el <strong>Sievmaster BOSC<\/strong>, la opci\u00f3n de control de salida para la <strong>gama Sievmaster Slimline<\/strong>, en nuestro PDF descargable.<\/p>\n            <\/div>\n            <div class=\"btn-wrap\">\n                <a href=\"https:\/\/www.farleygreene.com\/wp-content\/uploads\/2022\/09\/Sievmaster-BOSC-DOSC-Outlet-Options-06-25.pdf\" class=\"btn-arrow\">Download brochure<\/a>                <a href=\"\/contact-us\/\" class=\"button alt-white\">Contact Us<\/a>            <\/div>        <\/div>\n    <\/div>\n<\/section>\n","protected":false},"excerpt":{"rendered":"","protected":false},"author":9,"featured_media":0,"parent":0,"menu_order":0,"comment_status":"closed","ping_status":"closed","template":"","meta":{"_acf_changed":false,"footnotes":""},"class_list":["post-14101","page","type-page","status-publish","hentry"],"acf":[],"yoast_head":"<!-- This site is optimized with the Yoast SEO plugin v27.4 - https:\/\/yoast.com\/product\/yoast-seo-wordpress\/ -->\n<title>Sievmaster BOSC - Farleygreene Sieving Equipment and Technologies<\/title>\n<meta name=\"description\" content=\"La Conversi\u00f3n de Sobredimensionamiento de Bal\u00f3n (BOSC) de Sievmaster para la gama de productos Slimline est\u00e1 dise\u00f1ada como una soluci\u00f3n f\u00e1cil de integrar.\" \/>\n<meta name=\"robots\" content=\"index, follow, max-snippet:-1, max-image-preview:large, max-video-preview:-1\" \/>\n<link rel=\"canonical\" href=\"https:\/\/www.farleygreene.com\/es\/sievmaster-bosc\/\" \/>\n<meta property=\"og:locale\" content=\"es_ES\" \/>\n<meta property=\"og:type\" content=\"article\" \/>\n<meta property=\"og:title\" content=\"Sievmaster BOSC - Farleygreene Sieving Equipment and Technologies\" \/>\n<meta property=\"og:description\" content=\"La Conversi\u00f3n de Sobredimensionamiento de Bal\u00f3n (BOSC) de Sievmaster para la gama de productos Slimline est\u00e1 dise\u00f1ada como una soluci\u00f3n f\u00e1cil de integrar.\" \/>\n<meta property=\"og:url\" content=\"https:\/\/www.farleygreene.com\/es\/sievmaster-bosc\/\" \/>\n<meta property=\"og:site_name\" content=\"Farleygreene Sieving Equipment and Technologies\" \/>\n<meta property=\"article:modified_time\" content=\"2026-01-15T08:34:10+00:00\" \/>\n<meta name=\"twitter:card\" content=\"summary_large_image\" \/>\n<meta name=\"twitter:label1\" content=\"Tiempo de lectura\" \/>\n\t<meta name=\"twitter:data1\" content=\"3 minuto\" \/>\n<script type=\"application\/ld+json\" class=\"yoast-schema-graph\">{\"@context\":\"https:\\\/\\\/schema.org\",\"@graph\":[{\"@type\":\"WebPage\",\"@id\":\"https:\\\/\\\/www.farleygreene.com\\\/es\\\/sievmaster-bosc\\\/\",\"url\":\"https:\\\/\\\/www.farleygreene.com\\\/es\\\/sievmaster-bosc\\\/\",\"name\":\"Sievmaster BOSC - Farleygreene Sieving Equipment and Technologies\",\"isPartOf\":{\"@id\":\"https:\\\/\\\/www.farleygreene.com\\\/es\\\/#website\"},\"datePublished\":\"2025-04-08T15:10:46+00:00\",\"dateModified\":\"2026-01-15T08:34:10+00:00\",\"description\":\"La Conversi\u00f3n de Sobredimensionamiento de Bal\u00f3n (BOSC) de Sievmaster para la gama de productos Slimline est\u00e1 dise\u00f1ada como una soluci\u00f3n f\u00e1cil de integrar.\",\"breadcrumb\":{\"@id\":\"https:\\\/\\\/www.farleygreene.com\\\/es\\\/sievmaster-bosc\\\/#breadcrumb\"},\"inLanguage\":\"es\",\"potentialAction\":[{\"@type\":\"ReadAction\",\"target\":[\"https:\\\/\\\/www.farleygreene.com\\\/es\\\/sievmaster-bosc\\\/\"]}]},{\"@type\":\"BreadcrumbList\",\"@id\":\"https:\\\/\\\/www.farleygreene.com\\\/es\\\/sievmaster-bosc\\\/#breadcrumb\",\"itemListElement\":[{\"@type\":\"ListItem\",\"position\":1,\"name\":\"Home\",\"item\":\"https:\\\/\\\/www.farleygreene.com\\\/es\\\/\"},{\"@type\":\"ListItem\",\"position\":2,\"name\":\"Sievmaster BOSC\"}]},{\"@type\":\"WebSite\",\"@id\":\"https:\\\/\\\/www.farleygreene.com\\\/es\\\/#website\",\"url\":\"https:\\\/\\\/www.farleygreene.com\\\/es\\\/\",\"name\":\"Farleygreene Sieving Equipment and Technologies\",\"description\":\"Industrial sieves, screeners and separators\",\"publisher\":{\"@id\":\"https:\\\/\\\/www.farleygreene.com\\\/es\\\/#organization\"},\"alternateName\":\"Farleygreene\",\"potentialAction\":[{\"@type\":\"SearchAction\",\"target\":{\"@type\":\"EntryPoint\",\"urlTemplate\":\"https:\\\/\\\/www.farleygreene.com\\\/es\\\/?s={search_term_string}\"},\"query-input\":{\"@type\":\"PropertyValueSpecification\",\"valueRequired\":true,\"valueName\":\"search_term_string\"}}],\"inLanguage\":\"es\"},{\"@type\":\"Organization\",\"@id\":\"https:\\\/\\\/www.farleygreene.com\\\/es\\\/#organization\",\"name\":\"Farleygreene\",\"url\":\"https:\\\/\\\/www.farleygreene.com\\\/es\\\/\",\"logo\":{\"@type\":\"ImageObject\",\"inLanguage\":\"es\",\"@id\":\"https:\\\/\\\/www.farleygreene.com\\\/es\\\/#\\\/schema\\\/logo\\\/image\\\/\",\"url\":\"https:\\\/\\\/www.farleygreene.com\\\/wp-content\\\/uploads\\\/2021\\\/12\\\/logo.svg\",\"contentUrl\":\"https:\\\/\\\/www.farleygreene.com\\\/wp-content\\\/uploads\\\/2021\\\/12\\\/logo.svg\",\"width\":348,\"height\":52,\"caption\":\"Farleygreene\"},\"image\":{\"@id\":\"https:\\\/\\\/www.farleygreene.com\\\/es\\\/#\\\/schema\\\/logo\\\/image\\\/\"},\"sameAs\":[\"https:\\\/\\\/www.linkedin.com\\\/company\\\/farleygreene-limited\\\/\",\"https:\\\/\\\/www.youtube.com\\\/user\\\/farleygreene\"]}]}<\/script>\n<!-- \/ Yoast SEO plugin. -->","yoast_head_json":{"title":"Sievmaster BOSC - Farleygreene Sieving Equipment and Technologies","description":"La Conversi\u00f3n de Sobredimensionamiento de Bal\u00f3n (BOSC) de Sievmaster para la gama de productos Slimline est\u00e1 dise\u00f1ada como una soluci\u00f3n f\u00e1cil de integrar.","robots":{"index":"index","follow":"follow","max-snippet":"max-snippet:-1","max-image-preview":"max-image-preview:large","max-video-preview":"max-video-preview:-1"},"canonical":"https:\/\/www.farleygreene.com\/es\/sievmaster-bosc\/","og_locale":"es_ES","og_type":"article","og_title":"Sievmaster BOSC - Farleygreene Sieving Equipment and Technologies","og_description":"La Conversi\u00f3n de Sobredimensionamiento de Bal\u00f3n (BOSC) de Sievmaster para la gama de productos Slimline est\u00e1 dise\u00f1ada como una soluci\u00f3n f\u00e1cil de integrar.","og_url":"https:\/\/www.farleygreene.com\/es\/sievmaster-bosc\/","og_site_name":"Farleygreene Sieving Equipment and Technologies","article_modified_time":"2026-01-15T08:34:10+00:00","twitter_card":"summary_large_image","twitter_misc":{"Tiempo de lectura":"3 minuto"},"schema":{"@context":"https:\/\/schema.org","@graph":[{"@type":"WebPage","@id":"https:\/\/www.farleygreene.com\/es\/sievmaster-bosc\/","url":"https:\/\/www.farleygreene.com\/es\/sievmaster-bosc\/","name":"Sievmaster BOSC - Farleygreene Sieving Equipment and Technologies","isPartOf":{"@id":"https:\/\/www.farleygreene.com\/es\/#website"},"datePublished":"2025-04-08T15:10:46+00:00","dateModified":"2026-01-15T08:34:10+00:00","description":"La Conversi\u00f3n de Sobredimensionamiento de Bal\u00f3n (BOSC) de Sievmaster para la gama de productos Slimline est\u00e1 dise\u00f1ada como una soluci\u00f3n f\u00e1cil de integrar.","breadcrumb":{"@id":"https:\/\/www.farleygreene.com\/es\/sievmaster-bosc\/#breadcrumb"},"inLanguage":"es","potentialAction":[{"@type":"ReadAction","target":["https:\/\/www.farleygreene.com\/es\/sievmaster-bosc\/"]}]},{"@type":"BreadcrumbList","@id":"https:\/\/www.farleygreene.com\/es\/sievmaster-bosc\/#breadcrumb","itemListElement":[{"@type":"ListItem","position":1,"name":"Home","item":"https:\/\/www.farleygreene.com\/es\/"},{"@type":"ListItem","position":2,"name":"Sievmaster BOSC"}]},{"@type":"WebSite","@id":"https:\/\/www.farleygreene.com\/es\/#website","url":"https:\/\/www.farleygreene.com\/es\/","name":"Farleygreene Sieving Equipment and Technologies","description":"Industrial sieves, screeners and separators","publisher":{"@id":"https:\/\/www.farleygreene.com\/es\/#organization"},"alternateName":"Farleygreene","potentialAction":[{"@type":"SearchAction","target":{"@type":"EntryPoint","urlTemplate":"https:\/\/www.farleygreene.com\/es\/?s={search_term_string}"},"query-input":{"@type":"PropertyValueSpecification","valueRequired":true,"valueName":"search_term_string"}}],"inLanguage":"es"},{"@type":"Organization","@id":"https:\/\/www.farleygreene.com\/es\/#organization","name":"Farleygreene","url":"https:\/\/www.farleygreene.com\/es\/","logo":{"@type":"ImageObject","inLanguage":"es","@id":"https:\/\/www.farleygreene.com\/es\/#\/schema\/logo\/image\/","url":"https:\/\/www.farleygreene.com\/wp-content\/uploads\/2021\/12\/logo.svg","contentUrl":"https:\/\/www.farleygreene.com\/wp-content\/uploads\/2021\/12\/logo.svg","width":348,"height":52,"caption":"Farleygreene"},"image":{"@id":"https:\/\/www.farleygreene.com\/es\/#\/schema\/logo\/image\/"},"sameAs":["https:\/\/www.linkedin.com\/company\/farleygreene-limited\/","https:\/\/www.youtube.com\/user\/farleygreene"]}]}},"_links":{"self":[{"href":"https:\/\/www.farleygreene.com\/es\/wp-json\/wp\/v2\/pages\/14101","targetHints":{"allow":["GET"]}}],"collection":[{"href":"https:\/\/www.farleygreene.com\/es\/wp-json\/wp\/v2\/pages"}],"about":[{"href":"https:\/\/www.farleygreene.com\/es\/wp-json\/wp\/v2\/types\/page"}],"author":[{"embeddable":true,"href":"https:\/\/www.farleygreene.com\/es\/wp-json\/wp\/v2\/users\/9"}],"replies":[{"embeddable":true,"href":"https:\/\/www.farleygreene.com\/es\/wp-json\/wp\/v2\/comments?post=14101"}],"version-history":[{"count":3,"href":"https:\/\/www.farleygreene.com\/es\/wp-json\/wp\/v2\/pages\/14101\/revisions"}],"predecessor-version":[{"id":16008,"href":"https:\/\/www.farleygreene.com\/es\/wp-json\/wp\/v2\/pages\/14101\/revisions\/16008"}],"wp:attachment":[{"href":"https:\/\/www.farleygreene.com\/es\/wp-json\/wp\/v2\/media?parent=14101"}],"curies":[{"name":"wp","href":"https:\/\/api.w.org\/{rel}","templated":true}]}}