{"id":15598,"date":"2022-01-05T14:39:22","date_gmt":"2022-01-05T14:39:22","guid":{"rendered":"https:\/\/www.farleygreene.com\/terms-conditions\/"},"modified":"2026-04-23T10:06:17","modified_gmt":"2026-04-23T09:06:17","slug":"terms-conditions","status":"publish","type":"page","link":"https:\/\/www.farleygreene.com\/es\/terms-conditions\/","title":{"rendered":"Condiciones generales"},"content":{"rendered":"\n<div style=\"height:100px\" aria-hidden=\"true\" class=\"wp-block-spacer\"><\/div>\n\n<h2 class=\"wp-block-heading\"><strong>Condiciones generales<\/strong><\/h2>\n\n<p><strong>1. Introducci\u00f3n<\/strong><\/p>\n\n<p>Estos T\u00e9rminos y Condiciones rigen tu uso de este sitio web. Al utilizar este sitio web, aceptas estos t\u00e9rminos en su totalidad. <\/p>\n\n<p><strong>2. Propiedad intelectual<\/strong><\/p>\n\n<p>Todo el contenido de este sitio web es propiedad de Farleygreene Ltd o de sus licenciantes y est\u00e1 protegido por las leyes de propiedad intelectual. No puedes reproducir ni distribuir el contenido sin permiso. <\/p>\n\n<p><strong>3. Uso del sitio web<\/strong><\/p>\n\n<p>Te comprometes a utilizar este sitio web \u00fanicamente con fines l\u00edcitos y de forma que no infrinjas los derechos de terceros.<\/p>\n\n<p><strong>4. Enlaces a sitios web de terceros<\/strong><\/p>\n\n<p>No somos responsables del contenido ni de las pr\u00e1cticas de los sitios web de terceros enlazados desde este sitio.<\/p>\n\n<p><strong>5. Descargo de responsabilidad<\/strong><\/p>\n\n<p>El sitio web se proporciona \u00abtal cual\u00bb. No garantizamos la exactitud, integridad o idoneidad de la informaci\u00f3n proporcionada. <\/p>\n\n<p><strong>6. Limitaci\u00f3n de responsabilidad<\/strong><\/p>\n\n<p>En la m\u00e1xima medida permitida por la ley, Farleygreene Ltd no se hace responsable de las p\u00e9rdidas o da\u00f1os resultantes del uso que hagas de este sitio web, excepto cuando la ley no nos permita limitar la responsabilidad, como en casos de negligencia que provoquen la muerte o lesiones personales.<\/p>\n\n<p><strong>7. Disponibilidad<\/strong><\/p>\n\n<p>No garantizamos que el sitio web est\u00e9 siempre disponible o libre de errores.<\/p>\n\n<p><strong>8. Cambios en las condiciones<\/strong><\/p>\n\n<p>Nos reservamos el derecho a actualizar estas Condiciones en cualquier momento.<\/p>\n\n<p><strong>9. Ley aplicable<\/strong><\/p>\n\n<p>Estos t\u00e9rminos se rigen por las leyes de Inglaterra y Gales, y las disputas estar\u00e1n sujetas a la jurisdicci\u00f3n exclusiva de los tribunales de Inglaterra y Gales.<\/p>\n\n<p><strong>10. Contacta con<\/strong><\/p>\n\n<p>Para cualquier pregunta relacionada con estas Condiciones, ponte en contacto con nosotros en: info@farleygreene.com<\/p>\n\n<div style=\"height:100px\" aria-hidden=\"true\" class=\"wp-block-spacer\"><\/div>\n\n<p><\/p>\n\n<p><\/p>\n\n<p><\/p>\n\n<p><\/p>\n\n<p style=\"font-style:normal;font-weight:700\"><\/p>\n\n<p><\/p>\n\n<p><\/p>\n\n<p><\/p>\n","protected":false},"excerpt":{"rendered":"<p>Condiciones generales 1. Introducci\u00f3n Estos T\u00e9rminos y Condiciones rigen tu uso de este sitio web. Al utilizar este sitio web, aceptas estos t\u00e9rminos en su totalidad. 2. Propiedad intelectual Todo el contenido de este sitio web es propiedad de Farleygreene Ltd o de sus licenciantes y est\u00e1 protegido por las leyes de propiedad intelectual. No [&hellip;]<\/p>\n","protected":false},"author":9,"featured_media":0,"parent":0,"menu_order":0,"comment_status":"closed","ping_status":"closed","template":"","meta":{"_acf_changed":false,"footnotes":""},"class_list":["post-15598","page","type-page","status-publish","hentry"],"acf":[],"yoast_head":"<!-- This site is optimized with the Yoast SEO plugin v27.5 - https:\/\/yoast.com\/product\/yoast-seo-wordpress\/ -->\n<title>Condiciones generales - Farleygreene Sieving Equipment and Technologies<\/title>\n<meta name=\"robots\" content=\"index, follow, max-snippet:-1, max-image-preview:large, max-video-preview:-1\" \/>\n<link rel=\"canonical\" href=\"https:\/\/www.farleygreene.com\/es\/terms-conditions\/\" \/>\n<meta property=\"og:locale\" content=\"es_ES\" \/>\n<meta property=\"og:type\" content=\"article\" \/>\n<meta property=\"og:title\" content=\"Condiciones generales - Farleygreene Sieving Equipment and Technologies\" \/>\n<meta property=\"og:description\" content=\"Condiciones generales 1. Introducci\u00f3n Estos T\u00e9rminos y Condiciones rigen tu uso de este sitio web. Al utilizar este sitio web, aceptas estos t\u00e9rminos en su totalidad. 2. Propiedad intelectual Todo el contenido de este sitio web es propiedad de Farleygreene Ltd o de sus licenciantes y est\u00e1 protegido por las leyes de propiedad intelectual. No [&hellip;]\" \/>\n<meta property=\"og:url\" content=\"https:\/\/www.farleygreene.com\/es\/terms-conditions\/\" \/>\n<meta property=\"og:site_name\" content=\"Farleygreene Sieving Equipment and Technologies\" \/>\n<meta property=\"article:modified_time\" content=\"2026-04-23T09:06:17+00:00\" \/>\n<meta name=\"twitter:card\" content=\"summary_large_image\" \/>\n<meta name=\"twitter:label1\" content=\"Tiempo de lectura\" \/>\n\t<meta name=\"twitter:data1\" content=\"1 minuto\" \/>\n<script type=\"application\/ld+json\" class=\"yoast-schema-graph\">{\"@context\":\"https:\\\/\\\/schema.org\",\"@graph\":[{\"@type\":\"WebPage\",\"@id\":\"https:\\\/\\\/www.farleygreene.com\\\/es\\\/terms-conditions\\\/\",\"url\":\"https:\\\/\\\/www.farleygreene.com\\\/es\\\/terms-conditions\\\/\",\"name\":\"Condiciones generales - Farleygreene Sieving Equipment and Technologies\",\"isPartOf\":{\"@id\":\"https:\\\/\\\/www.farleygreene.com\\\/es\\\/#website\"},\"datePublished\":\"2022-01-05T14:39:22+00:00\",\"dateModified\":\"2026-04-23T09:06:17+00:00\",\"breadcrumb\":{\"@id\":\"https:\\\/\\\/www.farleygreene.com\\\/es\\\/terms-conditions\\\/#breadcrumb\"},\"inLanguage\":\"es\",\"potentialAction\":[{\"@type\":\"ReadAction\",\"target\":[\"https:\\\/\\\/www.farleygreene.com\\\/es\\\/terms-conditions\\\/\"]}]},{\"@type\":\"BreadcrumbList\",\"@id\":\"https:\\\/\\\/www.farleygreene.com\\\/es\\\/terms-conditions\\\/#breadcrumb\",\"itemListElement\":[{\"@type\":\"ListItem\",\"position\":1,\"name\":\"Home\",\"item\":\"https:\\\/\\\/www.farleygreene.com\\\/es\\\/\"},{\"@type\":\"ListItem\",\"position\":2,\"name\":\"Condiciones generales\"}]},{\"@type\":\"WebSite\",\"@id\":\"https:\\\/\\\/www.farleygreene.com\\\/es\\\/#website\",\"url\":\"https:\\\/\\\/www.farleygreene.com\\\/es\\\/\",\"name\":\"Farleygreene Sieving Equipment and Technologies\",\"description\":\"Industrial sieves, screeners and separators\",\"publisher\":{\"@id\":\"https:\\\/\\\/www.farleygreene.com\\\/es\\\/#organization\"},\"alternateName\":\"Farleygreene\",\"potentialAction\":[{\"@type\":\"SearchAction\",\"target\":{\"@type\":\"EntryPoint\",\"urlTemplate\":\"https:\\\/\\\/www.farleygreene.com\\\/es\\\/?s={search_term_string}\"},\"query-input\":{\"@type\":\"PropertyValueSpecification\",\"valueRequired\":true,\"valueName\":\"search_term_string\"}}],\"inLanguage\":\"es\"},{\"@type\":\"Organization\",\"@id\":\"https:\\\/\\\/www.farleygreene.com\\\/es\\\/#organization\",\"name\":\"Farleygreene\",\"url\":\"https:\\\/\\\/www.farleygreene.com\\\/es\\\/\",\"logo\":{\"@type\":\"ImageObject\",\"inLanguage\":\"es\",\"@id\":\"https:\\\/\\\/www.farleygreene.com\\\/es\\\/#\\\/schema\\\/logo\\\/image\\\/\",\"url\":\"https:\\\/\\\/www.farleygreene.com\\\/wp-content\\\/uploads\\\/2021\\\/12\\\/logo.svg\",\"contentUrl\":\"https:\\\/\\\/www.farleygreene.com\\\/wp-content\\\/uploads\\\/2021\\\/12\\\/logo.svg\",\"width\":348,\"height\":52,\"caption\":\"Farleygreene\"},\"image\":{\"@id\":\"https:\\\/\\\/www.farleygreene.com\\\/es\\\/#\\\/schema\\\/logo\\\/image\\\/\"},\"sameAs\":[\"https:\\\/\\\/www.linkedin.com\\\/company\\\/farleygreene-limited\\\/\",\"https:\\\/\\\/www.youtube.com\\\/user\\\/farleygreene\"]}]}<\/script>\n<!-- \/ Yoast SEO plugin. -->","yoast_head_json":{"title":"Condiciones generales - Farleygreene Sieving Equipment and Technologies","robots":{"index":"index","follow":"follow","max-snippet":"max-snippet:-1","max-image-preview":"max-image-preview:large","max-video-preview":"max-video-preview:-1"},"canonical":"https:\/\/www.farleygreene.com\/es\/terms-conditions\/","og_locale":"es_ES","og_type":"article","og_title":"Condiciones generales - Farleygreene Sieving Equipment and Technologies","og_description":"Condiciones generales 1. Introducci\u00f3n Estos T\u00e9rminos y Condiciones rigen tu uso de este sitio web. Al utilizar este sitio web, aceptas estos t\u00e9rminos en su totalidad. 2. Propiedad intelectual Todo el contenido de este sitio web es propiedad de Farleygreene Ltd o de sus licenciantes y est\u00e1 protegido por las leyes de propiedad intelectual. No [&hellip;]","og_url":"https:\/\/www.farleygreene.com\/es\/terms-conditions\/","og_site_name":"Farleygreene Sieving Equipment and Technologies","article_modified_time":"2026-04-23T09:06:17+00:00","twitter_card":"summary_large_image","twitter_misc":{"Tiempo de lectura":"1 minuto"},"schema":{"@context":"https:\/\/schema.org","@graph":[{"@type":"WebPage","@id":"https:\/\/www.farleygreene.com\/es\/terms-conditions\/","url":"https:\/\/www.farleygreene.com\/es\/terms-conditions\/","name":"Condiciones generales - Farleygreene Sieving Equipment and Technologies","isPartOf":{"@id":"https:\/\/www.farleygreene.com\/es\/#website"},"datePublished":"2022-01-05T14:39:22+00:00","dateModified":"2026-04-23T09:06:17+00:00","breadcrumb":{"@id":"https:\/\/www.farleygreene.com\/es\/terms-conditions\/#breadcrumb"},"inLanguage":"es","potentialAction":[{"@type":"ReadAction","target":["https:\/\/www.farleygreene.com\/es\/terms-conditions\/"]}]},{"@type":"BreadcrumbList","@id":"https:\/\/www.farleygreene.com\/es\/terms-conditions\/#breadcrumb","itemListElement":[{"@type":"ListItem","position":1,"name":"Home","item":"https:\/\/www.farleygreene.com\/es\/"},{"@type":"ListItem","position":2,"name":"Condiciones generales"}]},{"@type":"WebSite","@id":"https:\/\/www.farleygreene.com\/es\/#website","url":"https:\/\/www.farleygreene.com\/es\/","name":"Farleygreene Sieving Equipment and Technologies","description":"Industrial sieves, screeners and separators","publisher":{"@id":"https:\/\/www.farleygreene.com\/es\/#organization"},"alternateName":"Farleygreene","potentialAction":[{"@type":"SearchAction","target":{"@type":"EntryPoint","urlTemplate":"https:\/\/www.farleygreene.com\/es\/?s={search_term_string}"},"query-input":{"@type":"PropertyValueSpecification","valueRequired":true,"valueName":"search_term_string"}}],"inLanguage":"es"},{"@type":"Organization","@id":"https:\/\/www.farleygreene.com\/es\/#organization","name":"Farleygreene","url":"https:\/\/www.farleygreene.com\/es\/","logo":{"@type":"ImageObject","inLanguage":"es","@id":"https:\/\/www.farleygreene.com\/es\/#\/schema\/logo\/image\/","url":"https:\/\/www.farleygreene.com\/wp-content\/uploads\/2021\/12\/logo.svg","contentUrl":"https:\/\/www.farleygreene.com\/wp-content\/uploads\/2021\/12\/logo.svg","width":348,"height":52,"caption":"Farleygreene"},"image":{"@id":"https:\/\/www.farleygreene.com\/es\/#\/schema\/logo\/image\/"},"sameAs":["https:\/\/www.linkedin.com\/company\/farleygreene-limited\/","https:\/\/www.youtube.com\/user\/farleygreene"]}]}},"_links":{"self":[{"href":"https:\/\/www.farleygreene.com\/es\/wp-json\/wp\/v2\/pages\/15598","targetHints":{"allow":["GET"]}}],"collection":[{"href":"https:\/\/www.farleygreene.com\/es\/wp-json\/wp\/v2\/pages"}],"about":[{"href":"https:\/\/www.farleygreene.com\/es\/wp-json\/wp\/v2\/types\/page"}],"author":[{"embeddable":true,"href":"https:\/\/www.farleygreene.com\/es\/wp-json\/wp\/v2\/users\/9"}],"replies":[{"embeddable":true,"href":"https:\/\/www.farleygreene.com\/es\/wp-json\/wp\/v2\/comments?post=15598"}],"version-history":[{"count":3,"href":"https:\/\/www.farleygreene.com\/es\/wp-json\/wp\/v2\/pages\/15598\/revisions"}],"predecessor-version":[{"id":16465,"href":"https:\/\/www.farleygreene.com\/es\/wp-json\/wp\/v2\/pages\/15598\/revisions\/16465"}],"wp:attachment":[{"href":"https:\/\/www.farleygreene.com\/es\/wp-json\/wp\/v2\/media?parent=15598"}],"curies":[{"name":"wp","href":"https:\/\/api.w.org\/{rel}","templated":true}]}}