{"id":15617,"date":"2022-01-05T14:40:04","date_gmt":"2022-01-05T14:40:04","guid":{"rendered":"https:\/\/www.farleygreene.com\/cookie-policy\/"},"modified":"2026-04-23T10:06:17","modified_gmt":"2026-04-23T09:06:17","slug":"cookie-policy","status":"publish","type":"page","link":"https:\/\/www.farleygreene.com\/es\/cookie-policy\/","title":{"rendered":"Pol\u00edtica de cookies"},"content":{"rendered":"\n<div style=\"height:100px\" aria-hidden=\"true\" class=\"wp-block-spacer\"><\/div>\n\n<h2 class=\"wp-block-heading\">Uso de cookies en Farleygreene<\/h2>\n\n<p>Esta Pol\u00edtica de Cookies explica c\u00f3mo Farleygreene Ltd utiliza las cookies y tecnolog\u00edas similares en este sitio web.  <\/p>\n\n<p><strong>1. \u00bfQu\u00e9 son las cookies?<\/strong><\/p>\n\n<p>Las cookies son peque\u00f1os archivos de texto que se colocan en tu dispositivo cuando visitas un sitio web. Ayudan a que los sitios web funcionen eficazmente y proporcionan informaci\u00f3n a sus propietarios. <\/p>\n\n<p><strong>2. Tipos de cookies que utilizamos<\/strong><\/p>\n\n<p><strong>Cookies estrictamente necesarias<\/strong><\/p>\n\n<p>Esencial para el funcionamiento del sitio web y no se puede desactivar.<\/p>\n\n<p><strong>Cookies anal\u00edticas<\/strong><\/p>\n\n<p>Utilizamos Google Analytics para comprender c\u00f3mo interact\u00faan los visitantes con nuestro sitio web, lo que nos ayuda a mejorar el rendimiento y la experiencia del usuario.<\/p>\n\n<p><strong>Cookies de marketing<\/strong><\/p>\n\n<p>Campaign Monitor puede colocar cookies para realizar un seguimiento del compromiso con las comunicaciones por correo electr\u00f3nico.<\/p>\n\n<p><strong>3. Consentimiento<\/strong><\/p>\n\n<p>Las cookies no esenciales (anal\u00edticas y de marketing) s\u00f3lo se colocan despu\u00e9s de que des tu consentimiento a trav\u00e9s de nuestro banner de cookies.<\/p>\n\n<p>Los usuarios pueden retirar o gestionar el consentimiento en cualquier momento a trav\u00e9s de la configuraci\u00f3n de cookies de nuestro sitio web.<\/p>\n\n<p><strong>4. Gesti\u00f3n de cookies<\/strong><\/p>\n\n<p>Puedes controlar y eliminar las cookies a trav\u00e9s de la configuraci\u00f3n de tu navegador. Deshabilitar las cookies puede afectar a la funcionalidad del sitio web. <\/p>\n\n<div style=\"height:100px\" aria-hidden=\"true\" class=\"wp-block-spacer\"><\/div>\n","protected":false},"excerpt":{"rendered":"<p>Uso de cookies en Farleygreene Esta Pol\u00edtica de Cookies explica c\u00f3mo Farleygreene Ltd utiliza las cookies y tecnolog\u00edas similares en este sitio web. 1. \u00bfQu\u00e9 son las cookies? Las cookies son peque\u00f1os archivos de texto que se colocan en tu dispositivo cuando visitas un sitio web. Ayudan a que los sitios web funcionen eficazmente y [&hellip;]<\/p>\n","protected":false},"author":9,"featured_media":0,"parent":0,"menu_order":0,"comment_status":"closed","ping_status":"closed","template":"","meta":{"_acf_changed":false,"footnotes":""},"class_list":["post-15617","page","type-page","status-publish","hentry"],"acf":[],"yoast_head":"<!-- This site is optimized with the Yoast SEO plugin v27.4 - https:\/\/yoast.com\/product\/yoast-seo-wordpress\/ -->\n<title>Pol\u00edtica de cookies - Farleygreene Sieving Equipment and Technologies<\/title>\n<meta name=\"robots\" content=\"index, follow, max-snippet:-1, max-image-preview:large, max-video-preview:-1\" \/>\n<link rel=\"canonical\" href=\"https:\/\/www.farleygreene.com\/es\/cookie-policy\/\" \/>\n<meta property=\"og:locale\" content=\"es_ES\" \/>\n<meta property=\"og:type\" content=\"article\" \/>\n<meta property=\"og:title\" content=\"Pol\u00edtica de cookies - Farleygreene Sieving Equipment and Technologies\" \/>\n<meta property=\"og:description\" content=\"Uso de cookies en Farleygreene Esta Pol\u00edtica de Cookies explica c\u00f3mo Farleygreene Ltd utiliza las cookies y tecnolog\u00edas similares en este sitio web. 1. \u00bfQu\u00e9 son las cookies? Las cookies son peque\u00f1os archivos de texto que se colocan en tu dispositivo cuando visitas un sitio web. Ayudan a que los sitios web funcionen eficazmente y [&hellip;]\" \/>\n<meta property=\"og:url\" content=\"https:\/\/www.farleygreene.com\/es\/cookie-policy\/\" \/>\n<meta property=\"og:site_name\" content=\"Farleygreene Sieving Equipment and Technologies\" \/>\n<meta property=\"article:modified_time\" content=\"2026-04-23T09:06:17+00:00\" \/>\n<meta name=\"twitter:card\" content=\"summary_large_image\" \/>\n<meta name=\"twitter:label1\" content=\"Tiempo de lectura\" \/>\n\t<meta name=\"twitter:data1\" content=\"1 minuto\" \/>\n<script type=\"application\/ld+json\" class=\"yoast-schema-graph\">{\"@context\":\"https:\\\/\\\/schema.org\",\"@graph\":[{\"@type\":\"WebPage\",\"@id\":\"https:\\\/\\\/www.farleygreene.com\\\/es\\\/cookie-policy\\\/\",\"url\":\"https:\\\/\\\/www.farleygreene.com\\\/es\\\/cookie-policy\\\/\",\"name\":\"Pol\u00edtica de cookies - Farleygreene Sieving Equipment and Technologies\",\"isPartOf\":{\"@id\":\"https:\\\/\\\/www.farleygreene.com\\\/es\\\/#website\"},\"datePublished\":\"2022-01-05T14:40:04+00:00\",\"dateModified\":\"2026-04-23T09:06:17+00:00\",\"breadcrumb\":{\"@id\":\"https:\\\/\\\/www.farleygreene.com\\\/es\\\/cookie-policy\\\/#breadcrumb\"},\"inLanguage\":\"es\",\"potentialAction\":[{\"@type\":\"ReadAction\",\"target\":[\"https:\\\/\\\/www.farleygreene.com\\\/es\\\/cookie-policy\\\/\"]}]},{\"@type\":\"BreadcrumbList\",\"@id\":\"https:\\\/\\\/www.farleygreene.com\\\/es\\\/cookie-policy\\\/#breadcrumb\",\"itemListElement\":[{\"@type\":\"ListItem\",\"position\":1,\"name\":\"Home\",\"item\":\"https:\\\/\\\/www.farleygreene.com\\\/es\\\/\"},{\"@type\":\"ListItem\",\"position\":2,\"name\":\"Pol\u00edtica de cookies\"}]},{\"@type\":\"WebSite\",\"@id\":\"https:\\\/\\\/www.farleygreene.com\\\/es\\\/#website\",\"url\":\"https:\\\/\\\/www.farleygreene.com\\\/es\\\/\",\"name\":\"Farleygreene Sieving Equipment and Technologies\",\"description\":\"Industrial sieves, screeners and separators\",\"publisher\":{\"@id\":\"https:\\\/\\\/www.farleygreene.com\\\/es\\\/#organization\"},\"alternateName\":\"Farleygreene\",\"potentialAction\":[{\"@type\":\"SearchAction\",\"target\":{\"@type\":\"EntryPoint\",\"urlTemplate\":\"https:\\\/\\\/www.farleygreene.com\\\/es\\\/?s={search_term_string}\"},\"query-input\":{\"@type\":\"PropertyValueSpecification\",\"valueRequired\":true,\"valueName\":\"search_term_string\"}}],\"inLanguage\":\"es\"},{\"@type\":\"Organization\",\"@id\":\"https:\\\/\\\/www.farleygreene.com\\\/es\\\/#organization\",\"name\":\"Farleygreene\",\"url\":\"https:\\\/\\\/www.farleygreene.com\\\/es\\\/\",\"logo\":{\"@type\":\"ImageObject\",\"inLanguage\":\"es\",\"@id\":\"https:\\\/\\\/www.farleygreene.com\\\/es\\\/#\\\/schema\\\/logo\\\/image\\\/\",\"url\":\"https:\\\/\\\/www.farleygreene.com\\\/wp-content\\\/uploads\\\/2021\\\/12\\\/logo.svg\",\"contentUrl\":\"https:\\\/\\\/www.farleygreene.com\\\/wp-content\\\/uploads\\\/2021\\\/12\\\/logo.svg\",\"width\":348,\"height\":52,\"caption\":\"Farleygreene\"},\"image\":{\"@id\":\"https:\\\/\\\/www.farleygreene.com\\\/es\\\/#\\\/schema\\\/logo\\\/image\\\/\"},\"sameAs\":[\"https:\\\/\\\/www.linkedin.com\\\/company\\\/farleygreene-limited\\\/\",\"https:\\\/\\\/www.youtube.com\\\/user\\\/farleygreene\"]}]}<\/script>\n<!-- \/ Yoast SEO plugin. -->","yoast_head_json":{"title":"Pol\u00edtica de cookies - Farleygreene Sieving Equipment and Technologies","robots":{"index":"index","follow":"follow","max-snippet":"max-snippet:-1","max-image-preview":"max-image-preview:large","max-video-preview":"max-video-preview:-1"},"canonical":"https:\/\/www.farleygreene.com\/es\/cookie-policy\/","og_locale":"es_ES","og_type":"article","og_title":"Pol\u00edtica de cookies - Farleygreene Sieving Equipment and Technologies","og_description":"Uso de cookies en Farleygreene Esta Pol\u00edtica de Cookies explica c\u00f3mo Farleygreene Ltd utiliza las cookies y tecnolog\u00edas similares en este sitio web. 1. \u00bfQu\u00e9 son las cookies? Las cookies son peque\u00f1os archivos de texto que se colocan en tu dispositivo cuando visitas un sitio web. Ayudan a que los sitios web funcionen eficazmente y [&hellip;]","og_url":"https:\/\/www.farleygreene.com\/es\/cookie-policy\/","og_site_name":"Farleygreene Sieving Equipment and Technologies","article_modified_time":"2026-04-23T09:06:17+00:00","twitter_card":"summary_large_image","twitter_misc":{"Tiempo de lectura":"1 minuto"},"schema":{"@context":"https:\/\/schema.org","@graph":[{"@type":"WebPage","@id":"https:\/\/www.farleygreene.com\/es\/cookie-policy\/","url":"https:\/\/www.farleygreene.com\/es\/cookie-policy\/","name":"Pol\u00edtica de cookies - Farleygreene Sieving Equipment and Technologies","isPartOf":{"@id":"https:\/\/www.farleygreene.com\/es\/#website"},"datePublished":"2022-01-05T14:40:04+00:00","dateModified":"2026-04-23T09:06:17+00:00","breadcrumb":{"@id":"https:\/\/www.farleygreene.com\/es\/cookie-policy\/#breadcrumb"},"inLanguage":"es","potentialAction":[{"@type":"ReadAction","target":["https:\/\/www.farleygreene.com\/es\/cookie-policy\/"]}]},{"@type":"BreadcrumbList","@id":"https:\/\/www.farleygreene.com\/es\/cookie-policy\/#breadcrumb","itemListElement":[{"@type":"ListItem","position":1,"name":"Home","item":"https:\/\/www.farleygreene.com\/es\/"},{"@type":"ListItem","position":2,"name":"Pol\u00edtica de cookies"}]},{"@type":"WebSite","@id":"https:\/\/www.farleygreene.com\/es\/#website","url":"https:\/\/www.farleygreene.com\/es\/","name":"Farleygreene Sieving Equipment and Technologies","description":"Industrial sieves, screeners and separators","publisher":{"@id":"https:\/\/www.farleygreene.com\/es\/#organization"},"alternateName":"Farleygreene","potentialAction":[{"@type":"SearchAction","target":{"@type":"EntryPoint","urlTemplate":"https:\/\/www.farleygreene.com\/es\/?s={search_term_string}"},"query-input":{"@type":"PropertyValueSpecification","valueRequired":true,"valueName":"search_term_string"}}],"inLanguage":"es"},{"@type":"Organization","@id":"https:\/\/www.farleygreene.com\/es\/#organization","name":"Farleygreene","url":"https:\/\/www.farleygreene.com\/es\/","logo":{"@type":"ImageObject","inLanguage":"es","@id":"https:\/\/www.farleygreene.com\/es\/#\/schema\/logo\/image\/","url":"https:\/\/www.farleygreene.com\/wp-content\/uploads\/2021\/12\/logo.svg","contentUrl":"https:\/\/www.farleygreene.com\/wp-content\/uploads\/2021\/12\/logo.svg","width":348,"height":52,"caption":"Farleygreene"},"image":{"@id":"https:\/\/www.farleygreene.com\/es\/#\/schema\/logo\/image\/"},"sameAs":["https:\/\/www.linkedin.com\/company\/farleygreene-limited\/","https:\/\/www.youtube.com\/user\/farleygreene"]}]}},"_links":{"self":[{"href":"https:\/\/www.farleygreene.com\/es\/wp-json\/wp\/v2\/pages\/15617","targetHints":{"allow":["GET"]}}],"collection":[{"href":"https:\/\/www.farleygreene.com\/es\/wp-json\/wp\/v2\/pages"}],"about":[{"href":"https:\/\/www.farleygreene.com\/es\/wp-json\/wp\/v2\/types\/page"}],"author":[{"embeddable":true,"href":"https:\/\/www.farleygreene.com\/es\/wp-json\/wp\/v2\/users\/9"}],"replies":[{"embeddable":true,"href":"https:\/\/www.farleygreene.com\/es\/wp-json\/wp\/v2\/comments?post=15617"}],"version-history":[{"count":3,"href":"https:\/\/www.farleygreene.com\/es\/wp-json\/wp\/v2\/pages\/15617\/revisions"}],"predecessor-version":[{"id":16471,"href":"https:\/\/www.farleygreene.com\/es\/wp-json\/wp\/v2\/pages\/15617\/revisions\/16471"}],"wp:attachment":[{"href":"https:\/\/www.farleygreene.com\/es\/wp-json\/wp\/v2\/media?parent=15617"}],"curies":[{"name":"wp","href":"https:\/\/api.w.org\/{rel}","templated":true}]}}