{"id":15973,"date":"2026-01-15T08:33:53","date_gmt":"2026-01-15T08:33:53","guid":{"rendered":"https:\/\/www.farleygreene.com\/page-template\/"},"modified":"2026-01-15T08:33:55","modified_gmt":"2026-01-15T08:33:55","slug":"page-template","status":"publish","type":"page","link":"https:\/\/www.farleygreene.com\/es\/page-template\/","title":{"rendered":"Plantilla de p\u00e1gina"},"content":{"rendered":"\n\n<section data-aos=\"fade-in\" class=\"hero-page \">\n    <div class=\"container\">\n        <p id=\"breadcrumbs\"><span><span><a href=\"https:\/\/www.farleygreene.com\/es\/\">Home<\/a><\/span><\/span><\/p>        <div class=\"content-wrap \">\n                    <h1>Plantilla de p\u00e1gina universal<\/h1>\n<p>Nulla velit sapien, tincidunt ac quam ut, cursus auctor quam. Nulla tincidunt lorem ut arcu scelerisque, vel gravida est efficitur. Duis ultricies felis nec turpis iaculis, in pulvinar risus rhoncus. Aenean sem elit, laoreet at mauris ac, tempus sagittis lacus. Sed a elit eget sapien dictum feugiat.    <\/p>\n        <\/div>\n            <\/div>\n    <div class=\"hero-page-img\">\n        <div class=\"img-wrap\">\n                        <div class=\"circle-wrap\">\n                <div class=\"img bg-cover\" style=\"background-image:url(https:\/\/www.farleygreene.com\/wp-content\/uploads\/2022\/01\/join.jpg);\"><\/div>\n                <div class=\"overlay\"><\/div>\n            <\/div>\n        <\/div>\n    <\/div>\n<\/section>\n\n\n<section class=\"page-text\">\n    <div data-aos=\"fade-up\" class=\"container\">\n        <div class=\"content-wrap\">\n            <p><span class=\"intro-text\">Me llamo Adri\u00e0 Pobo. Trabajo como Director Comercial en Caperva, donde representamos a firmas internacionales, fabricantes de bienes de equipo, en Espa\u00f1a y Portugal. Todas ellas son empresas l\u00edderes en su \u00e1rea de aplicaci\u00f3n, lo que nos ha permitido aprender de los mejores, y seguir evolucionando d\u00eda a d\u00eda convirti\u00e9ndonos en expertos en el proceso.  <\/span><\/p>\n<p>Caperva empez\u00f3 a trabajar con <a href=\"#\">Farleygreene<\/a> all\u00e1 por el verano de 2016. Lo recuerdo perfectamente porque acababa de incorporarme a la empresa un par de semanas antes y, desde el principio, mi objetivo fue desarrollar el negocio de Farleygreene y promocionar su marca en nuestros territorios. <\/p>\n<p>Ese mismo a\u00f1o, Daniel Morlan se incorpor\u00f3 a la empresa y encajamos perfectamente porque ya nos conoc\u00edamos de una experiencia laboral anterior.<\/p>\n<blockquote>\n<h4>Un ejemplo de elemento blockquote dentro de un art\u00edculo de blog vestibulum rutrum quam vitae fringilla tincidunt. Suspendisse nec tortor urna. Ut laoreet sodales nisi, quis iaculis nulla iaculis vitae.  <\/h4>\n<p>Nombre del autor, cargo o empresa<\/p><\/blockquote>\n<p>Caperva fue uno de los primeros distribuidores que tuvo Farleygreene, y la mejor prueba de que esta asociaci\u00f3n funciona de maravilla es que, hoy en d\u00eda, nos sentimos orgullosos de ser testigos de la extensa red de distribuidores creada en todo el mundo.<\/p>\n<p>Cada a\u00f1o experimentamos un crecimiento significativo de las ventas, lo que nos permite aumentar nuestra penetraci\u00f3n en algunos clientes, no s\u00f3lo en la industria alimentaria, sino tambi\u00e9n en los mercados farmac\u00e9utico y qu\u00edmico.<\/p>\n<h2>Cabecera 2<\/h2>\n<h3>Cabecera 3<\/h3>\n<h4>Cabecera 4<\/h4>\n<p>Lead Intro Text &#8211; fue uno de los primeros distribuidores que tuvo Farleygreene, y la mejor prueba de que esta asociaci\u00f3n funciona de maravilla es que, hoy en d\u00eda, nos sentimos orgullosos de ser testigos de la extensa red de distribuidores creada en todo el mundo.<\/p>\n<p>Cada a\u00f1o experimentamos un crecimiento significativo de las ventas, lo que nos permite aumentar nuestra penetraci\u00f3n en algunos clientes, no s\u00f3lo en la industria alimentaria, sino tambi\u00e9n en los mercados farmac\u00e9utico y qu\u00edmico.<\/p>\n<ul>\n<li>Dise\u00f1o f\u00e1cil de limpiar, sin grietas<\/li>\n<li>Material conforme a la FDA<\/li>\n<li>Homologado ATEX de serie en todos los tama\u00f1os un ejemplo de descripci\u00f3n que cae en 2 l\u00edneas.<\/li>\n<li>Pantallas de cambio r\u00e1pido sin herramientas<\/li>\n<li>Nivel de ruido inferior a 70 dBA en uso<\/li>\n<li>Bajos costes de mantenimiento y funcionamiento<\/li>\n<li>Todo el cuerpo y las piezas de contacto son de acero inoxidable<\/li>\n<\/ul>\n<p>Caperva fue uno de los primeros distribuidores que tuvo Farleygreene, y la mejor prueba de que esta asociaci\u00f3n funciona de maravilla es que, hoy en d\u00eda, nos sentimos orgullosos de ser testigos de la extensa red de distribuidores creada en todo el mundo.<\/p>\n<p>Cada a\u00f1o experimentamos un crecimiento significativo de las ventas, lo que nos permite aumentar nuestra penetraci\u00f3n en algunos clientes, no s\u00f3lo en la industria alimentaria, sino tambi\u00e9n en los mercados farmac\u00e9utico y qu\u00edmico.<\/p>\n<ol>\n<li>Dise\u00f1o f\u00e1cil de limpiar, sin grietas<\/li>\n<li>Material conforme a la FDA<\/li>\n<li>Homologado ATEX de serie en todos los tama\u00f1os un ejemplo de descripci\u00f3n que cae en 2 l\u00edneas.<\/li>\n<li>Pantallas de cambio r\u00e1pido sin herramientas<\/li>\n<li>Nivel de ruido inferior a 70 dBA en uso<\/li>\n<li>Bajos costes de mantenimiento y funcionamiento<\/li>\n<li>Todo el cuerpo y las piezas de contacto son de acero inoxidable<\/li>\n<\/ol>\n        <\/div>\n    <\/div>\n<\/section>\n\n\n<section class=\"cta-inline\">\n    <div class=\"container\">\n        <div data-aos=\"fade-up\" class=\"cta-inline-block\">\n            <img decoding=\"async\" class=\"desktop\" src=\"https:\/\/www.farleygreene.com\/wp-content\/themes\/farleygreene\/assets\/img\/cta-inline-bg.svg\" alt=\"background shape\">\n            <img decoding=\"async\" class=\"mobile\" src=\"https:\/\/www.farleygreene.com\/wp-content\/themes\/farleygreene\/assets\/img\/cta-inline-bg-mobile.svg\" alt=\"background shape\">\n            <div class=\"text-wrap\">\n                <h3>Llamada a la acci\u00f3n<\/h3>\n<p>Aenean sollicitudin, erat a elementum rutrum, neque sem pretium.<\/p>\n            <\/div>\n            <div class=\"btn-wrap\"><a href=\"#\" class=\"btn-arrow\">Button<\/a><\/div>        <\/div>\n    <\/div>\n<\/section>\n\n\n","protected":false},"excerpt":{"rendered":"","protected":false},"author":9,"featured_media":0,"parent":0,"menu_order":0,"comment_status":"closed","ping_status":"closed","template":"","meta":{"_acf_changed":false,"footnotes":""},"class_list":["post-15973","page","type-page","status-publish","hentry"],"acf":[],"yoast_head":"<!-- This site is optimized with the Yoast SEO plugin v27.4 - https:\/\/yoast.com\/product\/yoast-seo-wordpress\/ -->\n<title>Plantilla de p\u00e1gina - Farleygreene Sieving Equipment and Technologies<\/title>\n<meta name=\"robots\" content=\"index, follow, max-snippet:-1, max-image-preview:large, max-video-preview:-1\" \/>\n<link rel=\"canonical\" href=\"https:\/\/www.farleygreene.com\/es\/page-template\/\" \/>\n<meta property=\"og:locale\" content=\"es_ES\" \/>\n<meta property=\"og:type\" content=\"article\" \/>\n<meta property=\"og:title\" content=\"Plantilla de p\u00e1gina - Farleygreene Sieving Equipment and Technologies\" \/>\n<meta property=\"og:url\" content=\"https:\/\/www.farleygreene.com\/es\/page-template\/\" \/>\n<meta property=\"og:site_name\" content=\"Farleygreene Sieving Equipment and Technologies\" \/>\n<meta property=\"article:modified_time\" content=\"2026-01-15T08:33:55+00:00\" \/>\n<meta name=\"twitter:card\" content=\"summary_large_image\" \/>\n<script type=\"application\/ld+json\" class=\"yoast-schema-graph\">{\"@context\":\"https:\\\/\\\/schema.org\",\"@graph\":[{\"@type\":\"WebPage\",\"@id\":\"https:\\\/\\\/www.farleygreene.com\\\/es\\\/page-template\\\/\",\"url\":\"https:\\\/\\\/www.farleygreene.com\\\/es\\\/page-template\\\/\",\"name\":\"Plantilla de p\u00e1gina - Farleygreene Sieving Equipment and Technologies\",\"isPartOf\":{\"@id\":\"https:\\\/\\\/www.farleygreene.com\\\/es\\\/#website\"},\"datePublished\":\"2026-01-15T08:33:53+00:00\",\"dateModified\":\"2026-01-15T08:33:55+00:00\",\"breadcrumb\":{\"@id\":\"https:\\\/\\\/www.farleygreene.com\\\/es\\\/page-template\\\/#breadcrumb\"},\"inLanguage\":\"es\",\"potentialAction\":[{\"@type\":\"ReadAction\",\"target\":[\"https:\\\/\\\/www.farleygreene.com\\\/es\\\/page-template\\\/\"]}]},{\"@type\":\"BreadcrumbList\",\"@id\":\"https:\\\/\\\/www.farleygreene.com\\\/es\\\/page-template\\\/#breadcrumb\",\"itemListElement\":[{\"@type\":\"ListItem\",\"position\":1,\"name\":\"Home\",\"item\":\"https:\\\/\\\/www.farleygreene.com\\\/es\\\/\"},{\"@type\":\"ListItem\",\"position\":2,\"name\":\"Plantilla de p\u00e1gina\"}]},{\"@type\":\"WebSite\",\"@id\":\"https:\\\/\\\/www.farleygreene.com\\\/es\\\/#website\",\"url\":\"https:\\\/\\\/www.farleygreene.com\\\/es\\\/\",\"name\":\"Farleygreene Sieving Equipment and Technologies\",\"description\":\"Industrial sieves, screeners and separators\",\"publisher\":{\"@id\":\"https:\\\/\\\/www.farleygreene.com\\\/es\\\/#organization\"},\"alternateName\":\"Farleygreene\",\"potentialAction\":[{\"@type\":\"SearchAction\",\"target\":{\"@type\":\"EntryPoint\",\"urlTemplate\":\"https:\\\/\\\/www.farleygreene.com\\\/es\\\/?s={search_term_string}\"},\"query-input\":{\"@type\":\"PropertyValueSpecification\",\"valueRequired\":true,\"valueName\":\"search_term_string\"}}],\"inLanguage\":\"es\"},{\"@type\":\"Organization\",\"@id\":\"https:\\\/\\\/www.farleygreene.com\\\/es\\\/#organization\",\"name\":\"Farleygreene\",\"url\":\"https:\\\/\\\/www.farleygreene.com\\\/es\\\/\",\"logo\":{\"@type\":\"ImageObject\",\"inLanguage\":\"es\",\"@id\":\"https:\\\/\\\/www.farleygreene.com\\\/es\\\/#\\\/schema\\\/logo\\\/image\\\/\",\"url\":\"https:\\\/\\\/www.farleygreene.com\\\/wp-content\\\/uploads\\\/2021\\\/12\\\/logo.svg\",\"contentUrl\":\"https:\\\/\\\/www.farleygreene.com\\\/wp-content\\\/uploads\\\/2021\\\/12\\\/logo.svg\",\"width\":348,\"height\":52,\"caption\":\"Farleygreene\"},\"image\":{\"@id\":\"https:\\\/\\\/www.farleygreene.com\\\/es\\\/#\\\/schema\\\/logo\\\/image\\\/\"},\"sameAs\":[\"https:\\\/\\\/www.linkedin.com\\\/company\\\/farleygreene-limited\\\/\",\"https:\\\/\\\/www.youtube.com\\\/user\\\/farleygreene\"]}]}<\/script>\n<!-- \/ Yoast SEO plugin. -->","yoast_head_json":{"title":"Plantilla de p\u00e1gina - Farleygreene Sieving Equipment and Technologies","robots":{"index":"index","follow":"follow","max-snippet":"max-snippet:-1","max-image-preview":"max-image-preview:large","max-video-preview":"max-video-preview:-1"},"canonical":"https:\/\/www.farleygreene.com\/es\/page-template\/","og_locale":"es_ES","og_type":"article","og_title":"Plantilla de p\u00e1gina - Farleygreene Sieving Equipment and Technologies","og_url":"https:\/\/www.farleygreene.com\/es\/page-template\/","og_site_name":"Farleygreene Sieving Equipment and Technologies","article_modified_time":"2026-01-15T08:33:55+00:00","twitter_card":"summary_large_image","schema":{"@context":"https:\/\/schema.org","@graph":[{"@type":"WebPage","@id":"https:\/\/www.farleygreene.com\/es\/page-template\/","url":"https:\/\/www.farleygreene.com\/es\/page-template\/","name":"Plantilla de p\u00e1gina - Farleygreene Sieving Equipment and Technologies","isPartOf":{"@id":"https:\/\/www.farleygreene.com\/es\/#website"},"datePublished":"2026-01-15T08:33:53+00:00","dateModified":"2026-01-15T08:33:55+00:00","breadcrumb":{"@id":"https:\/\/www.farleygreene.com\/es\/page-template\/#breadcrumb"},"inLanguage":"es","potentialAction":[{"@type":"ReadAction","target":["https:\/\/www.farleygreene.com\/es\/page-template\/"]}]},{"@type":"BreadcrumbList","@id":"https:\/\/www.farleygreene.com\/es\/page-template\/#breadcrumb","itemListElement":[{"@type":"ListItem","position":1,"name":"Home","item":"https:\/\/www.farleygreene.com\/es\/"},{"@type":"ListItem","position":2,"name":"Plantilla de p\u00e1gina"}]},{"@type":"WebSite","@id":"https:\/\/www.farleygreene.com\/es\/#website","url":"https:\/\/www.farleygreene.com\/es\/","name":"Farleygreene Sieving Equipment and Technologies","description":"Industrial sieves, screeners and separators","publisher":{"@id":"https:\/\/www.farleygreene.com\/es\/#organization"},"alternateName":"Farleygreene","potentialAction":[{"@type":"SearchAction","target":{"@type":"EntryPoint","urlTemplate":"https:\/\/www.farleygreene.com\/es\/?s={search_term_string}"},"query-input":{"@type":"PropertyValueSpecification","valueRequired":true,"valueName":"search_term_string"}}],"inLanguage":"es"},{"@type":"Organization","@id":"https:\/\/www.farleygreene.com\/es\/#organization","name":"Farleygreene","url":"https:\/\/www.farleygreene.com\/es\/","logo":{"@type":"ImageObject","inLanguage":"es","@id":"https:\/\/www.farleygreene.com\/es\/#\/schema\/logo\/image\/","url":"https:\/\/www.farleygreene.com\/wp-content\/uploads\/2021\/12\/logo.svg","contentUrl":"https:\/\/www.farleygreene.com\/wp-content\/uploads\/2021\/12\/logo.svg","width":348,"height":52,"caption":"Farleygreene"},"image":{"@id":"https:\/\/www.farleygreene.com\/es\/#\/schema\/logo\/image\/"},"sameAs":["https:\/\/www.linkedin.com\/company\/farleygreene-limited\/","https:\/\/www.youtube.com\/user\/farleygreene"]}]}},"_links":{"self":[{"href":"https:\/\/www.farleygreene.com\/es\/wp-json\/wp\/v2\/pages\/15973","targetHints":{"allow":["GET"]}}],"collection":[{"href":"https:\/\/www.farleygreene.com\/es\/wp-json\/wp\/v2\/pages"}],"about":[{"href":"https:\/\/www.farleygreene.com\/es\/wp-json\/wp\/v2\/types\/page"}],"author":[{"embeddable":true,"href":"https:\/\/www.farleygreene.com\/es\/wp-json\/wp\/v2\/users\/9"}],"replies":[{"embeddable":true,"href":"https:\/\/www.farleygreene.com\/es\/wp-json\/wp\/v2\/comments?post=15973"}],"version-history":[{"count":1,"href":"https:\/\/www.farleygreene.com\/es\/wp-json\/wp\/v2\/pages\/15973\/revisions"}],"predecessor-version":[{"id":15975,"href":"https:\/\/www.farleygreene.com\/es\/wp-json\/wp\/v2\/pages\/15973\/revisions\/15975"}],"wp:attachment":[{"href":"https:\/\/www.farleygreene.com\/es\/wp-json\/wp\/v2\/media?parent=15973"}],"curies":[{"name":"wp","href":"https:\/\/api.w.org\/{rel}","templated":true}]}}