{"id":16047,"date":"2021-12-09T11:36:27","date_gmt":"2021-12-09T11:36:27","guid":{"rendered":"https:\/\/www.farleygreene.com\/privacy-policy\/"},"modified":"2026-01-15T08:34:30","modified_gmt":"2026-01-15T08:34:30","slug":"privacy-policy","status":"publish","type":"page","link":"https:\/\/www.farleygreene.com\/es\/privacy-policy\/","title":{"rendered":"Pol\u00edtica de privacidad"},"content":{"rendered":"\n<h2 class=\"wp-block-heading\"><strong>\u00bfPara qu\u00e9 sirve esta pol\u00edtica?<\/strong><\/h2>\n\n<p>Esta pol\u00edtica se aplica entre t\u00fa, el usuario de este sitio web y Farleygreene Ltd, el propietario y proveedor de este sitio web. Esta pol\u00edtica a nuestro uso de todos y cada uno de los datos recogidos por nosotros en relaci\u00f3n con tu uso del sitio web. El modo en que procesamos, almacenamos y protegemos los datos y la informaci\u00f3n de los usuarios tambi\u00e9n se detallar\u00e1 dentro de la pol\u00edtica. Este sitio web cumple todas las leyes y requisitos nacionales del Reino Unido relativos a la privacidad del usuario. El sitio web tiene un certificado SSL seguro, lo que significa que los datos introducidos en todos los formularios se transmiten al servidor de forma encriptada.    <\/p>\n\n<h2 class=\"wp-block-heading\"><strong>\u00bfQu\u00e9 informaci\u00f3n se recoge?<\/strong><\/h2>\n\n<p>Sin limitaci\u00f3n, este sitio web puede recopilar ocasionalmente cualquiera de los siguientes datos personales. Esto podr\u00eda incluir tu nombre, direcci\u00f3n, n\u00famero de tel\u00e9fono, direcci\u00f3n IP e informaci\u00f3n relativa a las p\u00e1ginas a las que se accede y cu\u00e1ndo. <\/p>\n\n<h2 class=\"wp-block-heading\"><strong>\u00bfQui\u00e9n lo recoge?<\/strong><\/h2>\n\n<p>Farleygreene Ltd de Unit 2, Hatch Industrial Park, Greywell Road, Mapledurwell, Hants, RG24 7NG, Reino Unido. Esta pol\u00edtica se aplica \u00fanicamente a las acciones de Farleygreene y de los usuarios con respecto a este Sitio Web. No se extiende a ning\u00fan sitio web al que se pueda acceder desde este Sitio web.  <\/p>\n\n<h2 class=\"wp-block-heading\"><strong>\u00bfC\u00f3mo se recoge?<\/strong><\/h2>\n\n<p>Obtenemos informaci\u00f3n sobre ti cuando utilizas nuestro sitio web, por ejemplo, cuando te pones en contacto con nosotros sobre productos y servicios o si te registras y das activamente tu consentimiento para recibir comunicaciones de Marketing.<\/p>\n\n<h2 class=\"wp-block-heading\"><strong>\u00bfPor qu\u00e9 se recoge?<\/strong><\/h2>\n\n<p>Tus datos personales se recogen para que podamos ponernos en contacto contigo en relaci\u00f3n con productos y servicios tras rellenar un formulario de contacto o consulta, para comunicaciones de marketing y para mejorar la experiencia del usuario mientras visita el sitio web.<\/p>\n\n<h2 class=\"wp-block-heading\"><strong>\u00bfC\u00f3mo se utilizar\u00e1?<\/strong><\/h2>\n\n<p><strong>Contacto y comunicaci\u00f3n:<\/strong> Todos los Datos personales se almacenan de forma segura de acuerdo con los principios de la Ley de Protecci\u00f3n de Datos de 1998. En l\u00ednea con el Reglamento General de Protecci\u00f3n de Datos (GDPR) de 2018, Farleygreene ofrece a los usuarios la oportunidad de dar su consentimiento expl\u00edcito para suscribirse y conceder el uso de sus datos en comunicaciones de marketing por parte de Farleygreene. Cualquiera o todos los Datos anteriores pueden ser requeridos por nosotros para proporcionarte el mejor servicio y experiencia posibles al utilizar nuestro sitio web o responder a cualquier pregunta o consulta que nos hayas enviado. De vez en cuando tambi\u00e9n utilizaremos tus datos para comunicaciones de marketing y programas relevantes de boletines por correo electr\u00f3nico que puedan ser de tu inter\u00e9s. Los datos personales proporcionados se almacenar\u00e1n de forma segura durante el tiempo que sea necesario conservarlos. Los datos personales proporcionados tras el consentimiento a las comunicaciones de marketing se almacenar\u00e1n de forma segura hasta que se presente una solicitud de eliminaci\u00f3n. Las consultas realizadas desde fuera del Reino Unido pueden transmitirse al distribuidor correspondiente para que tramite la solicitud.      <\/p>\n\n<p><strong>Bolet\u00edn de noticias por correo electr\u00f3nico:<\/strong> Los usuarios de nuestro sitio web pueden suscribirse para recibir el bolet\u00edn de noticias de nuestra empresa, que les mantiene informados sobre los productos y servicios ofrecidos por Farleygreene. Estos datos personales son utilizados por nosotros para enviarte las comunicaciones que solicites, a partir de mayo de 2018, en l\u00ednea con la normativa GDPR, las suscripciones no se procesar\u00e1n autom\u00e1ticamente sin el previo consentimiento expl\u00edcito del usuario. Todos los Datos personales se almacenan de forma segura de acuerdo con los principios de la Ley de Protecci\u00f3n de Datos de 1998. En virtud de la Ley de Protecci\u00f3n de Datos de 1998 y del GDPR de 2018, puedes solicitar una copia de los datos personales que obran en tu poder en el programa de boletines por correo electr\u00f3nico de este sitio web, previo pago de una peque\u00f1a tasa que no exceder\u00e1 de 100 \u00a3. Si deseas una copia de la informaci\u00f3n que tenemos sobre ti, escribe a la direcci\u00f3n comercial que figura al final de esta pol\u00edtica. Farleygreene utiliza actualmente el proveedor de software de correo electr\u00f3nico MailChimp para publicar y enviar campa\u00f1as de correo electr\u00f3nico en nombre del sitio web de Farleygreene. Estos correos electr\u00f3nicos contienen funciones de seguimiento en las que se rastrea y almacena la actividad de los suscriptores para su an\u00e1lisis. La actividad rastreada incluye la fecha y la hora de apertura del correo electr\u00f3nico, el clic en los enlaces contenidos en el correo electr\u00f3nico [esta no es una lista exhaustiva]. De conformidad con el Reglamento sobre privacidad y comunicaciones electr\u00f3nicas (Directiva CE) aplicado en el Reino Unido, las leyes anti-spam exigen una opci\u00f3n para darse de baja en el pie de p\u00e1gina de cada campa\u00f1a de correo electr\u00f3nico. Los suscriptores tienen la opci\u00f3n de darse de baja en cualquier momento.         <\/p>\n\n<p><strong>\u00bfCon qui\u00e9n se compartir\u00e1?<\/strong><br\/>Farleygreene puede, de vez en cuando, emplear los servicios de otras terceras partes para tratar asuntos que pueden incluir, entre otros, el procesamiento de pagos, la entrega de art\u00edculos comprados, facilidades de motores de b\u00fasqueda, publicidad y marketing. Los datos utilizados por dichas partes s\u00f3lo se emplean en la medida en que \u00e9stas lo requieran para prestar los servicios que Farleygreene solicite. Cualquier uso para otros fines est\u00e1 estrictamente prohibido. Adem\u00e1s, cualquier dato que sea procesado por terceros ser\u00e1 procesado dentro de los t\u00e9rminos de esta Pol\u00edtica y de acuerdo con la Ley de Protecci\u00f3n de Datos de 1998. Los proveedores de dichos servicios no tienen acceso a determinados datos personales proporcionados por los usuarios de este Sitio Web. A menos que la ley nos obligue o nos permita hacerlo, tus datos no ser\u00e1n revelados a terceros, lo que incluye a nuestras filiales y\/u otras empresas de nuestro grupo.     <\/p>\n\n<p><strong>Enlaces a otros sitios web<\/strong><br\/>Este sitio web puede, de vez en cuando, proporcionar enlaces a otros sitios web. Farleygreene no tiene control alguno sobre dichos sitios web y no es responsable en modo alguno de su contenido. Esta Pol\u00edtica no se extiende al uso que hagas de dichos sitios web. Se aconseja a los usuarios que lean la pol\u00edtica o declaraci\u00f3n de privacidad de otros sitios web antes de utilizarlos.   <\/p>\n\n<p><strong>Plataformas de medios sociales:<\/strong> Este sitio web contiene enlaces a cuentas de redes sociales propiedad de Farleygreene. La comunicaci\u00f3n, participaci\u00f3n y acciones realizadas a trav\u00e9s de estas plataformas de medios sociales externas en las que participan este sitio web y sus propietarios est\u00e1n sujetas a los t\u00e9rminos y condiciones, as\u00ed como a las pol\u00edticas de privacidad de cada plataforma de medios sociales respectivamente. Se aconseja a los usuarios que utilicen las plataformas de medios sociales con prudencia y que se comuniquen\/act\u00faen en ellas con el debido cuidado y precauci\u00f3n en lo que respecta a su propia privacidad y datos personales. Este sitio web ni sus propietarios solicitar\u00e1n nunca informaci\u00f3n personal o sensible a trav\u00e9s de plataformas de redes sociales y animan a los usuarios que deseen discutir detalles sensibles a ponerse en contacto con ellos a trav\u00e9s de canales de comunicaci\u00f3n primarios como el tel\u00e9fono o el correo electr\u00f3nico. Este sitio web puede utilizar botones para compartir en redes sociales que ayudan a compartir contenido web directamente desde las p\u00e1ginas web a la plataforma de redes sociales en cuesti\u00f3n. Se aconseja a los usuarios que, antes de utilizar dichos botones de compartici\u00f3n social, lo hagan a su propia discreci\u00f3n y tengan en cuenta que la plataforma de medios sociales puede rastrear y guardar tu solicitud de compartir una p\u00e1gina web respectivamente a trav\u00e9s de tu cuenta de la plataforma de medios sociales.     <\/p>\n\n<p><strong>Enlaces acortados en medios sociales:<\/strong> Este sitio web y sus propietarios, a trav\u00e9s de sus cuentas en plataformas de medios sociales, pueden compartir enlaces web a p\u00e1ginas web relevantes. Por defecto, algunas plataformas de medios sociales acortan las URL [direcciones web] largas (\u00e9ste es un ejemplo: https:\/\/bit.ly\/zyVUBo). Se recomienda a los usuarios que tengan precauci\u00f3n y buen juicio antes de hacer clic en cualquier URL acortada publicada en plataformas de medios sociales por este sitio web y sus propietarios. A pesar de los esfuerzos realizados para garantizar que s\u00f3lo se publican URL aut\u00e9nticas, muchas plataformas de redes sociales son propensas al spam y a la pirater\u00eda inform\u00e1tica, por lo que este sitio web y sus propietarios no se hacen responsables de los da\u00f1os o consecuencias causados por la visita a enlaces acortados.  <\/p>\n\n<h2 class=\"wp-block-heading\"><strong>Cambios de titularidad y control de la empresa<\/strong><\/h2>\n\n<p>Farleygreene puede, de vez en cuando, ampliar o reducir nuestro negocio y esto puede implicar la venta y\/o la transferencia del control de todo o parte de Farleygreene. Los datos proporcionados por los usuarios, cuando sean relevantes para cualquier parte de nuestro negocio, se transferir\u00e1n junto con esa parte y el nuevo propietario o la nueva parte controladora, en virtud de los t\u00e9rminos de esta pol\u00edtica, podr\u00e1 utilizar los datos para los fines para los que nos fueron proporcionados originalmente.<br\/>En caso de que los datos proporcionados por los usuarios deban transferirse de esta forma, nos pondremos en contacto contigo con antelaci\u00f3n y te informaremos de los cambios. Cuando se ponga en contacto contigo, se te dar\u00e1 la opci\u00f3n de que tus datos sean eliminados o retenidos por el nuevo propietario o responsable del tratamiento.  <\/p>\n\n<h2 class=\"wp-block-heading\"><strong>Uso de cookies<\/strong><\/h2>\n\n<p>Este sitio web puede colocar y acceder a determinadas cookies de origen en tu ordenador. Las cookies de origen son aquellas colocadas directamente por Farleygreene a trav\u00e9s de este sitio web y son utilizadas \u00fanicamente por Farleygreene. Farleygreene utiliza cookies para mejorar tu experiencia de uso del sitio web y para mejorar nuestra gama de productos y servicios. Farleygreene ha elegido cuidadosamente estas cookies y ha tomado medidas para garantizar que tu privacidad est\u00e9 protegida y sea respetada en todo momento. Al utilizar este sitio web puedes recibir determinadas Cookies de terceros en tu ordenador. Las cookies de terceros son aquellas colocadas por sitios web y\/o partes distintas de Farleygreene. Las cookies de terceros se utilizan en este Sitio Web para el bolet\u00edn de noticias y las ofertas promocionales y se detallan en su totalidad a continuaci\u00f3n. Estas cookies no forman parte integrante de los servicios prestados por el Sitio Web.        Todas las Cookies utilizadas por este Sitio Web se utilizan de acuerdo con la actual Ley de Cookies del Reino Unido y de la UE.<\/p>\n\n<p>Ciertas caracter\u00edsticas del sitio web dependen de las Cookies para funcionar. La Ley de Cookies del Reino Unido y de la UE considera que estas Cookies son \u00abestrictamente necesarias\u00bb. Estas cookies se muestran a continuaci\u00f3n. No se solicitar\u00e1 tu consentimiento para colocar estas cookies. A\u00fan as\u00ed, puedes bloquear estas Cookies cambiando la configuraci\u00f3n de tu navegador de Internet como se detalla a continuaci\u00f3n. Este sitio web utiliza servicios de an\u00e1lisis proporcionados por Google. La anal\u00edtica de sitios web se refiere a un conjunto de herramientas utilizadas para recopilar y analizar estad\u00edsticas de uso, lo que nos permite comprender mejor c\u00f3mo utilizan los usuarios el sitio web. Esto, a su vez, nos permite mejorar el sitio web y los productos y servicios ofrecidos a trav\u00e9s de \u00e9l. No tienes que permitirnos utilizar estas Cookies, como se detalla a continuaci\u00f3n, sin embargo, aunque nuestro uso de ellas no supone ning\u00fan riesgo para tu privacidad o tu uso seguro del Sitio Web, nos permite mejorar continuamente nuestro negocio.        <\/p>\n\n<p>Los servicios de an\u00e1lisis utilizados por este sitio web utilizan cookies para recopilar la informaci\u00f3n requerida. Algunas Cookies pueden colocarse inmediatamente cuando decides visitar el Sitio Web y puede que no sea posible obtener tu consentimiento previo. Puedes eliminar estas Cookies e impedir su uso futuro siguiendo los pasos que se indican a continuaci\u00f3n. Puedes elegir activar o desactivar las Cookies en tu navegador de Internet. La mayor\u00eda de los navegadores de Internet tambi\u00e9n te permiten elegir si deseas desactivar todas las cookies o s\u00f3lo las cookies de terceros. Por defecto, la mayor\u00eda de los navegadores de Internet aceptan las cookies, pero esto se puede cambiar. Para m\u00e1s informaci\u00f3n, consulta el men\u00fa de ayuda de tu navegador de Internet.      <\/p>\n\n<p>Puedes optar por eliminar las cookies en cualquier momento, pero es posible que pierdas cualquier informaci\u00f3n que te permita acceder al sitio web de forma m\u00e1s r\u00e1pida y eficaz, incluidos, entre otros, los ajustes de personalizaci\u00f3n. Se recomienda que te asegures de que tu navegador de Internet est\u00e1 actualizado y que consultes la ayuda y orientaci\u00f3n proporcionadas por el desarrollador de tu navegador de Internet si no est\u00e1s seguro de c\u00f3mo ajustar la configuraci\u00f3n de privacidad.<\/p>\n\n<h2 class=\"wp-block-heading\"><strong>Cambios en esta Pol\u00edtica<\/strong><\/h2>\n\n<p>Farleygreene se reserva el derecho a modificar esta pol\u00edtica seg\u00fan lo consideremos necesario de vez en cuando o seg\u00fan lo exija la ley. Cualquier cambio se publicar\u00e1 inmediatamente en el sitio web y se considerar\u00e1 que has aceptado los t\u00e9rminos de la pol\u00edtica en tu primer uso del sitio web tras las modificaciones. Farleygreene Ltd. Unidad 2, Parque Industrial Hatch, Greywell Rd, Mapledurwell, Hampshire, RG24 7NG   <\/p>\n","protected":false},"excerpt":{"rendered":"<p>\u00bfPara qu\u00e9 sirve esta pol\u00edtica? Esta pol\u00edtica se aplica entre t\u00fa, el usuario de este sitio web y Farleygreene Ltd, el propietario y proveedor de este sitio web. Esta pol\u00edtica a nuestro uso de todos y cada uno de los datos recogidos por nosotros en relaci\u00f3n con tu uso del sitio web. El modo en [&hellip;]<\/p>\n","protected":false},"author":3,"featured_media":0,"parent":0,"menu_order":0,"comment_status":"closed","ping_status":"closed","template":"","meta":{"_acf_changed":false,"footnotes":""},"class_list":["post-16047","page","type-page","status-publish","hentry"],"acf":[],"yoast_head":"<!-- This site is optimized with the Yoast SEO plugin v27.2 - https:\/\/yoast.com\/product\/yoast-seo-wordpress\/ -->\n<title>Pol\u00edtica de privacidad - Farleygreene Sieving Equipment and Technologies<\/title>\n<meta name=\"robots\" content=\"index, follow, max-snippet:-1, max-image-preview:large, max-video-preview:-1\" \/>\n<link rel=\"canonical\" href=\"https:\/\/www.farleygreene.com\/es\/privacy-policy\/\" \/>\n<meta property=\"og:locale\" content=\"es_ES\" \/>\n<meta property=\"og:type\" content=\"article\" \/>\n<meta property=\"og:title\" content=\"Pol\u00edtica de privacidad - Farleygreene Sieving Equipment and Technologies\" \/>\n<meta property=\"og:description\" content=\"\u00bfPara qu\u00e9 sirve esta pol\u00edtica? Esta pol\u00edtica se aplica entre t\u00fa, el usuario de este sitio web y Farleygreene Ltd, el propietario y proveedor de este sitio web. Esta pol\u00edtica a nuestro uso de todos y cada uno de los datos recogidos por nosotros en relaci\u00f3n con tu uso del sitio web. El modo en [&hellip;]\" \/>\n<meta property=\"og:url\" content=\"https:\/\/www.farleygreene.com\/es\/privacy-policy\/\" \/>\n<meta property=\"og:site_name\" content=\"Farleygreene Sieving Equipment and Technologies\" \/>\n<meta property=\"article:modified_time\" content=\"2026-01-15T08:34:30+00:00\" \/>\n<meta name=\"twitter:card\" content=\"summary_large_image\" \/>\n<meta name=\"twitter:label1\" content=\"Tiempo de lectura\" \/>\n\t<meta name=\"twitter:data1\" content=\"11 minuto\" \/>\n<script type=\"application\/ld+json\" class=\"yoast-schema-graph\">{\"@context\":\"https:\/\/schema.org\",\"@graph\":[{\"@type\":\"WebPage\",\"@id\":\"https:\/\/www.farleygreene.com\/es\/privacy-policy\/\",\"url\":\"https:\/\/www.farleygreene.com\/es\/privacy-policy\/\",\"name\":\"Pol\u00edtica de privacidad - Farleygreene Sieving Equipment and Technologies\",\"isPartOf\":{\"@id\":\"https:\/\/www.farleygreene.com\/es\/#website\"},\"datePublished\":\"2021-12-09T11:36:27+00:00\",\"dateModified\":\"2026-01-15T08:34:30+00:00\",\"breadcrumb\":{\"@id\":\"https:\/\/www.farleygreene.com\/es\/privacy-policy\/#breadcrumb\"},\"inLanguage\":\"es\",\"potentialAction\":[{\"@type\":\"ReadAction\",\"target\":[\"https:\/\/www.farleygreene.com\/es\/privacy-policy\/\"]}]},{\"@type\":\"BreadcrumbList\",\"@id\":\"https:\/\/www.farleygreene.com\/es\/privacy-policy\/#breadcrumb\",\"itemListElement\":[{\"@type\":\"ListItem\",\"position\":1,\"name\":\"Home\",\"item\":\"https:\/\/www.farleygreene.com\/es\/\"},{\"@type\":\"ListItem\",\"position\":2,\"name\":\"Pol\u00edtica de privacidad\"}]},{\"@type\":\"WebSite\",\"@id\":\"https:\/\/www.farleygreene.com\/es\/#website\",\"url\":\"https:\/\/www.farleygreene.com\/es\/\",\"name\":\"Farleygreene Sieving Equipment and Technologies\",\"description\":\"Industrial sieves, screeners and separators\",\"publisher\":{\"@id\":\"https:\/\/www.farleygreene.com\/es\/#organization\"},\"alternateName\":\"Farleygreene\",\"potentialAction\":[{\"@type\":\"SearchAction\",\"target\":{\"@type\":\"EntryPoint\",\"urlTemplate\":\"https:\/\/www.farleygreene.com\/es\/?s={search_term_string}\"},\"query-input\":{\"@type\":\"PropertyValueSpecification\",\"valueRequired\":true,\"valueName\":\"search_term_string\"}}],\"inLanguage\":\"es\"},{\"@type\":\"Organization\",\"@id\":\"https:\/\/www.farleygreene.com\/es\/#organization\",\"name\":\"Farleygreene\",\"url\":\"https:\/\/www.farleygreene.com\/es\/\",\"logo\":{\"@type\":\"ImageObject\",\"inLanguage\":\"es\",\"@id\":\"https:\/\/www.farleygreene.com\/es\/#\/schema\/logo\/image\/\",\"url\":\"https:\/\/www.farleygreene.com\/wp-content\/uploads\/2021\/12\/logo.svg\",\"contentUrl\":\"https:\/\/www.farleygreene.com\/wp-content\/uploads\/2021\/12\/logo.svg\",\"width\":348,\"height\":52,\"caption\":\"Farleygreene\"},\"image\":{\"@id\":\"https:\/\/www.farleygreene.com\/es\/#\/schema\/logo\/image\/\"},\"sameAs\":[\"https:\/\/www.linkedin.com\/company\/farleygreene-limited\/\",\"https:\/\/www.youtube.com\/user\/farleygreene\"]}]}<\/script>\n<!-- \/ Yoast SEO plugin. -->","yoast_head_json":{"title":"Pol\u00edtica de privacidad - Farleygreene Sieving Equipment and Technologies","robots":{"index":"index","follow":"follow","max-snippet":"max-snippet:-1","max-image-preview":"max-image-preview:large","max-video-preview":"max-video-preview:-1"},"canonical":"https:\/\/www.farleygreene.com\/es\/privacy-policy\/","og_locale":"es_ES","og_type":"article","og_title":"Pol\u00edtica de privacidad - Farleygreene Sieving Equipment and Technologies","og_description":"\u00bfPara qu\u00e9 sirve esta pol\u00edtica? Esta pol\u00edtica se aplica entre t\u00fa, el usuario de este sitio web y Farleygreene Ltd, el propietario y proveedor de este sitio web. Esta pol\u00edtica a nuestro uso de todos y cada uno de los datos recogidos por nosotros en relaci\u00f3n con tu uso del sitio web. El modo en [&hellip;]","og_url":"https:\/\/www.farleygreene.com\/es\/privacy-policy\/","og_site_name":"Farleygreene Sieving Equipment and Technologies","article_modified_time":"2026-01-15T08:34:30+00:00","twitter_card":"summary_large_image","twitter_misc":{"Tiempo de lectura":"11 minuto"},"schema":{"@context":"https:\/\/schema.org","@graph":[{"@type":"WebPage","@id":"https:\/\/www.farleygreene.com\/es\/privacy-policy\/","url":"https:\/\/www.farleygreene.com\/es\/privacy-policy\/","name":"Pol\u00edtica de privacidad - Farleygreene Sieving Equipment and Technologies","isPartOf":{"@id":"https:\/\/www.farleygreene.com\/es\/#website"},"datePublished":"2021-12-09T11:36:27+00:00","dateModified":"2026-01-15T08:34:30+00:00","breadcrumb":{"@id":"https:\/\/www.farleygreene.com\/es\/privacy-policy\/#breadcrumb"},"inLanguage":"es","potentialAction":[{"@type":"ReadAction","target":["https:\/\/www.farleygreene.com\/es\/privacy-policy\/"]}]},{"@type":"BreadcrumbList","@id":"https:\/\/www.farleygreene.com\/es\/privacy-policy\/#breadcrumb","itemListElement":[{"@type":"ListItem","position":1,"name":"Home","item":"https:\/\/www.farleygreene.com\/es\/"},{"@type":"ListItem","position":2,"name":"Pol\u00edtica de privacidad"}]},{"@type":"WebSite","@id":"https:\/\/www.farleygreene.com\/es\/#website","url":"https:\/\/www.farleygreene.com\/es\/","name":"Farleygreene Sieving Equipment and Technologies","description":"Industrial sieves, screeners and separators","publisher":{"@id":"https:\/\/www.farleygreene.com\/es\/#organization"},"alternateName":"Farleygreene","potentialAction":[{"@type":"SearchAction","target":{"@type":"EntryPoint","urlTemplate":"https:\/\/www.farleygreene.com\/es\/?s={search_term_string}"},"query-input":{"@type":"PropertyValueSpecification","valueRequired":true,"valueName":"search_term_string"}}],"inLanguage":"es"},{"@type":"Organization","@id":"https:\/\/www.farleygreene.com\/es\/#organization","name":"Farleygreene","url":"https:\/\/www.farleygreene.com\/es\/","logo":{"@type":"ImageObject","inLanguage":"es","@id":"https:\/\/www.farleygreene.com\/es\/#\/schema\/logo\/image\/","url":"https:\/\/www.farleygreene.com\/wp-content\/uploads\/2021\/12\/logo.svg","contentUrl":"https:\/\/www.farleygreene.com\/wp-content\/uploads\/2021\/12\/logo.svg","width":348,"height":52,"caption":"Farleygreene"},"image":{"@id":"https:\/\/www.farleygreene.com\/es\/#\/schema\/logo\/image\/"},"sameAs":["https:\/\/www.linkedin.com\/company\/farleygreene-limited\/","https:\/\/www.youtube.com\/user\/farleygreene"]}]}},"_links":{"self":[{"href":"https:\/\/www.farleygreene.com\/es\/wp-json\/wp\/v2\/pages\/16047","targetHints":{"allow":["GET"]}}],"collection":[{"href":"https:\/\/www.farleygreene.com\/es\/wp-json\/wp\/v2\/pages"}],"about":[{"href":"https:\/\/www.farleygreene.com\/es\/wp-json\/wp\/v2\/types\/page"}],"author":[{"embeddable":true,"href":"https:\/\/www.farleygreene.com\/es\/wp-json\/wp\/v2\/users\/3"}],"replies":[{"embeddable":true,"href":"https:\/\/www.farleygreene.com\/es\/wp-json\/wp\/v2\/comments?post=16047"}],"version-history":[{"count":1,"href":"https:\/\/www.farleygreene.com\/es\/wp-json\/wp\/v2\/pages\/16047\/revisions"}],"predecessor-version":[{"id":16048,"href":"https:\/\/www.farleygreene.com\/es\/wp-json\/wp\/v2\/pages\/16047\/revisions\/16048"}],"wp:attachment":[{"href":"https:\/\/www.farleygreene.com\/es\/wp-json\/wp\/v2\/media?parent=16047"}],"curies":[{"name":"wp","href":"https:\/\/api.w.org\/{rel}","templated":true}]}}