{"id":10042,"date":"2022-02-22T15:54:52","date_gmt":"2022-02-22T15:54:52","guid":{"rendered":"https:\/\/www.farleygreene.com\/?page_id=10042"},"modified":"2026-01-15T08:33:43","modified_gmt":"2026-01-15T08:33:43","slug":"spares-accessories","status":"publish","type":"page","link":"https:\/\/www.farleygreene.com\/fr\/spares-accessories\/","title":{"rendered":"Pi\u00e8ces d\u00e9tach\u00e9es et accessoires"},"content":{"rendered":"\n\n<section data-aos=\"fade-in\" class=\"hero-page has-product-img\">\n    <div class=\"container\">\n        <p id=\"breadcrumbs\"><span><span><a href=\"https:\/\/www.farleygreene.com\/fr\/\">Home<\/a><\/span><\/span><\/p>        <div class=\"content-wrap \">\n        <div class=\"product-img mobile\"><img decoding=\"async\" src=\"https:\/\/www.farleygreene.com\/wp-content\/uploads\/2022\/01\/spares-hero.png\" alt=\"\"><\/div>            <h1>Pi\u00e8ces d\u00e9tach\u00e9es et accessoires<\/h1>\n<p>Nous sommes l\u00e0 pour vous aider tout au long de la vie de votre tamiseuse en vous proposant une large gamme de pi\u00e8ces d\u00e9tach\u00e9es, non seulement pour nos propres machines, mais aussi pour d&rsquo;autres fabricants de tamis.<\/p>\n        <\/div>\n            <\/div>\n    <div class=\"hero-page-img\">\n        <div class=\"img-wrap\">\n            <div class=\"product-img\"><img decoding=\"async\" src=\"https:\/\/www.farleygreene.com\/wp-content\/uploads\/2022\/01\/spares-hero.png\" alt=\"\"><\/div>            <div class=\"circle-wrap\">\n                <div class=\"img bg-cover\" style=\"background-image:url(https:\/\/www.farleygreene.com\/wp-content\/uploads\/2022\/01\/Spares.jpg);\"><\/div>\n                <div class=\"overlay\"><\/div>\n            <\/div>\n        <\/div>\n    <\/div>\n<\/section>\n\n\n<section class=\"text-block\">\n    <div data-aos=\"fade-up\" class=\"container\">\n        <div class=\"content-wrap\">\n            <p style=\"text-align: center;\"><span class=\"intro-text\">Nous vous fournissons une liste de pi\u00e8ces d\u00e9tach\u00e9es enti\u00e8rement d\u00e9taill\u00e9e, adapt\u00e9e \u00e0 votre machine, une fois qu&rsquo;elle a \u00e9t\u00e9 install\u00e9e, ce qui vous permet d&rsquo;identifier facilement les pi\u00e8ces lorsque vous en avez besoin.<\/span><\/p>\n<p style=\"text-align: center;\">Nous proposons l&rsquo;engr\u00e8nement de cadres et d&rsquo;anneaux nouveaux ou existants, des rouleaux et des panneaux de grillage (y compris des grillages tiss\u00e9s, perfor\u00e9s, \u00e0 coins et synth\u00e9tiques), des moteurs vibrants de remplacement, des aimants, des joints en caoutchouc, des kits de mise \u00e0 la terre, des pinces \u00e0 genouill\u00e8re, des supports de suspension, des ressorts et bien d&rsquo;autres choses encore.<\/p>\n        <\/div>\n    <\/div>\n<\/section>\n\n\n<section class=\"service\">\n    <div data-aos=\"fade-up\" class=\"container\">\n        <div class=\"flex-wrap\">\n            <div class=\"col-2 col-content\">\n                <div class=\"service__content\">\n                    <div class=\"content-wrap\">\n                        <h2>Notre service de <em>remaillage<\/em> <\/h2>\n<p>Nous remaillons les cadres existants ou fournissons de nouvelles grilles en acier inoxydable <strong>304\/316\/318LN<\/strong> ou <strong>430SS<\/strong> pour la d\u00e9tection magn\u00e9tique.<\/p>\n                    <\/div>\n                                        <div class=\"service__img mobile\">\n                        <div class=\"img bg-cover\" style=\"background-image:url(https:\/\/www.farleygreene.com\/wp-content\/uploads\/2022\/01\/service-img.png);\"><\/div>\n                    <\/div>\n                                        <div class=\"content-wrap\">\n                        <p>Nous fournissons des anneaux maill\u00e9s dans une large gamme de normes telles que EC 1935\/2004 et FDA m\u00eame si le fournisseur d&rsquo;origine n&rsquo;\u00e9tait pas Farleygreene.<\/p>\n<p>Compl\u00e9tez simplement notre <a href=\"https:\/\/www.farleygreene.com\/remesh-request\/\">formulaire de demande de remaillage<\/a> et nous vous contacterons pour organiser la commande avec vous.<\/p>\n<p>Pour plus d&rsquo;informations sur les types de mailles que nous fournissons, lisez notre <a href=\"https:\/\/www.farleygreene.com\/wp-content\/uploads\/2025\/07\/Sievmaster-Mesh-Guide-06-25.pdf\">guide des mailles<\/a>.<\/p>\n                    <\/div>\n                <\/div>\n            <\/div>\n            <div class=\"col-2 col-img\">\n                                <div class=\"service__img\">\n                    <div class=\"img bg-cover\" style=\"background-image:url(https:\/\/www.farleygreene.com\/wp-content\/uploads\/2022\/01\/service-img.png);\"><\/div>\n                <\/div>\n                            <\/div>\n        <\/div>\n    <\/div>\n<\/section>\n\n\n<section class=\"check-list\">\n    <div data-aos=\"fade-up\" class=\"container\">\n        <div class=\"check-list-content\">\n            <h3><em>Pi\u00e8ces d\u00e9tach\u00e9es que nous proposons<\/em><\/h3>\n<ul>\n<li>Entonnoirs<\/li>\n<li>Kit de mise \u00e0 la terre directe<\/li>\n<li>Montants et ressorts de suspension<\/li>\n<li>Colliers de serrage \u00e0 genouill\u00e8re<\/li>\n<li>Galeries<\/li>\n<li>Colliers de serrage<\/li>\n<li>Joints<\/li>\n<li>Joint de membrane<\/li>\n<li>Aimants<\/li>\n<li>Moteurs<\/li>\n<li>Set de mise \u00e0 la terre<\/li>\n<li>Anneaux en maille mince<\/li>\n<li>Anneaux en maille multi-\u00e9crans<\/li>\n<li>Couvercles de port Vision<\/li>\n<li>Broche et contre-\u00e9crou<\/li>\n<li>Galerie de mailles Sievgen 04<\/li>\n<\/ul>\n        <\/div>\n        <div class=\"btn-wrap\">\n            <button class=\"button\">View All Spares<\/button>\n        <\/div>\n    <\/div>\n<\/section>\n\n\n<section class=\"cta\">\n    <div data-aos=\"fade-up\" class=\"container\">\n        <div class=\"cta-block\">\n        <svg width=\"1355px\" height=\"812px\" viewBox=\"0 0 1355 812\" version=\"1.1\" xmlns=\"http:\/\/www.w3.org\/2000\/svg\" xmlns:xlink=\"http:\/\/www.w3.org\/1999\/xlink\">\n    <title>Group<\/title>\n    <g id=\"Symbols\" stroke=\"none\" stroke-width=\"1\" fill=\"none\" fill-rule=\"evenodd\">\n        <g id=\"Group\" transform=\"translate(6.000000, -0.000000)\">\n            <path d=\"M967,629.066726 C967,783.334247 842.3548,908.876341 688.996392,908.876341 C535.724578,908.876341 411.079378,783.334247 411.079378,629.066726 C411.079378,538.053247 454.412582,457.091851 521.414879,405.996182 C452.413698,353.687581 411,271.520516 411,182.678694 C411,28.4111731 535.724578,-97.1236586 688.996392,-97.1236586 C842.3548,-97.1236586 967,28.4111731 967,182.678694 C967,271.520516 925.66568,353.687581 856.585121,405.996182 C923.666796,457.091851 967,538.053247 967,629.066726 Z M912.663806,629.637122 C912.663806,505.557254 812.193829,404.637122 688.660194,404.637122 C565.213264,404.637122 464.663806,505.557254 464.663806,629.637122 C464.663806,753.716991 565.213264,854.637122 688.660194,854.637122 C812.193829,854.637122 912.663806,753.716991 912.663806,629.637122 Z M912.566049,183.12695 C912.566049,59.1049605 812.096072,-41.7680954 688.562437,-41.7680954 C565.115507,-41.7680954 464.566049,59.1049605 464.566049,183.12695 C464.566049,262.142364 505.476586,334.563487 572.080847,375.231905 C607.550615,358.677261 647.01606,349.507643 688.562437,349.507643 C730.195519,349.507643 769.660964,358.75706 805.130732,375.231905 C871.734993,334.563487 912.566049,262.142364 912.566049,183.12695 Z\" id=\"Shape\" fill=\"#599B9B\" opacity=\"0.339214018\" transform=\"translate(689.000000, 405.876341) rotate(106.000000) translate(-689.000000, -405.876341) \"><\/path>\n            <circle id=\"Oval1\" stroke=\"#F49B52\" stroke-width=\"12\" cx=\"1163\" cy=\"245.876341\" r=\"180\"><\/circle>\n            <circle id=\"Oval2\" stroke=\"#F49B52\" stroke-width=\"12\" cx=\"180\" cy=\"565.876341\" r=\"180\"><\/circle>\n        <\/g>\n    <\/g>\n<\/svg>\n            <div class=\"content-wrap\">\n                <h2>Vous ne trouvez pas ce que vous cherchez ?<\/h2>\n<p>Contactez notre \u00e9quipe de pi\u00e8ces d\u00e9tach\u00e9es au <strong>+44 (0) 1256 474 547<\/strong> ou envoyez un e-mail \u00e0 <strong>spares@farleygreene.com<\/strong> &#8211; nous pouvons vous fournir ou vous conseiller sur presque toutes les pi\u00e8ces.<\/p>\n            <\/div>\n            <div class=\"btn-wrap\">\n                <a href=\"\/contact-us\/\" class=\"btn-arrow\">Enquire Now<\/a>                            <\/div>        <\/div>\n    <\/div>\n<\/section>\n","protected":false},"excerpt":{"rendered":"","protected":false},"author":9,"featured_media":0,"parent":0,"menu_order":0,"comment_status":"closed","ping_status":"closed","template":"","meta":{"_acf_changed":false,"footnotes":""},"class_list":["post-10042","page","type-page","status-publish","hentry"],"acf":[],"yoast_head":"<!-- This site is optimized with the Yoast SEO plugin v27.4 - https:\/\/yoast.com\/product\/yoast-seo-wordpress\/ -->\n<title>Pi\u00e8ces d\u00e9tach\u00e9es et accessoires - Farleygreene Sieving Equipment and Technologies<\/title>\n<meta name=\"description\" content=\"Remplissez notre formulaire de demande ou t\u00e9l\u00e9phonez au +44(0)1256 474 547 et notre \u00e9quipe de pi\u00e8ces d\u00e9tach\u00e9es et d&#039;accessoires trouvera la pi\u00e8ce dont vous avez besoin.\" \/>\n<meta name=\"robots\" content=\"index, follow, max-snippet:-1, max-image-preview:large, max-video-preview:-1\" \/>\n<link rel=\"canonical\" href=\"https:\/\/www.farleygreene.com\/fr\/spares-accessories\/\" \/>\n<meta property=\"og:locale\" content=\"fr_FR\" \/>\n<meta property=\"og:type\" content=\"article\" \/>\n<meta property=\"og:title\" content=\"Pi\u00e8ces d\u00e9tach\u00e9es et accessoires - Farleygreene Sieving Equipment and Technologies\" \/>\n<meta property=\"og:description\" content=\"Remplissez notre formulaire de demande ou t\u00e9l\u00e9phonez au +44(0)1256 474 547 et notre \u00e9quipe de pi\u00e8ces d\u00e9tach\u00e9es et d&#039;accessoires trouvera la pi\u00e8ce dont vous avez besoin.\" \/>\n<meta property=\"og:url\" content=\"https:\/\/www.farleygreene.com\/fr\/spares-accessories\/\" \/>\n<meta property=\"og:site_name\" content=\"Farleygreene Sieving Equipment and Technologies\" \/>\n<meta property=\"article:modified_time\" content=\"2026-01-15T08:33:43+00:00\" \/>\n<meta name=\"twitter:card\" content=\"summary_large_image\" \/>\n<meta name=\"twitter:label1\" content=\"Dur\u00e9e de lecture estim\u00e9e\" \/>\n\t<meta name=\"twitter:data1\" content=\"3 minutes\" \/>\n<script type=\"application\/ld+json\" class=\"yoast-schema-graph\">{\"@context\":\"https:\\\/\\\/schema.org\",\"@graph\":[{\"@type\":\"WebPage\",\"@id\":\"https:\\\/\\\/www.farleygreene.com\\\/fr\\\/spares-accessories\\\/\",\"url\":\"https:\\\/\\\/www.farleygreene.com\\\/fr\\\/spares-accessories\\\/\",\"name\":\"Pi\u00e8ces d\u00e9tach\u00e9es et accessoires - Farleygreene Sieving Equipment and Technologies\",\"isPartOf\":{\"@id\":\"https:\\\/\\\/www.farleygreene.com\\\/fr\\\/#website\"},\"datePublished\":\"2022-02-22T15:54:52+00:00\",\"dateModified\":\"2026-01-15T08:33:43+00:00\",\"description\":\"Remplissez notre formulaire de demande ou t\u00e9l\u00e9phonez au +44(0)1256 474 547 et notre \u00e9quipe de pi\u00e8ces d\u00e9tach\u00e9es et d'accessoires trouvera la pi\u00e8ce dont vous avez besoin.\",\"breadcrumb\":{\"@id\":\"https:\\\/\\\/www.farleygreene.com\\\/fr\\\/spares-accessories\\\/#breadcrumb\"},\"inLanguage\":\"fr-FR\",\"potentialAction\":[{\"@type\":\"ReadAction\",\"target\":[\"https:\\\/\\\/www.farleygreene.com\\\/fr\\\/spares-accessories\\\/\"]}]},{\"@type\":\"BreadcrumbList\",\"@id\":\"https:\\\/\\\/www.farleygreene.com\\\/fr\\\/spares-accessories\\\/#breadcrumb\",\"itemListElement\":[{\"@type\":\"ListItem\",\"position\":1,\"name\":\"Home\",\"item\":\"https:\\\/\\\/www.farleygreene.com\\\/fr\\\/\"},{\"@type\":\"ListItem\",\"position\":2,\"name\":\"Pi\u00e8ces d\u00e9tach\u00e9es et accessoires\"}]},{\"@type\":\"WebSite\",\"@id\":\"https:\\\/\\\/www.farleygreene.com\\\/fr\\\/#website\",\"url\":\"https:\\\/\\\/www.farleygreene.com\\\/fr\\\/\",\"name\":\"Farleygreene Sieving Equipment and Technologies\",\"description\":\"Industrial sieves, screeners and separators\",\"publisher\":{\"@id\":\"https:\\\/\\\/www.farleygreene.com\\\/fr\\\/#organization\"},\"alternateName\":\"Farleygreene\",\"potentialAction\":[{\"@type\":\"SearchAction\",\"target\":{\"@type\":\"EntryPoint\",\"urlTemplate\":\"https:\\\/\\\/www.farleygreene.com\\\/fr\\\/?s={search_term_string}\"},\"query-input\":{\"@type\":\"PropertyValueSpecification\",\"valueRequired\":true,\"valueName\":\"search_term_string\"}}],\"inLanguage\":\"fr-FR\"},{\"@type\":\"Organization\",\"@id\":\"https:\\\/\\\/www.farleygreene.com\\\/fr\\\/#organization\",\"name\":\"Farleygreene\",\"url\":\"https:\\\/\\\/www.farleygreene.com\\\/fr\\\/\",\"logo\":{\"@type\":\"ImageObject\",\"inLanguage\":\"fr-FR\",\"@id\":\"https:\\\/\\\/www.farleygreene.com\\\/fr\\\/#\\\/schema\\\/logo\\\/image\\\/\",\"url\":\"https:\\\/\\\/www.farleygreene.com\\\/wp-content\\\/uploads\\\/2021\\\/12\\\/logo.svg\",\"contentUrl\":\"https:\\\/\\\/www.farleygreene.com\\\/wp-content\\\/uploads\\\/2021\\\/12\\\/logo.svg\",\"width\":348,\"height\":52,\"caption\":\"Farleygreene\"},\"image\":{\"@id\":\"https:\\\/\\\/www.farleygreene.com\\\/fr\\\/#\\\/schema\\\/logo\\\/image\\\/\"},\"sameAs\":[\"https:\\\/\\\/www.linkedin.com\\\/company\\\/farleygreene-limited\\\/\",\"https:\\\/\\\/www.youtube.com\\\/user\\\/farleygreene\"]}]}<\/script>\n<!-- \/ Yoast SEO plugin. -->","yoast_head_json":{"title":"Pi\u00e8ces d\u00e9tach\u00e9es et accessoires - Farleygreene Sieving Equipment and Technologies","description":"Remplissez notre formulaire de demande ou t\u00e9l\u00e9phonez au +44(0)1256 474 547 et notre \u00e9quipe de pi\u00e8ces d\u00e9tach\u00e9es et d'accessoires trouvera la pi\u00e8ce dont vous avez besoin.","robots":{"index":"index","follow":"follow","max-snippet":"max-snippet:-1","max-image-preview":"max-image-preview:large","max-video-preview":"max-video-preview:-1"},"canonical":"https:\/\/www.farleygreene.com\/fr\/spares-accessories\/","og_locale":"fr_FR","og_type":"article","og_title":"Pi\u00e8ces d\u00e9tach\u00e9es et accessoires - Farleygreene Sieving Equipment and Technologies","og_description":"Remplissez notre formulaire de demande ou t\u00e9l\u00e9phonez au +44(0)1256 474 547 et notre \u00e9quipe de pi\u00e8ces d\u00e9tach\u00e9es et d'accessoires trouvera la pi\u00e8ce dont vous avez besoin.","og_url":"https:\/\/www.farleygreene.com\/fr\/spares-accessories\/","og_site_name":"Farleygreene Sieving Equipment and Technologies","article_modified_time":"2026-01-15T08:33:43+00:00","twitter_card":"summary_large_image","twitter_misc":{"Dur\u00e9e de lecture estim\u00e9e":"3 minutes"},"schema":{"@context":"https:\/\/schema.org","@graph":[{"@type":"WebPage","@id":"https:\/\/www.farleygreene.com\/fr\/spares-accessories\/","url":"https:\/\/www.farleygreene.com\/fr\/spares-accessories\/","name":"Pi\u00e8ces d\u00e9tach\u00e9es et accessoires - Farleygreene Sieving Equipment and Technologies","isPartOf":{"@id":"https:\/\/www.farleygreene.com\/fr\/#website"},"datePublished":"2022-02-22T15:54:52+00:00","dateModified":"2026-01-15T08:33:43+00:00","description":"Remplissez notre formulaire de demande ou t\u00e9l\u00e9phonez au +44(0)1256 474 547 et notre \u00e9quipe de pi\u00e8ces d\u00e9tach\u00e9es et d'accessoires trouvera la pi\u00e8ce dont vous avez besoin.","breadcrumb":{"@id":"https:\/\/www.farleygreene.com\/fr\/spares-accessories\/#breadcrumb"},"inLanguage":"fr-FR","potentialAction":[{"@type":"ReadAction","target":["https:\/\/www.farleygreene.com\/fr\/spares-accessories\/"]}]},{"@type":"BreadcrumbList","@id":"https:\/\/www.farleygreene.com\/fr\/spares-accessories\/#breadcrumb","itemListElement":[{"@type":"ListItem","position":1,"name":"Home","item":"https:\/\/www.farleygreene.com\/fr\/"},{"@type":"ListItem","position":2,"name":"Pi\u00e8ces d\u00e9tach\u00e9es et accessoires"}]},{"@type":"WebSite","@id":"https:\/\/www.farleygreene.com\/fr\/#website","url":"https:\/\/www.farleygreene.com\/fr\/","name":"Farleygreene Sieving Equipment and Technologies","description":"Industrial sieves, screeners and separators","publisher":{"@id":"https:\/\/www.farleygreene.com\/fr\/#organization"},"alternateName":"Farleygreene","potentialAction":[{"@type":"SearchAction","target":{"@type":"EntryPoint","urlTemplate":"https:\/\/www.farleygreene.com\/fr\/?s={search_term_string}"},"query-input":{"@type":"PropertyValueSpecification","valueRequired":true,"valueName":"search_term_string"}}],"inLanguage":"fr-FR"},{"@type":"Organization","@id":"https:\/\/www.farleygreene.com\/fr\/#organization","name":"Farleygreene","url":"https:\/\/www.farleygreene.com\/fr\/","logo":{"@type":"ImageObject","inLanguage":"fr-FR","@id":"https:\/\/www.farleygreene.com\/fr\/#\/schema\/logo\/image\/","url":"https:\/\/www.farleygreene.com\/wp-content\/uploads\/2021\/12\/logo.svg","contentUrl":"https:\/\/www.farleygreene.com\/wp-content\/uploads\/2021\/12\/logo.svg","width":348,"height":52,"caption":"Farleygreene"},"image":{"@id":"https:\/\/www.farleygreene.com\/fr\/#\/schema\/logo\/image\/"},"sameAs":["https:\/\/www.linkedin.com\/company\/farleygreene-limited\/","https:\/\/www.youtube.com\/user\/farleygreene"]}]}},"_links":{"self":[{"href":"https:\/\/www.farleygreene.com\/fr\/wp-json\/wp\/v2\/pages\/10042","targetHints":{"allow":["GET"]}}],"collection":[{"href":"https:\/\/www.farleygreene.com\/fr\/wp-json\/wp\/v2\/pages"}],"about":[{"href":"https:\/\/www.farleygreene.com\/fr\/wp-json\/wp\/v2\/types\/page"}],"author":[{"embeddable":true,"href":"https:\/\/www.farleygreene.com\/fr\/wp-json\/wp\/v2\/users\/9"}],"replies":[{"embeddable":true,"href":"https:\/\/www.farleygreene.com\/fr\/wp-json\/wp\/v2\/comments?post=10042"}],"version-history":[{"count":5,"href":"https:\/\/www.farleygreene.com\/fr\/wp-json\/wp\/v2\/pages\/10042\/revisions"}],"predecessor-version":[{"id":15952,"href":"https:\/\/www.farleygreene.com\/fr\/wp-json\/wp\/v2\/pages\/10042\/revisions\/15952"}],"wp:attachment":[{"href":"https:\/\/www.farleygreene.com\/fr\/wp-json\/wp\/v2\/media?parent=10042"}],"curies":[{"name":"wp","href":"https:\/\/api.w.org\/{rel}","templated":true}]}}