{"id":10093,"date":"2022-02-22T17:09:22","date_gmt":"2022-02-22T17:09:22","guid":{"rendered":"https:\/\/www.farleygreene.com\/?page_id=10093"},"modified":"2022-04-13T15:29:03","modified_gmt":"2022-04-13T14:29:03","slug":"secteurs","status":"publish","type":"page","link":"https:\/\/www.farleygreene.com\/fr\/secteurs\/","title":{"rendered":"Secteurs"},"content":{"rendered":"\n\n<section data-aos=\"fade-in\" class=\"hero-page has-product-img\">\n    <div class=\"container\">\n        <p id=\"breadcrumbs\"><span><span><a href=\"https:\/\/www.farleygreene.com\/fr\/\">Home<\/a><\/span><\/span><\/p>        <div class=\"content-wrap \">\n        <div class=\"product-img mobile\"><img decoding=\"async\" src=\"https:\/\/www.farleygreene.com\/wp-content\/uploads\/2022\/01\/inustries-img.png\" alt=\"\"><\/div>            <h1>Secteurs d&rsquo;activit\u00e9<\/h1>\n<p>Nous nous concentrons sur la fourniture de machines de haute qualit\u00e9 destin\u00e9es au secteur agroalimentaire, mais nous travaillons naturellement avec de nombreux autres secteurs et comprenons les exigences sp\u00e9cifiques de chacun d\u2019eux. Vous ne voyez pas votre secteur d&rsquo;activit\u00e9 dans la liste ci-dessous, cela ne signifie absolument pas que nous ne pouvons pas vous aider, merci de nous contacter directement.<\/p>\n        <\/div>\n            <\/div>\n    <div class=\"hero-page-img\">\n        <div class=\"img-wrap\">\n            <div class=\"product-img\"><img decoding=\"async\" src=\"https:\/\/www.farleygreene.com\/wp-content\/uploads\/2022\/01\/inustries-img.png\" alt=\"\"><\/div>            <div class=\"circle-wrap\">\n                <div class=\"img bg-cover\" style=\"background-image:url(https:\/\/www.farleygreene.com\/wp-content\/uploads\/2022\/01\/cs-img.jpg);\"><\/div>\n                <div class=\"overlay\"><\/div>\n            <\/div>\n        <\/div>\n    <\/div>\n<\/section>\n\n\n\n\n<section class=\"industries\">\n    <div data-aos=\"fade-up\" class=\"container\">\n        <div class=\"flex-wrap\">\n                        <div class=\"col-2\">\n                <a href=\"https:\/\/www.farleygreene.com\/fr\/secteurs\/agroalimentaire-et-boissons\/\" class=\"industries-item\">\n                    <div class=\"img-wrap\">\n                        <div class=\"img bg-cover\" style=\"background-image:url(https:\/\/www.farleygreene.com\/wp-content\/uploads\/2022\/01\/ind1.jpg);\"><\/div>\n                    <\/div>\n                    <div class=\"industries-item__content\">\n                        <h3>Agroalimentaire et boissons<\/h3>\n                        <div class=\"content-wrap\">\n                            <p>Nous proposons une large gamme de tamis con\u00e7us pour traiter soit de petits volumes, soit de tr\u00e8s grandes quantit\u00e9s d&rsquo;ingr\u00e9dients en vrac pour le secteur de l\u2019agroalimentaire et des boissons.<\/p>\n                        <\/div>\n                        <div class=\"bar-wrap\">\n                            <button class=\"button\">Agroalimentaire et boissons<\/button>\n                            <div class=\"icon\">\n                                <img decoding=\"async\" class=\"norm\" src=\"https:\/\/www.farleygreene.com\/wp-content\/uploads\/2022\/01\/Food-1.svg\" alt=\"\">\n                                <img decoding=\"async\" class=\"hov\" src=\"https:\/\/www.farleygreene.com\/wp-content\/uploads\/2022\/01\/Food-2.svg\" alt=\"\">\n                            <\/div>\n                        <\/div>\n                    <\/div>\n                <\/a>\n            <\/div>\n                        <div class=\"col-2\">\n                <a href=\"https:\/\/www.farleygreene.com\/fr\/secteurs\/industrie-pharmaceutique\/\" class=\"industries-item\">\n                    <div class=\"img-wrap\">\n                        <div class=\"img bg-cover\" style=\"background-image:url(https:\/\/www.farleygreene.com\/wp-content\/uploads\/2022\/01\/ind2.jpg);\"><\/div>\n                    <\/div>\n                    <div class=\"industries-item__content\">\n                        <h3>Industrie pharmaceutique<\/h3>\n                        <div class=\"content-wrap\">\n                            <p>Aller au-del\u00e0 des exigences rigoureuses du secteur agroalimentaire, nous sommes en mesure de r\u00e9pondre aux exigences de traitement des ingr\u00e9dients pharmaceutiques actifs.<\/p>\n                        <\/div>\n                        <div class=\"bar-wrap\">\n                            <button class=\"button\">Industrie pharmaceutique<\/button>\n                            <div class=\"icon\">\n                                <img decoding=\"async\" class=\"norm\" src=\"https:\/\/www.farleygreene.com\/wp-content\/uploads\/2022\/01\/pharm-1.svg\" alt=\"\">\n                                <img decoding=\"async\" class=\"hov\" src=\"https:\/\/www.farleygreene.com\/wp-content\/uploads\/2022\/01\/pharm-2.svg\" alt=\"\">\n                            <\/div>\n                        <\/div>\n                    <\/div>\n                <\/a>\n            <\/div>\n                        <div class=\"col-2\">\n                <a href=\"https:\/\/www.farleygreene.com\/fr\/secteurs\/produits-chimiques\/\" class=\"industries-item\">\n                    <div class=\"img-wrap\">\n                        <div class=\"img bg-cover\" style=\"background-image:url(https:\/\/www.farleygreene.com\/wp-content\/uploads\/2022\/01\/ind3.jpg);\"><\/div>\n                    <\/div>\n                    <div class=\"industries-item__content\">\n                        <h3>Chemical<\/h3>\n                        <div class=\"content-wrap\">\n                            <p>Nos tamis sont con\u00e7us pour durer et sont parfaitement adapt\u00e9s \u00e0 une utilisation en environnements exigeants, ce qui les rend id\u00e9aux pour le traitement des produits chimiques en poudre.<\/p>\n                        <\/div>\n                        <div class=\"bar-wrap\">\n                            <button class=\"button\">Secteur des produits chimiques<\/button>\n                            <div class=\"icon\">\n                                <img decoding=\"async\" class=\"norm\" src=\"https:\/\/www.farleygreene.com\/wp-content\/uploads\/2022\/01\/chem.svg\" alt=\"\">\n                                <img decoding=\"async\" class=\"hov\" src=\"https:\/\/www.farleygreene.com\/wp-content\/uploads\/2022\/01\/chem-1.svg\" alt=\"\">\n                            <\/div>\n                        <\/div>\n                    <\/div>\n                <\/a>\n            <\/div>\n                        <div class=\"col-2\">\n                <a href=\"https:\/\/www.farleygreene.com\/fr\/secteurs\/fabrication-additive\/\" class=\"industries-item\">\n                    <div class=\"img-wrap\">\n                        <div class=\"img bg-cover\" style=\"background-image:url(https:\/\/www.farleygreene.com\/wp-content\/uploads\/2022\/01\/ind4.jpg);\"><\/div>\n                    <\/div>\n                    <div class=\"industries-item__content\">\n                        <h3>Fabrication additive<\/h3>\n                        <div class=\"content-wrap\">\n                            <p>Forts de notre expertise en mati\u00e8re de traitement des poudres, nous avons franchi une \u00e9tape suppl\u00e9mentaire pour d\u00e9velopper notre \u00e9quipement Sievgen dans lequel les \u00e9l\u00e9ments \u00e9lectroniques et m\u00e9caniques sont enferm\u00e9s afin de respecter les exigences des environnements de FA.<\/p>\n                        <\/div>\n                        <div class=\"bar-wrap\">\n                            <button class=\"button\">Fabrication additive<\/button>\n                            <div class=\"icon\">\n                                <img decoding=\"async\" class=\"norm\" src=\"https:\/\/www.farleygreene.com\/wp-content\/uploads\/2022\/01\/add.svg\" alt=\"\">\n                                <img decoding=\"async\" class=\"hov\" src=\"https:\/\/www.farleygreene.com\/wp-content\/uploads\/2022\/01\/add-1.svg\" alt=\"\">\n                            <\/div>\n                        <\/div>\n                    <\/div>\n                <\/a>\n            <\/div>\n                    <\/div>\n    <\/div>\n<\/section>\n\n\n\n\n<section class=\"brands\">\n    <div data-aos=\"fade-up\" class=\"container\">\n                <div class=\"brands__heading content-wrap\">\n            <h2><em>Les marques<\/em> avec lesquelles nous travaillons<\/h2>\n<p><span class=\"intro-text\">Prot\u00e9ger sa r\u00e9putation est essentiel pour toute marque, nous vous aidons en vous fournissant des machines de haute qualit\u00e9 qui vous permettent de r\u00e9pondre aux attentes de vos clients.<\/span><\/p>\n        <\/div>\n                <div class=\"flex-wrap\">\n                        <div data-aos=\"fade-up\" class=\"col\">\n                <div class=\"img-container\">\n                    <div class=\"img-wrap\">\n                        <img decoding=\"async\" src=\"https:\/\/www.farleygreene.com\/wp-content\/uploads\/2022\/01\/Arla.svg\" alt=\"\">\n                    <\/div>\n                <\/div>\n            <\/div>\n                        <div data-aos=\"fade-up\" class=\"col\">\n                <div class=\"img-container\">\n                    <div class=\"img-wrap\">\n                        <img decoding=\"async\" src=\"https:\/\/www.farleygreene.com\/wp-content\/uploads\/2022\/01\/danone.svg\" alt=\"\">\n                    <\/div>\n                <\/div>\n            <\/div>\n                        <div data-aos=\"fade-up\" class=\"col\">\n                <div class=\"img-container\">\n                    <div class=\"img-wrap\">\n                        <img decoding=\"async\" src=\"https:\/\/www.farleygreene.com\/wp-content\/uploads\/2022\/01\/grifols.svg\" alt=\"\">\n                    <\/div>\n                <\/div>\n            <\/div>\n                        <div data-aos=\"fade-up\" class=\"col\">\n                <div class=\"img-container\">\n                    <div class=\"img-wrap\">\n                        <img decoding=\"async\" src=\"https:\/\/www.farleygreene.com\/wp-content\/uploads\/2022\/01\/gsk.svg\" alt=\"\">\n                    <\/div>\n                <\/div>\n            <\/div>\n                        <div data-aos=\"fade-up\" class=\"col\">\n                <div class=\"img-container\">\n                    <div class=\"img-wrap\">\n                        <img decoding=\"async\" src=\"https:\/\/www.farleygreene.com\/wp-content\/uploads\/2022\/01\/h.svg\" alt=\"\">\n                    <\/div>\n                <\/div>\n            <\/div>\n                        <div data-aos=\"fade-up\" class=\"col\">\n                <div class=\"img-container\">\n                    <div class=\"img-wrap\">\n                        <img decoding=\"async\" src=\"https:\/\/www.farleygreene.com\/wp-content\/uploads\/2022\/01\/mars.svg\" alt=\"\">\n                    <\/div>\n                <\/div>\n            <\/div>\n                        <div data-aos=\"fade-up\" class=\"col\">\n                <div class=\"img-container\">\n                    <div class=\"img-wrap\">\n                        <img decoding=\"async\" src=\"https:\/\/www.farleygreene.com\/wp-content\/uploads\/2022\/01\/matsuura.svg\" alt=\"\">\n                    <\/div>\n                <\/div>\n            <\/div>\n                        <div data-aos=\"fade-up\" class=\"col\">\n                <div class=\"img-container\">\n                    <div class=\"img-wrap\">\n                        <img decoding=\"async\" src=\"https:\/\/www.farleygreene.com\/wp-content\/uploads\/2022\/01\/mond.svg\" alt=\"\">\n                    <\/div>\n                <\/div>\n            <\/div>\n                        <div data-aos=\"fade-up\" class=\"col\">\n                <div class=\"img-container\">\n                    <div class=\"img-wrap\">\n                        <img decoding=\"async\" src=\"https:\/\/www.farleygreene.com\/wp-content\/uploads\/2022\/01\/nestle.svg\" alt=\"\">\n                    <\/div>\n                <\/div>\n            <\/div>\n                        <div data-aos=\"fade-up\" class=\"col\">\n                <div class=\"img-container\">\n                    <div class=\"img-wrap\">\n                        <img decoding=\"async\" src=\"https:\/\/www.farleygreene.com\/wp-content\/uploads\/2022\/01\/prima.svg\" alt=\"\">\n                    <\/div>\n                <\/div>\n            <\/div>\n                        <div data-aos=\"fade-up\" class=\"col\">\n                <div class=\"img-container\">\n                    <div class=\"img-wrap\">\n                        <img decoding=\"async\" src=\"https:\/\/www.farleygreene.com\/wp-content\/uploads\/2022\/01\/rolls.svg\" alt=\"\">\n                    <\/div>\n                <\/div>\n            <\/div>\n                        <div data-aos=\"fade-up\" class=\"col\">\n                <div class=\"img-container\">\n                    <div class=\"img-wrap\">\n                        <img decoding=\"async\" src=\"https:\/\/www.farleygreene.com\/wp-content\/uploads\/2022\/01\/teva.svg\" alt=\"\">\n                    <\/div>\n                <\/div>\n            <\/div>\n                    <\/div>\n    <\/div>\n<\/section>\n\n\n\n\n<section class=\"testimonials\">\n    <div data-aos=\"fade-up\" class=\"container\">\n                <div class=\"heading-wrap content-wrap\">\n            <h2>Ce que les leaders des diff\u00e9rents<em> secteurs<\/em> disent de nous<\/h2>\n<p><span class=\"intro-text\">En nous concentrant depuis notre cr\u00e9ation en 1976 sur la conception de machines efficaces et de haute qualit\u00e9 ainsi que sur l\u2019excellence du service \u00e0 la client\u00e8le, nous sommes devenu le fournisseur de solutions de tamisage de choix pour les plus grandes entreprises.<\/span><\/p>\n        <\/div>\n                <div class=\"slider-wrap\">\n            <div class=\"testimonials-slider\">\n                                <div class=\"testimonials-slide\">\n                    <div class=\"testimonials-item\">\n                                                <div class=\"testimonials-item--img\">\n                            <div class=\"img-container\">\n                                <div class=\"img-wrap\">\n                                    <img decoding=\"async\" src=\"https:\/\/www.farleygreene.com\/wp-content\/uploads\/2022\/01\/Matsuura-Testimonial.png\" alt=\"\">\n                                <\/div>\n                            <\/div>\n                        <\/div>\n                                                <div class=\"content-wrap quote-wrap\">\n                            <h3>\u00ab Au lieu de tamiser pendant des heures, cela ne prend que quelques minutes. \u00bb<\/h3>\n                        <\/div>\n                        <div class=\"content-wrap text-wrap\">\n                            <p>\u00ab L\u2019utilisation du syst\u00e8me Sievgen nous apporte d\u2019\u00e9normes avantages par rapport au tamisage manuel de nos poudres. Au lieu de tamiser pendant des heures, cela ne prend que quelques minutes. \u00bb<\/p>\n                        <\/div>\n                        <div class=\"testimonials-item--info\">\n                            <p class=\"title\">Holger Hermann<\/p>\n                            <p class=\"job\"> Responsable d\u2019exploitation chez Matsuura Machinery<\/p>\n                        <\/div>\n                    <\/div>\n                <\/div>\n                                <div class=\"testimonials-slide\">\n                    <div class=\"testimonials-item\">\n                                                <div class=\"testimonials-item--img\">\n                            <div class=\"img-container\">\n                                <div class=\"img-wrap\">\n                                    <img decoding=\"async\" src=\"https:\/\/www.farleygreene.com\/wp-content\/uploads\/2022\/01\/IVC-Brunel-Logo.jpg\" alt=\"\">\n                                <\/div>\n                            <\/div>\n                        <\/div>\n                                                <div class=\"content-wrap quote-wrap\">\n                            <h3>\u00ab Le r\u00e9sultat final est de la plus haute qualit\u00e9 et leur \u00e9quipe d&rsquo;assistance est toujours disponible pour vous aider. \u00bb<\/h3>\n                        <\/div>\n                        <div class=\"content-wrap text-wrap\">\n                            <p>\u00ab Apr\u00e8s avoir travaill\u00e9 avec <strong>Farleygreene<\/strong> pendant plusieurs semaines sur une ligne de tri sur mesure, je les ai trouv\u00e9s tr\u00e8s positifs dans leur approche et leur professionnalisme. Le r\u00e9sultat final est de la plus haute qualit\u00e9 et leur \u00e9quipe d&rsquo;assistance est toujours disponible pour vous aider. Si \u00e0 l&rsquo;avenir nous avons besoin d&rsquo;une machine sur mesure que <strong>Farleygreene<\/strong> est en mesure de nous proposer, je retravaillerais avec plaisir avec eux. \u00bb<\/p>\n                        <\/div>\n                        <div class=\"testimonials-item--info\">\n                            <p class=\"title\">Chris Tilson<\/p>\n                            <p class=\"job\">Directeur de fabrication chez IVC Brunel<\/p>\n                        <\/div>\n                    <\/div>\n                <\/div>\n                                <div class=\"testimonials-slide\">\n                    <div class=\"testimonials-item\">\n                                                <div class=\"testimonials-item--img\">\n                            <div class=\"img-container\">\n                                <div class=\"img-wrap\">\n                                    <img decoding=\"async\" src=\"https:\/\/www.farleygreene.com\/wp-content\/uploads\/2022\/01\/LSBU-Testimonial.jpg\" alt=\"\">\n                                <\/div>\n                            <\/div>\n                        <\/div>\n                                                <div class=\"content-wrap quote-wrap\">\n                            <h3>\u00ab C&rsquo;est d\u00e9finitivement une machine essentielle dans toute entreprise de fabrication de produits de boulangerie. \u00bb<\/h3>\n                        <\/div>\n                        <div class=\"content-wrap text-wrap\">\n                            <p>\u00ab Le facteur gain de temps est essentiel dans notre secteur, et toute machine capable de faciliter les processus, de r\u00e9duire les co\u00fbts et de minimiser les d\u00e9chets apporte des avantages imm\u00e9diats. C&rsquo;est d\u00e9finitivement une machine essentielle dans toute entreprise de fabrication de produits de boulangerie. \u00bb<\/p>\n                        <\/div>\n                        <div class=\"testimonials-item--info\">\n                            <p class=\"title\">Devon Petrie<\/p>\n                            <p class=\"job\">Professeur de technologie \u00e0 la National Bakery School <\/p>\n                        <\/div>\n                    <\/div>\n                <\/div>\n                            <\/div>\n        <\/div>\n    <\/div>\n<\/section>\n","protected":false},"excerpt":{"rendered":"","protected":false},"author":9,"featured_media":0,"parent":0,"menu_order":0,"comment_status":"closed","ping_status":"closed","template":"","meta":{"_acf_changed":false,"footnotes":""},"class_list":["post-10093","page","type-page","status-publish","hentry"],"acf":[],"yoast_head":"<!-- This site is optimized with the Yoast SEO plugin v27.4 - https:\/\/yoast.com\/product\/yoast-seo-wordpress\/ -->\n<title>Secteurs - Farleygreene Sieving Equipment and Technologies<\/title>\n<meta name=\"robots\" content=\"index, follow, max-snippet:-1, max-image-preview:large, max-video-preview:-1\" \/>\n<link rel=\"canonical\" href=\"https:\/\/www.farleygreene.com\/fr\/secteurs\/\" \/>\n<meta property=\"og:locale\" content=\"fr_FR\" \/>\n<meta property=\"og:type\" content=\"article\" \/>\n<meta property=\"og:title\" content=\"Secteurs - Farleygreene Sieving Equipment and Technologies\" \/>\n<meta property=\"og:url\" content=\"https:\/\/www.farleygreene.com\/fr\/secteurs\/\" \/>\n<meta property=\"og:site_name\" content=\"Farleygreene Sieving Equipment and Technologies\" \/>\n<meta property=\"article:modified_time\" content=\"2022-04-13T14:29:03+00:00\" \/>\n<meta name=\"twitter:card\" content=\"summary_large_image\" \/>\n<script type=\"application\/ld+json\" class=\"yoast-schema-graph\">{\"@context\":\"https:\\\/\\\/schema.org\",\"@graph\":[{\"@type\":\"WebPage\",\"@id\":\"https:\\\/\\\/www.farleygreene.com\\\/fr\\\/secteurs\\\/\",\"url\":\"https:\\\/\\\/www.farleygreene.com\\\/fr\\\/secteurs\\\/\",\"name\":\"Secteurs - Farleygreene Sieving Equipment and Technologies\",\"isPartOf\":{\"@id\":\"https:\\\/\\\/www.farleygreene.com\\\/fr\\\/#website\"},\"datePublished\":\"2022-02-22T17:09:22+00:00\",\"dateModified\":\"2022-04-13T14:29:03+00:00\",\"breadcrumb\":{\"@id\":\"https:\\\/\\\/www.farleygreene.com\\\/fr\\\/secteurs\\\/#breadcrumb\"},\"inLanguage\":\"fr-FR\",\"potentialAction\":[{\"@type\":\"ReadAction\",\"target\":[\"https:\\\/\\\/www.farleygreene.com\\\/fr\\\/secteurs\\\/\"]}]},{\"@type\":\"BreadcrumbList\",\"@id\":\"https:\\\/\\\/www.farleygreene.com\\\/fr\\\/secteurs\\\/#breadcrumb\",\"itemListElement\":[{\"@type\":\"ListItem\",\"position\":1,\"name\":\"Home\",\"item\":\"https:\\\/\\\/www.farleygreene.com\\\/fr\\\/\"},{\"@type\":\"ListItem\",\"position\":2,\"name\":\"Secteurs\"}]},{\"@type\":\"WebSite\",\"@id\":\"https:\\\/\\\/www.farleygreene.com\\\/fr\\\/#website\",\"url\":\"https:\\\/\\\/www.farleygreene.com\\\/fr\\\/\",\"name\":\"Farleygreene Sieving Equipment and Technologies\",\"description\":\"Industrial sieves, screeners and separators\",\"publisher\":{\"@id\":\"https:\\\/\\\/www.farleygreene.com\\\/fr\\\/#organization\"},\"alternateName\":\"Farleygreene\",\"potentialAction\":[{\"@type\":\"SearchAction\",\"target\":{\"@type\":\"EntryPoint\",\"urlTemplate\":\"https:\\\/\\\/www.farleygreene.com\\\/fr\\\/?s={search_term_string}\"},\"query-input\":{\"@type\":\"PropertyValueSpecification\",\"valueRequired\":true,\"valueName\":\"search_term_string\"}}],\"inLanguage\":\"fr-FR\"},{\"@type\":\"Organization\",\"@id\":\"https:\\\/\\\/www.farleygreene.com\\\/fr\\\/#organization\",\"name\":\"Farleygreene\",\"url\":\"https:\\\/\\\/www.farleygreene.com\\\/fr\\\/\",\"logo\":{\"@type\":\"ImageObject\",\"inLanguage\":\"fr-FR\",\"@id\":\"https:\\\/\\\/www.farleygreene.com\\\/fr\\\/#\\\/schema\\\/logo\\\/image\\\/\",\"url\":\"https:\\\/\\\/www.farleygreene.com\\\/wp-content\\\/uploads\\\/2021\\\/12\\\/logo.svg\",\"contentUrl\":\"https:\\\/\\\/www.farleygreene.com\\\/wp-content\\\/uploads\\\/2021\\\/12\\\/logo.svg\",\"width\":348,\"height\":52,\"caption\":\"Farleygreene\"},\"image\":{\"@id\":\"https:\\\/\\\/www.farleygreene.com\\\/fr\\\/#\\\/schema\\\/logo\\\/image\\\/\"},\"sameAs\":[\"https:\\\/\\\/www.linkedin.com\\\/company\\\/farleygreene-limited\\\/\",\"https:\\\/\\\/www.youtube.com\\\/user\\\/farleygreene\"]}]}<\/script>\n<!-- \/ Yoast SEO plugin. -->","yoast_head_json":{"title":"Secteurs - Farleygreene Sieving Equipment and Technologies","robots":{"index":"index","follow":"follow","max-snippet":"max-snippet:-1","max-image-preview":"max-image-preview:large","max-video-preview":"max-video-preview:-1"},"canonical":"https:\/\/www.farleygreene.com\/fr\/secteurs\/","og_locale":"fr_FR","og_type":"article","og_title":"Secteurs - Farleygreene Sieving Equipment and Technologies","og_url":"https:\/\/www.farleygreene.com\/fr\/secteurs\/","og_site_name":"Farleygreene Sieving Equipment and Technologies","article_modified_time":"2022-04-13T14:29:03+00:00","twitter_card":"summary_large_image","schema":{"@context":"https:\/\/schema.org","@graph":[{"@type":"WebPage","@id":"https:\/\/www.farleygreene.com\/fr\/secteurs\/","url":"https:\/\/www.farleygreene.com\/fr\/secteurs\/","name":"Secteurs - Farleygreene Sieving Equipment and Technologies","isPartOf":{"@id":"https:\/\/www.farleygreene.com\/fr\/#website"},"datePublished":"2022-02-22T17:09:22+00:00","dateModified":"2022-04-13T14:29:03+00:00","breadcrumb":{"@id":"https:\/\/www.farleygreene.com\/fr\/secteurs\/#breadcrumb"},"inLanguage":"fr-FR","potentialAction":[{"@type":"ReadAction","target":["https:\/\/www.farleygreene.com\/fr\/secteurs\/"]}]},{"@type":"BreadcrumbList","@id":"https:\/\/www.farleygreene.com\/fr\/secteurs\/#breadcrumb","itemListElement":[{"@type":"ListItem","position":1,"name":"Home","item":"https:\/\/www.farleygreene.com\/fr\/"},{"@type":"ListItem","position":2,"name":"Secteurs"}]},{"@type":"WebSite","@id":"https:\/\/www.farleygreene.com\/fr\/#website","url":"https:\/\/www.farleygreene.com\/fr\/","name":"Farleygreene Sieving Equipment and Technologies","description":"Industrial sieves, screeners and separators","publisher":{"@id":"https:\/\/www.farleygreene.com\/fr\/#organization"},"alternateName":"Farleygreene","potentialAction":[{"@type":"SearchAction","target":{"@type":"EntryPoint","urlTemplate":"https:\/\/www.farleygreene.com\/fr\/?s={search_term_string}"},"query-input":{"@type":"PropertyValueSpecification","valueRequired":true,"valueName":"search_term_string"}}],"inLanguage":"fr-FR"},{"@type":"Organization","@id":"https:\/\/www.farleygreene.com\/fr\/#organization","name":"Farleygreene","url":"https:\/\/www.farleygreene.com\/fr\/","logo":{"@type":"ImageObject","inLanguage":"fr-FR","@id":"https:\/\/www.farleygreene.com\/fr\/#\/schema\/logo\/image\/","url":"https:\/\/www.farleygreene.com\/wp-content\/uploads\/2021\/12\/logo.svg","contentUrl":"https:\/\/www.farleygreene.com\/wp-content\/uploads\/2021\/12\/logo.svg","width":348,"height":52,"caption":"Farleygreene"},"image":{"@id":"https:\/\/www.farleygreene.com\/fr\/#\/schema\/logo\/image\/"},"sameAs":["https:\/\/www.linkedin.com\/company\/farleygreene-limited\/","https:\/\/www.youtube.com\/user\/farleygreene"]}]}},"_links":{"self":[{"href":"https:\/\/www.farleygreene.com\/fr\/wp-json\/wp\/v2\/pages\/10093","targetHints":{"allow":["GET"]}}],"collection":[{"href":"https:\/\/www.farleygreene.com\/fr\/wp-json\/wp\/v2\/pages"}],"about":[{"href":"https:\/\/www.farleygreene.com\/fr\/wp-json\/wp\/v2\/types\/page"}],"author":[{"embeddable":true,"href":"https:\/\/www.farleygreene.com\/fr\/wp-json\/wp\/v2\/users\/9"}],"replies":[{"embeddable":true,"href":"https:\/\/www.farleygreene.com\/fr\/wp-json\/wp\/v2\/comments?post=10093"}],"version-history":[{"count":5,"href":"https:\/\/www.farleygreene.com\/fr\/wp-json\/wp\/v2\/pages\/10093\/revisions"}],"predecessor-version":[{"id":11657,"href":"https:\/\/www.farleygreene.com\/fr\/wp-json\/wp\/v2\/pages\/10093\/revisions\/11657"}],"wp:attachment":[{"href":"https:\/\/www.farleygreene.com\/fr\/wp-json\/wp\/v2\/media?parent=10093"}],"curies":[{"name":"wp","href":"https:\/\/api.w.org\/{rel}","templated":true}]}}