{"id":11551,"date":"2022-04-06T14:43:12","date_gmt":"2022-04-06T13:43:12","guid":{"rendered":"https:\/\/www.farleygreene.com\/?page_id=11551"},"modified":"2026-01-15T08:33:59","modified_gmt":"2026-01-15T08:33:59","slug":"thank-you-distributors","status":"publish","type":"page","link":"https:\/\/www.farleygreene.com\/fr\/thank-you-distributors\/","title":{"rendered":"Merci aux distributeurs"},"content":{"rendered":"\n\n<section data-aos=\"fade-in\" class=\"hero-page \">\n    <div class=\"container\">\n        <p id=\"breadcrumbs\"><span><span><a href=\"https:\/\/www.farleygreene.com\/fr\/\">Home<\/a><\/span><\/span><\/p>        <div class=\"content-wrap \">\n                    <h1>Merci d&rsquo;avoir contact\u00e9 Farleygreene<\/h1>\n<p>&nbsp;<\/p>\n<p>Un membre de l&rsquo;\u00e9quipe vous contactera bient\u00f4t.<\/p>\n        <\/div>\n            <\/div>\n    <div class=\"hero-page-img\">\n        <div class=\"img-wrap\">\n                        <div class=\"circle-wrap\">\n                <div class=\"img bg-cover\" style=\"background-image:url(https:\/\/www.farleygreene.com\/wp-content\/uploads\/2022\/01\/Inhouse-Testing.jpg);\"><\/div>\n                <div class=\"overlay\"><\/div>\n            <\/div>\n        <\/div>\n    <\/div>\n<\/section>\n","protected":false},"excerpt":{"rendered":"","protected":false},"author":9,"featured_media":0,"parent":0,"menu_order":0,"comment_status":"closed","ping_status":"closed","template":"","meta":{"_acf_changed":false,"footnotes":""},"class_list":["post-11551","page","type-page","status-publish","hentry"],"acf":[],"yoast_head":"<!-- This site is optimized with the Yoast SEO plugin v27.5 - https:\/\/yoast.com\/product\/yoast-seo-wordpress\/ -->\n<title>Merci aux distributeurs - Farleygreene Sieving Equipment and Technologies<\/title>\n<meta name=\"description\" content=\"Nous sommes l\u00e0 pour vous soutenir tout au long de la vie de votre tamiseuse en vous proposant une large gamme de pi\u00e8ces d\u00e9tach\u00e9es.\" \/>\n<meta name=\"robots\" content=\"noindex, follow\" \/>\n<meta property=\"og:locale\" content=\"fr_FR\" \/>\n<meta property=\"og:type\" content=\"article\" \/>\n<meta property=\"og:title\" content=\"Merci aux distributeurs - Farleygreene Sieving Equipment and Technologies\" \/>\n<meta property=\"og:description\" content=\"Nous sommes l\u00e0 pour vous soutenir tout au long de la vie de votre tamiseuse en vous proposant une large gamme de pi\u00e8ces d\u00e9tach\u00e9es.\" \/>\n<meta property=\"og:url\" content=\"https:\/\/www.farleygreene.com\/fr\/thank-you-distributors\/\" \/>\n<meta property=\"og:site_name\" content=\"Farleygreene Sieving Equipment and Technologies\" \/>\n<meta property=\"article:modified_time\" content=\"2026-01-15T08:33:59+00:00\" \/>\n<meta name=\"twitter:card\" content=\"summary_large_image\" \/>\n<script type=\"application\/ld+json\" class=\"yoast-schema-graph\">{\"@context\":\"https:\\\/\\\/schema.org\",\"@graph\":[{\"@type\":\"WebPage\",\"@id\":\"https:\\\/\\\/www.farleygreene.com\\\/fr\\\/thank-you-distributors\\\/\",\"url\":\"https:\\\/\\\/www.farleygreene.com\\\/fr\\\/thank-you-distributors\\\/\",\"name\":\"Merci aux distributeurs - Farleygreene Sieving Equipment and Technologies\",\"isPartOf\":{\"@id\":\"https:\\\/\\\/www.farleygreene.com\\\/fr\\\/#website\"},\"datePublished\":\"2022-04-06T13:43:12+00:00\",\"dateModified\":\"2026-01-15T08:33:59+00:00\",\"description\":\"Nous sommes l\u00e0 pour vous soutenir tout au long de la vie de votre tamiseuse en vous proposant une large gamme de pi\u00e8ces d\u00e9tach\u00e9es.\",\"breadcrumb\":{\"@id\":\"https:\\\/\\\/www.farleygreene.com\\\/fr\\\/thank-you-distributors\\\/#breadcrumb\"},\"inLanguage\":\"fr-FR\",\"potentialAction\":[{\"@type\":\"ReadAction\",\"target\":[\"https:\\\/\\\/www.farleygreene.com\\\/fr\\\/thank-you-distributors\\\/\"]}]},{\"@type\":\"BreadcrumbList\",\"@id\":\"https:\\\/\\\/www.farleygreene.com\\\/fr\\\/thank-you-distributors\\\/#breadcrumb\",\"itemListElement\":[{\"@type\":\"ListItem\",\"position\":1,\"name\":\"Home\",\"item\":\"https:\\\/\\\/www.farleygreene.com\\\/fr\\\/\"},{\"@type\":\"ListItem\",\"position\":2,\"name\":\"Merci aux distributeurs\"}]},{\"@type\":\"WebSite\",\"@id\":\"https:\\\/\\\/www.farleygreene.com\\\/fr\\\/#website\",\"url\":\"https:\\\/\\\/www.farleygreene.com\\\/fr\\\/\",\"name\":\"Farleygreene Sieving Equipment and Technologies\",\"description\":\"Industrial sieves, screeners and separators\",\"publisher\":{\"@id\":\"https:\\\/\\\/www.farleygreene.com\\\/fr\\\/#organization\"},\"alternateName\":\"Farleygreene\",\"potentialAction\":[{\"@type\":\"SearchAction\",\"target\":{\"@type\":\"EntryPoint\",\"urlTemplate\":\"https:\\\/\\\/www.farleygreene.com\\\/fr\\\/?s={search_term_string}\"},\"query-input\":{\"@type\":\"PropertyValueSpecification\",\"valueRequired\":true,\"valueName\":\"search_term_string\"}}],\"inLanguage\":\"fr-FR\"},{\"@type\":\"Organization\",\"@id\":\"https:\\\/\\\/www.farleygreene.com\\\/fr\\\/#organization\",\"name\":\"Farleygreene\",\"url\":\"https:\\\/\\\/www.farleygreene.com\\\/fr\\\/\",\"logo\":{\"@type\":\"ImageObject\",\"inLanguage\":\"fr-FR\",\"@id\":\"https:\\\/\\\/www.farleygreene.com\\\/fr\\\/#\\\/schema\\\/logo\\\/image\\\/\",\"url\":\"https:\\\/\\\/www.farleygreene.com\\\/wp-content\\\/uploads\\\/2021\\\/12\\\/logo.svg\",\"contentUrl\":\"https:\\\/\\\/www.farleygreene.com\\\/wp-content\\\/uploads\\\/2021\\\/12\\\/logo.svg\",\"width\":348,\"height\":52,\"caption\":\"Farleygreene\"},\"image\":{\"@id\":\"https:\\\/\\\/www.farleygreene.com\\\/fr\\\/#\\\/schema\\\/logo\\\/image\\\/\"},\"sameAs\":[\"https:\\\/\\\/www.linkedin.com\\\/company\\\/farleygreene-limited\\\/\",\"https:\\\/\\\/www.youtube.com\\\/user\\\/farleygreene\"]}]}<\/script>\n<!-- \/ Yoast SEO plugin. -->","yoast_head_json":{"title":"Merci aux distributeurs - Farleygreene Sieving Equipment and Technologies","description":"Nous sommes l\u00e0 pour vous soutenir tout au long de la vie de votre tamiseuse en vous proposant une large gamme de pi\u00e8ces d\u00e9tach\u00e9es.","robots":{"index":"noindex","follow":"follow"},"og_locale":"fr_FR","og_type":"article","og_title":"Merci aux distributeurs - Farleygreene Sieving Equipment and Technologies","og_description":"Nous sommes l\u00e0 pour vous soutenir tout au long de la vie de votre tamiseuse en vous proposant une large gamme de pi\u00e8ces d\u00e9tach\u00e9es.","og_url":"https:\/\/www.farleygreene.com\/fr\/thank-you-distributors\/","og_site_name":"Farleygreene Sieving Equipment and Technologies","article_modified_time":"2026-01-15T08:33:59+00:00","twitter_card":"summary_large_image","schema":{"@context":"https:\/\/schema.org","@graph":[{"@type":"WebPage","@id":"https:\/\/www.farleygreene.com\/fr\/thank-you-distributors\/","url":"https:\/\/www.farleygreene.com\/fr\/thank-you-distributors\/","name":"Merci aux distributeurs - Farleygreene Sieving Equipment and Technologies","isPartOf":{"@id":"https:\/\/www.farleygreene.com\/fr\/#website"},"datePublished":"2022-04-06T13:43:12+00:00","dateModified":"2026-01-15T08:33:59+00:00","description":"Nous sommes l\u00e0 pour vous soutenir tout au long de la vie de votre tamiseuse en vous proposant une large gamme de pi\u00e8ces d\u00e9tach\u00e9es.","breadcrumb":{"@id":"https:\/\/www.farleygreene.com\/fr\/thank-you-distributors\/#breadcrumb"},"inLanguage":"fr-FR","potentialAction":[{"@type":"ReadAction","target":["https:\/\/www.farleygreene.com\/fr\/thank-you-distributors\/"]}]},{"@type":"BreadcrumbList","@id":"https:\/\/www.farleygreene.com\/fr\/thank-you-distributors\/#breadcrumb","itemListElement":[{"@type":"ListItem","position":1,"name":"Home","item":"https:\/\/www.farleygreene.com\/fr\/"},{"@type":"ListItem","position":2,"name":"Merci aux distributeurs"}]},{"@type":"WebSite","@id":"https:\/\/www.farleygreene.com\/fr\/#website","url":"https:\/\/www.farleygreene.com\/fr\/","name":"Farleygreene Sieving Equipment and Technologies","description":"Industrial sieves, screeners and separators","publisher":{"@id":"https:\/\/www.farleygreene.com\/fr\/#organization"},"alternateName":"Farleygreene","potentialAction":[{"@type":"SearchAction","target":{"@type":"EntryPoint","urlTemplate":"https:\/\/www.farleygreene.com\/fr\/?s={search_term_string}"},"query-input":{"@type":"PropertyValueSpecification","valueRequired":true,"valueName":"search_term_string"}}],"inLanguage":"fr-FR"},{"@type":"Organization","@id":"https:\/\/www.farleygreene.com\/fr\/#organization","name":"Farleygreene","url":"https:\/\/www.farleygreene.com\/fr\/","logo":{"@type":"ImageObject","inLanguage":"fr-FR","@id":"https:\/\/www.farleygreene.com\/fr\/#\/schema\/logo\/image\/","url":"https:\/\/www.farleygreene.com\/wp-content\/uploads\/2021\/12\/logo.svg","contentUrl":"https:\/\/www.farleygreene.com\/wp-content\/uploads\/2021\/12\/logo.svg","width":348,"height":52,"caption":"Farleygreene"},"image":{"@id":"https:\/\/www.farleygreene.com\/fr\/#\/schema\/logo\/image\/"},"sameAs":["https:\/\/www.linkedin.com\/company\/farleygreene-limited\/","https:\/\/www.youtube.com\/user\/farleygreene"]}]}},"_links":{"self":[{"href":"https:\/\/www.farleygreene.com\/fr\/wp-json\/wp\/v2\/pages\/11551","targetHints":{"allow":["GET"]}}],"collection":[{"href":"https:\/\/www.farleygreene.com\/fr\/wp-json\/wp\/v2\/pages"}],"about":[{"href":"https:\/\/www.farleygreene.com\/fr\/wp-json\/wp\/v2\/types\/page"}],"author":[{"embeddable":true,"href":"https:\/\/www.farleygreene.com\/fr\/wp-json\/wp\/v2\/users\/9"}],"replies":[{"embeddable":true,"href":"https:\/\/www.farleygreene.com\/fr\/wp-json\/wp\/v2\/comments?post=11551"}],"version-history":[{"count":5,"href":"https:\/\/www.farleygreene.com\/fr\/wp-json\/wp\/v2\/pages\/11551\/revisions"}],"predecessor-version":[{"id":15982,"href":"https:\/\/www.farleygreene.com\/fr\/wp-json\/wp\/v2\/pages\/11551\/revisions\/15982"}],"wp:attachment":[{"href":"https:\/\/www.farleygreene.com\/fr\/wp-json\/wp\/v2\/media?parent=11551"}],"curies":[{"name":"wp","href":"https:\/\/api.w.org\/{rel}","templated":true}]}}