{"id":14065,"date":"2025-04-08T15:17:32","date_gmt":"2025-04-08T14:17:32","guid":{"rendered":"https:\/\/www.farleygreene.com\/?page_id=14065"},"modified":"2026-01-15T08:34:10","modified_gmt":"2026-01-15T08:34:10","slug":"sievmaster-bosc","status":"publish","type":"page","link":"https:\/\/www.farleygreene.com\/fr\/sievmaster-bosc\/","title":{"rendered":"Sievmaster BOSC"},"content":{"rendered":"\n\n<section data-aos=\"fade-in\" class=\"hero-page has-product-img\">\n    <div class=\"container\">\n        <p id=\"breadcrumbs\"><span><span><a href=\"https:\/\/www.farleygreene.com\/fr\/\">Home<\/a><\/span><\/span><\/p>        <div class=\"content-wrap \">\n        <div class=\"product-img mobile\"><img decoding=\"async\" src=\"https:\/\/www.farleygreene.com\/wp-content\/uploads\/2024\/10\/BOSC-Logo-white-background.png\" alt=\"\"><\/div>            <h1>Sievmaster BOSC<\/h1>\n<p>Le Balloon Oversize Control <strong>(BOSC)<\/strong> pour la gamme de produits Slimline est con\u00e7u comme une solution facile \u00e0 int\u00e9grer qui peut \u00eatre install\u00e9e dans l&#8217;empreinte de la machine Slimline d&rsquo;origine.<\/p>\n        <\/div>\n            <\/div>\n    <div class=\"hero-page-img\">\n        <div class=\"img-wrap\">\n            <div class=\"product-img\"><img decoding=\"async\" src=\"https:\/\/www.farleygreene.com\/wp-content\/uploads\/2024\/10\/BOSC-Logo-white-background.png\" alt=\"\"><\/div>            <div class=\"circle-wrap\">\n                <div class=\"img bg-cover\" style=\"background-image:url(https:\/\/www.farleygreene.com\/wp-content\/uploads\/2024\/09\/SM550-FF-L-BOSC-RENDER-MODEL.png);\"><\/div>\n                <div class=\"overlay\"><\/div>\n            <\/div>\n        <\/div>\n    <\/div>\n<\/section>\n\n\n<section class=\"text-block\">\n    <div data-aos=\"fade-up\" class=\"container\">\n        <div class=\"content-wrap\">\n            <p style=\"text-align: center;\"><span class=\"intro-text\">Qu&rsquo;est-ce que le BOSC ?<\/span><\/p>\n<p style=\"text-align: center;\">Il utilise un ballon en silicone de forme sp\u00e9ciale qui se dilate pour cr\u00e9er un joint entre l&rsquo;orifice d&rsquo;\u00e9vacuation surdimensionn\u00e9 et le tamis. Le BOSC est facile \u00e0 utiliser, n\u00e9cessite peu d&rsquo;entretien et a \u00e9t\u00e9 con\u00e7u avec une attention particuli\u00e8re pour les industries alimentaires, pharmaceutiques et autres industries soucieuses de l&rsquo;hygi\u00e8ne. Le BOSC est particuli\u00e8rement efficace dans les lignes de traitement qui tamisent le produit en continu.<\/p>\n<p style=\"text-align: center;\">Cette option permet d&rsquo;augmenter consid\u00e9rablement le d\u00e9bit d&rsquo;une machine en utilisant toute la surface de la maille sans que le produit fin ne soit rejet\u00e9 de mani\u00e8re ind\u00e9sirable par la sortie de la surcote. L&rsquo;option BOSC excelle dans les installations o\u00f9 l&rsquo;espace est limit\u00e9, offrant une plus grande efficacit\u00e9 lorsque des machines plus grandes ne sont pas envisageables.<\/p>\n<p style=\"text-align: center;\"><a href=\"https:\/\/vimeo.com\/749553808\" target=\"_blank\" rel=\"noopener\"><strong>Regardez notre vid\u00e9o sur les produits<\/strong><\/a><\/p>\n        <\/div>\n    <\/div>\n<\/section>\n\n\n<section class=\"service\">\n    <div data-aos=\"fade-up\" class=\"container\">\n        <div class=\"flex-wrap\">\n            <div class=\"col-2 col-content\">\n                <div class=\"service__content\">\n                    <div class=\"content-wrap\">\n                        <h2><em>Comment cela<\/em> fonctionne-t-il ?<\/h2>\n                    <\/div>\n                                        <div class=\"service__img mobile\">\n                        <div class=\"img bg-cover\" style=\"background-image:url(https:\/\/www.farleygreene.com\/wp-content\/uploads\/2024\/09\/BOSC-Thumbnail.png);\"><\/div>\n                    <\/div>\n                                        <div class=\"content-wrap\">\n                        <p>Le ballon est rempli \u00e0 l&rsquo;aide d&rsquo;un tuyau pneumatique flexible alimentaire jusqu&rsquo;\u00e0 +200mbarg, ce qui cr\u00e9e un joint entre la sortie et le tamis, arr\u00eatant le flux de produit provenant de la sortie surdimensionn\u00e9e du tamis.<\/p>\n<p>Le r\u00e9sultat est un contr\u00f4le beaucoup plus efficace de la quantit\u00e9 de bon produit quittant la machine.<\/p>\n                    <\/div>\n                <\/div>\n            <\/div>\n            <div class=\"col-2 col-img\">\n                                <div class=\"service__img\">\n                    <div class=\"img bg-cover\" style=\"background-image:url(https:\/\/www.farleygreene.com\/wp-content\/uploads\/2024\/09\/BOSC-Thumbnail.png);\"><\/div>\n                <\/div>\n                            <\/div>\n        <\/div>\n    <\/div>\n<\/section>\n\n\n<section class=\"check-list\">\n    <div data-aos=\"fade-up\" class=\"container\">\n        <div class=\"check-list-content\">\n            <h3><em>Caract\u00e9ristiques et avantages<\/em><\/h3>\n<ul>\n<li class=\"p1\">Le BOSC contr\u00f4le la quantit\u00e9 de \u00ab\u00a0bon produit\u00a0\u00bb \u00e9ject\u00e9 par la sortie de surdimensionnement du tamis.<\/li>\n<li class=\"p1\">Convient aux applications s\u00e8ches et liquides. Contient jusqu&rsquo;\u00e0 130 mm de hauteur d&rsquo;eau +200mbarg<\/li>\n<li class=\"p1\">Port de vision clair : pour faciliter l&rsquo;inspection sans avoir \u00e0 d\u00e9monter l&rsquo;appareil<\/li>\n<li class=\"p1\">Facile \u00e0 nettoyer, il peut \u00eatre retir\u00e9 sans outils de l&rsquo;ext\u00e9rieur de la galerie du tamis.<\/li>\n<li class=\"p1\">Disponible en silicone blanc ou bleu d\u00e9tectable par les m\u00e9taux Qualit\u00e9 alimentaire certifi\u00e9e selon EC 1935\/2004<\/li>\n<li class=\"p2\">Option de contr\u00f4le automatique disponible<\/li>\n<\/ul>\n        <\/div>\n        <div class=\"btn-wrap\">\n            <button class=\"button\">View All Spares<\/button>\n        <\/div>\n    <\/div>\n<\/section>\n\n\n<section class=\"service\">\n    <div data-aos=\"fade-up\" class=\"container\">\n        <div class=\"flex-wrap\">\n            <div class=\"col-2 col-content\">\n                <div class=\"service__content\">\n                    <div class=\"content-wrap\">\n                        <h2><em>Retour<\/em> sur investissement<\/h2>\n                    <\/div>\n                                        <div class=\"service__img mobile\">\n                        <div class=\"img bg-cover\" style=\"background-image:url(https:\/\/www.farleygreene.com\/wp-content\/uploads\/2024\/09\/SM550-FF-L-BOSC-RENDER-MODEL.png);\"><\/div>\n                    <\/div>\n                                        <div class=\"content-wrap\">\n                        <p>Sur une application Slimline typique, l&rsquo;efficacit\u00e9 du tamisage est pass\u00e9e de <strong>99,7 % \u00e0 100 %*<\/strong>.<\/p>\n<p class=\"p1\"><em>*En fonction de l&rsquo;application. Nous avons utilis\u00e9 un environnement de production r\u00e9el en testant avec un partenaire industriel, le tamisage de produits alimentaires courants tels que le lait en poudre, la farine, le sucre, la maltodextrine et le caf\u00e9.<\/em><\/p>\n<p><img loading=\"lazy\" decoding=\"async\" class=\"alignnone size-medium wp-image-13652\" src=\"https:\/\/www.farleygreene.com\/wp-content\/uploads\/2024\/09\/Screenshot-2024-09-26-at-17.54.15-300x78.png\" alt=\"Tableau de retour sur investissement\" width=\"300\" height=\"78\" srcset=\"https:\/\/www.farleygreene.com\/wp-content\/uploads\/2024\/09\/Screenshot-2024-09-26-at-17.54.15-300x78.png 300w, https:\/\/www.farleygreene.com\/wp-content\/uploads\/2024\/09\/Screenshot-2024-09-26-at-17.54.15-768x200.png 768w, https:\/\/www.farleygreene.com\/wp-content\/uploads\/2024\/09\/Screenshot-2024-09-26-at-17.54.15.png 862w\" sizes=\"auto, (max-width: 300px) 100vw, 300px\" \/><\/p>\n<p>Cela signifie que vous r\u00e9cup\u00e9rez votre investissement en 15 jours seulement !<\/p>\n<p>(Les chiffres sont bas\u00e9s sur une mise \u00e0 niveau \u00e0 partir d&rsquo;une option de surdimensionnement manuel traitant 1 \u00a3\/kg de produit \u00e0 1000 kg\/h &#8211; aucun syst\u00e8me de contr\u00f4le inclus &#8211; machines neuves uniquement).<\/p>\n                    <\/div>\n                <\/div>\n            <\/div>\n            <div class=\"col-2 col-img\">\n                                <div class=\"service__img\">\n                    <div class=\"img bg-cover\" style=\"background-image:url(https:\/\/www.farleygreene.com\/wp-content\/uploads\/2024\/09\/SM550-FF-L-BOSC-RENDER-MODEL.png);\"><\/div>\n                <\/div>\n                            <\/div>\n        <\/div>\n    <\/div>\n<\/section>\n\n\n<section class=\"cta\">\n    <div data-aos=\"fade-up\" class=\"container\">\n        <div class=\"cta-block\">\n        <svg width=\"1355px\" height=\"812px\" viewBox=\"0 0 1355 812\" version=\"1.1\" xmlns=\"http:\/\/www.w3.org\/2000\/svg\" xmlns:xlink=\"http:\/\/www.w3.org\/1999\/xlink\">\n    <title>Group<\/title>\n    <g id=\"Symbols\" stroke=\"none\" stroke-width=\"1\" fill=\"none\" fill-rule=\"evenodd\">\n        <g id=\"Group\" transform=\"translate(6.000000, -0.000000)\">\n            <path d=\"M967,629.066726 C967,783.334247 842.3548,908.876341 688.996392,908.876341 C535.724578,908.876341 411.079378,783.334247 411.079378,629.066726 C411.079378,538.053247 454.412582,457.091851 521.414879,405.996182 C452.413698,353.687581 411,271.520516 411,182.678694 C411,28.4111731 535.724578,-97.1236586 688.996392,-97.1236586 C842.3548,-97.1236586 967,28.4111731 967,182.678694 C967,271.520516 925.66568,353.687581 856.585121,405.996182 C923.666796,457.091851 967,538.053247 967,629.066726 Z M912.663806,629.637122 C912.663806,505.557254 812.193829,404.637122 688.660194,404.637122 C565.213264,404.637122 464.663806,505.557254 464.663806,629.637122 C464.663806,753.716991 565.213264,854.637122 688.660194,854.637122 C812.193829,854.637122 912.663806,753.716991 912.663806,629.637122 Z M912.566049,183.12695 C912.566049,59.1049605 812.096072,-41.7680954 688.562437,-41.7680954 C565.115507,-41.7680954 464.566049,59.1049605 464.566049,183.12695 C464.566049,262.142364 505.476586,334.563487 572.080847,375.231905 C607.550615,358.677261 647.01606,349.507643 688.562437,349.507643 C730.195519,349.507643 769.660964,358.75706 805.130732,375.231905 C871.734993,334.563487 912.566049,262.142364 912.566049,183.12695 Z\" id=\"Shape\" fill=\"#599B9B\" opacity=\"0.339214018\" transform=\"translate(689.000000, 405.876341) rotate(106.000000) translate(-689.000000, -405.876341) \"><\/path>\n            <circle id=\"Oval1\" stroke=\"#F49B52\" stroke-width=\"12\" cx=\"1163\" cy=\"245.876341\" r=\"180\"><\/circle>\n            <circle id=\"Oval2\" stroke=\"#F49B52\" stroke-width=\"12\" cx=\"180\" cy=\"565.876341\" r=\"180\"><\/circle>\n        <\/g>\n    <\/g>\n<\/svg>\n            <div class=\"content-wrap\">\n                <h2>Vous souhaitez plus d&rsquo;informations ?<\/h2>\n<p>Pour en savoir plus sur la <strong>Sievmaster BOSC<\/strong>, l&rsquo;option de contr\u00f4le des sorties pour la <strong>gamme Sievmaster Slimline<\/strong>, consultez notre PDF t\u00e9l\u00e9chargeable.<\/p>\n            <\/div>\n            <div class=\"btn-wrap\">\n                <a href=\"https:\/\/www.farleygreene.com\/wp-content\/uploads\/2022\/09\/Sievmaster-BOSC-DOSC-Outlet-Options-06-25.pdf\" class=\"btn-arrow\">Download brochure<\/a>                <a href=\"\/contact-us\/\" class=\"button alt-white\">Contact Us<\/a>            <\/div>        <\/div>\n    <\/div>\n<\/section>\n","protected":false},"excerpt":{"rendered":"","protected":false},"author":9,"featured_media":0,"parent":0,"menu_order":0,"comment_status":"closed","ping_status":"closed","template":"","meta":{"_acf_changed":false,"footnotes":""},"class_list":["post-14065","page","type-page","status-publish","hentry"],"acf":[],"yoast_head":"<!-- This site is optimized with the Yoast SEO plugin v27.4 - https:\/\/yoast.com\/product\/yoast-seo-wordpress\/ -->\n<title>Sievmaster BOSC - Farleygreene Sieving Equipment and Technologies<\/title>\n<meta name=\"description\" content=\"Le syst\u00e8me Sievmaster Balloon Oversize Conversion (BOSC) pour la gamme de produits Slimline est con\u00e7u comme une solution facile \u00e0 int\u00e9grer.\" \/>\n<meta name=\"robots\" content=\"index, follow, max-snippet:-1, max-image-preview:large, max-video-preview:-1\" \/>\n<link rel=\"canonical\" href=\"https:\/\/www.farleygreene.com\/fr\/sievmaster-bosc\/\" \/>\n<meta property=\"og:locale\" content=\"fr_FR\" \/>\n<meta property=\"og:type\" content=\"article\" \/>\n<meta property=\"og:title\" content=\"Sievmaster BOSC - Farleygreene Sieving Equipment and Technologies\" \/>\n<meta property=\"og:description\" content=\"Le syst\u00e8me Sievmaster Balloon Oversize Conversion (BOSC) pour la gamme de produits Slimline est con\u00e7u comme une solution facile \u00e0 int\u00e9grer.\" \/>\n<meta property=\"og:url\" content=\"https:\/\/www.farleygreene.com\/fr\/sievmaster-bosc\/\" \/>\n<meta property=\"og:site_name\" content=\"Farleygreene Sieving Equipment and Technologies\" \/>\n<meta property=\"article:modified_time\" content=\"2026-01-15T08:34:10+00:00\" \/>\n<meta name=\"twitter:card\" content=\"summary_large_image\" \/>\n<meta name=\"twitter:label1\" content=\"Dur\u00e9e de lecture estim\u00e9e\" \/>\n\t<meta name=\"twitter:data1\" content=\"3 minutes\" \/>\n<script type=\"application\/ld+json\" class=\"yoast-schema-graph\">{\"@context\":\"https:\\\/\\\/schema.org\",\"@graph\":[{\"@type\":\"WebPage\",\"@id\":\"https:\\\/\\\/www.farleygreene.com\\\/fr\\\/sievmaster-bosc\\\/\",\"url\":\"https:\\\/\\\/www.farleygreene.com\\\/fr\\\/sievmaster-bosc\\\/\",\"name\":\"Sievmaster BOSC - Farleygreene Sieving Equipment and Technologies\",\"isPartOf\":{\"@id\":\"https:\\\/\\\/www.farleygreene.com\\\/fr\\\/#website\"},\"datePublished\":\"2025-04-08T14:17:32+00:00\",\"dateModified\":\"2026-01-15T08:34:10+00:00\",\"description\":\"Le syst\u00e8me Sievmaster Balloon Oversize Conversion (BOSC) pour la gamme de produits Slimline est con\u00e7u comme une solution facile \u00e0 int\u00e9grer.\",\"breadcrumb\":{\"@id\":\"https:\\\/\\\/www.farleygreene.com\\\/fr\\\/sievmaster-bosc\\\/#breadcrumb\"},\"inLanguage\":\"fr-FR\",\"potentialAction\":[{\"@type\":\"ReadAction\",\"target\":[\"https:\\\/\\\/www.farleygreene.com\\\/fr\\\/sievmaster-bosc\\\/\"]}]},{\"@type\":\"BreadcrumbList\",\"@id\":\"https:\\\/\\\/www.farleygreene.com\\\/fr\\\/sievmaster-bosc\\\/#breadcrumb\",\"itemListElement\":[{\"@type\":\"ListItem\",\"position\":1,\"name\":\"Home\",\"item\":\"https:\\\/\\\/www.farleygreene.com\\\/fr\\\/\"},{\"@type\":\"ListItem\",\"position\":2,\"name\":\"Sievmaster BOSC\"}]},{\"@type\":\"WebSite\",\"@id\":\"https:\\\/\\\/www.farleygreene.com\\\/fr\\\/#website\",\"url\":\"https:\\\/\\\/www.farleygreene.com\\\/fr\\\/\",\"name\":\"Farleygreene Sieving Equipment and Technologies\",\"description\":\"Industrial sieves, screeners and separators\",\"publisher\":{\"@id\":\"https:\\\/\\\/www.farleygreene.com\\\/fr\\\/#organization\"},\"alternateName\":\"Farleygreene\",\"potentialAction\":[{\"@type\":\"SearchAction\",\"target\":{\"@type\":\"EntryPoint\",\"urlTemplate\":\"https:\\\/\\\/www.farleygreene.com\\\/fr\\\/?s={search_term_string}\"},\"query-input\":{\"@type\":\"PropertyValueSpecification\",\"valueRequired\":true,\"valueName\":\"search_term_string\"}}],\"inLanguage\":\"fr-FR\"},{\"@type\":\"Organization\",\"@id\":\"https:\\\/\\\/www.farleygreene.com\\\/fr\\\/#organization\",\"name\":\"Farleygreene\",\"url\":\"https:\\\/\\\/www.farleygreene.com\\\/fr\\\/\",\"logo\":{\"@type\":\"ImageObject\",\"inLanguage\":\"fr-FR\",\"@id\":\"https:\\\/\\\/www.farleygreene.com\\\/fr\\\/#\\\/schema\\\/logo\\\/image\\\/\",\"url\":\"https:\\\/\\\/www.farleygreene.com\\\/wp-content\\\/uploads\\\/2021\\\/12\\\/logo.svg\",\"contentUrl\":\"https:\\\/\\\/www.farleygreene.com\\\/wp-content\\\/uploads\\\/2021\\\/12\\\/logo.svg\",\"width\":348,\"height\":52,\"caption\":\"Farleygreene\"},\"image\":{\"@id\":\"https:\\\/\\\/www.farleygreene.com\\\/fr\\\/#\\\/schema\\\/logo\\\/image\\\/\"},\"sameAs\":[\"https:\\\/\\\/www.linkedin.com\\\/company\\\/farleygreene-limited\\\/\",\"https:\\\/\\\/www.youtube.com\\\/user\\\/farleygreene\"]}]}<\/script>\n<!-- \/ Yoast SEO plugin. -->","yoast_head_json":{"title":"Sievmaster BOSC - Farleygreene Sieving Equipment and Technologies","description":"Le syst\u00e8me Sievmaster Balloon Oversize Conversion (BOSC) pour la gamme de produits Slimline est con\u00e7u comme une solution facile \u00e0 int\u00e9grer.","robots":{"index":"index","follow":"follow","max-snippet":"max-snippet:-1","max-image-preview":"max-image-preview:large","max-video-preview":"max-video-preview:-1"},"canonical":"https:\/\/www.farleygreene.com\/fr\/sievmaster-bosc\/","og_locale":"fr_FR","og_type":"article","og_title":"Sievmaster BOSC - Farleygreene Sieving Equipment and Technologies","og_description":"Le syst\u00e8me Sievmaster Balloon Oversize Conversion (BOSC) pour la gamme de produits Slimline est con\u00e7u comme une solution facile \u00e0 int\u00e9grer.","og_url":"https:\/\/www.farleygreene.com\/fr\/sievmaster-bosc\/","og_site_name":"Farleygreene Sieving Equipment and Technologies","article_modified_time":"2026-01-15T08:34:10+00:00","twitter_card":"summary_large_image","twitter_misc":{"Dur\u00e9e de lecture estim\u00e9e":"3 minutes"},"schema":{"@context":"https:\/\/schema.org","@graph":[{"@type":"WebPage","@id":"https:\/\/www.farleygreene.com\/fr\/sievmaster-bosc\/","url":"https:\/\/www.farleygreene.com\/fr\/sievmaster-bosc\/","name":"Sievmaster BOSC - Farleygreene Sieving Equipment and Technologies","isPartOf":{"@id":"https:\/\/www.farleygreene.com\/fr\/#website"},"datePublished":"2025-04-08T14:17:32+00:00","dateModified":"2026-01-15T08:34:10+00:00","description":"Le syst\u00e8me Sievmaster Balloon Oversize Conversion (BOSC) pour la gamme de produits Slimline est con\u00e7u comme une solution facile \u00e0 int\u00e9grer.","breadcrumb":{"@id":"https:\/\/www.farleygreene.com\/fr\/sievmaster-bosc\/#breadcrumb"},"inLanguage":"fr-FR","potentialAction":[{"@type":"ReadAction","target":["https:\/\/www.farleygreene.com\/fr\/sievmaster-bosc\/"]}]},{"@type":"BreadcrumbList","@id":"https:\/\/www.farleygreene.com\/fr\/sievmaster-bosc\/#breadcrumb","itemListElement":[{"@type":"ListItem","position":1,"name":"Home","item":"https:\/\/www.farleygreene.com\/fr\/"},{"@type":"ListItem","position":2,"name":"Sievmaster BOSC"}]},{"@type":"WebSite","@id":"https:\/\/www.farleygreene.com\/fr\/#website","url":"https:\/\/www.farleygreene.com\/fr\/","name":"Farleygreene Sieving Equipment and Technologies","description":"Industrial sieves, screeners and separators","publisher":{"@id":"https:\/\/www.farleygreene.com\/fr\/#organization"},"alternateName":"Farleygreene","potentialAction":[{"@type":"SearchAction","target":{"@type":"EntryPoint","urlTemplate":"https:\/\/www.farleygreene.com\/fr\/?s={search_term_string}"},"query-input":{"@type":"PropertyValueSpecification","valueRequired":true,"valueName":"search_term_string"}}],"inLanguage":"fr-FR"},{"@type":"Organization","@id":"https:\/\/www.farleygreene.com\/fr\/#organization","name":"Farleygreene","url":"https:\/\/www.farleygreene.com\/fr\/","logo":{"@type":"ImageObject","inLanguage":"fr-FR","@id":"https:\/\/www.farleygreene.com\/fr\/#\/schema\/logo\/image\/","url":"https:\/\/www.farleygreene.com\/wp-content\/uploads\/2021\/12\/logo.svg","contentUrl":"https:\/\/www.farleygreene.com\/wp-content\/uploads\/2021\/12\/logo.svg","width":348,"height":52,"caption":"Farleygreene"},"image":{"@id":"https:\/\/www.farleygreene.com\/fr\/#\/schema\/logo\/image\/"},"sameAs":["https:\/\/www.linkedin.com\/company\/farleygreene-limited\/","https:\/\/www.youtube.com\/user\/farleygreene"]}]}},"_links":{"self":[{"href":"https:\/\/www.farleygreene.com\/fr\/wp-json\/wp\/v2\/pages\/14065","targetHints":{"allow":["GET"]}}],"collection":[{"href":"https:\/\/www.farleygreene.com\/fr\/wp-json\/wp\/v2\/pages"}],"about":[{"href":"https:\/\/www.farleygreene.com\/fr\/wp-json\/wp\/v2\/types\/page"}],"author":[{"embeddable":true,"href":"https:\/\/www.farleygreene.com\/fr\/wp-json\/wp\/v2\/users\/9"}],"replies":[{"embeddable":true,"href":"https:\/\/www.farleygreene.com\/fr\/wp-json\/wp\/v2\/comments?post=14065"}],"version-history":[{"count":4,"href":"https:\/\/www.farleygreene.com\/fr\/wp-json\/wp\/v2\/pages\/14065\/revisions"}],"predecessor-version":[{"id":16012,"href":"https:\/\/www.farleygreene.com\/fr\/wp-json\/wp\/v2\/pages\/14065\/revisions\/16012"}],"wp:attachment":[{"href":"https:\/\/www.farleygreene.com\/fr\/wp-json\/wp\/v2\/media?parent=14065"}],"curies":[{"name":"wp","href":"https:\/\/api.w.org\/{rel}","templated":true}]}}