{"id":15591,"date":"2022-01-05T14:40:04","date_gmt":"2022-01-05T14:40:04","guid":{"rendered":"https:\/\/www.farleygreene.com\/cookie-policy\/"},"modified":"2026-04-23T10:07:12","modified_gmt":"2026-04-23T09:07:12","slug":"cookie-policy","status":"publish","type":"page","link":"https:\/\/www.farleygreene.com\/fr\/cookie-policy\/","title":{"rendered":"Politique en mati\u00e8re de cookies"},"content":{"rendered":"\n<div style=\"height:100px\" aria-hidden=\"true\" class=\"wp-block-spacer\"><\/div>\n\n<h2 class=\"wp-block-heading\">Utilisation de cookies sur Farleygreene<\/h2>\n\n<p>La pr\u00e9sente politique en mati\u00e8re de cookies explique comment Farleygreene Ltd utilise les cookies et autres technologies similaires sur ce site web.  <\/p>\n\n<p><strong>1. Que sont les cookies ?<\/strong><\/p>\n\n<p>Les cookies sont de petits fichiers texte plac\u00e9s sur votre appareil lorsque vous visitez un site web. Ils aident les sites web \u00e0 fonctionner efficacement et fournissent des informations \u00e0 leurs propri\u00e9taires. <\/p>\n\n<p><strong>2. Types de cookies que nous utilisons<\/strong><\/p>\n\n<p><strong>Cookies strictement n\u00e9cessaires<\/strong><\/p>\n\n<p>Indispensable au fonctionnement du site web et ne peut \u00eatre d\u00e9sactiv\u00e9.<\/p>\n\n<p><strong>Cookies analytiques<\/strong><\/p>\n\n<p>Nous utilisons Google Analytics pour comprendre comment les visiteurs interagissent avec notre site web, ce qui nous aide \u00e0 am\u00e9liorer les performances et l&rsquo;exp\u00e9rience des utilisateurs.<\/p>\n\n<p><strong>Cookies de marketing<\/strong><\/p>\n\n<p>Campaign Monitor peut placer des cookies pour suivre l&rsquo;engagement dans les communications par courrier \u00e9lectronique.<\/p>\n\n<p><strong>3. Consentement<\/strong><\/p>\n\n<p>Les cookies non essentiels (analyse et marketing) ne sont plac\u00e9s qu&rsquo;apr\u00e8s que vous ayez donn\u00e9 votre accord via notre banni\u00e8re de cookies.<\/p>\n\n<p>Les utilisateurs peuvent retirer ou g\u00e9rer leur consentement \u00e0 tout moment par le biais des param\u00e8tres des cookies sur notre site web.<\/p>\n\n<p><strong>4. Gestion des cookies<\/strong><\/p>\n\n<p>Vous pouvez contr\u00f4ler et supprimer les cookies par le biais des param\u00e8tres de votre navigateur. La d\u00e9sactivation des cookies peut avoir une incidence sur la fonctionnalit\u00e9 du site web. <\/p>\n\n<div style=\"height:100px\" aria-hidden=\"true\" class=\"wp-block-spacer\"><\/div>\n","protected":false},"excerpt":{"rendered":"<p>Utilisation de cookies sur Farleygreene La pr\u00e9sente politique en mati\u00e8re de cookies explique comment Farleygreene Ltd utilise les cookies et autres technologies similaires sur ce site web. 1. Que sont les cookies ? Les cookies sont de petits fichiers texte plac\u00e9s sur votre appareil lorsque vous visitez un site web. Ils aident les sites web [&hellip;]<\/p>\n","protected":false},"author":9,"featured_media":0,"parent":0,"menu_order":0,"comment_status":"closed","ping_status":"closed","template":"","meta":{"_acf_changed":false,"footnotes":""},"class_list":["post-15591","page","type-page","status-publish","hentry"],"acf":[],"yoast_head":"<!-- This site is optimized with the Yoast SEO plugin v27.4 - https:\/\/yoast.com\/product\/yoast-seo-wordpress\/ -->\n<title>Politique en mati\u00e8re de cookies - Farleygreene Sieving Equipment and Technologies<\/title>\n<meta name=\"robots\" content=\"index, follow, max-snippet:-1, max-image-preview:large, max-video-preview:-1\" \/>\n<link rel=\"canonical\" href=\"https:\/\/www.farleygreene.com\/fr\/cookie-policy\/\" \/>\n<meta property=\"og:locale\" content=\"fr_FR\" \/>\n<meta property=\"og:type\" content=\"article\" \/>\n<meta property=\"og:title\" content=\"Politique en mati\u00e8re de cookies - Farleygreene Sieving Equipment and Technologies\" \/>\n<meta property=\"og:description\" content=\"Utilisation de cookies sur Farleygreene La pr\u00e9sente politique en mati\u00e8re de cookies explique comment Farleygreene Ltd utilise les cookies et autres technologies similaires sur ce site web. 1. Que sont les cookies ? Les cookies sont de petits fichiers texte plac\u00e9s sur votre appareil lorsque vous visitez un site web. Ils aident les sites web [&hellip;]\" \/>\n<meta property=\"og:url\" content=\"https:\/\/www.farleygreene.com\/fr\/cookie-policy\/\" \/>\n<meta property=\"og:site_name\" content=\"Farleygreene Sieving Equipment and Technologies\" \/>\n<meta property=\"article:modified_time\" content=\"2026-04-23T09:07:12+00:00\" \/>\n<meta name=\"twitter:card\" content=\"summary_large_image\" \/>\n<meta name=\"twitter:label1\" content=\"Dur\u00e9e de lecture estim\u00e9e\" \/>\n\t<meta name=\"twitter:data1\" content=\"1 minute\" \/>\n<script type=\"application\/ld+json\" class=\"yoast-schema-graph\">{\"@context\":\"https:\\\/\\\/schema.org\",\"@graph\":[{\"@type\":\"WebPage\",\"@id\":\"https:\\\/\\\/www.farleygreene.com\\\/fr\\\/cookie-policy\\\/\",\"url\":\"https:\\\/\\\/www.farleygreene.com\\\/fr\\\/cookie-policy\\\/\",\"name\":\"Politique en mati\u00e8re de cookies - Farleygreene Sieving Equipment and Technologies\",\"isPartOf\":{\"@id\":\"https:\\\/\\\/www.farleygreene.com\\\/fr\\\/#website\"},\"datePublished\":\"2022-01-05T14:40:04+00:00\",\"dateModified\":\"2026-04-23T09:07:12+00:00\",\"breadcrumb\":{\"@id\":\"https:\\\/\\\/www.farleygreene.com\\\/fr\\\/cookie-policy\\\/#breadcrumb\"},\"inLanguage\":\"fr-FR\",\"potentialAction\":[{\"@type\":\"ReadAction\",\"target\":[\"https:\\\/\\\/www.farleygreene.com\\\/fr\\\/cookie-policy\\\/\"]}]},{\"@type\":\"BreadcrumbList\",\"@id\":\"https:\\\/\\\/www.farleygreene.com\\\/fr\\\/cookie-policy\\\/#breadcrumb\",\"itemListElement\":[{\"@type\":\"ListItem\",\"position\":1,\"name\":\"Home\",\"item\":\"https:\\\/\\\/www.farleygreene.com\\\/fr\\\/\"},{\"@type\":\"ListItem\",\"position\":2,\"name\":\"Politique en mati\u00e8re de cookies\"}]},{\"@type\":\"WebSite\",\"@id\":\"https:\\\/\\\/www.farleygreene.com\\\/fr\\\/#website\",\"url\":\"https:\\\/\\\/www.farleygreene.com\\\/fr\\\/\",\"name\":\"Farleygreene Sieving Equipment and Technologies\",\"description\":\"Industrial sieves, screeners and separators\",\"publisher\":{\"@id\":\"https:\\\/\\\/www.farleygreene.com\\\/fr\\\/#organization\"},\"alternateName\":\"Farleygreene\",\"potentialAction\":[{\"@type\":\"SearchAction\",\"target\":{\"@type\":\"EntryPoint\",\"urlTemplate\":\"https:\\\/\\\/www.farleygreene.com\\\/fr\\\/?s={search_term_string}\"},\"query-input\":{\"@type\":\"PropertyValueSpecification\",\"valueRequired\":true,\"valueName\":\"search_term_string\"}}],\"inLanguage\":\"fr-FR\"},{\"@type\":\"Organization\",\"@id\":\"https:\\\/\\\/www.farleygreene.com\\\/fr\\\/#organization\",\"name\":\"Farleygreene\",\"url\":\"https:\\\/\\\/www.farleygreene.com\\\/fr\\\/\",\"logo\":{\"@type\":\"ImageObject\",\"inLanguage\":\"fr-FR\",\"@id\":\"https:\\\/\\\/www.farleygreene.com\\\/fr\\\/#\\\/schema\\\/logo\\\/image\\\/\",\"url\":\"https:\\\/\\\/www.farleygreene.com\\\/wp-content\\\/uploads\\\/2021\\\/12\\\/logo.svg\",\"contentUrl\":\"https:\\\/\\\/www.farleygreene.com\\\/wp-content\\\/uploads\\\/2021\\\/12\\\/logo.svg\",\"width\":348,\"height\":52,\"caption\":\"Farleygreene\"},\"image\":{\"@id\":\"https:\\\/\\\/www.farleygreene.com\\\/fr\\\/#\\\/schema\\\/logo\\\/image\\\/\"},\"sameAs\":[\"https:\\\/\\\/www.linkedin.com\\\/company\\\/farleygreene-limited\\\/\",\"https:\\\/\\\/www.youtube.com\\\/user\\\/farleygreene\"]}]}<\/script>\n<!-- \/ Yoast SEO plugin. -->","yoast_head_json":{"title":"Politique en mati\u00e8re de cookies - Farleygreene Sieving Equipment and Technologies","robots":{"index":"index","follow":"follow","max-snippet":"max-snippet:-1","max-image-preview":"max-image-preview:large","max-video-preview":"max-video-preview:-1"},"canonical":"https:\/\/www.farleygreene.com\/fr\/cookie-policy\/","og_locale":"fr_FR","og_type":"article","og_title":"Politique en mati\u00e8re de cookies - Farleygreene Sieving Equipment and Technologies","og_description":"Utilisation de cookies sur Farleygreene La pr\u00e9sente politique en mati\u00e8re de cookies explique comment Farleygreene Ltd utilise les cookies et autres technologies similaires sur ce site web. 1. Que sont les cookies ? Les cookies sont de petits fichiers texte plac\u00e9s sur votre appareil lorsque vous visitez un site web. Ils aident les sites web [&hellip;]","og_url":"https:\/\/www.farleygreene.com\/fr\/cookie-policy\/","og_site_name":"Farleygreene Sieving Equipment and Technologies","article_modified_time":"2026-04-23T09:07:12+00:00","twitter_card":"summary_large_image","twitter_misc":{"Dur\u00e9e de lecture estim\u00e9e":"1 minute"},"schema":{"@context":"https:\/\/schema.org","@graph":[{"@type":"WebPage","@id":"https:\/\/www.farleygreene.com\/fr\/cookie-policy\/","url":"https:\/\/www.farleygreene.com\/fr\/cookie-policy\/","name":"Politique en mati\u00e8re de cookies - Farleygreene Sieving Equipment and Technologies","isPartOf":{"@id":"https:\/\/www.farleygreene.com\/fr\/#website"},"datePublished":"2022-01-05T14:40:04+00:00","dateModified":"2026-04-23T09:07:12+00:00","breadcrumb":{"@id":"https:\/\/www.farleygreene.com\/fr\/cookie-policy\/#breadcrumb"},"inLanguage":"fr-FR","potentialAction":[{"@type":"ReadAction","target":["https:\/\/www.farleygreene.com\/fr\/cookie-policy\/"]}]},{"@type":"BreadcrumbList","@id":"https:\/\/www.farleygreene.com\/fr\/cookie-policy\/#breadcrumb","itemListElement":[{"@type":"ListItem","position":1,"name":"Home","item":"https:\/\/www.farleygreene.com\/fr\/"},{"@type":"ListItem","position":2,"name":"Politique en mati\u00e8re de cookies"}]},{"@type":"WebSite","@id":"https:\/\/www.farleygreene.com\/fr\/#website","url":"https:\/\/www.farleygreene.com\/fr\/","name":"Farleygreene Sieving Equipment and Technologies","description":"Industrial sieves, screeners and separators","publisher":{"@id":"https:\/\/www.farleygreene.com\/fr\/#organization"},"alternateName":"Farleygreene","potentialAction":[{"@type":"SearchAction","target":{"@type":"EntryPoint","urlTemplate":"https:\/\/www.farleygreene.com\/fr\/?s={search_term_string}"},"query-input":{"@type":"PropertyValueSpecification","valueRequired":true,"valueName":"search_term_string"}}],"inLanguage":"fr-FR"},{"@type":"Organization","@id":"https:\/\/www.farleygreene.com\/fr\/#organization","name":"Farleygreene","url":"https:\/\/www.farleygreene.com\/fr\/","logo":{"@type":"ImageObject","inLanguage":"fr-FR","@id":"https:\/\/www.farleygreene.com\/fr\/#\/schema\/logo\/image\/","url":"https:\/\/www.farleygreene.com\/wp-content\/uploads\/2021\/12\/logo.svg","contentUrl":"https:\/\/www.farleygreene.com\/wp-content\/uploads\/2021\/12\/logo.svg","width":348,"height":52,"caption":"Farleygreene"},"image":{"@id":"https:\/\/www.farleygreene.com\/fr\/#\/schema\/logo\/image\/"},"sameAs":["https:\/\/www.linkedin.com\/company\/farleygreene-limited\/","https:\/\/www.youtube.com\/user\/farleygreene"]}]}},"_links":{"self":[{"href":"https:\/\/www.farleygreene.com\/fr\/wp-json\/wp\/v2\/pages\/15591","targetHints":{"allow":["GET"]}}],"collection":[{"href":"https:\/\/www.farleygreene.com\/fr\/wp-json\/wp\/v2\/pages"}],"about":[{"href":"https:\/\/www.farleygreene.com\/fr\/wp-json\/wp\/v2\/types\/page"}],"author":[{"embeddable":true,"href":"https:\/\/www.farleygreene.com\/fr\/wp-json\/wp\/v2\/users\/9"}],"replies":[{"embeddable":true,"href":"https:\/\/www.farleygreene.com\/fr\/wp-json\/wp\/v2\/comments?post=15591"}],"version-history":[{"count":3,"href":"https:\/\/www.farleygreene.com\/fr\/wp-json\/wp\/v2\/pages\/15591\/revisions"}],"predecessor-version":[{"id":16496,"href":"https:\/\/www.farleygreene.com\/fr\/wp-json\/wp\/v2\/pages\/15591\/revisions\/16496"}],"wp:attachment":[{"href":"https:\/\/www.farleygreene.com\/fr\/wp-json\/wp\/v2\/media?parent=15591"}],"curies":[{"name":"wp","href":"https:\/\/api.w.org\/{rel}","templated":true}]}}