{"id":15613,"date":"2022-01-05T14:39:22","date_gmt":"2022-01-05T14:39:22","guid":{"rendered":"https:\/\/www.farleygreene.com\/terms-conditions\/"},"modified":"2026-04-23T10:06:17","modified_gmt":"2026-04-23T09:06:17","slug":"terms-conditions","status":"publish","type":"page","link":"https:\/\/www.farleygreene.com\/fr\/terms-conditions\/","title":{"rendered":"Conditions g\u00e9n\u00e9rales d&rsquo;utilisation"},"content":{"rendered":"\n<div style=\"height:100px\" aria-hidden=\"true\" class=\"wp-block-spacer\"><\/div>\n\n<h2 class=\"wp-block-heading\"><strong>Conditions g\u00e9n\u00e9rales d&rsquo;utilisation<\/strong><\/h2>\n\n<p><strong>1. Introduction<\/strong><\/p>\n\n<p>Les pr\u00e9sentes conditions g\u00e9n\u00e9rales r\u00e9gissent votre utilisation de ce site web. En utilisant ce site, vous acceptez l&rsquo;int\u00e9gralit\u00e9 de ces conditions. <\/p>\n\n<p><strong>2. Propri\u00e9t\u00e9 intellectuelle<\/strong><\/p>\n\n<p>Tout le contenu de ce site Web est la propri\u00e9t\u00e9 de Farleygreene Ltd ou de ses conc\u00e9dants de licence et est prot\u00e9g\u00e9 par les lois sur la propri\u00e9t\u00e9 intellectuelle. Vous ne pouvez pas reproduire ou distribuer le contenu sans autorisation. <\/p>\n\n<p><strong>3. Utilisation du site web<\/strong><\/p>\n\n<p>Vous acceptez de n&rsquo;utiliser ce site web qu&rsquo;\u00e0 des fins l\u00e9gales et d&rsquo;une mani\u00e8re qui ne porte pas atteinte aux droits d&rsquo;autrui.<\/p>\n\n<p><strong>4. Liens vers des sites web de tiers<\/strong><\/p>\n\n<p>Nous ne sommes pas responsables du contenu ou des pratiques des sites web de tiers li\u00e9s \u00e0 ce site.<\/p>\n\n<p><strong>5. Clause de non-responsabilit\u00e9<\/strong><\/p>\n\n<p>Le site web est fourni \u00ab\u00a0en l&rsquo;\u00e9tat\u00a0\u00bb. Nous ne garantissons pas l&rsquo;exactitude, l&rsquo;exhaustivit\u00e9 ou l&rsquo;ad\u00e9quation des informations fournies. <\/p>\n\n<p><strong>6. Limitation de la responsabilit\u00e9<\/strong><\/p>\n\n<p>Dans toute la mesure permise par la loi, Farleygreene Ltd n&rsquo;est pas responsable des pertes ou dommages r\u00e9sultant de votre utilisation de ce site web, sauf dans les cas o\u00f9 la loi ne nous permet pas de limiter notre responsabilit\u00e9, par exemple en cas de n\u00e9gligence entra\u00eenant la mort ou des l\u00e9sions corporelles.<\/p>\n\n<p><strong>7. Disponibilit\u00e9<\/strong><\/p>\n\n<p>Nous ne garantissons pas que le site web sera toujours disponible ou exempt d&rsquo;erreurs.<\/p>\n\n<p><strong>8. Modifications des conditions<\/strong><\/p>\n\n<p>Nous nous r\u00e9servons le droit de mettre \u00e0 jour les pr\u00e9sentes conditions g\u00e9n\u00e9rales \u00e0 tout moment.<\/p>\n\n<p><strong>9. Droit applicable<\/strong><\/p>\n\n<p>Les pr\u00e9sentes conditions sont r\u00e9gies par les lois de l&rsquo;Angleterre et du Pays de Galles, et les litiges seront soumis \u00e0 la comp\u00e9tence exclusive des tribunaux de l&rsquo;Angleterre et du Pays de Galles.<\/p>\n\n<p><strong>10. Contact<\/strong><\/p>\n\n<p>Pour toute question concernant les pr\u00e9sentes conditions, veuillez nous contacter \u00e0 l&rsquo;adresse suivante : info@farleygreene.com<\/p>\n\n<div style=\"height:100px\" aria-hidden=\"true\" class=\"wp-block-spacer\"><\/div>\n\n<p><\/p>\n\n<p><\/p>\n\n<p><\/p>\n\n<p><\/p>\n\n<p style=\"font-style:normal;font-weight:700\"><\/p>\n\n<p><\/p>\n\n<p><\/p>\n\n<p><\/p>\n","protected":false},"excerpt":{"rendered":"<p>Conditions g\u00e9n\u00e9rales d&rsquo;utilisation 1. Introduction Les pr\u00e9sentes conditions g\u00e9n\u00e9rales r\u00e9gissent votre utilisation de ce site web. En utilisant ce site, vous acceptez l&rsquo;int\u00e9gralit\u00e9 de ces conditions. 2. Propri\u00e9t\u00e9 intellectuelle Tout le contenu de ce site Web est la propri\u00e9t\u00e9 de Farleygreene Ltd ou de ses conc\u00e9dants de licence et est prot\u00e9g\u00e9 par les lois sur [&hellip;]<\/p>\n","protected":false},"author":9,"featured_media":0,"parent":0,"menu_order":0,"comment_status":"closed","ping_status":"closed","template":"","meta":{"_acf_changed":false,"footnotes":""},"class_list":["post-15613","page","type-page","status-publish","hentry"],"acf":[],"yoast_head":"<!-- This site is optimized with the Yoast SEO plugin v27.5 - https:\/\/yoast.com\/product\/yoast-seo-wordpress\/ -->\n<title>Conditions g\u00e9n\u00e9rales d&#039;utilisation - Farleygreene Sieving Equipment and Technologies<\/title>\n<meta name=\"robots\" content=\"index, follow, max-snippet:-1, max-image-preview:large, max-video-preview:-1\" \/>\n<link rel=\"canonical\" href=\"https:\/\/www.farleygreene.com\/fr\/terms-conditions\/\" \/>\n<meta property=\"og:locale\" content=\"fr_FR\" \/>\n<meta property=\"og:type\" content=\"article\" \/>\n<meta property=\"og:title\" content=\"Conditions g\u00e9n\u00e9rales d&#039;utilisation - Farleygreene Sieving Equipment and Technologies\" \/>\n<meta property=\"og:description\" content=\"Conditions g\u00e9n\u00e9rales d&rsquo;utilisation 1. Introduction Les pr\u00e9sentes conditions g\u00e9n\u00e9rales r\u00e9gissent votre utilisation de ce site web. En utilisant ce site, vous acceptez l&rsquo;int\u00e9gralit\u00e9 de ces conditions. 2. Propri\u00e9t\u00e9 intellectuelle Tout le contenu de ce site Web est la propri\u00e9t\u00e9 de Farleygreene Ltd ou de ses conc\u00e9dants de licence et est prot\u00e9g\u00e9 par les lois sur [&hellip;]\" \/>\n<meta property=\"og:url\" content=\"https:\/\/www.farleygreene.com\/fr\/terms-conditions\/\" \/>\n<meta property=\"og:site_name\" content=\"Farleygreene Sieving Equipment and Technologies\" \/>\n<meta property=\"article:modified_time\" content=\"2026-04-23T09:06:17+00:00\" \/>\n<meta name=\"twitter:card\" content=\"summary_large_image\" \/>\n<meta name=\"twitter:label1\" content=\"Dur\u00e9e de lecture estim\u00e9e\" \/>\n\t<meta name=\"twitter:data1\" content=\"2 minutes\" \/>\n<script type=\"application\/ld+json\" class=\"yoast-schema-graph\">{\"@context\":\"https:\\\/\\\/schema.org\",\"@graph\":[{\"@type\":\"WebPage\",\"@id\":\"https:\\\/\\\/www.farleygreene.com\\\/fr\\\/terms-conditions\\\/\",\"url\":\"https:\\\/\\\/www.farleygreene.com\\\/fr\\\/terms-conditions\\\/\",\"name\":\"Conditions g\u00e9n\u00e9rales d'utilisation - Farleygreene Sieving Equipment and Technologies\",\"isPartOf\":{\"@id\":\"https:\\\/\\\/www.farleygreene.com\\\/fr\\\/#website\"},\"datePublished\":\"2022-01-05T14:39:22+00:00\",\"dateModified\":\"2026-04-23T09:06:17+00:00\",\"breadcrumb\":{\"@id\":\"https:\\\/\\\/www.farleygreene.com\\\/fr\\\/terms-conditions\\\/#breadcrumb\"},\"inLanguage\":\"fr-FR\",\"potentialAction\":[{\"@type\":\"ReadAction\",\"target\":[\"https:\\\/\\\/www.farleygreene.com\\\/fr\\\/terms-conditions\\\/\"]}]},{\"@type\":\"BreadcrumbList\",\"@id\":\"https:\\\/\\\/www.farleygreene.com\\\/fr\\\/terms-conditions\\\/#breadcrumb\",\"itemListElement\":[{\"@type\":\"ListItem\",\"position\":1,\"name\":\"Home\",\"item\":\"https:\\\/\\\/www.farleygreene.com\\\/fr\\\/\"},{\"@type\":\"ListItem\",\"position\":2,\"name\":\"Conditions g\u00e9n\u00e9rales d&#8217;utilisation\"}]},{\"@type\":\"WebSite\",\"@id\":\"https:\\\/\\\/www.farleygreene.com\\\/fr\\\/#website\",\"url\":\"https:\\\/\\\/www.farleygreene.com\\\/fr\\\/\",\"name\":\"Farleygreene Sieving Equipment and Technologies\",\"description\":\"Industrial sieves, screeners and separators\",\"publisher\":{\"@id\":\"https:\\\/\\\/www.farleygreene.com\\\/fr\\\/#organization\"},\"alternateName\":\"Farleygreene\",\"potentialAction\":[{\"@type\":\"SearchAction\",\"target\":{\"@type\":\"EntryPoint\",\"urlTemplate\":\"https:\\\/\\\/www.farleygreene.com\\\/fr\\\/?s={search_term_string}\"},\"query-input\":{\"@type\":\"PropertyValueSpecification\",\"valueRequired\":true,\"valueName\":\"search_term_string\"}}],\"inLanguage\":\"fr-FR\"},{\"@type\":\"Organization\",\"@id\":\"https:\\\/\\\/www.farleygreene.com\\\/fr\\\/#organization\",\"name\":\"Farleygreene\",\"url\":\"https:\\\/\\\/www.farleygreene.com\\\/fr\\\/\",\"logo\":{\"@type\":\"ImageObject\",\"inLanguage\":\"fr-FR\",\"@id\":\"https:\\\/\\\/www.farleygreene.com\\\/fr\\\/#\\\/schema\\\/logo\\\/image\\\/\",\"url\":\"https:\\\/\\\/www.farleygreene.com\\\/wp-content\\\/uploads\\\/2021\\\/12\\\/logo.svg\",\"contentUrl\":\"https:\\\/\\\/www.farleygreene.com\\\/wp-content\\\/uploads\\\/2021\\\/12\\\/logo.svg\",\"width\":348,\"height\":52,\"caption\":\"Farleygreene\"},\"image\":{\"@id\":\"https:\\\/\\\/www.farleygreene.com\\\/fr\\\/#\\\/schema\\\/logo\\\/image\\\/\"},\"sameAs\":[\"https:\\\/\\\/www.linkedin.com\\\/company\\\/farleygreene-limited\\\/\",\"https:\\\/\\\/www.youtube.com\\\/user\\\/farleygreene\"]}]}<\/script>\n<!-- \/ Yoast SEO plugin. -->","yoast_head_json":{"title":"Conditions g\u00e9n\u00e9rales d'utilisation - Farleygreene Sieving Equipment and Technologies","robots":{"index":"index","follow":"follow","max-snippet":"max-snippet:-1","max-image-preview":"max-image-preview:large","max-video-preview":"max-video-preview:-1"},"canonical":"https:\/\/www.farleygreene.com\/fr\/terms-conditions\/","og_locale":"fr_FR","og_type":"article","og_title":"Conditions g\u00e9n\u00e9rales d'utilisation - Farleygreene Sieving Equipment and Technologies","og_description":"Conditions g\u00e9n\u00e9rales d&rsquo;utilisation 1. Introduction Les pr\u00e9sentes conditions g\u00e9n\u00e9rales r\u00e9gissent votre utilisation de ce site web. En utilisant ce site, vous acceptez l&rsquo;int\u00e9gralit\u00e9 de ces conditions. 2. Propri\u00e9t\u00e9 intellectuelle Tout le contenu de ce site Web est la propri\u00e9t\u00e9 de Farleygreene Ltd ou de ses conc\u00e9dants de licence et est prot\u00e9g\u00e9 par les lois sur [&hellip;]","og_url":"https:\/\/www.farleygreene.com\/fr\/terms-conditions\/","og_site_name":"Farleygreene Sieving Equipment and Technologies","article_modified_time":"2026-04-23T09:06:17+00:00","twitter_card":"summary_large_image","twitter_misc":{"Dur\u00e9e de lecture estim\u00e9e":"2 minutes"},"schema":{"@context":"https:\/\/schema.org","@graph":[{"@type":"WebPage","@id":"https:\/\/www.farleygreene.com\/fr\/terms-conditions\/","url":"https:\/\/www.farleygreene.com\/fr\/terms-conditions\/","name":"Conditions g\u00e9n\u00e9rales d'utilisation - Farleygreene Sieving Equipment and Technologies","isPartOf":{"@id":"https:\/\/www.farleygreene.com\/fr\/#website"},"datePublished":"2022-01-05T14:39:22+00:00","dateModified":"2026-04-23T09:06:17+00:00","breadcrumb":{"@id":"https:\/\/www.farleygreene.com\/fr\/terms-conditions\/#breadcrumb"},"inLanguage":"fr-FR","potentialAction":[{"@type":"ReadAction","target":["https:\/\/www.farleygreene.com\/fr\/terms-conditions\/"]}]},{"@type":"BreadcrumbList","@id":"https:\/\/www.farleygreene.com\/fr\/terms-conditions\/#breadcrumb","itemListElement":[{"@type":"ListItem","position":1,"name":"Home","item":"https:\/\/www.farleygreene.com\/fr\/"},{"@type":"ListItem","position":2,"name":"Conditions g\u00e9n\u00e9rales d&#8217;utilisation"}]},{"@type":"WebSite","@id":"https:\/\/www.farleygreene.com\/fr\/#website","url":"https:\/\/www.farleygreene.com\/fr\/","name":"Farleygreene Sieving Equipment and Technologies","description":"Industrial sieves, screeners and separators","publisher":{"@id":"https:\/\/www.farleygreene.com\/fr\/#organization"},"alternateName":"Farleygreene","potentialAction":[{"@type":"SearchAction","target":{"@type":"EntryPoint","urlTemplate":"https:\/\/www.farleygreene.com\/fr\/?s={search_term_string}"},"query-input":{"@type":"PropertyValueSpecification","valueRequired":true,"valueName":"search_term_string"}}],"inLanguage":"fr-FR"},{"@type":"Organization","@id":"https:\/\/www.farleygreene.com\/fr\/#organization","name":"Farleygreene","url":"https:\/\/www.farleygreene.com\/fr\/","logo":{"@type":"ImageObject","inLanguage":"fr-FR","@id":"https:\/\/www.farleygreene.com\/fr\/#\/schema\/logo\/image\/","url":"https:\/\/www.farleygreene.com\/wp-content\/uploads\/2021\/12\/logo.svg","contentUrl":"https:\/\/www.farleygreene.com\/wp-content\/uploads\/2021\/12\/logo.svg","width":348,"height":52,"caption":"Farleygreene"},"image":{"@id":"https:\/\/www.farleygreene.com\/fr\/#\/schema\/logo\/image\/"},"sameAs":["https:\/\/www.linkedin.com\/company\/farleygreene-limited\/","https:\/\/www.youtube.com\/user\/farleygreene"]}]}},"_links":{"self":[{"href":"https:\/\/www.farleygreene.com\/fr\/wp-json\/wp\/v2\/pages\/15613","targetHints":{"allow":["GET"]}}],"collection":[{"href":"https:\/\/www.farleygreene.com\/fr\/wp-json\/wp\/v2\/pages"}],"about":[{"href":"https:\/\/www.farleygreene.com\/fr\/wp-json\/wp\/v2\/types\/page"}],"author":[{"embeddable":true,"href":"https:\/\/www.farleygreene.com\/fr\/wp-json\/wp\/v2\/users\/9"}],"replies":[{"embeddable":true,"href":"https:\/\/www.farleygreene.com\/fr\/wp-json\/wp\/v2\/comments?post=15613"}],"version-history":[{"count":3,"href":"https:\/\/www.farleygreene.com\/fr\/wp-json\/wp\/v2\/pages\/15613\/revisions"}],"predecessor-version":[{"id":16470,"href":"https:\/\/www.farleygreene.com\/fr\/wp-json\/wp\/v2\/pages\/15613\/revisions\/16470"}],"wp:attachment":[{"href":"https:\/\/www.farleygreene.com\/fr\/wp-json\/wp\/v2\/media?parent=15613"}],"curies":[{"name":"wp","href":"https:\/\/api.w.org\/{rel}","templated":true}]}}