{"id":15967,"date":"2026-01-15T08:33:50","date_gmt":"2026-01-15T08:33:50","guid":{"rendered":"https:\/\/www.farleygreene.com\/page-template\/"},"modified":"2026-01-15T08:33:52","modified_gmt":"2026-01-15T08:33:52","slug":"page-template","status":"publish","type":"page","link":"https:\/\/www.farleygreene.com\/fr\/page-template\/","title":{"rendered":"Mod\u00e8le de page"},"content":{"rendered":"\n\n<section data-aos=\"fade-in\" class=\"hero-page \">\n    <div class=\"container\">\n        <p id=\"breadcrumbs\"><span><span><a href=\"https:\/\/www.farleygreene.com\/fr\/\">Home<\/a><\/span><\/span><\/p>        <div class=\"content-wrap \">\n                    <h1>Mod\u00e8le de page universel<\/h1>\n<p>Nulla velit sapien, tincidunt ac quam ut, cursus auctor quam. Nulla tincidunt lorem ut arcu scelerisque, vel gravida est efficitur. Le corps de l&rsquo;enfant a \u00e9t\u00e9 recouvert d&rsquo;une couche d&rsquo;eau, et le corps de l&rsquo;enfant a \u00e9t\u00e9 recouvert d&rsquo;une couche d&rsquo;eau, et le corps de l&rsquo;enfant a \u00e9t\u00e9 recouvert d&rsquo;une couche d&rsquo;eau. Aenean sem elit, laoreet at mauris ac, tempus sagittis lacus. Sed a elit eget sapien dictum feugiat.    <\/p>\n        <\/div>\n            <\/div>\n    <div class=\"hero-page-img\">\n        <div class=\"img-wrap\">\n                        <div class=\"circle-wrap\">\n                <div class=\"img bg-cover\" style=\"background-image:url(https:\/\/www.farleygreene.com\/wp-content\/uploads\/2022\/01\/join.jpg);\"><\/div>\n                <div class=\"overlay\"><\/div>\n            <\/div>\n        <\/div>\n    <\/div>\n<\/section>\n\n\n<section class=\"page-text\">\n    <div data-aos=\"fade-up\" class=\"container\">\n        <div class=\"content-wrap\">\n            <p><span class=\"intro-text\">Je m&rsquo;appelle Adri\u00e0 Pobo. Je travaille comme directeur commercial chez Caperva, o\u00f9 nous repr\u00e9sentons des entreprises internationales, des fabricants de biens d&rsquo;\u00e9quipement, en Espagne et au Portugal. Toutes ces entreprises sont leaders dans leur domaine d&rsquo;application, ce qui nous a permis d&rsquo;apprendre des meilleurs et d&rsquo;\u00e9voluer jour apr\u00e8s jour pour devenir des experts en la mati\u00e8re.  <\/span><\/p>\n<p>Caperva a commenc\u00e9 \u00e0 travailler avec <a href=\"#\">Farleygreene<\/a> \u00e0 l&rsquo;\u00e9t\u00e9 2016. Je m&rsquo;en souviens parfaitement car je venais de rejoindre l&rsquo;entreprise quelques semaines auparavant et, depuis le d\u00e9but, mon objectif \u00e9tait de d\u00e9velopper l&rsquo;activit\u00e9 de Farleygreene et de promouvoir sa marque sur nos territoires. <\/p>\n<p>Plus tard dans l&rsquo;ann\u00e9e, Daniel Morlan a rejoint l&rsquo;entreprise et nous nous sommes parfaitement adapt\u00e9s l&rsquo;un \u00e0 l&rsquo;autre, car nous nous connaissions d\u00e9j\u00e0 gr\u00e2ce \u00e0 une exp\u00e9rience professionnelle ant\u00e9rieure.<\/p>\n<blockquote>\n<h4>Un exemple d&rsquo;\u00e9l\u00e9ment blockquote dans un article de blog vestibulum rutrum quam vitae fringilla tincidunt. Suspendisse nec tortor ura. Ut laoreet sodales nisi, quis iaculis nulla iaculis vitae.  <\/h4>\n<p>Nom de l&rsquo;auteur, titre ou entreprise<\/p><\/blockquote>\n<p>Caperva a \u00e9t\u00e9 l&rsquo;un des premiers distributeurs de Farleygreene, et la meilleure preuve que ce partenariat fonctionne \u00e0 merveille est qu&rsquo;aujourd&rsquo;hui, nous sommes fiers d&rsquo;assister \u00e0 la cr\u00e9ation d&rsquo;un vaste r\u00e9seau de distributeurs dans le monde entier.<\/p>\n<p>Chaque ann\u00e9e, nous enregistrons une croissance significative de nos ventes, ce qui nous permet d&rsquo;accro\u00eetre notre p\u00e9n\u00e9tration aupr\u00e8s de certains clients, non seulement dans l&rsquo;industrie alimentaire, mais aussi sur les march\u00e9s de la pharmacie et de la chimie.<\/p>\n<h2>En-t\u00eate 2<\/h2>\n<h3>En-t\u00eate 3<\/h3>\n<h4>En-t\u00eate 4<\/h4>\n<p>Lead Intro Text &#8211; a \u00e9t\u00e9 l&rsquo;un des premiers distributeurs de Farleygreene, et la meilleure preuve que ce partenariat fonctionne \u00e0 merveille est qu&rsquo;aujourd&rsquo;hui, nous sommes fiers d&rsquo;assister \u00e0 la cr\u00e9ation d&rsquo;un vaste r\u00e9seau de distributeurs dans le monde entier.<\/p>\n<p>Chaque ann\u00e9e, nous enregistrons une croissance significative de nos ventes, ce qui nous permet d&rsquo;accro\u00eetre notre p\u00e9n\u00e9tration aupr\u00e8s de certains clients, non seulement dans l&rsquo;industrie alimentaire, mais aussi sur les march\u00e9s de la pharmacie et de la chimie.<\/p>\n<ul>\n<li>Conception facile \u00e0 nettoyer, sans crevasses<\/li>\n<li>Mat\u00e9riau conforme \u00e0 la FDA<\/li>\n<li>Homologu\u00e9 ATEX sur toutes les tailles en standard un exemple de description qui tient sur 2 lignes.<\/li>\n<li>Changement rapide des \u00e9crans sans outil<\/li>\n<li>Niveau sonore inf\u00e9rieur \u00e0 70 dBA en utilisation<\/li>\n<li>Faibles co\u00fbts d&rsquo;entretien et de fonctionnement<\/li>\n<li>Corps et pi\u00e8ces de contact en acier inoxydable<\/li>\n<\/ul>\n<p>Caperva a \u00e9t\u00e9 l&rsquo;un des premiers distributeurs de Farleygreene, et la meilleure preuve que ce partenariat fonctionne \u00e0 merveille est qu&rsquo;aujourd&rsquo;hui, nous sommes fiers d&rsquo;assister \u00e0 la cr\u00e9ation d&rsquo;un vaste r\u00e9seau de distributeurs dans le monde entier.<\/p>\n<p>Chaque ann\u00e9e, nous enregistrons une croissance significative de nos ventes, ce qui nous permet d&rsquo;accro\u00eetre notre p\u00e9n\u00e9tration aupr\u00e8s de certains clients, non seulement dans l&rsquo;industrie alimentaire, mais aussi sur les march\u00e9s de la pharmacie et de la chimie.<\/p>\n<ol>\n<li>Conception facile \u00e0 nettoyer, sans crevasses<\/li>\n<li>Mat\u00e9riau conforme \u00e0 la FDA<\/li>\n<li>Homologu\u00e9 ATEX sur toutes les tailles en standard un exemple de description qui tient sur 2 lignes.<\/li>\n<li>Changement rapide des \u00e9crans sans outil<\/li>\n<li>Niveau sonore inf\u00e9rieur \u00e0 70 dBA en utilisation<\/li>\n<li>Faibles co\u00fbts d&rsquo;entretien et de fonctionnement<\/li>\n<li>Corps et pi\u00e8ces de contact en acier inoxydable<\/li>\n<\/ol>\n        <\/div>\n    <\/div>\n<\/section>\n\n\n<section class=\"cta-inline\">\n    <div class=\"container\">\n        <div data-aos=\"fade-up\" class=\"cta-inline-block\">\n            <img decoding=\"async\" class=\"desktop\" src=\"https:\/\/www.farleygreene.com\/wp-content\/themes\/farleygreene\/assets\/img\/cta-inline-bg.svg\" alt=\"background shape\">\n            <img decoding=\"async\" class=\"mobile\" src=\"https:\/\/www.farleygreene.com\/wp-content\/themes\/farleygreene\/assets\/img\/cta-inline-bg-mobile.svg\" alt=\"background shape\">\n            <div class=\"text-wrap\">\n                <h3>Appel \u00e0 l&rsquo;action<\/h3>\n<p>Aenean sollicitudin, erat a elementum rutrum, neque sem pretium.<\/p>\n            <\/div>\n            <div class=\"btn-wrap\"><a href=\"#\" class=\"btn-arrow\">Button<\/a><\/div>        <\/div>\n    <\/div>\n<\/section>\n\n\n","protected":false},"excerpt":{"rendered":"","protected":false},"author":9,"featured_media":0,"parent":0,"menu_order":0,"comment_status":"closed","ping_status":"closed","template":"","meta":{"_acf_changed":false,"footnotes":""},"class_list":["post-15967","page","type-page","status-publish","hentry"],"acf":[],"yoast_head":"<!-- This site is optimized with the Yoast SEO plugin v27.4 - https:\/\/yoast.com\/product\/yoast-seo-wordpress\/ -->\n<title>Mod\u00e8le de page - Farleygreene Sieving Equipment and Technologies<\/title>\n<meta name=\"robots\" content=\"index, follow, max-snippet:-1, max-image-preview:large, max-video-preview:-1\" \/>\n<link rel=\"canonical\" href=\"https:\/\/www.farleygreene.com\/fr\/page-template\/\" \/>\n<meta property=\"og:locale\" content=\"fr_FR\" \/>\n<meta property=\"og:type\" content=\"article\" \/>\n<meta property=\"og:title\" content=\"Mod\u00e8le de page - Farleygreene Sieving Equipment and Technologies\" \/>\n<meta property=\"og:url\" content=\"https:\/\/www.farleygreene.com\/fr\/page-template\/\" \/>\n<meta property=\"og:site_name\" content=\"Farleygreene Sieving Equipment and Technologies\" \/>\n<meta property=\"article:modified_time\" content=\"2026-01-15T08:33:52+00:00\" \/>\n<meta name=\"twitter:card\" content=\"summary_large_image\" \/>\n<script type=\"application\/ld+json\" class=\"yoast-schema-graph\">{\"@context\":\"https:\\\/\\\/schema.org\",\"@graph\":[{\"@type\":\"WebPage\",\"@id\":\"https:\\\/\\\/www.farleygreene.com\\\/fr\\\/page-template\\\/\",\"url\":\"https:\\\/\\\/www.farleygreene.com\\\/fr\\\/page-template\\\/\",\"name\":\"Mod\u00e8le de page - Farleygreene Sieving Equipment and Technologies\",\"isPartOf\":{\"@id\":\"https:\\\/\\\/www.farleygreene.com\\\/fr\\\/#website\"},\"datePublished\":\"2026-01-15T08:33:50+00:00\",\"dateModified\":\"2026-01-15T08:33:52+00:00\",\"breadcrumb\":{\"@id\":\"https:\\\/\\\/www.farleygreene.com\\\/fr\\\/page-template\\\/#breadcrumb\"},\"inLanguage\":\"fr-FR\",\"potentialAction\":[{\"@type\":\"ReadAction\",\"target\":[\"https:\\\/\\\/www.farleygreene.com\\\/fr\\\/page-template\\\/\"]}]},{\"@type\":\"BreadcrumbList\",\"@id\":\"https:\\\/\\\/www.farleygreene.com\\\/fr\\\/page-template\\\/#breadcrumb\",\"itemListElement\":[{\"@type\":\"ListItem\",\"position\":1,\"name\":\"Home\",\"item\":\"https:\\\/\\\/www.farleygreene.com\\\/fr\\\/\"},{\"@type\":\"ListItem\",\"position\":2,\"name\":\"Mod\u00e8le de page\"}]},{\"@type\":\"WebSite\",\"@id\":\"https:\\\/\\\/www.farleygreene.com\\\/fr\\\/#website\",\"url\":\"https:\\\/\\\/www.farleygreene.com\\\/fr\\\/\",\"name\":\"Farleygreene Sieving Equipment and Technologies\",\"description\":\"Industrial sieves, screeners and separators\",\"publisher\":{\"@id\":\"https:\\\/\\\/www.farleygreene.com\\\/fr\\\/#organization\"},\"alternateName\":\"Farleygreene\",\"potentialAction\":[{\"@type\":\"SearchAction\",\"target\":{\"@type\":\"EntryPoint\",\"urlTemplate\":\"https:\\\/\\\/www.farleygreene.com\\\/fr\\\/?s={search_term_string}\"},\"query-input\":{\"@type\":\"PropertyValueSpecification\",\"valueRequired\":true,\"valueName\":\"search_term_string\"}}],\"inLanguage\":\"fr-FR\"},{\"@type\":\"Organization\",\"@id\":\"https:\\\/\\\/www.farleygreene.com\\\/fr\\\/#organization\",\"name\":\"Farleygreene\",\"url\":\"https:\\\/\\\/www.farleygreene.com\\\/fr\\\/\",\"logo\":{\"@type\":\"ImageObject\",\"inLanguage\":\"fr-FR\",\"@id\":\"https:\\\/\\\/www.farleygreene.com\\\/fr\\\/#\\\/schema\\\/logo\\\/image\\\/\",\"url\":\"https:\\\/\\\/www.farleygreene.com\\\/wp-content\\\/uploads\\\/2021\\\/12\\\/logo.svg\",\"contentUrl\":\"https:\\\/\\\/www.farleygreene.com\\\/wp-content\\\/uploads\\\/2021\\\/12\\\/logo.svg\",\"width\":348,\"height\":52,\"caption\":\"Farleygreene\"},\"image\":{\"@id\":\"https:\\\/\\\/www.farleygreene.com\\\/fr\\\/#\\\/schema\\\/logo\\\/image\\\/\"},\"sameAs\":[\"https:\\\/\\\/www.linkedin.com\\\/company\\\/farleygreene-limited\\\/\",\"https:\\\/\\\/www.youtube.com\\\/user\\\/farleygreene\"]}]}<\/script>\n<!-- \/ Yoast SEO plugin. -->","yoast_head_json":{"title":"Mod\u00e8le de page - Farleygreene Sieving Equipment and Technologies","robots":{"index":"index","follow":"follow","max-snippet":"max-snippet:-1","max-image-preview":"max-image-preview:large","max-video-preview":"max-video-preview:-1"},"canonical":"https:\/\/www.farleygreene.com\/fr\/page-template\/","og_locale":"fr_FR","og_type":"article","og_title":"Mod\u00e8le de page - Farleygreene Sieving Equipment and Technologies","og_url":"https:\/\/www.farleygreene.com\/fr\/page-template\/","og_site_name":"Farleygreene Sieving Equipment and Technologies","article_modified_time":"2026-01-15T08:33:52+00:00","twitter_card":"summary_large_image","schema":{"@context":"https:\/\/schema.org","@graph":[{"@type":"WebPage","@id":"https:\/\/www.farleygreene.com\/fr\/page-template\/","url":"https:\/\/www.farleygreene.com\/fr\/page-template\/","name":"Mod\u00e8le de page - Farleygreene Sieving Equipment and Technologies","isPartOf":{"@id":"https:\/\/www.farleygreene.com\/fr\/#website"},"datePublished":"2026-01-15T08:33:50+00:00","dateModified":"2026-01-15T08:33:52+00:00","breadcrumb":{"@id":"https:\/\/www.farleygreene.com\/fr\/page-template\/#breadcrumb"},"inLanguage":"fr-FR","potentialAction":[{"@type":"ReadAction","target":["https:\/\/www.farleygreene.com\/fr\/page-template\/"]}]},{"@type":"BreadcrumbList","@id":"https:\/\/www.farleygreene.com\/fr\/page-template\/#breadcrumb","itemListElement":[{"@type":"ListItem","position":1,"name":"Home","item":"https:\/\/www.farleygreene.com\/fr\/"},{"@type":"ListItem","position":2,"name":"Mod\u00e8le de page"}]},{"@type":"WebSite","@id":"https:\/\/www.farleygreene.com\/fr\/#website","url":"https:\/\/www.farleygreene.com\/fr\/","name":"Farleygreene Sieving Equipment and Technologies","description":"Industrial sieves, screeners and separators","publisher":{"@id":"https:\/\/www.farleygreene.com\/fr\/#organization"},"alternateName":"Farleygreene","potentialAction":[{"@type":"SearchAction","target":{"@type":"EntryPoint","urlTemplate":"https:\/\/www.farleygreene.com\/fr\/?s={search_term_string}"},"query-input":{"@type":"PropertyValueSpecification","valueRequired":true,"valueName":"search_term_string"}}],"inLanguage":"fr-FR"},{"@type":"Organization","@id":"https:\/\/www.farleygreene.com\/fr\/#organization","name":"Farleygreene","url":"https:\/\/www.farleygreene.com\/fr\/","logo":{"@type":"ImageObject","inLanguage":"fr-FR","@id":"https:\/\/www.farleygreene.com\/fr\/#\/schema\/logo\/image\/","url":"https:\/\/www.farleygreene.com\/wp-content\/uploads\/2021\/12\/logo.svg","contentUrl":"https:\/\/www.farleygreene.com\/wp-content\/uploads\/2021\/12\/logo.svg","width":348,"height":52,"caption":"Farleygreene"},"image":{"@id":"https:\/\/www.farleygreene.com\/fr\/#\/schema\/logo\/image\/"},"sameAs":["https:\/\/www.linkedin.com\/company\/farleygreene-limited\/","https:\/\/www.youtube.com\/user\/farleygreene"]}]}},"_links":{"self":[{"href":"https:\/\/www.farleygreene.com\/fr\/wp-json\/wp\/v2\/pages\/15967","targetHints":{"allow":["GET"]}}],"collection":[{"href":"https:\/\/www.farleygreene.com\/fr\/wp-json\/wp\/v2\/pages"}],"about":[{"href":"https:\/\/www.farleygreene.com\/fr\/wp-json\/wp\/v2\/types\/page"}],"author":[{"embeddable":true,"href":"https:\/\/www.farleygreene.com\/fr\/wp-json\/wp\/v2\/users\/9"}],"replies":[{"embeddable":true,"href":"https:\/\/www.farleygreene.com\/fr\/wp-json\/wp\/v2\/comments?post=15967"}],"version-history":[{"count":1,"href":"https:\/\/www.farleygreene.com\/fr\/wp-json\/wp\/v2\/pages\/15967\/revisions"}],"predecessor-version":[{"id":15968,"href":"https:\/\/www.farleygreene.com\/fr\/wp-json\/wp\/v2\/pages\/15967\/revisions\/15968"}],"wp:attachment":[{"href":"https:\/\/www.farleygreene.com\/fr\/wp-json\/wp\/v2\/media?parent=15967"}],"curies":[{"name":"wp","href":"https:\/\/api.w.org\/{rel}","templated":true}]}}