{"id":16051,"date":"2021-12-09T11:36:27","date_gmt":"2021-12-09T11:36:27","guid":{"rendered":"https:\/\/www.farleygreene.com\/privacy-policy\/"},"modified":"2026-01-15T08:34:30","modified_gmt":"2026-01-15T08:34:30","slug":"privacy-policy","status":"publish","type":"page","link":"https:\/\/www.farleygreene.com\/fr\/privacy-policy\/","title":{"rendered":"Politique de confidentialit\u00e9"},"content":{"rendered":"\n<h2 class=\"wp-block-heading\"><strong>\u00c0 quoi sert cette politique ?<\/strong><\/h2>\n\n<p>Cette politique s&rsquo;applique entre vous, l&rsquo;utilisateur de ce site web, et Farleygreene Ltd, le propri\u00e9taire et fournisseur de ce site web. Cette politique concerne l&rsquo;utilisation que nous faisons de toutes les donn\u00e9es que nous recueillons dans le cadre de votre utilisation du site web. La mani\u00e8re dont nous traitons, stockons et prot\u00e9geons les donn\u00e9es et informations des utilisateurs est \u00e9galement d\u00e9taill\u00e9e dans la politique. Ce site web est conforme \u00e0 toutes les lois et exigences nationales du Royaume-Uni en mati\u00e8re de protection de la vie priv\u00e9e des utilisateurs. Il dispose d&rsquo;un certificat SSL s\u00e9curis\u00e9, ce qui signifie que les donn\u00e9es saisies dans tous les formulaires sont transmises au serveur dans un format crypt\u00e9.    <\/p>\n\n<h2 class=\"wp-block-heading\"><strong>Quelles sont les informations collect\u00e9es ?<\/strong><\/h2>\n\n<p>Sans limitation, les donn\u00e9es personnelles suivantes peuvent \u00eatre collect\u00e9es de temps \u00e0 autre par ce site web. Il peut s&rsquo;agir de votre nom, de votre adresse, de votre num\u00e9ro de t\u00e9l\u00e9phone, de votre adresse IP et d&rsquo;informations concernant les pages consult\u00e9es et le moment o\u00f9 elles l&rsquo;ont \u00e9t\u00e9. <\/p>\n\n<h2 class=\"wp-block-heading\"><strong>Qui les collecte ?<\/strong><\/h2>\n\n<p>Farleygreene Ltd, Unit 2, Hatch Industrial Park, Greywell Road, Mapledurwell, Hants, RG24 7NG, UK. Cette politique ne s&rsquo;applique qu&rsquo;aux actions de Farleygreene et des utilisateurs en ce qui concerne ce site Web. Elle ne s&rsquo;\u00e9tend pas aux sites Web auxquels il est possible d&rsquo;acc\u00e9der \u00e0 partir de ce site.  <\/p>\n\n<h2 class=\"wp-block-heading\"><strong>Comment sont-elles collect\u00e9es ?<\/strong><\/h2>\n\n<p>Nous obtenons des informations sur vous lorsque vous utilisez notre site web, par exemple lorsque vous nous contactez au sujet de produits et de services ou si vous vous inscrivez et donnez activement votre accord pour recevoir des communications marketing.<\/p>\n\n<h2 class=\"wp-block-heading\"><strong>Pourquoi ces donn\u00e9es sont-elles collect\u00e9es ?<\/strong><\/h2>\n\n<p>Vos donn\u00e9es personnelles sont collect\u00e9es afin que nous puissions vous contacter au sujet de produits et services apr\u00e8s avoir rempli un formulaire de contact ou de demande de renseignements, pour des communications marketing et pour am\u00e9liorer l&rsquo;exp\u00e9rience de l&rsquo;utilisateur lorsqu&rsquo;il visite le site web.<\/p>\n\n<h2 class=\"wp-block-heading\"><strong>Comment sera-t-il utilis\u00e9 ?<\/strong><\/h2>\n\n<p><strong>Contact et communication :<\/strong> Toutes les donn\u00e9es personnelles sont stock\u00e9es en toute s\u00e9curit\u00e9 conform\u00e9ment aux principes de la loi sur la protection des donn\u00e9es de 1998. Conform\u00e9ment au R\u00e8glement g\u00e9n\u00e9ral sur la protection des donn\u00e9es (RGPD) 2018, Farleygreene donne aux utilisateurs la possibilit\u00e9 de donner leur consentement explicite pour s&rsquo;abonner et autoriser l&rsquo;utilisation de leurs donn\u00e9es dans les communications marketing de Farleygreene. Tout ou partie des donn\u00e9es susmentionn\u00e9es peuvent \u00eatre requises par nous afin de vous fournir le meilleur service et la meilleure exp\u00e9rience possible lors de l&rsquo;utilisation de notre site Web ou de r\u00e9pondre \u00e0 toute question ou requ\u00eate que vous avez soumise. De temps \u00e0 autre, nous utiliserons \u00e9galement vos donn\u00e9es pour des communications marketing et des programmes de lettres d&rsquo;information par courrier \u00e9lectronique susceptibles de vous int\u00e9resser. Les informations personnelles fournies seront conserv\u00e9es en toute s\u00e9curit\u00e9 pendant la dur\u00e9e n\u00e9cessaire \u00e0 leur conservation. Les donn\u00e9es personnelles fournies \u00e0 la suite d&rsquo;un consentement \u00e0 des communications marketing seront stock\u00e9es en toute s\u00e9curit\u00e9 jusqu&rsquo;\u00e0 ce qu&rsquo;une demande de suppression soit soumise. Les demandes de renseignements \u00e9manant de l&rsquo;ext\u00e9rieur du Royaume-Uni peuvent \u00eatre transmises au distributeur concern\u00e9 afin de traiter la demande.      <\/p>\n\n<p><strong>Bulletin d&rsquo;information \u00e9lectronique :<\/strong> Les utilisateurs de notre site web peuvent s&rsquo;inscrire pour recevoir notre newsletter d&rsquo;entreprise qui les tient inform\u00e9s des produits et services offerts par Farleygreene. Ces donn\u00e9es personnelles sont utilis\u00e9es par nous pour vous envoyer les communications que vous demandez, \u00e0 partir de mai 2018, conform\u00e9ment \u00e0 la r\u00e9glementation GDPR, les abonnements ne seront pas trait\u00e9s automatiquement sans le consentement explicite pr\u00e9alable de l&rsquo;utilisateur. Toutes les donn\u00e9es personnelles sont stock\u00e9es en toute s\u00e9curit\u00e9 conform\u00e9ment aux principes de la loi sur la protection des donn\u00e9es de 1998. En vertu de la loi sur la protection des donn\u00e9es de 1998 et du r\u00e8glement GDPR 2018, vous pouvez demander une copie des informations personnelles d\u00e9tenues \u00e0 votre sujet par le programme de bulletin d&rsquo;information \u00e9lectronique de ce site Web moyennant le paiement d&rsquo;une somme modique qui ne d\u00e9passera pas 100 livres sterling. Si vous souhaitez obtenir une copie des informations d\u00e9tenues sur vous, veuillez \u00e9crire \u00e0 l&rsquo;adresse professionnelle indiqu\u00e9e au bas de la pr\u00e9sente politique. Farleygreene utilise actuellement un fournisseur tiers de logiciels de courrier \u00e9lectronique, MailChimp, pour publier et envoyer des campagnes de courrier \u00e9lectronique au nom du site Farleygreene. Ces courriels contiennent des dispositifs de suivi o\u00f9 l&rsquo;activit\u00e9 de l&rsquo;abonn\u00e9 est suivie et stock\u00e9e \u00e0 des fins d&rsquo;analyse. Les activit\u00e9s suivies comprennent la date et l&rsquo;heure d&rsquo;ouverture de l&rsquo;e-mail, le fait de cliquer sur les liens contenus dans l&rsquo;e-mail [cette liste n&rsquo;est pas exhaustive]. Conform\u00e9ment \u00e0 la r\u00e9glementation relative \u00e0 la protection de la vie priv\u00e9e et aux communications \u00e9lectroniques (directive CE) appliqu\u00e9e au Royaume-Uni, les lois anti-spam exigent qu&rsquo;une option de d\u00e9sabonnement figure dans le pied de page de chaque campagne de courrier \u00e9lectronique. Les abonn\u00e9s ont la possibilit\u00e9 de se d\u00e9sabonner \u00e0 tout moment.         <\/p>\n\n<p><strong>Avec qui sera-t-il partag\u00e9 ?<\/strong><br\/>Farleygreene peut, de temps \u00e0 autre, faire appel aux services de tiers pour traiter des questions qui peuvent inclure, sans s&rsquo;y limiter, le traitement des paiements, la livraison des articles achet\u00e9s, les moteurs de recherche, la publicit\u00e9 et le marketing. Toutes les donn\u00e9es utilis\u00e9es par ces tiers le sont uniquement dans la mesure o\u00f9 elles sont n\u00e9cessaires \u00e0 l&rsquo;ex\u00e9cution des services demand\u00e9s par Farleygreene. Toute utilisation \u00e0 d&rsquo;autres fins est strictement interdite. En outre, toutes les donn\u00e9es trait\u00e9es par des tiers le seront dans le cadre de la pr\u00e9sente politique et conform\u00e9ment \u00e0 la loi de 1998 sur la protection des donn\u00e9es. Les fournisseurs de ces services n&rsquo;ont pas acc\u00e8s \u00e0 certaines donn\u00e9es personnelles fournies par les utilisateurs de ce site web. Sauf si nous sommes oblig\u00e9s ou autoris\u00e9s par la loi \u00e0 le faire, vos donn\u00e9es ne seront pas divulgu\u00e9es \u00e0 des tiers, y compris \u00e0 nos affili\u00e9s et\/ou \u00e0 d&rsquo;autres soci\u00e9t\u00e9s de notre groupe.     <\/p>\n\n<p><strong>Liens vers d&rsquo;autres sites web<\/strong><br\/>Ce site web peut, de temps \u00e0 autre, fournir des liens vers d&rsquo;autres sites web. Farleygreene n&rsquo;a aucun contr\u00f4le sur ces sites et n&rsquo;est en aucun cas responsable de leur contenu. La pr\u00e9sente politique ne s&rsquo;applique pas \u00e0 l&rsquo;utilisation que vous faites de ces sites web. Il est conseill\u00e9 aux utilisateurs de lire la politique ou la d\u00e9claration de confidentialit\u00e9 des autres sites web avant de les utiliser.   <\/p>\n\n<p><strong>Plateformes de m\u00e9dias sociaux :<\/strong> Ce site web contient des liens vers des comptes de m\u00e9dias sociaux appartenant \u00e0 Farleygreene. La communication, l&rsquo;engagement et les actions entreprises par le biais de ces plates-formes de m\u00e9dias sociaux externes auxquelles ce site Web et ses propri\u00e9taires participent sont soumis aux conditions g\u00e9n\u00e9rales et aux politiques de confidentialit\u00e9 de chaque plate-forme de m\u00e9dias sociaux. Il est conseill\u00e9 aux utilisateurs d&rsquo;utiliser les plates-formes de m\u00e9dias sociaux \u00e0 bon escient et d&rsquo;y communiquer\/de s&rsquo;y engager avec le soin et la prudence qui s&rsquo;imposent en ce qui concerne leur propre vie priv\u00e9e et leurs donn\u00e9es personnelles. Ce site web et ses propri\u00e9taires ne demanderont jamais d&rsquo;informations personnelles ou sensibles par le biais des plateformes de m\u00e9dias sociaux et encouragent les utilisateurs souhaitant discuter de d\u00e9tails sensibles \u00e0 les contacter par les canaux de communication primaires tels que le t\u00e9l\u00e9phone ou le courrier \u00e9lectronique. Ce site web peut utiliser des boutons de partage social qui permettent de partager du contenu web directement des pages web vers la plateforme de m\u00e9dias sociaux en question. Avant d&rsquo;utiliser ces boutons de partage social, les utilisateurs sont invit\u00e9s \u00e0 le faire \u00e0 leur propre discr\u00e9tion et \u00e0 noter que la plateforme de m\u00e9dias sociaux peut suivre et enregistrer votre demande de partage d&rsquo;une page web par l&rsquo;interm\u00e9diaire de votre compte sur la plateforme de m\u00e9dias sociaux.     <\/p>\n\n<p><strong>Liens raccourcis dans les m\u00e9dias sociaux :<\/strong> Ce site web et ses propri\u00e9taires peuvent, par l&rsquo;interm\u00e9diaire de leurs comptes sur les plateformes de m\u00e9dias sociaux, partager des liens web vers des pages web pertinentes. Par d\u00e9faut, certaines plateformes de m\u00e9dias sociaux raccourcissent les URL [adresses web] longues (par exemple : https:\/\/bit.ly\/zyVUBo). Il est conseill\u00e9 aux utilisateurs de faire preuve de prudence et de discernement avant de cliquer sur les URL raccourcis publi\u00e9s sur les plateformes de m\u00e9dias sociaux par ce site web et ses propri\u00e9taires. Malgr\u00e9 tous les efforts d\u00e9ploy\u00e9s pour s&rsquo;assurer que seuls des URL authentiques sont publi\u00e9s, de nombreuses plateformes de m\u00e9dias sociaux sont sujettes au spam et au piratage et, par cons\u00e9quent, ce site web et ses propri\u00e9taires ne peuvent \u00eatre tenus responsables de tout dommage ou implication caus\u00e9 par la visite de tout lien raccourci.  <\/p>\n\n<h2 class=\"wp-block-heading\"><strong>Changements de propri\u00e9t\u00e9 et de contr\u00f4le de l&rsquo;entreprise<\/strong><\/h2>\n\n<p>Farleygreene peut, de temps \u00e0 autre, \u00e9tendre ou r\u00e9duire ses activit\u00e9s, ce qui peut impliquer la vente et\/ou le transfert de contr\u00f4le de tout ou partie de Farleygreene. Les donn\u00e9es fournies par les utilisateurs seront, lorsqu&rsquo;elles sont pertinentes pour une partie de nos activit\u00e9s, transf\u00e9r\u00e9es avec cette partie et le nouveau propri\u00e9taire ou la nouvelle partie contr\u00f4lante sera, selon les termes de cette politique, autoris\u00e9 \u00e0 utiliser les donn\u00e9es aux fins pour lesquelles elles nous ont \u00e9t\u00e9 fournies \u00e0 l&rsquo;origine.<br\/>Dans le cas o\u00f9 les donn\u00e9es soumises par les utilisateurs doivent \u00eatre transf\u00e9r\u00e9es de cette mani\u00e8re, vous serez contact\u00e9 \u00e0 l&rsquo;avance et inform\u00e9 des changements. Lorsque vous serez contact\u00e9, vous aurez le choix de faire supprimer vos donn\u00e9es ou de les refuser au nouveau propri\u00e9taire ou au nouveau responsable du traitement.  <\/p>\n\n<h2 class=\"wp-block-heading\"><strong>Utilisation des cookies<\/strong><\/h2>\n\n<p>Ce site web peut placer et acc\u00e9der \u00e0 certains cookies de premi\u00e8re partie sur votre ordinateur. Les cookies de premi\u00e8re partie sont ceux qui sont plac\u00e9s directement par Farleygreene via ce site web et qui sont utilis\u00e9s uniquement par Farleygreene. Farleygreene utilise des cookies pour am\u00e9liorer votre exp\u00e9rience d&rsquo;utilisation du site web et pour am\u00e9liorer notre gamme de produits et de services. Farleygreene a soigneusement choisi ces cookies et a pris des mesures pour s&rsquo;assurer que votre vie priv\u00e9e est prot\u00e9g\u00e9e et respect\u00e9e \u00e0 tout moment. En utilisant ce site web, vous pouvez recevoir certains cookies de tiers sur votre ordinateur. Les cookies de tiers sont ceux qui sont plac\u00e9s par des sites web et\/ou des parties autres que Farleygreene. Les cookies de tiers sont utilis\u00e9s sur ce site Web pour les bulletins d&rsquo;information et les offres promotionnelles et sont d\u00e9crits en d\u00e9tail ci-dessous. Ces cookies ne font pas partie int\u00e9grante des services fournis par le site Web.        Tous les cookies utilis\u00e9s par ce site Web le sont conform\u00e9ment \u00e0 la l\u00e9gislation britannique et europ\u00e9enne en vigueur en mati\u00e8re de cookies.<\/p>\n\n<p>Certaines fonctionnalit\u00e9s du site Web d\u00e9pendent des cookies pour fonctionner. La l\u00e9gislation britannique et europ\u00e9enne sur les cookies consid\u00e8re que ces cookies sont \u00ab\u00a0strictement n\u00e9cessaires\u00a0\u00bb. Ces cookies sont pr\u00e9sent\u00e9s ci-dessous. Votre consentement ne sera pas demand\u00e9 pour placer ces cookies. Vous pouvez n\u00e9anmoins bloquer ces cookies en modifiant les param\u00e8tres de votre navigateur Internet, comme indiqu\u00e9 ci-dessous. Ce site utilise les services d&rsquo;analyse fournis par Google. Les services d&rsquo;analyse du site web font r\u00e9f\u00e9rence \u00e0 un ensemble d&rsquo;outils utilis\u00e9s pour collecter et analyser les statistiques d&rsquo;utilisation, ce qui nous permet de mieux comprendre comment les utilisateurs utilisent le site web. Cela nous permet d&rsquo;am\u00e9liorer le site et les produits et services offerts par son interm\u00e9diaire. Vous n&rsquo;\u00eates pas oblig\u00e9 de nous autoriser \u00e0 utiliser ces cookies, comme indiqu\u00e9 ci-dessous. Toutefois, si leur utilisation ne pr\u00e9sente aucun risque pour votre vie priv\u00e9e ou votre utilisation en toute s\u00e9curit\u00e9 du site web, elle nous permet d&rsquo;am\u00e9liorer continuellement nos activit\u00e9s.        <\/p>\n\n<p>Les services d&rsquo;analyse utilis\u00e9s par ce site web utilisent des cookies pour collecter les informations requises. Certains cookies peuvent \u00eatre plac\u00e9s imm\u00e9diatement lorsque vous d\u00e9cidez de visiter le site web et il peut ne pas \u00eatre possible d&rsquo;obtenir votre consentement pr\u00e9alable. Vous pouvez supprimer ces cookies et emp\u00eacher leur utilisation future en suivant les \u00e9tapes d\u00e9crites ci-dessous. Vous pouvez choisir d&rsquo;activer ou de d\u00e9sactiver les cookies dans votre navigateur internet. La plupart des navigateurs Internet vous permettent \u00e9galement de choisir si vous souhaitez d\u00e9sactiver tous les cookies ou uniquement les cookies de tiers. Par d\u00e9faut, la plupart des navigateurs Internet acceptent les cookies, mais vous pouvez modifier cette option. Pour plus de d\u00e9tails, veuillez consulter le menu d&rsquo;aide de votre navigateur internet.      <\/p>\n\n<p>Vous pouvez choisir de supprimer les cookies \u00e0 tout moment, mais vous risquez de perdre toutes les informations qui vous permettent d&rsquo;acc\u00e9der au site web plus rapidement et plus efficacement, y compris, mais sans s&rsquo;y limiter, les param\u00e8tres de personnalisation. Nous vous recommandons de vous assurer que votre navigateur Internet est \u00e0 jour et de consulter l&rsquo;aide et les conseils fournis par le d\u00e9veloppeur de votre navigateur Internet si vous n&rsquo;\u00eates pas s\u00fbr de pouvoir ajuster vos param\u00e8tres de confidentialit\u00e9.<\/p>\n\n<h2 class=\"wp-block-heading\"><strong>Modifications de la pr\u00e9sente politique<\/strong><\/h2>\n\n<p>Farleygreene se r\u00e9serve le droit de modifier cette politique si elle le juge n\u00e9cessaire de temps \u00e0 autre ou si la loi l&rsquo;exige. Toute modification sera imm\u00e9diatement publi\u00e9e sur le site web et vous serez r\u00e9put\u00e9 avoir accept\u00e9 les conditions de la politique lors de votre premi\u00e8re utilisation du site web apr\u00e8s les modifications. Farleygreene Ltd. Unit 2, Hatch Industrial Park, Greywell Rd, Mapledurwell, Hampshire, RG24 7NG   <\/p>\n","protected":false},"excerpt":{"rendered":"<p>\u00c0 quoi sert cette politique ? Cette politique s&rsquo;applique entre vous, l&rsquo;utilisateur de ce site web, et Farleygreene Ltd, le propri\u00e9taire et fournisseur de ce site web. Cette politique concerne l&rsquo;utilisation que nous faisons de toutes les donn\u00e9es que nous recueillons dans le cadre de votre utilisation du site web. La mani\u00e8re dont nous traitons, [&hellip;]<\/p>\n","protected":false},"author":3,"featured_media":0,"parent":0,"menu_order":0,"comment_status":"closed","ping_status":"closed","template":"","meta":{"_acf_changed":false,"footnotes":""},"class_list":["post-16051","page","type-page","status-publish","hentry"],"acf":[],"yoast_head":"<!-- This site is optimized with the Yoast SEO plugin v27.2 - https:\/\/yoast.com\/product\/yoast-seo-wordpress\/ -->\n<title>Politique de confidentialit\u00e9 - Farleygreene Sieving Equipment and Technologies<\/title>\n<meta name=\"robots\" content=\"index, follow, max-snippet:-1, max-image-preview:large, max-video-preview:-1\" \/>\n<link rel=\"canonical\" href=\"https:\/\/www.farleygreene.com\/fr\/privacy-policy\/\" \/>\n<meta property=\"og:locale\" content=\"fr_FR\" \/>\n<meta property=\"og:type\" content=\"article\" \/>\n<meta property=\"og:title\" content=\"Politique de confidentialit\u00e9 - Farleygreene Sieving Equipment and Technologies\" \/>\n<meta property=\"og:description\" content=\"\u00c0 quoi sert cette politique ? Cette politique s&rsquo;applique entre vous, l&rsquo;utilisateur de ce site web, et Farleygreene Ltd, le propri\u00e9taire et fournisseur de ce site web. Cette politique concerne l&rsquo;utilisation que nous faisons de toutes les donn\u00e9es que nous recueillons dans le cadre de votre utilisation du site web. La mani\u00e8re dont nous traitons, [&hellip;]\" \/>\n<meta property=\"og:url\" content=\"https:\/\/www.farleygreene.com\/fr\/privacy-policy\/\" \/>\n<meta property=\"og:site_name\" content=\"Farleygreene Sieving Equipment and Technologies\" \/>\n<meta property=\"article:modified_time\" content=\"2026-01-15T08:34:30+00:00\" \/>\n<meta name=\"twitter:card\" content=\"summary_large_image\" \/>\n<meta name=\"twitter:label1\" content=\"Dur\u00e9e de lecture estim\u00e9e\" \/>\n\t<meta name=\"twitter:data1\" content=\"12 minutes\" \/>\n<script type=\"application\/ld+json\" class=\"yoast-schema-graph\">{\"@context\":\"https:\/\/schema.org\",\"@graph\":[{\"@type\":\"WebPage\",\"@id\":\"https:\/\/www.farleygreene.com\/fr\/privacy-policy\/\",\"url\":\"https:\/\/www.farleygreene.com\/fr\/privacy-policy\/\",\"name\":\"Politique de confidentialit\u00e9 - Farleygreene Sieving Equipment and Technologies\",\"isPartOf\":{\"@id\":\"https:\/\/www.farleygreene.com\/fr\/#website\"},\"datePublished\":\"2021-12-09T11:36:27+00:00\",\"dateModified\":\"2026-01-15T08:34:30+00:00\",\"breadcrumb\":{\"@id\":\"https:\/\/www.farleygreene.com\/fr\/privacy-policy\/#breadcrumb\"},\"inLanguage\":\"fr-FR\",\"potentialAction\":[{\"@type\":\"ReadAction\",\"target\":[\"https:\/\/www.farleygreene.com\/fr\/privacy-policy\/\"]}]},{\"@type\":\"BreadcrumbList\",\"@id\":\"https:\/\/www.farleygreene.com\/fr\/privacy-policy\/#breadcrumb\",\"itemListElement\":[{\"@type\":\"ListItem\",\"position\":1,\"name\":\"Home\",\"item\":\"https:\/\/www.farleygreene.com\/fr\/\"},{\"@type\":\"ListItem\",\"position\":2,\"name\":\"Politique de confidentialit\u00e9\"}]},{\"@type\":\"WebSite\",\"@id\":\"https:\/\/www.farleygreene.com\/fr\/#website\",\"url\":\"https:\/\/www.farleygreene.com\/fr\/\",\"name\":\"Farleygreene Sieving Equipment and Technologies\",\"description\":\"Industrial sieves, screeners and separators\",\"publisher\":{\"@id\":\"https:\/\/www.farleygreene.com\/fr\/#organization\"},\"alternateName\":\"Farleygreene\",\"potentialAction\":[{\"@type\":\"SearchAction\",\"target\":{\"@type\":\"EntryPoint\",\"urlTemplate\":\"https:\/\/www.farleygreene.com\/fr\/?s={search_term_string}\"},\"query-input\":{\"@type\":\"PropertyValueSpecification\",\"valueRequired\":true,\"valueName\":\"search_term_string\"}}],\"inLanguage\":\"fr-FR\"},{\"@type\":\"Organization\",\"@id\":\"https:\/\/www.farleygreene.com\/fr\/#organization\",\"name\":\"Farleygreene\",\"url\":\"https:\/\/www.farleygreene.com\/fr\/\",\"logo\":{\"@type\":\"ImageObject\",\"inLanguage\":\"fr-FR\",\"@id\":\"https:\/\/www.farleygreene.com\/fr\/#\/schema\/logo\/image\/\",\"url\":\"https:\/\/www.farleygreene.com\/wp-content\/uploads\/2021\/12\/logo.svg\",\"contentUrl\":\"https:\/\/www.farleygreene.com\/wp-content\/uploads\/2021\/12\/logo.svg\",\"width\":348,\"height\":52,\"caption\":\"Farleygreene\"},\"image\":{\"@id\":\"https:\/\/www.farleygreene.com\/fr\/#\/schema\/logo\/image\/\"},\"sameAs\":[\"https:\/\/www.linkedin.com\/company\/farleygreene-limited\/\",\"https:\/\/www.youtube.com\/user\/farleygreene\"]}]}<\/script>\n<!-- \/ Yoast SEO plugin. -->","yoast_head_json":{"title":"Politique de confidentialit\u00e9 - Farleygreene Sieving Equipment and Technologies","robots":{"index":"index","follow":"follow","max-snippet":"max-snippet:-1","max-image-preview":"max-image-preview:large","max-video-preview":"max-video-preview:-1"},"canonical":"https:\/\/www.farleygreene.com\/fr\/privacy-policy\/","og_locale":"fr_FR","og_type":"article","og_title":"Politique de confidentialit\u00e9 - Farleygreene Sieving Equipment and Technologies","og_description":"\u00c0 quoi sert cette politique ? Cette politique s&rsquo;applique entre vous, l&rsquo;utilisateur de ce site web, et Farleygreene Ltd, le propri\u00e9taire et fournisseur de ce site web. Cette politique concerne l&rsquo;utilisation que nous faisons de toutes les donn\u00e9es que nous recueillons dans le cadre de votre utilisation du site web. La mani\u00e8re dont nous traitons, [&hellip;]","og_url":"https:\/\/www.farleygreene.com\/fr\/privacy-policy\/","og_site_name":"Farleygreene Sieving Equipment and Technologies","article_modified_time":"2026-01-15T08:34:30+00:00","twitter_card":"summary_large_image","twitter_misc":{"Dur\u00e9e de lecture estim\u00e9e":"12 minutes"},"schema":{"@context":"https:\/\/schema.org","@graph":[{"@type":"WebPage","@id":"https:\/\/www.farleygreene.com\/fr\/privacy-policy\/","url":"https:\/\/www.farleygreene.com\/fr\/privacy-policy\/","name":"Politique de confidentialit\u00e9 - Farleygreene Sieving Equipment and Technologies","isPartOf":{"@id":"https:\/\/www.farleygreene.com\/fr\/#website"},"datePublished":"2021-12-09T11:36:27+00:00","dateModified":"2026-01-15T08:34:30+00:00","breadcrumb":{"@id":"https:\/\/www.farleygreene.com\/fr\/privacy-policy\/#breadcrumb"},"inLanguage":"fr-FR","potentialAction":[{"@type":"ReadAction","target":["https:\/\/www.farleygreene.com\/fr\/privacy-policy\/"]}]},{"@type":"BreadcrumbList","@id":"https:\/\/www.farleygreene.com\/fr\/privacy-policy\/#breadcrumb","itemListElement":[{"@type":"ListItem","position":1,"name":"Home","item":"https:\/\/www.farleygreene.com\/fr\/"},{"@type":"ListItem","position":2,"name":"Politique de confidentialit\u00e9"}]},{"@type":"WebSite","@id":"https:\/\/www.farleygreene.com\/fr\/#website","url":"https:\/\/www.farleygreene.com\/fr\/","name":"Farleygreene Sieving Equipment and Technologies","description":"Industrial sieves, screeners and separators","publisher":{"@id":"https:\/\/www.farleygreene.com\/fr\/#organization"},"alternateName":"Farleygreene","potentialAction":[{"@type":"SearchAction","target":{"@type":"EntryPoint","urlTemplate":"https:\/\/www.farleygreene.com\/fr\/?s={search_term_string}"},"query-input":{"@type":"PropertyValueSpecification","valueRequired":true,"valueName":"search_term_string"}}],"inLanguage":"fr-FR"},{"@type":"Organization","@id":"https:\/\/www.farleygreene.com\/fr\/#organization","name":"Farleygreene","url":"https:\/\/www.farleygreene.com\/fr\/","logo":{"@type":"ImageObject","inLanguage":"fr-FR","@id":"https:\/\/www.farleygreene.com\/fr\/#\/schema\/logo\/image\/","url":"https:\/\/www.farleygreene.com\/wp-content\/uploads\/2021\/12\/logo.svg","contentUrl":"https:\/\/www.farleygreene.com\/wp-content\/uploads\/2021\/12\/logo.svg","width":348,"height":52,"caption":"Farleygreene"},"image":{"@id":"https:\/\/www.farleygreene.com\/fr\/#\/schema\/logo\/image\/"},"sameAs":["https:\/\/www.linkedin.com\/company\/farleygreene-limited\/","https:\/\/www.youtube.com\/user\/farleygreene"]}]}},"_links":{"self":[{"href":"https:\/\/www.farleygreene.com\/fr\/wp-json\/wp\/v2\/pages\/16051","targetHints":{"allow":["GET"]}}],"collection":[{"href":"https:\/\/www.farleygreene.com\/fr\/wp-json\/wp\/v2\/pages"}],"about":[{"href":"https:\/\/www.farleygreene.com\/fr\/wp-json\/wp\/v2\/types\/page"}],"author":[{"embeddable":true,"href":"https:\/\/www.farleygreene.com\/fr\/wp-json\/wp\/v2\/users\/3"}],"replies":[{"embeddable":true,"href":"https:\/\/www.farleygreene.com\/fr\/wp-json\/wp\/v2\/comments?post=16051"}],"version-history":[{"count":1,"href":"https:\/\/www.farleygreene.com\/fr\/wp-json\/wp\/v2\/pages\/16051\/revisions"}],"predecessor-version":[{"id":16052,"href":"https:\/\/www.farleygreene.com\/fr\/wp-json\/wp\/v2\/pages\/16051\/revisions\/16052"}],"wp:attachment":[{"href":"https:\/\/www.farleygreene.com\/fr\/wp-json\/wp\/v2\/media?parent=16051"}],"curies":[{"name":"wp","href":"https:\/\/api.w.org\/{rel}","templated":true}]}}